{"id":13805,"date":"2025-05-20T15:04:10","date_gmt":"2025-05-20T13:04:10","guid":{"rendered":"https:\/\/devbox2.mc8pm.com\/specializzazione\/"},"modified":"2026-03-16T18:24:18","modified_gmt":"2026-03-16T17:24:18","slug":"specializzazione","status":"publish","type":"page","link":"https:\/\/vanme.de\/it\/specializzazione\/","title":{"rendered":"Specializzazione"},"content":{"rendered":"\n\n\n                        \n            \n            <section class=\"block-media cnt-1 block-media-mobile-sort- blockheight-laptop-60vh blockheight-tablet-1-1 blockheight-mobile-2-3 blockstyle-highlight block-media-width-\" style=\"margin-top: 0px\">\n\n                \n                \n                    \n                    <div class=\"media media-0 has-media\">\n\n                        \n\n                        \n                            <div class=\"s1x-video\">\n                                <video class=\"jshook-play-video-when-in-viewport \"\n                                       playsinline muted loop\n                                       width=\"1000\"\n                                       height=\"720\"\n                                       preload=\"none\"\n                                       poster=\"https:\/\/vanme.de\/wp-content\/uploads\/2025\/08\/Specialisation-Video-CAD-CAM-Aufnahmen_poster.jpg\">\n                                    <source src=\"https:\/\/vanme.de\/wp-content\/uploads\/2025\/08\/Specialisation-Video-CAD-CAM-Aufnahmen30MB.mp4\">\n                                <\/video>\n                            <\/div>\n\n                        \n                        <div class=\"overlay s1x-absolute-100 has-media                            s1x-tovp-tablapdesk-cc                            s1x-tovp-mob-cc\n                            \">\n\n                            \n                            \n                            \n                            \n                            \n                            \n                        <\/div>\n\n                        \n                    <\/div>\n\n                \n            <\/section>\n\n            \n\n\n    <section class=\"block-text center area-align-center\" style=\"margin-top: 80px; max-width: 1600px\">\n\n        \n                                \n                                            <h1 class=\"ff-bebas-ds80 ff-uppercase hlsize-\"><span class=\"ff-thin ff-nocasechange\">Perch\u00e9<\/span> VANME<\/h1>\n                    \n                    <div class=\"ff-bebas-ds30\">Specialisti per individualisti<\/div>\n        \n        <div class=\"ff-bodytext \">\n                    <\/div>\n\n\n                \n    <\/section>\n\n\n\n\n\n                        \n            \n            <section class=\"block-media cnt-2 block-media-mobile-sort-123 blockheight-laptop-16-9 blockheight-tablet-16-9 blockheight-mobile-none blockstyle-highlight block-media-width-right-big\" style=\"margin-top: 0px\">\n\n                \n                \n                    \n                    <div class=\"media media-0 has-media\">\n\n                        \n\n                        \n                            <div class=\"s1x-video-uncut\">\n                                <video class=\"jshook-play-video-when-in-viewport \"\n                                       playsinline muted loop\n                                       width=\"1000\"\n                                       height=\"720\"\n                                       preload=\"none\"\n                                       poster=\"https:\/\/vanme.de\/wp-content\/uploads\/2025\/04\/webuildmemories_poster.jpg\">\n                                    <source src=\"https:\/\/vanme.de\/wp-content\/uploads\/2025\/10\/specialization-specialists-for-individualists-5MB.mp4\">\n                                <\/video>\n                            <\/div>\n\n                        \n                        <div class=\"overlay s1x-absolute-100 has-media                            s1x-tovp-tablapdesk-tl                            s1x-tovp-mob-tl\n                            \">\n\n                            \n                            \n                            \n                            \n                            \n                            \n                        <\/div>\n\n                        \n                    <\/div>\n\n                \n                    \n                    <div class=\"media media-1 \">\n\n                        \n\n                        \n                        <div class=\"overlay                              s1x-tovp-tablapdesk-cl                            s1x-tovp-mob-cl\n                            \">\n\n                            \n                            <div class='headline ff-bebas-ds65 ff-uppercase''><span class=\"ff-thin\">La vera libert\u00e0 inizia <\/span> dove lo standard finisce.<\/div>\n                            \n                            \n                            <div class='text ff-bodytext'><p>Qui la tecnologia di produzione all&#8217;avanguardia incontra l&#8217;autentica maestria artigianale. Sviluppati con la pi\u00f9 recente tecnologia 3D e prodotti con macchine di alta precisione, VANME crea camper unici come i loro proprietari.  La nostra professione: soluzioni personalizzate che combinano perfettamente design, funzionalit\u00e0 e personalit\u00e0.  <\/p>\n<p><span class=\"ff-bold ff-uppercase\">Basiamo questo processo su quattro valori chiave.<\/span><\/p>\n<\/div>\n                            \n                        <\/div>\n\n                        \n                    <\/div>\n\n                \n            <\/section>\n\n            \n\n\n\n\n                        \n            \n            <section class=\"block-media cnt-2 block-media-mobile-sort-123 blockheight-laptop-15-19 blockheight-tablet-15-19 blockheight-mobile-15-19 blockstyle-marginalized block-media-width-same-width\" style=\"margin-top: 80px\">\n\n                \n                \n                    \n                    <div class=\"media media-0 has-media\">\n\n                        \n\n                        \n                            \n                            <picture class=\"s1x-picture-cover jshook-provide-hq-after-dom-loaded \">\n                                <source srcset-hq=\"https:\/\/vanme.de\/wp-content\/uploads\/2025\/09\/DSC07425-cutright.jpg\"\n                                        width=\"1400\"\n                                        height=\"1900\">\n\n                                \n                                <source srcset-hq=\"https:\/\/vanme.de\/wp-content\/uploads\/2025\/09\/DSC07425-cutright.jpg.webp\"\n                                        width=\"1400\"\n                                        height=\"1900\"\n                                        type=\"image\/webp\">\n\n                                                                <img decoding=\"async\" loading=\"lazy\"\n                                     src=\"https:\/\/vanme.de\/wp-content\/uploads\/2025\/09\/DSC07425-cutright.jpg\"\n                                     width=\"1400\"\n                                     height=\"1900\"\n                                     alt=\"\">\n                            <\/picture>\n\n                        \n                        <div class=\"overlay s1x-absolute-100 has-media                            s1x-tovp-tablapdesk-tc                            s1x-tovp-mob-tl\n                            \">\n\n                            \n                            <div class='headline ff-bebas-ds65-drop ff-uppercase''>Funzionalit\u00e0<\/div>\n                            \n                            \n                            \n                            \n                        <\/div>\n\n                        \n                    <\/div>\n\n                \n                    \n                    <div class=\"media media-1 has-media\">\n\n                        \n\n                        \n                            \n                            <picture class=\"s1x-picture-cover jshook-provide-hq-after-dom-loaded \">\n                                <source srcset-hq=\"https:\/\/vanme.de\/wp-content\/uploads\/2026\/03\/niffler-slider-precision-0604.jpg\"\n                                        width=\"1619\"\n                                        height=\"1080\">\n\n                                \n                                <source srcset-hq=\"https:\/\/vanme.de\/wp-content\/uploads\/2026\/03\/niffler-slider-precision-0604.jpg.webp\"\n                                        width=\"1619\"\n                                        height=\"1080\"\n                                        type=\"image\/webp\">\n\n                                                                <img decoding=\"async\" loading=\"lazy\"\n                                     src=\"https:\/\/vanme.de\/wp-content\/uploads\/2026\/03\/niffler-slider-precision-0604.jpg\"\n                                     width=\"1619\"\n                                     height=\"1080\"\n                                     alt=\"\">\n                            <\/picture>\n\n                        \n                        <div class=\"overlay s1x-absolute-100 has-media                            s1x-tovp-tablapdesk-bc                            s1x-tovp-mob-tr\n                            \">\n\n                            \n                            <div class='headline ff-bebas-ds65-drop ff-uppercase''>Precisione<\/div>\n                            \n                            \n                            \n                            \n                        <\/div>\n\n                        \n                    <\/div>\n\n                \n            <\/section>\n\n            \n\n\n\n\n                        \n            \n            <section class=\"block-media cnt-2 block-media-mobile-sort-123 blockheight-laptop-15-19 blockheight-tablet-15-19 blockheight-mobile-15-19 blockstyle-marginalized block-media-width-same-width\" style=\"margin-top: 0px\">\n\n                \n                \n                    \n                    <div class=\"media media-0 has-media\">\n\n                        \n\n                        \n                            \n                            <picture class=\"s1x-picture-cover jshook-provide-hq-after-dom-loaded \">\n                                <source srcset-hq=\"https:\/\/vanme.de\/wp-content\/uploads\/2025\/09\/ClaimVideo-Prosit-Erinnerungen.jpg\"\n                                        width=\"1400\"\n                                        height=\"1900\">\n\n                                \n                                <source srcset-hq=\"https:\/\/vanme.de\/wp-content\/uploads\/2025\/09\/ClaimVideo-Prosit-Erinnerungen.jpg.webp\"\n                                        width=\"1400\"\n                                        height=\"1900\"\n                                        type=\"image\/webp\">\n\n                                                                <img decoding=\"async\" loading=\"lazy\"\n                                     src=\"https:\/\/vanme.de\/wp-content\/uploads\/2025\/09\/ClaimVideo-Prosit-Erinnerungen.jpg\"\n                                     width=\"1400\"\n                                     height=\"1900\"\n                                     alt=\"\">\n                            <\/picture>\n\n                        \n                        <div class=\"overlay s1x-absolute-100 has-media                            s1x-tovp-tablapdesk-tc                            s1x-tovp-mob-tl\n                            \">\n\n                            \n                            <div class='headline ff-bebas-ds65-drop ff-uppercase''>Costruire ricordi<\/div>\n                            \n                            \n                            \n                            \n                        <\/div>\n\n                        \n                    <\/div>\n\n                \n                    \n                    <div class=\"media media-1 has-media\">\n\n                        \n\n                        \n                            \n                            <picture class=\"s1x-picture-cover jshook-provide-hq-after-dom-loaded \">\n                                <source srcset-hq=\"https:\/\/vanme.de\/wp-content\/uploads\/2025\/09\/DSC07191-cut1.jpg\"\n                                        width=\"1400\"\n                                        height=\"1900\">\n\n                                \n                                <source srcset-hq=\"https:\/\/vanme.de\/wp-content\/uploads\/2025\/09\/DSC07191-cut1.jpg.webp\"\n                                        width=\"1400\"\n                                        height=\"1900\"\n                                        type=\"image\/webp\">\n\n                                                                <img decoding=\"async\" loading=\"lazy\"\n                                     src=\"https:\/\/vanme.de\/wp-content\/uploads\/2025\/09\/DSC07191-cut1.jpg\"\n                                     width=\"1400\"\n                                     height=\"1900\"\n                                     alt=\"\">\n                            <\/picture>\n\n                        \n                        <div class=\"overlay s1x-absolute-100 has-media                            s1x-tovp-tablapdesk-bc                            s1x-tovp-mob-tr\n                            \">\n\n                            \n                            <div class='headline ff-bebas-ds65-drop ff-uppercase''>Amore per il design<\/div>\n                            \n                            \n                            \n                            \n                        <\/div>\n\n                        \n                    <\/div>\n\n                \n            <\/section>\n\n            \n\n\n    <section class=\"block-text center area-align-center\" style=\"margin-top: 80px; max-width: 1600px\">\n\n        \n                                \n                                            <h2 class=\"ff-bebas-ds80 ff-uppercase hlsize-\"><span class=\"ff-thin\">Questi valori costituiscono il<\/span> nostro DNA<\/h2>\n                    \n        \n        <div class=\"ff-bodytext \">\n                    <\/div>\n\n\n                \n    <\/section>\n\n\n\n\n\n                        \n            \n            <section class=\"block-media cnt-2 block-media-mobile-sort-123 blockheight-laptop-16-9 blockheight-tablet-16-9 blockheight-mobile-none blockstyle-highlight block-media-width-right-big\" style=\"margin-top: 80px\">\n\n                \n                \n                    \n                    <div class=\"media media-0 has-media\">\n\n                        \n\n                        \n                            <div class=\"s1x-video-uncut\">\n                                <video class=\"jshook-play-video-when-in-viewport \"\n                                       playsinline muted loop\n                                       width=\"1000\"\n                                       height=\"720\"\n                                       preload=\"none\"\n                                       poster=\"https:\/\/vanme.de\/wp-content\/uploads\/2025\/04\/webuildmemories_poster.jpg\">\n                                    <source src=\"https:\/\/vanme.de\/wp-content\/uploads\/2025\/10\/specialization-individual-product-5MB.mp4\">\n                                <\/video>\n                            <\/div>\n\n                        \n                        <div class=\"overlay s1x-absolute-100 has-media                            s1x-tovp-tablapdesk-cc                            s1x-tovp-mob-cc\n                            \">\n\n                            \n                            \n                            \n                            \n                            \n                            \n                        <\/div>\n\n                        \n                    <\/div>\n\n                \n                    \n                    <div class=\"media media-1 \">\n\n                        \n\n                        \n                        <div class=\"overlay                              s1x-tovp-tablapdesk-cl                            s1x-tovp-mob-cl\n                            \">\n\n                            \n                            <div class='headline ff-bebas-ds65 ff-uppercase''>Il momento<span class=\"ff-thin\"> in cui la libert\u00e0 prende forma.<\/span><\/div>\n                            \n                            \n                            <div class='text ff-bodytext'><p>I claim di VANME sono il leitmotiv di tutto ci\u00f2 che facciamo. Sono sia un&#8217;affermazione che una promessa: ogni nostro veicolo deve creare quel momento in cui design, artigianato ed emozione si fondono in un&#8217;esperienza unica. \u00c8 il momento in cui un cliente si trova faccia a faccia con il suo camper per la prima volta e capisce immediatamente di trovarsi di fronte a qualcosa di speciale. Un pezzo unico che non solo colpisce per la sua forma e funzione, ma che cattura anche i sensi e rende tangibile la libert\u00e0. Questo momento \u00e8 il cuore del DNA di ogni camper VANME.    <\/p>\n<\/div>\n                            \n                        <\/div>\n\n                        \n                    <\/div>\n\n                \n            <\/section>\n\n            \n\n\n\n\n                        \n            \n            <section class=\"block-media cnt-2 block-media-mobile-sort-213 blockheight-laptop-16-9 blockheight-tablet-16-9 blockheight-mobile-none blockstyle-highlight block-media-width-same-width\" style=\"margin-top: 80px\">\n\n                \n                \n                    \n                    <div class=\"media media-0 \">\n\n                        \n\n                        \n                        <div class=\"overlay                              s1x-tovp-tablapdesk-cl                            s1x-tovp-mob-cl\n                            \">\n\n                            \n                            <div class='headline ff-bebas-ds65 ff-uppercase''><span class=\"ff-thin\">Il cono dell&#8217;<\/span> individualit\u00e0<\/div>\n                            \n                            \n                            <div class='text ff-bodytext'><p>Un camper VANME \u00e8 sempre un pezzo unico, realizzato secondo le tue idee personali. Ma \u00e8 proprio questa individualit\u00e0 che comporta una sfida particolare: ogni desiderio, ogni dettaglio, ogni nuova idea cambia il corso del progetto. Gli esperti si riferiscono a questo fenomeno come al Cono dell&#8217;Incertezza: pi\u00f9 un progetto \u00e8 personalizzato, maggiori sono le incertezze di pianificazione in termini di costi e tempi all&#8217;inizio. Ad ogni decisione, il corridoio diventa sempre pi\u00f9 stretto e chiaro fino a quando, alla fine, viene creato un pezzo unico che fa esattamente al caso tuo. Il modo per arrivarci \u00e8 unico come il tuo furgone.    <\/p>\n<\/div>\n                            \n                        <\/div>\n\n                        \n                    <\/div>\n\n                \n                    \n                    <div class=\"media media-1 has-media\">\n\n                        \n\n                        \n                            <div class=\"s1x-video-uncut\">\n                                <video class=\"jshook-play-video-when-in-viewport \"\n                                       playsinline muted loop\n                                       width=\"1000\"\n                                       height=\"720\"\n                                       preload=\"none\"\n                                       poster=\"https:\/\/vanme.de\/wp-content\/uploads\/2025\/10\/specialization-cone-of-uncertainty-5mb-poster.jpg\">\n                                    <source src=\"https:\/\/vanme.de\/wp-content\/uploads\/2025\/10\/specialization-cone-of-uncertainty-5mb.mp4\">\n                                <\/video>\n                            <\/div>\n\n                        \n                        <div class=\"overlay s1x-absolute-100 has-media                            s1x-tovp-tablapdesk-cc                            s1x-tovp-mob-cc\n                            \">\n\n                            \n                            \n                            \n                            \n                            \n                            \n                        <\/div>\n\n                        \n                    <\/div>\n\n                \n            <\/section>\n\n            \n\n\n    <section class=\"block-text center area-align-center\" style=\"margin-top: 80px; max-width: 1600px\">\n\n        \n                                \n                                            <h2 class=\"ff-bebas-ds80 ff-uppercase hlsize-\">Processo <span class=\"ff-thin\">strutturato<\/span>. <span class=\"ff-thin\">Precisa<\/span> maestria. Risultati <span class=\"ff-thin\">unici<\/span>.<\/h2>\n                    \n        \n        <div class=\"ff-bodytext \">\n            <p>In VANME, il percorso per ottenere un camper personalizzato \u00e8 un processo chiaramente strutturato. Tutto inizia con l&#8217;ispirazione: raccogliamo i tuoi desideri, le tue idee e le tue visioni in intensi colloqui. Il risultato \u00e8 un concetto iniziale che stabilisce le linee generali e definisce la direzione. Poi arriva il lavoro dettagliato: utilizziamo la pi\u00f9 recente tecnologia 3D per visualizzare il tuo progetto e coordinare materiali, funzioni e design passo dopo passo. Ogni decisione riduce le incertezze iniziali e crea chiarezza. Su questa base inizia la produzione: macchine all&#8217;avanguardia e una precisa lavorazione artigianale trasformano il tuo veicolo in un pezzo davvero unico. Alla fine, riceverai un camper che non solo soddisfa gli standard pi\u00f9 elevati, ma \u00e8 fatto su misura per te e pronto a creare ricordi indimenticabili.      <\/p>\n        <\/div>\n\n\n                \n    <\/section>\n\n\n\n    <section class=\"block-contact\" style=\"margin-top: 80px\">\n\n\n        <div class=\"block-inner\">\n\n            \n\n                            <div class=\"text ff-bodytext\">Vuoi anche tu un <span class=\"ff-bold ff-uppercase\">camper personale<\/span>? Allora contattaci subito per assicurarti la tua piazzola per camper. <\/div>\n                <a class=\"s1x-button btn-white-do\" href=\"https:\/\/vanme.de\/it\/contattaci\/\">\n                    Contatti                <\/a>\n            \n        <\/div>\n\n        \n        <picture class=\"s1x-picture-cover-absolute jshook-provide-hq-after-dom-loaded\">\n            <source srcset-hq=\"https:\/\/vanme.de\/wp-content\/uploads\/2026\/03\/niffler-contact-area-recut-0367.jpg\"\n                    width=\"1920\"\n                    height=\"1080\">\n\n            \n            <source srcset-hq=\"https:\/\/vanme.de\/wp-content\/uploads\/2026\/03\/niffler-contact-area-recut-0367.jpg.webp\"\n                    width=\"1920\"\n                    height=\"1080\"\n                    type=\"image\/webp\">\n\n                        <img loading=\"lazy\" decoding=\"async\" src=\"https:\/\/vanme.de\/wp-content\/uploads\/2026\/03\/niffler-contact-area-recut-0367.jpg\"\n                 width=\"1920\"\n                 height=\"1080\"\n                 alt=\"\">\n        <\/picture>\n\n\n    <\/section>\n\n\n","protected":false},"excerpt":{"rendered":"","protected":false},"author":1,"featured_media":7805,"parent":0,"menu_order":0,"comment_status":"closed","ping_status":"closed","template":"","meta":{"_acf_changed":false,"footnotes":""},"class_list":["post-13805","page","type-page","status-publish","has-post-thumbnail","hentry"],"acf":[],"_links":{"self":[{"href":"https:\/\/vanme.de\/it\/wp-json\/wp\/v2\/pages\/13805","targetHints":{"allow":["GET"]}}],"collection":[{"href":"https:\/\/vanme.de\/it\/wp-json\/wp\/v2\/pages"}],"about":[{"href":"https:\/\/vanme.de\/it\/wp-json\/wp\/v2\/types\/page"}],"author":[{"embeddable":true,"href":"https:\/\/vanme.de\/it\/wp-json\/wp\/v2\/users\/1"}],"replies":[{"embeddable":true,"href":"https:\/\/vanme.de\/it\/wp-json\/wp\/v2\/comments?post=13805"}],"version-history":[{"count":20,"href":"https:\/\/vanme.de\/it\/wp-json\/wp\/v2\/pages\/13805\/revisions"}],"predecessor-version":[{"id":21531,"href":"https:\/\/vanme.de\/it\/wp-json\/wp\/v2\/pages\/13805\/revisions\/21531"}],"wp:featuredmedia":[{"embeddable":true,"href":"https:\/\/vanme.de\/it\/wp-json\/wp\/v2\/media\/7805"}],"wp:attachment":[{"href":"https:\/\/vanme.de\/it\/wp-json\/wp\/v2\/media?parent=13805"}],"curies":[{"name":"wp","href":"https:\/\/api.w.org\/{rel}","templated":true}]}}