{"id":13802,"date":"2025-05-19T18:26:11","date_gmt":"2025-05-19T16:26:11","guid":{"rendered":"https:\/\/devbox2.mc8pm.com\/bobo-il-trailer\/modelli-bobo\/bobo-xl\/"},"modified":"2026-03-03T15:51:04","modified_gmt":"2026-03-03T14:51:04","slug":"bobo-xl","status":"publish","type":"page","link":"https:\/\/vanme.de\/it\/bobo-il-trailer\/modelli-bobo\/bobo-xl\/","title":{"rendered":"BOBO XL+"},"content":{"rendered":"\n\n\n                        \n            \n            <section class=\"block-media cnt-1 block-media-mobile-sort- blockheight-laptop-none blockheight-tablet-60vh blockheight-mobile-30vh blockstyle-highlight block-media-width-\" style=\"margin-top: 0px\">\n\n                \n                \n                    \n                    <div class=\"media media-0 has-media\">\n\n                        \n\n                        \n                            \n                            <picture class=\"s1x-picture-cover jshook-provide-hq-after-dom-loaded \">\n                                <source srcset-hq=\"https:\/\/vanme.de\/wp-content\/uploads\/2025\/09\/boboxl-header-cut-2.jpg\"\n                                        width=\"1920\"\n                                        height=\"700\">\n\n                                \n                                <source srcset-hq=\"https:\/\/vanme.de\/wp-content\/uploads\/2025\/09\/boboxl-header-cut-2.jpg.webp\"\n                                        width=\"1920\"\n                                        height=\"700\"\n                                        type=\"image\/webp\">\n\n                                                                <img decoding=\"async\" loading=\"lazy\"\n                                     src=\"https:\/\/vanme.de\/wp-content\/uploads\/2025\/09\/boboxl-header-cut-2.jpg\"\n                                     width=\"1920\"\n                                     height=\"700\"\n                                     alt=\"\">\n                            <\/picture>\n\n                        \n                        <div class=\"overlay s1x-absolute-100 has-media                            s1x-tovp-tablapdesk-cc                            s1x-tovp-mob-cc\n                            \">\n\n                            \n                            \n                            \n                            \n                            \n                            \n                        <\/div>\n\n                        \n                    <\/div>\n\n                \n            <\/section>\n\n            \n\n\n    <section class=\"block-breadcrumb  area-align-\" style=\"margin-top: 40px; max-width: ;\">\n\n        <nav aria-label=\"breadcrumbs\" class=\"rank-math-breadcrumb\"><p><span class=\"last\">Casa<\/span><\/p><\/nav>\n    <\/section>\n\n\n\n    <section class=\"block-text left area-align-left\" style=\"margin-top: 40px; max-width: unset\">\n\n        \n                                \n                                            <h1 class=\"ff-bebas-ds80 ff-uppercase hlsize-\">BOBO XL+<\/h1>\n                    \n                    <div class=\"ff-bebas-ds30\">Spazio per grandi progetti<\/div>\n        \n        <div class=\"ff-bodytext \">\n            <p>Il BOBO XL+ \u00e8 la versione pi\u00f9 spaziosa della nostra serie di rimorchi modulari, creata per chi vuole di pi\u00f9: pi\u00f9 spazio, pi\u00f9 comfort, pi\u00f9 avventura.<br \/>\nCon la sua area di carico estesa e un peso totale consentito di 1.300 kg, offre ancora pi\u00f9 spazio per moduli, attrezzature e idee.<\/p>\n<p>Nonostante le sue dimensioni, il BOBO XL+ rimane flessibile senza compromessi. Il design modulare consente innumerevoli configurazioni: da rimorchio da campeggio completamente attrezzato a versatile rimorchio da trasporto e multiuso.<br \/>\nLa robusta tecnologia off-road, la lavorazione precisa e il caratteristico design VANME lo rendono il compagno ideale per lunghi viaggi, percorsi impegnativi e grandi avventure. <\/p>\n<p>Il BOBO XL+ \u00e8 pi\u00f9 di un semplice rimorchio.<br \/>\n\u00c8 la libert\u00e0 nella sua forma pi\u00f9 generosa.<\/p>\n        <\/div>\n\n\n                \n    <\/section>\n\n\n\n    <section class=\"block-details\" style=\"margin-top: 80px;\">\n\n        \n        <div class=\"block-inner\">\n\n                                                            \n                        <div class=\"detail-section\">\n                            <h3 class=\"headline ff-uppercase ff-bebas-ds30\">Appendino<\/h3>\n                            <div class=\"details\">\n                                \n                                    <div class=\"detail ff-bodytext\">\n                                        KT-EB3 Offroad Plus (con rialzo della parete laterale), verniciato a polvere nera, incl. 2 ammortizzatori a gas da 600 Nm per l&#8217;utilizzo di una tenda da tetto sul rimorchio                                     <\/div>\n\n                                \n                                    <div class=\"detail ff-bodytext\">\n                                        Versione frenata                                    <\/div>\n\n                                \n                                    <div class=\"detail ff-bodytext\">\n                                        Omologazione a 100 km\/h                                    <\/div>\n\n                                \n                                    <div class=\"detail ff-bodytext\">\n                                        Assale L&#8217;assale a molle in gomma Knott con sospensioni a ruote indipendenti con mozzi delle ruote protetti dall&#8217;acqua                                    <\/div>\n\n                                \n                                    <div class=\"detail ff-bodytext\">\n                                        Due supporti girevoli a manovella nella parte posteriore                                    <\/div>\n\n                                \n                                    <div class=\"detail ff-bodytext\">\n                                        Ruota d&#8217;appoggio con sistema automatico                                    <\/div>\n\n                                \n                                    <div class=\"detail ff-bodytext\">\n                                        Spina a 13 pin                                    <\/div>\n\n                                \n                                    <div class=\"detail ff-bodytext\">\n                                        Parafanghi in alluminio a scacchiera, rinforzati e accessibili                                    <\/div>\n\n                                \n                                    <div class=\"detail ff-bodytext\">\n                                        Pneumatici off-road su cerchi in alluminio                                    <\/div>\n\n                                                            <\/div>\n\n                        <\/div>\n\n                    \n                        <div class=\"detail-section\">\n                            <h3 class=\"headline ff-uppercase ff-bebas-ds30\">Dimensioni<\/h3>\n                            <div class=\"details\">\n                                \n                                    <div class=\"detail ff-bodytext\">\n                                        Dimensioni complessive del rimorchio L\/A (mm) 3.760 x 1.890 x 1.755                                    <\/div>\n\n                                \n                                    <div class=\"detail ff-bodytext\">\n                                        Dimensioni interne della scatola L\/W\/H (mm) 2.435 x 1.235 x 1.065                                    <\/div>\n\n                                \n                                    <div class=\"detail ff-bodytext\">\n                                        Altezza di accoppiamento (mm): 460                                    <\/div>\n\n                                                            <\/div>\n\n                        <\/div>\n\n                    \n                        <div class=\"detail-section\">\n                            <h3 class=\"headline ff-uppercase ff-bebas-ds30\">Pesi<\/h3>\n                            <div class=\"details\">\n                                \n                                    <div class=\"detail ff-bodytext\">\n                                        Peso totale 1300 kg                                    <\/div>\n\n                                \n                                    <div class=\"detail ff-bodytext\">\n                                        Carico massimo del timone (kg) 50                                     <\/div>\n\n                                \n                                    <div class=\"detail ff-bodytext\">\n                                        Carico utile senza accessori (kg) 814                                    <\/div>\n\n                                                            <\/div>\n\n                        <\/div>\n\n                                                \n        <\/div>\n\n    <\/section>\n\n\n    <section class=\"block-text center area-align-center\" style=\"margin-top: 80px; max-width: 1300px\">\n\n        \n                                \n                                            <h2 class=\"ff-bebas-ds80 ff-uppercase hlsize-\">Spazio alle possibilit\u00e0<\/h2>\n                    \n        \n        <div class=\"ff-bodytext \">\n            <p>BOBO XL+ dimostra cosa significhi la vera modularit\u00e0.<br \/>\nIl suo design generoso crea spazio per quattro moduli di base ben studiati che si integrano perfettamente nel concetto generale: funzionale, robusto e curato nei minimi dettagli.<\/p>\n<p>Ogni modulo ha uno scopo ben preciso e fa di BOBO XL+ un compagno su misura per lunghi viaggi, grandi avventure e missioni impegnative.<br \/>\nDalla cucina esterna completamente attrezzata e dalle intelligenti soluzioni di spazio per riporre gli oggetti, alla tecnologia di rifornimento autosufficiente e allo spazio libero flessibile per il trasporto o per la vita di tutti i giorni: ogni elemento contribuisce a garantirti tutto ci\u00f2 di cui hai bisogno in viaggio.<\/p>\n<p>BOBO XL+ \u00e8 sinonimo di libert\u00e0 senza compromessi: modulare, adattabile e sempre pronto per la prossima destinazione.<\/p>\n        <\/div>\n\n\n                \n    <\/section>\n\n\n\n\n\n                        \n            \n            <section class=\"block-media cnt-2 block-media-mobile-sort-123 blockheight-laptop-16-9 blockheight-tablet-16-9 blockheight-mobile-16-9 blockstyle-highlight block-media-width-left-big\" style=\"margin-top: 80px\">\n\n                \n                \n                    \n                    <div class=\"media media-0 has-media\">\n\n                        \n\n                        \n                            \n                            <picture class=\"s1x-picture-cover jshook-provide-hq-after-dom-loaded \">\n                                <source srcset-hq=\"https:\/\/vanme.de\/wp-content\/uploads\/2025\/09\/bobo-xl-modul1.jpg\"\n                                        width=\"1500\"\n                                        height=\"844\">\n\n                                \n                                <source srcset-hq=\"https:\/\/vanme.de\/wp-content\/uploads\/2025\/09\/bobo-xl-modul1.jpg.webp\"\n                                        width=\"1500\"\n                                        height=\"844\"\n                                        type=\"image\/webp\">\n\n                                                                <img decoding=\"async\" loading=\"lazy\"\n                                     src=\"https:\/\/vanme.de\/wp-content\/uploads\/2025\/09\/bobo-xl-modul1.jpg\"\n                                     width=\"1500\"\n                                     height=\"844\"\n                                     alt=\"\">\n                            <\/picture>\n\n                        \n                        <div class=\"overlay s1x-absolute-100 has-media                            s1x-tovp-tablapdesk-cc                            s1x-tovp-mob-cc\n                            \">\n\n                            \n                            \n                            \n                            \n                            \n                            \n                        <\/div>\n\n                        \n                    <\/div>\n\n                \n                    \n                    <div class=\"media media-1 \">\n\n                        \n\n                        \n                        <div class=\"overlay                              s1x-tovp-tablapdesk-cl                            s1x-tovp-mob-cl\n                            \">\n\n                            \n                            <div class='headline ff-bebas-ds65 ff-uppercase''>Modulo 1<\/div>\n                            <div class='subheadline ff-bebas-ds30'>Stazione di cottura<\/div>\n                            \n                            <div class='text ff-bodytext'><p>Il mobile da cucina estraibile per il tuo benessere fisico, installato su un&#8217;estraibile pesante con serratura.<\/p>\n<ul>\n<li>Vano per riporre le spezie e gli utensili da cucina<\/li>\n<li>Robusta superficie in acciaio inox, cassetto estraibile per stoviglie e utensili da cucina<\/li>\n<li>Cinghie elastiche e ganci a tensione laterale<\/li>\n<li>Vano di carico passante vicino al pavimento per la massima lunghezza di carico<\/li>\n<li>Sportello di servizio bloccabile per l&#8217;estraibile<\/li>\n<\/ul>\n<\/div>\n                            \n                        <\/div>\n\n                        \n                    <\/div>\n\n                \n            <\/section>\n\n            \n\n\n\n\n                        \n            \n            <section class=\"block-media cnt-2 block-media-mobile-sort-213 blockheight-laptop-16-9 blockheight-tablet-16-9 blockheight-mobile-16-9 blockstyle-highlight block-media-width-right-big\" style=\"margin-top: 80px\">\n\n                \n                \n                    \n                    <div class=\"media media-0 \">\n\n                        \n\n                        \n                        <div class=\"overlay                              s1x-tovp-tablapdesk-cl                            s1x-tovp-mob-cl\n                            \">\n\n                            \n                            <div class='headline ff-bebas-ds65 ff-uppercase''>Modulo 2<\/div>\n                            <div class='subheadline ff-bebas-ds30'>Parcheggio sotterraneo<\/div>\n                            \n                            <div class='text ff-bodytext'><p>Un vero e proprio miracolo di spazio. E per poter raggiungere ogni cosa, \u00e8 completamente estraibile. <\/p>\n<ul>\n<li>Ampio vano di carico<\/li>\n<li>Due estrattori bloccabili per impieghi gravosi, caricabili fino a 220 kg e completamente estensibili<\/li>\n<li>Pavimento a griglia per fissare il carico<\/li>\n<li>(supplemento a pagamento) MaxiFreezer 50 a compressore con scomparto refrigerante da 9 litri e scomparto congelatore da 41 litri e il supporto corrispondente<\/li>\n<\/ul>\n<\/div>\n                            \n                        <\/div>\n\n                        \n                    <\/div>\n\n                \n                    \n                    <div class=\"media media-1 has-media\">\n\n                        \n\n                        \n                            \n                            <picture class=\"s1x-picture-cover jshook-provide-hq-after-dom-loaded \">\n                                <source srcset-hq=\"https:\/\/vanme.de\/wp-content\/uploads\/2025\/09\/bobo-xl-modul3.jpg\"\n                                        width=\"1500\"\n                                        height=\"844\">\n\n                                \n                                <source srcset-hq=\"https:\/\/vanme.de\/wp-content\/uploads\/2025\/09\/bobo-xl-modul3.jpg.webp\"\n                                        width=\"1500\"\n                                        height=\"844\"\n                                        type=\"image\/webp\">\n\n                                                                <img decoding=\"async\" loading=\"lazy\"\n                                     src=\"https:\/\/vanme.de\/wp-content\/uploads\/2025\/09\/bobo-xl-modul3.jpg\"\n                                     width=\"1500\"\n                                     height=\"844\"\n                                     alt=\"\">\n                            <\/picture>\n\n                        \n                        <div class=\"overlay s1x-absolute-100 has-media                            s1x-tovp-tablapdesk-cc                            s1x-tovp-mob-cc\n                            \">\n\n                            \n                            \n                            \n                            \n                            \n                            \n                        <\/div>\n\n                        \n                    <\/div>\n\n                \n            <\/section>\n\n            \n\n\n\n\n                        \n            \n            <section class=\"block-media cnt-2 block-media-mobile-sort-123 blockheight-laptop-16-9 blockheight-tablet-16-9 blockheight-mobile-16-9 blockstyle-highlight block-media-width-left-big\" style=\"margin-top: 80px\">\n\n                \n                \n                    \n                    <div class=\"media media-0 has-media\">\n\n                        \n\n                        \n                            \n                            <picture class=\"s1x-picture-cover jshook-provide-hq-after-dom-loaded \">\n                                <source srcset-hq=\"https:\/\/vanme.de\/wp-content\/uploads\/2025\/09\/bobo-xl-modul4.jpg\"\n                                        width=\"1500\"\n                                        height=\"844\">\n\n                                \n                                <source srcset-hq=\"https:\/\/vanme.de\/wp-content\/uploads\/2025\/09\/bobo-xl-modul4.jpg.webp\"\n                                        width=\"1500\"\n                                        height=\"844\"\n                                        type=\"image\/webp\">\n\n                                                                <img decoding=\"async\" loading=\"lazy\"\n                                     src=\"https:\/\/vanme.de\/wp-content\/uploads\/2025\/09\/bobo-xl-modul4.jpg\"\n                                     width=\"1500\"\n                                     height=\"844\"\n                                     alt=\"\">\n                            <\/picture>\n\n                        \n                        <div class=\"overlay s1x-absolute-100 has-media                            s1x-tovp-tablapdesk-cc                            s1x-tovp-mob-cc\n                            \">\n\n                            \n                            \n                            \n                            \n                            \n                            \n                        <\/div>\n\n                        \n                    <\/div>\n\n                \n                    \n                    <div class=\"media media-1 \">\n\n                        \n\n                        \n                        <div class=\"overlay                              s1x-tovp-tablapdesk-cl                            s1x-tovp-mob-cl\n                            \">\n\n                            \n                            <div class='headline ff-bebas-ds65 ff-uppercase''>Modulo 3<\/div>\n                            <div class='subheadline ff-bebas-ds30'>Il braccio lungo<\/div>\n                            \n                            <div class='text ff-bodytext'><p>Il pi\u00f9 lungo che Bobo possa offrire. Puoi caricare questo pull-out per oltre 2 metri. <\/p>\n<ul>\n<li>Supporto per tre taniche di acqua dolce da 12 litri con rubinetto (taniche incluse)<\/li>\n<li>Spazio per tre Eurobox<\/li>\n<\/ul>\n<\/div>\n                            \n                        <\/div>\n\n                        \n                    <\/div>\n\n                \n            <\/section>\n\n            \n\n\n\n\n                        \n            \n            <section class=\"block-media cnt-2 block-media-mobile-sort-213 blockheight-laptop-16-9 blockheight-tablet-16-9 blockheight-mobile-16-9 blockstyle-highlight block-media-width-right-big\" style=\"margin-top: 80px\">\n\n                \n                \n                    \n                    <div class=\"media media-0 \">\n\n                        \n\n                        \n                        <div class=\"overlay                              s1x-tovp-tablapdesk-cr                            s1x-tovp-mob-cl\n                            \">\n\n                            \n                            <div class='headline ff-bebas-ds65 ff-uppercase''>Modulo 4<\/div>\n                            <div class='subheadline ff-bebas-ds30'>Il braccio destro della Stazione di Cottura<\/div>\n                            \n                            <div class='text ff-bodytext'><p>Abbastanza lungo per il frigorifero e il grill. Questi due componenti non devono mancare. <\/p>\n<ul>\n<li>Spazio per riporre tutti i tipi di bagagli<\/li>\n<li>Due estrattori bloccabili per impieghi gravosi, caricabili fino a 220 kg e completamente estensibili<\/li>\n<li>Pavimento a griglia per fissare il carico<\/li>\n<\/ul>\n<\/div>\n                            \n                        <\/div>\n\n                        \n                    <\/div>\n\n                \n                    \n                    <div class=\"media media-1 has-media\">\n\n                        \n\n                        \n                            \n                            <picture class=\"s1x-picture-cover jshook-provide-hq-after-dom-loaded \">\n                                <source srcset-hq=\"https:\/\/vanme.de\/wp-content\/uploads\/2025\/09\/bobo-xl-modul5.jpg\"\n                                        width=\"1500\"\n                                        height=\"844\">\n\n                                \n                                <source srcset-hq=\"https:\/\/vanme.de\/wp-content\/uploads\/2025\/09\/bobo-xl-modul5.jpg.webp\"\n                                        width=\"1500\"\n                                        height=\"844\"\n                                        type=\"image\/webp\">\n\n                                                                <img decoding=\"async\" loading=\"lazy\"\n                                     src=\"https:\/\/vanme.de\/wp-content\/uploads\/2025\/09\/bobo-xl-modul5.jpg\"\n                                     width=\"1500\"\n                                     height=\"844\"\n                                     alt=\"\">\n                            <\/picture>\n\n                        \n                        <div class=\"overlay s1x-absolute-100 has-media                            s1x-tovp-tablapdesk-cc                            s1x-tovp-mob-cc\n                            \">\n\n                            \n                            \n                            \n                            \n                            \n                            \n                        <\/div>\n\n                        \n                    <\/div>\n\n                \n            <\/section>\n\n            \n\n\n    <section class=\"block-contact\" style=\"margin-top: 80px\">\n\n\n        <div class=\"block-inner\">\n\n                            <div class=\"bookmark\">\n                    <div class=\"cssimg-bookmark cssimg-contain-center-norepeat jshook-bookmark-add\"\n                         data-bookmark-headline=\"Info sul rimorchio BOBO XL\"\n                         data-bookmark-content=\"Vorrei richiedere ulteriori informazioni su BOBO XL+.\">\n                    <\/div>\n                    <div class=\"text ff-bodytext\">Ricorda il rimorchio BOBO XL+ per la tua richiesta di informazioni<\/div>\n                <\/div>\n\n            \n\n                            <div class=\"text ff-bodytext\">Vuoi un BOBO tutto tuo? Fai una richiesta per chiarire tutte le questioni aperte. Questo \u00e8 il primo passo affinch\u00e9 BOBO possa presto seguirti nelle tue avventure.  <\/div>\n                <a class=\"s1x-button btn-white-do\" href=\"https:\/\/vanme.de\/it\/contattaci\/\">\n                    Contatti                <\/a>\n            \n        <\/div>\n\n        \n        <picture class=\"s1x-picture-cover-absolute jshook-provide-hq-after-dom-loaded\">\n            <source srcset-hq=\"https:\/\/vanme.de\/wp-content\/uploads\/2025\/05\/bobo-lplus-portugal-outlook3.jpg\"\n                    width=\"1920\"\n                    height=\"1080\">\n\n            \n            <source srcset-hq=\"https:\/\/vanme.de\/wp-content\/uploads\/2025\/05\/bobo-lplus-portugal-outlook3.jpg.webp\"\n                    width=\"1920\"\n                    height=\"1080\"\n                    type=\"image\/webp\">\n\n                        <img loading=\"lazy\" decoding=\"async\" src=\"https:\/\/vanme.de\/wp-content\/uploads\/2025\/05\/bobo-lplus-portugal-outlook3.jpg\"\n                 width=\"1920\"\n                 height=\"1080\"\n                 alt=\"\">\n        <\/picture>\n\n\n    <\/section>\n\n\n","protected":false},"excerpt":{"rendered":"","protected":false},"author":1,"featured_media":0,"parent":9728,"menu_order":0,"comment_status":"closed","ping_status":"closed","template":"","meta":{"_acf_changed":false,"footnotes":""},"class_list":["post-13802","page","type-page","status-publish","hentry"],"acf":[],"_links":{"self":[{"href":"https:\/\/vanme.de\/it\/wp-json\/wp\/v2\/pages\/13802","targetHints":{"allow":["GET"]}}],"collection":[{"href":"https:\/\/vanme.de\/it\/wp-json\/wp\/v2\/pages"}],"about":[{"href":"https:\/\/vanme.de\/it\/wp-json\/wp\/v2\/types\/page"}],"author":[{"embeddable":true,"href":"https:\/\/vanme.de\/it\/wp-json\/wp\/v2\/users\/1"}],"replies":[{"embeddable":true,"href":"https:\/\/vanme.de\/it\/wp-json\/wp\/v2\/comments?post=13802"}],"version-history":[{"count":6,"href":"https:\/\/vanme.de\/it\/wp-json\/wp\/v2\/pages\/13802\/revisions"}],"predecessor-version":[{"id":18810,"href":"https:\/\/vanme.de\/it\/wp-json\/wp\/v2\/pages\/13802\/revisions\/18810"}],"up":[{"embeddable":true,"href":"https:\/\/vanme.de\/it\/wp-json\/wp\/v2\/pages\/9728"}],"wp:attachment":[{"href":"https:\/\/vanme.de\/it\/wp-json\/wp\/v2\/media?parent=13802"}],"curies":[{"name":"wp","href":"https:\/\/api.w.org\/{rel}","templated":true}]}}