{"id":13794,"date":"2025-05-19T18:24:50","date_gmt":"2025-05-19T16:24:50","guid":{"rendered":"https:\/\/devbox2.mc8pm.com\/bobo-il-trailer\/modelli-bobo\/bobo-l\/"},"modified":"2026-03-03T15:51:17","modified_gmt":"2026-03-03T14:51:17","slug":"bobo-l","status":"publish","type":"page","link":"https:\/\/vanme.de\/it\/bobo-il-trailer\/modelli-bobo\/bobo-l\/","title":{"rendered":"BOBO L+"},"content":{"rendered":"\n\n\n                        \n            \n            <section class=\"block-media cnt-1 block-media-mobile-sort- blockheight-laptop-none blockheight-tablet-60vh blockheight-mobile-30vh blockstyle-highlight block-media-width-\" style=\"margin-top: 0px\">\n\n                \n                \n                    \n                    <div class=\"media media-0 has-media\">\n\n                        \n\n                        \n                            \n                            <picture class=\"s1x-picture-cover jshook-provide-hq-after-dom-loaded \">\n                                <source srcset-hq=\"https:\/\/vanme.de\/wp-content\/uploads\/2025\/09\/bobol-header-cut.jpg\"\n                                        width=\"1920\"\n                                        height=\"700\">\n\n                                \n                                <source srcset-hq=\"https:\/\/vanme.de\/wp-content\/uploads\/2025\/09\/bobol-header-cut.jpg.webp\"\n                                        width=\"1920\"\n                                        height=\"700\"\n                                        type=\"image\/webp\">\n\n                                                                <img decoding=\"async\" loading=\"lazy\"\n                                     src=\"https:\/\/vanme.de\/wp-content\/uploads\/2025\/09\/bobol-header-cut.jpg\"\n                                     width=\"1920\"\n                                     height=\"700\"\n                                     alt=\"\">\n                            <\/picture>\n\n                        \n                        <div class=\"overlay s1x-absolute-100 has-media                            s1x-tovp-tablapdesk-cc                            s1x-tovp-mob-cc\n                            \">\n\n                            \n                            \n                            \n                            \n                            \n                            \n                        <\/div>\n\n                        \n                    <\/div>\n\n                \n            <\/section>\n\n            \n\n\n    <section class=\"block-breadcrumb  area-align-\" style=\"margin-top: 40px; max-width: ;\">\n\n        <nav aria-label=\"breadcrumbs\" class=\"rank-math-breadcrumb\"><p><span class=\"last\">Casa<\/span><\/p><\/nav>\n    <\/section>\n\n\n\n    <section class=\"block-text left area-align-left\" style=\"margin-top: 40px; max-width: unset\">\n\n        \n                                \n                                            <h1 class=\"ff-bebas-ds80 ff-uppercase hlsize-\">BOBO L+<\/h1>\n                    \n                    <div class=\"ff-bebas-ds30\">Compatto, leggero, flessibilit\u00e0 illimitata<\/div>\n        \n        <div class=\"ff-bodytext \">\n            <p>BOBO L+ \u00e8 il modello d&#8217;ingresso nel mondo modulare di VANME: compatto nelle dimensioni, forte nelle prestazioni.<br \/>\nCon un peso totale consentito di 1.000 kg, offre tutto ci\u00f2 di cui hai bisogno per le avventure pi\u00f9 spontanee: capacit\u00e0 off-road, modularit\u00e0 sofisticata e lavorazione di alta qualit\u00e0 in un formato maneggevole.<\/p>\n<p>Che sia un compagno di viaggio per il weekend o un deposito mobile, BOBO L+ \u00e8 fatto per tutti coloro che amano la libert\u00e0 e non vogliono fare a meno di nulla.<\/p>\n        <\/div>\n\n\n                \n    <\/section>\n\n\n\n    <section class=\"block-details\" style=\"margin-top: 80px;\">\n\n        \n        <div class=\"block-inner\">\n\n                                                            \n                        <div class=\"detail-section\">\n                            <h3 class=\"headline ff-uppercase ff-bebas-ds30\">Appendino<\/h3>\n                            <div class=\"details\">\n                                \n                                    <div class=\"detail ff-bodytext\">\n                                        KT-EB2 Offroad Plus (con rialzo della parete laterale), verniciato a polvere nera, incl. 2 ammortizzatori a gas da 600 Nm per l&#8217;utilizzo di una tenda da tetto sul rimorchio                                     <\/div>\n\n                                \n                                    <div class=\"detail ff-bodytext\">\n                                        Versione frenata                                    <\/div>\n\n                                \n                                    <div class=\"detail ff-bodytext\">\n                                        Omologazione a 100 km\/h                                    <\/div>\n\n                                \n                                    <div class=\"detail ff-bodytext\">\n                                        Assale Knott con molle in gomma e sospensioni indipendenti                                    <\/div>\n\n                                \n                                    <div class=\"detail ff-bodytext\">\n                                        Due supporti scorrevoli                                    <\/div>\n\n                                \n                                    <div class=\"detail ff-bodytext\">\n                                        Singola ruota dentata                                    <\/div>\n\n                                \n                                    <div class=\"detail ff-bodytext\">\n                                        Spina a 13 pin                                    <\/div>\n\n                                \n                                    <div class=\"detail ff-bodytext\">\n                                        Parafanghi in alluminio a scacchiera, rinforzati e accessibili                                    <\/div>\n\n                                \n                                    <div class=\"detail ff-bodytext\">\n                                        Pneumatici off-road su cerchi in alluminio                                    <\/div>\n\n                                                            <\/div>\n\n                        <\/div>\n\n                    \n                        <div class=\"detail-section\">\n                            <h3 class=\"headline ff-uppercase ff-bebas-ds30\">Dimensioni<\/h3>\n                            <div class=\"details\">\n                                \n                                    <div class=\"detail ff-bodytext\">\n                                        Dimensioni complessive del rimorchio L\/A (mm) 3.080 x 1.650 x 1.715                                    <\/div>\n\n                                \n                                    <div class=\"detail ff-bodytext\">\n                                        Dimensioni interne della scatola L\/W\/H (mm) 2.020 x 1.075 x 1.020                                    <\/div>\n\n                                \n                                    <div class=\"detail ff-bodytext\">\n                                        Altezza di accoppiamento (mm): 450                                    <\/div>\n\n                                                            <\/div>\n\n                        <\/div>\n\n                    \n                        <div class=\"detail-section\">\n                            <h3 class=\"headline ff-uppercase ff-bebas-ds30\">Pesi<\/h3>\n                            <div class=\"details\">\n                                \n                                    <div class=\"detail ff-bodytext\">\n                                        Peso totale 1000 kg                                    <\/div>\n\n                                \n                                    <div class=\"detail ff-bodytext\">\n                                        Carico massimo del timone (kg) 50                                     <\/div>\n\n                                \n                                    <div class=\"detail ff-bodytext\">\n                                        Carico utile senza accessori (kg) 644                                    <\/div>\n\n                                                            <\/div>\n\n                        <\/div>\n\n                                                \n        <\/div>\n\n    <\/section>\n\n\n    <section class=\"block-text center area-align-center\" style=\"margin-top: 80px; max-width: 1300px\">\n\n        \n                                \n                                            <h2 class=\"ff-bebas-ds80 ff-uppercase hlsize-\">Modularit\u00e0 ripensata<\/h2>\n                    \n        \n        <div class=\"ff-bodytext \">\n            <p>BOBO L+ dispiega tutto il suo potenziale grazie a un sistema di moduli perfettamente coordinati tra loro.<br \/>\nOgni elemento \u00e8 stato sviluppato per offrire il massimo del comfort, della flessibilit\u00e0 e della funzionalit\u00e0, sia che tu stia cucinando, sia che tu voglia rilassarti o semplicemente tenere tutto organizzato quando sei in giro.<\/p>\n<p>Dalla cucina per esterni alle soluzioni intelligenti per lo stoccaggio, fino alle estensioni funzionali per la vita quotidiana e l&#8217;avventura: i moduli trasformano il rimorchio fuoristrada compatto in un compagno personalizzato per qualsiasi destinazione.<\/p>\n<p>I moduli possono essere installati o rimossi in pochi semplici passaggi. Questo significa che BOBO L+ \u00e8 sempre quello che ti serve: cucina, spazio di archiviazione o semplicemente spazio libero. <\/p>\n        <\/div>\n\n\n                \n    <\/section>\n\n\n\n\n\n                        \n            \n            <section class=\"block-media cnt-2 block-media-mobile-sort-123 blockheight-laptop-16-9 blockheight-tablet-16-9 blockheight-mobile-16-9 blockstyle-highlight block-media-width-left-big\" style=\"margin-top: 80px\">\n\n                \n                \n                    \n                    <div class=\"media media-0 has-media\">\n\n                        \n\n                        \n                            \n                            <picture class=\"s1x-picture-cover jshook-provide-hq-after-dom-loaded \">\n                                <source srcset-hq=\"https:\/\/vanme.de\/wp-content\/uploads\/2025\/09\/bobo-l-modul1.jpg\"\n                                        width=\"1500\"\n                                        height=\"844\">\n\n                                \n                                <source srcset-hq=\"https:\/\/vanme.de\/wp-content\/uploads\/2025\/09\/bobo-l-modul1.jpg.webp\"\n                                        width=\"1500\"\n                                        height=\"844\"\n                                        type=\"image\/webp\">\n\n                                                                <img decoding=\"async\" loading=\"lazy\"\n                                     src=\"https:\/\/vanme.de\/wp-content\/uploads\/2025\/09\/bobo-l-modul1.jpg\"\n                                     width=\"1500\"\n                                     height=\"844\"\n                                     alt=\"\">\n                            <\/picture>\n\n                        \n                        <div class=\"overlay s1x-absolute-100 has-media                            s1x-tovp-tablapdesk-cc                            s1x-tovp-mob-cc\n                            \">\n\n                            \n                            \n                            \n                            \n                            \n                            \n                        <\/div>\n\n                        \n                    <\/div>\n\n                \n                    \n                    <div class=\"media media-1 \">\n\n                        \n\n                        \n                        <div class=\"overlay                              s1x-tovp-tablapdesk-cl                            s1x-tovp-mob-cl\n                            \">\n\n                            \n                            <div class='headline ff-bebas-ds65 ff-uppercase''>Modulo 1<\/div>\n                            <div class='subheadline ff-bebas-ds30'>Stazione di cottura<\/div>\n                            \n                            <div class='text ff-bodytext'><p>Il mobile da cucina estraibile per il tuo benessere fisico, installato su un&#8217;estraibile pesante con serratura.<\/p>\n<ul>\n<li>Vano per riporre le spezie e gli utensili da cucina<\/li>\n<li>Robusta superficie per piatti a strappo, cassetto estraibile per stoviglie e utensili da cucina<\/li>\n<li>Cinghie elastiche e ganci a tensione laterale<\/li>\n<li>Vano di carico passante vicino al pavimento per la massima lunghezza di carico<\/li>\n<li>Sportello di servizio bloccabile per l&#8217;estraibile<\/li>\n<\/ul>\n<\/div>\n                            \n                        <\/div>\n\n                        \n                    <\/div>\n\n                \n            <\/section>\n\n            \n\n\n\n\n                        \n            \n            <section class=\"block-media cnt-2 block-media-mobile-sort-213 blockheight-laptop-16-9 blockheight-tablet-16-9 blockheight-mobile-16-9 blockstyle-highlight block-media-width-right-big\" style=\"margin-top: 80px\">\n\n                \n                \n                    \n                    <div class=\"media media-0 \">\n\n                        \n\n                        \n                        <div class=\"overlay                              s1x-tovp-tablapdesk-cl                            s1x-tovp-mob-cl\n                            \">\n\n                            \n                            <div class='headline ff-bebas-ds65 ff-uppercase''>Modulo 2<\/div>\n                            <div class='subheadline ff-bebas-ds30'>Parcheggio sotterraneo<\/div>\n                            \n                            <div class='text ff-bodytext'><p>Un vero e proprio miracolo di spazio. E per poter raggiungere ogni cosa, \u00e8 completamente estraibile. <\/p>\n<ul>\n<li>Ampio vano di carico<\/li>\n<li>Due estrattori bloccabili per impieghi gravosi, caricabili fino a 220 kg e completamente estensibili<\/li>\n<li>Pavimento a griglia per fissare il carico<\/li>\n<\/ul>\n<\/div>\n                            \n                        <\/div>\n\n                        \n                    <\/div>\n\n                \n                    \n                    <div class=\"media media-1 has-media\">\n\n                        \n\n                        \n                            \n                            <picture class=\"s1x-picture-cover jshook-provide-hq-after-dom-loaded \">\n                                <source srcset-hq=\"https:\/\/vanme.de\/wp-content\/uploads\/2025\/09\/bobo-l-modul3.jpg\"\n                                        width=\"1500\"\n                                        height=\"844\">\n\n                                \n                                <source srcset-hq=\"https:\/\/vanme.de\/wp-content\/uploads\/2025\/09\/bobo-l-modul3.jpg.webp\"\n                                        width=\"1500\"\n                                        height=\"844\"\n                                        type=\"image\/webp\">\n\n                                                                <img decoding=\"async\" loading=\"lazy\"\n                                     src=\"https:\/\/vanme.de\/wp-content\/uploads\/2025\/09\/bobo-l-modul3.jpg\"\n                                     width=\"1500\"\n                                     height=\"844\"\n                                     alt=\"\">\n                            <\/picture>\n\n                        \n                        <div class=\"overlay s1x-absolute-100 has-media                            s1x-tovp-tablapdesk-cc                            s1x-tovp-mob-cc\n                            \">\n\n                            \n                            \n                            \n                            \n                            \n                            \n                        <\/div>\n\n                        \n                    <\/div>\n\n                \n            <\/section>\n\n            \n\n\n\n\n                        \n            \n            <section class=\"block-media cnt-2 block-media-mobile-sort-123 blockheight-laptop-16-9 blockheight-tablet-16-9 blockheight-mobile-16-9 blockstyle-highlight block-media-width-left-big\" style=\"margin-top: 80px\">\n\n                \n                \n                    \n                    <div class=\"media media-0 has-media\">\n\n                        \n\n                        \n                            \n                            <picture class=\"s1x-picture-cover jshook-provide-hq-after-dom-loaded \">\n                                <source srcset-hq=\"https:\/\/vanme.de\/wp-content\/uploads\/2025\/09\/bobo-l-modul4.jpg\"\n                                        width=\"1500\"\n                                        height=\"844\">\n\n                                \n                                <source srcset-hq=\"https:\/\/vanme.de\/wp-content\/uploads\/2025\/09\/bobo-l-modul4.jpg.webp\"\n                                        width=\"1500\"\n                                        height=\"844\"\n                                        type=\"image\/webp\">\n\n                                                                <img decoding=\"async\" loading=\"lazy\"\n                                     src=\"https:\/\/vanme.de\/wp-content\/uploads\/2025\/09\/bobo-l-modul4.jpg\"\n                                     width=\"1500\"\n                                     height=\"844\"\n                                     alt=\"\">\n                            <\/picture>\n\n                        \n                        <div class=\"overlay s1x-absolute-100 has-media                            s1x-tovp-tablapdesk-cc                            s1x-tovp-mob-cc\n                            \">\n\n                            \n                            \n                            \n                            \n                            \n                            \n                        <\/div>\n\n                        \n                    <\/div>\n\n                \n                    \n                    <div class=\"media media-1 \">\n\n                        \n\n                        \n                        <div class=\"overlay                              s1x-tovp-tablapdesk-cl                            s1x-tovp-mob-cl\n                            \">\n\n                            \n                            <div class='headline ff-bebas-ds65 ff-uppercase''>Modulo 3<\/div>\n                            <div class='subheadline ff-bebas-ds30'>Il braccio lungo<\/div>\n                            \n                            <div class='text ff-bodytext'><p>Il pi\u00f9 lungo che Bobo possa offrire. Puoi caricare questo pull-out per oltre 2 metri. <\/p>\n<ul>\n<li>Supporto per due taniche di acqua dolce da 20 litri con rubinetto (taniche incluse)<\/li>\n<li>Spazio di archiviazione aggiuntivo<\/li>\n<\/ul>\n<\/div>\n                            \n                        <\/div>\n\n                        \n                    <\/div>\n\n                \n            <\/section>\n\n            \n\n\n\n\n                        \n            \n            <section class=\"block-media cnt-2 block-media-mobile-sort-213 blockheight-laptop-16-9 blockheight-tablet-16-9 blockheight-mobile-16-9 blockstyle-highlight block-media-width-right-big\" style=\"margin-top: 80px\">\n\n                \n                \n                    \n                    <div class=\"media media-0 \">\n\n                        \n\n                        \n                        <div class=\"overlay                              s1x-tovp-tablapdesk-cr                            s1x-tovp-mob-cl\n                            \">\n\n                            \n                            <div class='headline ff-bebas-ds65 ff-uppercase''>Modulo 4<\/div>\n                            <div class='subheadline ff-bebas-ds30'>  Il braccio destro della Stazione di Cottura<\/div>\n                            \n                            <div class='text ff-bodytext'><p>Abbastanza lungo per il frigorifero e il grill. Questi due componenti non devono mancare. <\/p>\n<ul>\n<li>Spazio per barbecue a gas o Eurobox (non incluso)<\/li>\n<li>Due estrattori bloccabili per impieghi gravosi, caricabili fino a 220 kg e completamente estensibili<\/li>\n<li>Pavimento a griglia per fissare il carico<\/li>\n<li>(supplemento a pagamento) MaxiFreezer 50 a compressore con scomparto refrigerante da 9 litri e scomparto congelatore da 41 litri e il supporto corrispondente<\/li>\n<\/ul>\n<\/div>\n                            \n                        <\/div>\n\n                        \n                    <\/div>\n\n                \n                    \n                    <div class=\"media media-1 has-media\">\n\n                        \n\n                        \n                            \n                            <picture class=\"s1x-picture-cover jshook-provide-hq-after-dom-loaded \">\n                                <source srcset-hq=\"https:\/\/vanme.de\/wp-content\/uploads\/2025\/09\/bobo-l-modul5.jpg\"\n                                        width=\"1500\"\n                                        height=\"844\">\n\n                                \n                                <source srcset-hq=\"https:\/\/vanme.de\/wp-content\/uploads\/2025\/09\/bobo-l-modul5.jpg.webp\"\n                                        width=\"1500\"\n                                        height=\"844\"\n                                        type=\"image\/webp\">\n\n                                                                <img decoding=\"async\" loading=\"lazy\"\n                                     src=\"https:\/\/vanme.de\/wp-content\/uploads\/2025\/09\/bobo-l-modul5.jpg\"\n                                     width=\"1500\"\n                                     height=\"844\"\n                                     alt=\"\">\n                            <\/picture>\n\n                        \n                        <div class=\"overlay s1x-absolute-100 has-media                            s1x-tovp-tablapdesk-cc                            s1x-tovp-mob-cc\n                            \">\n\n                            \n                            \n                            \n                            \n                            \n                            \n                        <\/div>\n\n                        \n                    <\/div>\n\n                \n            <\/section>\n\n            \n\n\n    <section class=\"block-contact\" style=\"margin-top: 80px\">\n\n\n        <div class=\"block-inner\">\n\n                            <div class=\"bookmark\">\n                    <div class=\"cssimg-bookmark cssimg-contain-center-norepeat jshook-bookmark-add\"\n                         data-bookmark-headline=\"Rimorchio BOBO L+ Info\"\n                         data-bookmark-content=\"Richiedo ulteriore materiale informativo su BOBO L+.\">\n                    <\/div>\n                    <div class=\"text ff-bodytext\">Ricorda Trailer BOBO L+ per la tua richiesta di informazioni<\/div>\n                <\/div>\n\n            \n\n                            <div class=\"text ff-bodytext\">Vuoi un BOBO tutto tuo? Fai una richiesta per chiarire tutte le questioni aperte. Questo \u00e8 il primo passo affinch\u00e9 BOBO possa presto seguirti nelle tue avventure.  <\/div>\n                <a class=\"s1x-button btn-white-do\" href=\"https:\/\/vanme.de\/it\/contattaci\/\">\n                    Contatti                <\/a>\n            \n        <\/div>\n\n        \n        <picture class=\"s1x-picture-cover-absolute jshook-provide-hq-after-dom-loaded\">\n            <source srcset-hq=\"https:\/\/vanme.de\/wp-content\/uploads\/2025\/05\/bobo-lplus-portugal-outlook3.jpg\"\n                    width=\"1920\"\n                    height=\"1080\">\n\n            \n            <source srcset-hq=\"https:\/\/vanme.de\/wp-content\/uploads\/2025\/05\/bobo-lplus-portugal-outlook3.jpg.webp\"\n                    width=\"1920\"\n                    height=\"1080\"\n                    type=\"image\/webp\">\n\n                        <img loading=\"lazy\" decoding=\"async\" src=\"https:\/\/vanme.de\/wp-content\/uploads\/2025\/05\/bobo-lplus-portugal-outlook3.jpg\"\n                 width=\"1920\"\n                 height=\"1080\"\n                 alt=\"\">\n        <\/picture>\n\n\n    <\/section>\n\n\n","protected":false},"excerpt":{"rendered":"","protected":false},"author":1,"featured_media":0,"parent":9728,"menu_order":0,"comment_status":"closed","ping_status":"closed","template":"","meta":{"_acf_changed":false,"footnotes":""},"class_list":["post-13794","page","type-page","status-publish","hentry"],"acf":[],"_links":{"self":[{"href":"https:\/\/vanme.de\/it\/wp-json\/wp\/v2\/pages\/13794","targetHints":{"allow":["GET"]}}],"collection":[{"href":"https:\/\/vanme.de\/it\/wp-json\/wp\/v2\/pages"}],"about":[{"href":"https:\/\/vanme.de\/it\/wp-json\/wp\/v2\/types\/page"}],"author":[{"embeddable":true,"href":"https:\/\/vanme.de\/it\/wp-json\/wp\/v2\/users\/1"}],"replies":[{"embeddable":true,"href":"https:\/\/vanme.de\/it\/wp-json\/wp\/v2\/comments?post=13794"}],"version-history":[{"count":4,"href":"https:\/\/vanme.de\/it\/wp-json\/wp\/v2\/pages\/13794\/revisions"}],"predecessor-version":[{"id":14360,"href":"https:\/\/vanme.de\/it\/wp-json\/wp\/v2\/pages\/13794\/revisions\/14360"}],"up":[{"embeddable":true,"href":"https:\/\/vanme.de\/it\/wp-json\/wp\/v2\/pages\/9728"}],"wp:attachment":[{"href":"https:\/\/vanme.de\/it\/wp-json\/wp\/v2\/media?parent=13794"}],"curies":[{"name":"wp","href":"https:\/\/api.w.org\/{rel}","templated":true}]}}