{"id":13731,"date":"2025-03-25T19:09:13","date_gmt":"2025-03-25T18:09:13","guid":{"rendered":"https:\/\/devbox2.mc8pm.com\/collaborazioni-e-partner\/vanme-sca\/"},"modified":"2026-03-03T15:52:14","modified_gmt":"2026-03-03T14:52:14","slug":"vanme-sca","status":"publish","type":"page","link":"https:\/\/vanme.de\/it\/collaborazioni-e-partner\/vanme-sca\/","title":{"rendered":"VANME &amp; SCA"},"content":{"rendered":"\n\n\n                        \n            \n            <section class=\"block-media cnt-1 block-media-mobile-sort- blockheight-laptop-60vh blockheight-tablet-60vh blockheight-mobile-60vh blockstyle-highlight block-media-width-\" style=\"margin-top: 0px\">\n\n                \n                \n                    \n                    <div class=\"media media-0 has-media\">\n\n                        \n\n                        \n                            \n                            <picture class=\"s1x-picture-cover jshook-provide-hq-after-dom-loaded \">\n                                <source srcset-hq=\"https:\/\/vanme.de\/wp-content\/uploads\/2025\/10\/sca-Vanme_Ducato_2024_01-header-cut.jpg\"\n                                        width=\"1920\"\n                                        height=\"816\">\n\n                                \n                                <source srcset-hq=\"https:\/\/vanme.de\/wp-content\/uploads\/2025\/10\/sca-Vanme_Ducato_2024_01-header-cut.jpg.webp\"\n                                        width=\"1920\"\n                                        height=\"816\"\n                                        type=\"image\/webp\">\n\n                                                                <img decoding=\"async\" loading=\"lazy\"\n                                     src=\"https:\/\/vanme.de\/wp-content\/uploads\/2025\/10\/sca-Vanme_Ducato_2024_01-header-cut.jpg\"\n                                     width=\"1920\"\n                                     height=\"816\"\n                                     alt=\"\">\n                            <\/picture>\n\n                        \n                        <div class=\"overlay s1x-absolute-100 has-media                            s1x-tovp-tablapdesk-cc                            s1x-tovp-mob-cc\n                            \">\n\n                            \n                            \n                            \n                            \n                            \n                            \n                        <\/div>\n\n                        \n                    <\/div>\n\n                \n            <\/section>\n\n            \n\n\n    <section class=\"block-breadcrumb  area-align-\" style=\"margin-top: 40px; max-width: ;\">\n\n        <nav aria-label=\"breadcrumbs\" class=\"rank-math-breadcrumb\"><p><span class=\"last\">Casa<\/span><\/p><\/nav>\n    <\/section>\n\n\n\n    <section class=\"block-text left area-align-center\" style=\"margin-top: 80px; max-width: 900px\">\n\n        \n                                \n                                            <h1 class=\"ff-bebas-ds80 ff-uppercase hlsize-\">VANME &amp; SCA<\/h1>\n                    \n                    <div class=\"ff-bebas-ds30\"><span class=\"ff-thin\">Pi\u00f9 spazio per la libert\u00e0<\/span><\/div>\n        \n        <div class=\"ff-bodytext \">\n            <p>Noi di VANME progettiamo camper che non solo convincono per il design e il comfort, ma offrono anche la massima funzionalit\u00e0. Un elemento centrale \u00e8 lo spazio aggiuntivo per vivere e dormire, che realizziamo con tetti pop-up e tetti alti di alta qualit\u00e0. <\/p>\n        <\/div>\n\n\n                \n    <\/section>\n\n\n\n    <section class=\"block-imageslider flickity-imageslider-carousel\" style=\"margin-top: 80px\">\n\n                                    \n                \n                    <div class=\"carousel-cell\">\n\n                        \n                        \n                            \n                            <picture class=\"jshook-provide-hq-after-dom-loaded\">\n                                <source srcset-hq=\"https:\/\/vanme.de\/wp-content\/uploads\/2025\/10\/sca-Vanme_EQV_300_5_juli_23-3-slider-cut.jpg\"\n                                        width=\"2066\"\n                                        height=\"1300\">\n                                <source srcset-hq=\"https:\/\/vanme.de\/wp-content\/uploads\/2025\/10\/sca-Vanme_EQV_300_5_juli_23-3-slider-cut.jpg.webp\"\n                                        width=\"2066\"\n                                        height=\"1300\"\n                                        type=\"image\/webp\">\n\n                                <source srcset=\"https:\/\/vanme.de\/wp-content\/uploads\/2025\/10\/sca-Vanme_EQV_300_5_juli_23-3-slider-cut.jpg\"\n                                        width=\"2066\"\n                                        height=\"1300\">\n\n                                <img loading=\"lazy\" decoding=\"async\"                                         src=\"https:\/\/vanme.de\/wp-content\/uploads\/2025\/10\/sca-Vanme_EQV_300_5_juli_23-3-slider-cut.jpg\"\n                                        width=\"2066\"\n                                        height=\"1300\"\n                                        alt=\"\">\n                            <\/picture>\n\n\n                        \n                    <\/div>\n\n                \n                    <div class=\"carousel-cell\">\n\n                        \n                        \n                            \n                            <picture class=\"jshook-provide-hq-after-dom-loaded\">\n                                <source srcset-hq=\"https:\/\/vanme.de\/wp-content\/uploads\/2025\/10\/sca-Vanme_EQV_300_5_juli_23-4-slider-cut.jpg\"\n                                        width=\"2053\"\n                                        height=\"1300\">\n                                <source srcset-hq=\"https:\/\/vanme.de\/wp-content\/uploads\/2025\/10\/sca-Vanme_EQV_300_5_juli_23-4-slider-cut.jpg.webp\"\n                                        width=\"2053\"\n                                        height=\"1300\"\n                                        type=\"image\/webp\">\n\n                                <source srcset=\"https:\/\/vanme.de\/wp-content\/uploads\/2025\/10\/sca-Vanme_EQV_300_5_juli_23-4-slider-cut.jpg\"\n                                        width=\"2053\"\n                                        height=\"1300\">\n\n                                <img loading=\"lazy\" decoding=\"async\"                                         src=\"https:\/\/vanme.de\/wp-content\/uploads\/2025\/10\/sca-Vanme_EQV_300_5_juli_23-4-slider-cut.jpg\"\n                                        width=\"2053\"\n                                        height=\"1300\"\n                                        alt=\"\">\n                            <\/picture>\n\n\n                        \n                    <\/div>\n\n                \n                    <div class=\"carousel-cell\">\n\n                        \n                        \n                            \n                            <picture class=\"jshook-provide-hq-after-dom-loaded\">\n                                <source srcset-hq=\"https:\/\/vanme.de\/wp-content\/uploads\/2025\/10\/sca-Vanme_Ducato_2024_16-slider-cut.jpg\"\n                                        width=\"1066\"\n                                        height=\"1300\">\n                                <source srcset-hq=\"https:\/\/vanme.de\/wp-content\/uploads\/2025\/10\/sca-Vanme_Ducato_2024_16-slider-cut.jpg.webp\"\n                                        width=\"1066\"\n                                        height=\"1300\"\n                                        type=\"image\/webp\">\n\n                                <source srcset=\"https:\/\/vanme.de\/wp-content\/uploads\/2025\/10\/sca-Vanme_Ducato_2024_16-slider-cut.jpg\"\n                                        width=\"1066\"\n                                        height=\"1300\">\n\n                                <img loading=\"lazy\" decoding=\"async\"                                         src=\"https:\/\/vanme.de\/wp-content\/uploads\/2025\/10\/sca-Vanme_Ducato_2024_16-slider-cut.jpg\"\n                                        width=\"1066\"\n                                        height=\"1300\"\n                                        alt=\"\">\n                            <\/picture>\n\n\n                        \n                    <\/div>\n\n                \n                    <div class=\"carousel-cell\">\n\n                        \n                        \n                            \n                            <picture class=\"jshook-provide-hq-after-dom-loaded\">\n                                <source srcset-hq=\"https:\/\/vanme.de\/wp-content\/uploads\/2025\/10\/sca-Vanme_Ducato_2024_04-slider-resize.jpg\"\n                                        width=\"1950\"\n                                        height=\"1300\">\n                                <source srcset-hq=\"https:\/\/vanme.de\/wp-content\/uploads\/2025\/10\/sca-Vanme_Ducato_2024_04-slider-resize.jpg.webp\"\n                                        width=\"1950\"\n                                        height=\"1300\"\n                                        type=\"image\/webp\">\n\n                                <source srcset=\"https:\/\/vanme.de\/wp-content\/uploads\/2025\/10\/sca-Vanme_Ducato_2024_04-slider-resize.jpg\"\n                                        width=\"1950\"\n                                        height=\"1300\">\n\n                                <img decoding=\"async\" loading=\"lazy\"                                        src=\"https:\/\/vanme.de\/wp-content\/uploads\/2025\/10\/sca-Vanme_Ducato_2024_04-slider-resize.jpg\"\n                                        width=\"1950\"\n                                        height=\"1300\"\n                                        alt=\"\">\n                            <\/picture>\n\n\n                        \n                    <\/div>\n\n                \n                    <div class=\"carousel-cell\">\n\n                        \n                        \n                            \n                            <picture class=\"jshook-provide-hq-after-dom-loaded\">\n                                <source srcset-hq=\"https:\/\/vanme.de\/wp-content\/uploads\/2025\/10\/sca-vanme_ducato_2024_02-slider-cut-scaled.jpg\"\n                                        width=\"2560\"\n                                        height=\"1109\">\n                                <source srcset-hq=\"https:\/\/vanme.de\/wp-content\/uploads\/2025\/10\/sca-vanme_ducato_2024_02-slider-cut-scaled.jpg.webp\"\n                                        width=\"2560\"\n                                        height=\"1109\"\n                                        type=\"image\/webp\">\n\n                                <source srcset=\"https:\/\/vanme.de\/wp-content\/uploads\/2025\/10\/sca-vanme_ducato_2024_02-slider-cut-scaled.jpg\"\n                                        width=\"2560\"\n                                        height=\"1109\">\n\n                                <img decoding=\"async\" loading=\"lazy\"                                        src=\"https:\/\/vanme.de\/wp-content\/uploads\/2025\/10\/sca-vanme_ducato_2024_02-slider-cut-scaled.jpg\"\n                                        width=\"2560\"\n                                        height=\"1109\"\n                                        alt=\"\">\n                            <\/picture>\n\n\n                        \n                    <\/div>\n\n                \n                    <div class=\"carousel-cell\">\n\n                        \n                        \n                            \n                            <picture class=\"jshook-provide-hq-after-dom-loaded\">\n                                <source srcset-hq=\"https:\/\/vanme.de\/wp-content\/uploads\/2025\/10\/sca-Vanme_EQV_300_5_juli_23-24-slider-cut.jpg\"\n                                        width=\"931\"\n                                        height=\"1300\">\n                                <source srcset-hq=\"https:\/\/vanme.de\/wp-content\/uploads\/2025\/10\/sca-Vanme_EQV_300_5_juli_23-24-slider-cut.jpg.webp\"\n                                        width=\"931\"\n                                        height=\"1300\"\n                                        type=\"image\/webp\">\n\n                                <source srcset=\"https:\/\/vanme.de\/wp-content\/uploads\/2025\/10\/sca-Vanme_EQV_300_5_juli_23-24-slider-cut.jpg\"\n                                        width=\"931\"\n                                        height=\"1300\">\n\n                                <img decoding=\"async\" loading=\"lazy\"                                        src=\"https:\/\/vanme.de\/wp-content\/uploads\/2025\/10\/sca-Vanme_EQV_300_5_juli_23-24-slider-cut.jpg\"\n                                        width=\"931\"\n                                        height=\"1300\"\n                                        alt=\"\">\n                            <\/picture>\n\n\n                        \n                    <\/div>\n\n                \n                    \n    <\/section>\n\n\n\n\n\n                        \n            \n            <section class=\"block-media cnt-2 block-media-mobile-sort-123 blockheight-laptop-16-9 blockheight-tablet-16-9 blockheight-mobile-16-9 blockstyle-highlight block-media-width-same-width\" style=\"margin-top: 80px\">\n\n                \n                \n                    \n                    <div class=\"media media-0 has-media\">\n\n                        \n\n                        \n                            \n                            <picture class=\"s1x-picture-cover jshook-provide-hq-after-dom-loaded \">\n                                <source srcset-hq=\"https:\/\/vanme.de\/wp-content\/uploads\/2025\/10\/logo-sca.png\"\n                                        width=\"1168\"\n                                        height=\"678\">\n\n                                \n                                <source srcset-hq=\"https:\/\/vanme.de\/wp-content\/uploads\/2025\/10\/logo-sca.png.webp\"\n                                        width=\"1168\"\n                                        height=\"678\"\n                                        type=\"image\/webp\">\n\n                                                                <img decoding=\"async\" loading=\"lazy\"\n                                     src=\"https:\/\/vanme.de\/wp-content\/uploads\/2025\/10\/logo-sca.png\"\n                                     width=\"1168\"\n                                     height=\"678\"\n                                     alt=\"\">\n                            <\/picture>\n\n                        \n                        <div class=\"overlay s1x-absolute-100 has-media                            s1x-tovp-tablapdesk-cl                            s1x-tovp-mob-cl\n                            \">\n\n                            \n                            \n                            \n                            \n                            \n                            \n                        <\/div>\n\n                        \n                    <\/div>\n\n                \n                    \n                    <div class=\"media media-1 \">\n\n                        \n\n                        \n                        <div class=\"overlay                              s1x-tovp-tablapdesk-cl                            s1x-tovp-mob-cl\n                            \">\n\n                            \n                            <div class='headline ff-bebas-ds65 ff-uppercase''>Due marchi, un unico standard di qualit\u00e0<\/div>\n                            \n                            \n                            <div class='text ff-bodytext'><p>Per queste soluzioni ci affidiamo alla collaborazione con SCA, uno dei principali produttori di tetti pop-up e tetti alti di alta qualit\u00e0 per tutti i furgoni standard. I prodotti SCA sono caratterizzati da una lavorazione precisa, materiali resistenti e una perfetta integrazione nel design del veicolo. <\/p>\n<p>Grazie a questa partnership, noi di VANME offriamo ai nostri clienti soluzioni per tetti di prima classe che combinano in modo ideale comfort, funzionalit\u00e0 ed estetica.<\/p>\n<\/div>\n                            \n                        <\/div>\n\n                        \n                    <\/div>\n\n                \n            <\/section>\n\n            \n\n\n\n\n                        \n            \n            <section class=\"block-media cnt-1 block-media-mobile-sort- blockheight-laptop-none blockheight-tablet-none blockheight-mobile-none blockstyle-display block-media-width-\" style=\"margin-top: 80px\">\n\n                \n                \n                    \n                    <div class=\"media media-0 has-media\">\n\n                        \n\n                        \n                            \n                            <picture class=\"s1x-picture-cover jshook-provide-hq-after-dom-loaded \">\n                                <source srcset-hq=\"https:\/\/vanme.de\/wp-content\/uploads\/2025\/10\/sca-Vanme_EQV_300_5_juli_23-1-bpic-cut.jpg\"\n                                        width=\"1920\"\n                                        height=\"1483\">\n\n                                \n                                <source srcset-hq=\"https:\/\/vanme.de\/wp-content\/uploads\/2025\/10\/sca-Vanme_EQV_300_5_juli_23-1-bpic-cut.jpg.webp\"\n                                        width=\"1920\"\n                                        height=\"1483\"\n                                        type=\"image\/webp\">\n\n                                                                <img decoding=\"async\" loading=\"lazy\"\n                                     src=\"https:\/\/vanme.de\/wp-content\/uploads\/2025\/10\/sca-Vanme_EQV_300_5_juli_23-1-bpic-cut.jpg\"\n                                     width=\"1920\"\n                                     height=\"1483\"\n                                     alt=\"\">\n                            <\/picture>\n\n                        \n                        <div class=\"overlay s1x-absolute-100 has-media                            s1x-tovp-tablapdesk-tl                            s1x-tovp-mob-tl\n                            \">\n\n                            \n                            \n                            \n                            \n                            \n                            \n                        <\/div>\n\n                        \n                    <\/div>\n\n                \n            <\/section>\n\n            \n\n\n    <section class=\"block-text left area-align-center\" style=\"margin-top: 80px; max-width: 900px\">\n\n        \n                                \n                                            <h2 class=\"ff-bebas-ds80 ff-uppercase hlsize-\">Comfort e qualit\u00e0 fino all&#8217;ultimo dettaglio<\/h2>\n                    \n        \n        <div class=\"ff-bodytext \">\n            <p>I tetti pop-up e i tetti alti di SCA sono sinonimo di ingegneria di altissimo livello e di tecnologia collaudata. Offrono costruzioni stabili, un&#8217;ottima protezione dalle intemperie, un eccellente isolamento e comode zone notte che ampliano notevolmente lo spazio interno del camper. <\/p>\n<p>Insieme a SCA, noi di VANME ci assicuriamo che i nostri camper non solo facciano colpo su strada, ma anche al loro arrivo: pi\u00f9 spazio, pi\u00f9 comfort e una perfetta integrazione nel design di alta qualit\u00e0 dei nostri veicoli.<\/p>\n        <\/div>\n\n\n                \n    <\/section>\n\n\n\n    <section class=\"block-contact\" style=\"margin-top: 80px\">\n\n\n        <div class=\"block-inner\">\n\n            \n\n                            <div class=\"text ff-bodytext\">Vuoi installare un tetto a scomparsa o un tetto alto di SCA? Allora contattaci per discutere i dettagli dell&#8217;installazione. <\/div>\n                <a class=\"s1x-button btn-white-do\" href=\"https:\/\/vanme.de\/it\/contattaci\/\">\n                    Contatti                <\/a>\n            \n        <\/div>\n\n        \n        <picture class=\"s1x-picture-cover-absolute jshook-provide-hq-after-dom-loaded\">\n            <source srcset-hq=\"https:\/\/vanme.de\/wp-content\/uploads\/2025\/10\/sca-Vanme_EQV_300_5_juli_23-3-contact-cut.jpg\"\n                    width=\"1920\"\n                    height=\"595\">\n\n            \n            <source srcset-hq=\"https:\/\/vanme.de\/wp-content\/uploads\/2025\/10\/sca-Vanme_EQV_300_5_juli_23-3-contact-cut.jpg.webp\"\n                    width=\"1920\"\n                    height=\"595\"\n                    type=\"image\/webp\">\n\n                        <img loading=\"lazy\" decoding=\"async\" src=\"https:\/\/vanme.de\/wp-content\/uploads\/2025\/10\/sca-Vanme_EQV_300_5_juli_23-3-contact-cut.jpg\"\n                 width=\"1920\"\n                 height=\"595\"\n                 alt=\"\">\n        <\/picture>\n\n\n    <\/section>\n\n\n","protected":false},"excerpt":{"rendered":"","protected":false},"author":1,"featured_media":12269,"parent":13390,"menu_order":0,"comment_status":"closed","ping_status":"closed","template":"","meta":{"_acf_changed":false,"footnotes":""},"class_list":["post-13731","page","type-page","status-publish","has-post-thumbnail","hentry"],"acf":[],"_links":{"self":[{"href":"https:\/\/vanme.de\/it\/wp-json\/wp\/v2\/pages\/13731","targetHints":{"allow":["GET"]}}],"collection":[{"href":"https:\/\/vanme.de\/it\/wp-json\/wp\/v2\/pages"}],"about":[{"href":"https:\/\/vanme.de\/it\/wp-json\/wp\/v2\/types\/page"}],"author":[{"embeddable":true,"href":"https:\/\/vanme.de\/it\/wp-json\/wp\/v2\/users\/1"}],"replies":[{"embeddable":true,"href":"https:\/\/vanme.de\/it\/wp-json\/wp\/v2\/comments?post=13731"}],"version-history":[{"count":4,"href":"https:\/\/vanme.de\/it\/wp-json\/wp\/v2\/pages\/13731\/revisions"}],"predecessor-version":[{"id":16719,"href":"https:\/\/vanme.de\/it\/wp-json\/wp\/v2\/pages\/13731\/revisions\/16719"}],"up":[{"embeddable":true,"href":"https:\/\/vanme.de\/it\/wp-json\/wp\/v2\/pages\/13390"}],"wp:featuredmedia":[{"embeddable":true,"href":"https:\/\/vanme.de\/it\/wp-json\/wp\/v2\/media\/12269"}],"wp:attachment":[{"href":"https:\/\/vanme.de\/it\/wp-json\/wp\/v2\/media?parent=13731"}],"curies":[{"name":"wp","href":"https:\/\/api.w.org\/{rel}","templated":true}]}}