{"id":13720,"date":"2025-06-06T11:03:38","date_gmt":"2025-06-06T09:03:38","guid":{"rendered":"https:\/\/devbox2.mc8pm.com\/accessori\/cerchio-firmato-nero-profondo\/"},"modified":"2026-03-16T18:22:52","modified_gmt":"2026-03-16T17:22:52","slug":"cerchio-firmato-nero-profondo","status":"publish","type":"page","link":"https:\/\/vanme.de\/it\/accessori\/cerchio-firmato-nero-profondo\/","title":{"rendered":"Cerchio firmato NERO PROFONDO"},"content":{"rendered":"\n\n\n                        \n            \n            <section class=\"block-media cnt-1 block-media-mobile-sort- blockheight-laptop-60vh blockheight-tablet-60vh blockheight-mobile-60vh blockstyle-display block-media-width-\" style=\"margin-top: 0px\">\n\n                \n                \n                    \n                    <div class=\"media media-0 has-media\">\n\n                        \n\n                        \n                            <div class=\"s1x-video\">\n                                <video class=\"jshook-play-video-when-in-viewport \"\n                                       playsinline muted loop\n                                       width=\"1000\"\n                                       height=\"720\"\n                                       preload=\"none\"\n                                       poster=\"https:\/\/vanme.de\/wp-content\/uploads\/2025\/10\/vanme-signature-rim-black-poster.jpg\">\n                                    <source src=\"https:\/\/vanme.de\/wp-content\/uploads\/2025\/10\/vanme-signature-rim-black-noaudio.mp4\">\n                                <\/video>\n                            <\/div>\n\n                        \n                        <div class=\"overlay s1x-absolute-100 has-media                            s1x-tovp-tablapdesk-tl                            s1x-tovp-mob-tl\n                            \">\n\n                            \n                            \n                            \n                            \n                            \n                            \n                        <\/div>\n\n                        \n                    <\/div>\n\n                \n            <\/section>\n\n            \n\n\n    <section class=\"block-breadcrumb  area-align-\" style=\"margin-top: 40px; max-width: ;\">\n\n        <nav aria-label=\"breadcrumbs\" class=\"rank-math-breadcrumb\"><p><span class=\"last\">Casa<\/span><\/p><\/nav>\n    <\/section>\n\n\n\n    <section class=\"block-text center area-align-center\" style=\"margin-top: 80px; max-width: unset\">\n\n        \n                                \n                                            <h1 class=\"ff-bebas-ds80 ff-uppercase hlsize-\">Cerchio firmato VANME NERO PROFONDO<\/h1>\n                    \n        \n        <div class=\"ff-bodytext \">\n                    <\/div>\n\n\n                \n    <\/section>\n\n\n\n    <section class=\"block-imageslider flickity-imageslider-carousel\" style=\"margin-top: 80px\">\n\n                                    \n                \n                    <div class=\"carousel-cell\">\n\n                        \n                        \n                            \n                            <picture class=\"jshook-provide-hq-after-dom-loaded\">\n                                <source srcset-hq=\"https:\/\/vanme.de\/wp-content\/uploads\/2025\/09\/signature-rim-black-DSC03992-resize.jpg\"\n                                        width=\"1920\"\n                                        height=\"1282\">\n                                <source srcset-hq=\"https:\/\/vanme.de\/wp-content\/uploads\/2025\/09\/signature-rim-black-DSC03992-resize.jpg.webp\"\n                                        width=\"1920\"\n                                        height=\"1282\"\n                                        type=\"image\/webp\">\n\n                                <source srcset=\"https:\/\/vanme.de\/wp-content\/uploads\/2025\/09\/signature-rim-black-DSC03992-resize.jpg\"\n                                        width=\"1920\"\n                                        height=\"1282\">\n\n                                <img loading=\"lazy\" decoding=\"async\"                                         src=\"https:\/\/vanme.de\/wp-content\/uploads\/2025\/09\/signature-rim-black-DSC03992-resize.jpg\"\n                                        width=\"1920\"\n                                        height=\"1282\"\n                                        alt=\"\">\n                            <\/picture>\n\n\n                        \n                    <\/div>\n\n                \n                    <div class=\"carousel-cell\">\n\n                        \n                        \n                            \n                            <picture class=\"jshook-provide-hq-after-dom-loaded\">\n                                <source srcset-hq=\"https:\/\/vanme.de\/wp-content\/uploads\/2025\/10\/signature-rim-black-DSC07939-slider-resize.jpg\"\n                                        width=\"1946\"\n                                        height=\"1300\">\n                                <source srcset-hq=\"https:\/\/vanme.de\/wp-content\/uploads\/2025\/10\/signature-rim-black-DSC07939-slider-resize.jpg.webp\"\n                                        width=\"1946\"\n                                        height=\"1300\"\n                                        type=\"image\/webp\">\n\n                                <source srcset=\"https:\/\/vanme.de\/wp-content\/uploads\/2025\/10\/signature-rim-black-DSC07939-slider-resize.jpg\"\n                                        width=\"1946\"\n                                        height=\"1300\">\n\n                                <img loading=\"lazy\" decoding=\"async\"                                         src=\"https:\/\/vanme.de\/wp-content\/uploads\/2025\/10\/signature-rim-black-DSC07939-slider-resize.jpg\"\n                                        width=\"1946\"\n                                        height=\"1300\"\n                                        alt=\"\">\n                            <\/picture>\n\n\n                        \n                    <\/div>\n\n                \n                    <div class=\"carousel-cell\">\n\n                        \n                        \n                            \n                            <picture class=\"jshook-provide-hq-after-dom-loaded\">\n                                <source srcset-hq=\"https:\/\/vanme.de\/wp-content\/uploads\/2025\/10\/signature-rim-black-DSC06410-slider-cut.jpg\"\n                                        width=\"1469\"\n                                        height=\"1300\">\n                                <source srcset-hq=\"https:\/\/vanme.de\/wp-content\/uploads\/2025\/10\/signature-rim-black-DSC06410-slider-cut.jpg.webp\"\n                                        width=\"1469\"\n                                        height=\"1300\"\n                                        type=\"image\/webp\">\n\n                                <source srcset=\"https:\/\/vanme.de\/wp-content\/uploads\/2025\/10\/signature-rim-black-DSC06410-slider-cut.jpg\"\n                                        width=\"1469\"\n                                        height=\"1300\">\n\n                                <img loading=\"lazy\" decoding=\"async\"                                         src=\"https:\/\/vanme.de\/wp-content\/uploads\/2025\/10\/signature-rim-black-DSC06410-slider-cut.jpg\"\n                                        width=\"1469\"\n                                        height=\"1300\"\n                                        alt=\"\">\n                            <\/picture>\n\n\n                        \n                    <\/div>\n\n                \n                    <div class=\"carousel-cell\">\n\n                        \n                        \n                            \n                            <picture class=\"jshook-provide-hq-after-dom-loaded\">\n                                <source srcset-hq=\"https:\/\/vanme.de\/wp-content\/uploads\/2025\/09\/signature-rim-black-DSC03321-cut.jpg\"\n                                        width=\"1300\"\n                                        height=\"1300\">\n                                <source srcset-hq=\"https:\/\/vanme.de\/wp-content\/uploads\/2025\/09\/signature-rim-black-DSC03321-cut.jpg.webp\"\n                                        width=\"1300\"\n                                        height=\"1300\"\n                                        type=\"image\/webp\">\n\n                                <source srcset=\"https:\/\/vanme.de\/wp-content\/uploads\/2025\/09\/signature-rim-black-DSC03321-cut.jpg\"\n                                        width=\"1300\"\n                                        height=\"1300\">\n\n                                <img decoding=\"async\" loading=\"lazy\"                                        src=\"https:\/\/vanme.de\/wp-content\/uploads\/2025\/09\/signature-rim-black-DSC03321-cut.jpg\"\n                                        width=\"1300\"\n                                        height=\"1300\"\n                                        alt=\"\">\n                            <\/picture>\n\n\n                        \n                    <\/div>\n\n                \n                    <div class=\"carousel-cell\">\n\n                        \n                        \n                            \n                            <picture class=\"jshook-provide-hq-after-dom-loaded\">\n                                <source srcset-hq=\"https:\/\/vanme.de\/wp-content\/uploads\/2025\/09\/signature-rim-black-DSC03317-cutresize.jpg\"\n                                        width=\"1285\"\n                                        height=\"1300\">\n                                <source srcset-hq=\"https:\/\/vanme.de\/wp-content\/uploads\/2025\/09\/signature-rim-black-DSC03317-cutresize.jpg.webp\"\n                                        width=\"1285\"\n                                        height=\"1300\"\n                                        type=\"image\/webp\">\n\n                                <source srcset=\"https:\/\/vanme.de\/wp-content\/uploads\/2025\/09\/signature-rim-black-DSC03317-cutresize.jpg\"\n                                        width=\"1285\"\n                                        height=\"1300\">\n\n                                <img decoding=\"async\" loading=\"lazy\"                                        src=\"https:\/\/vanme.de\/wp-content\/uploads\/2025\/09\/signature-rim-black-DSC03317-cutresize.jpg\"\n                                        width=\"1285\"\n                                        height=\"1300\"\n                                        alt=\"\">\n                            <\/picture>\n\n\n                        \n                    <\/div>\n\n                \n                    \n    <\/section>\n\n\n\n\n    \n\n    <section class=\"block-product has-variants- has-description-per-variant-\" style=\"margin-top: 80px\">\n\n                    <!-- product without variants -->\n\n            <div class=\"container-description\">\n                <h2 class=\"ff-bebas-ds65 ff-uppercase\">\n                    Descrizione                <\/h2>\n                <p class=\"ff-bodytext product-description\">\n                    Cerchio VanMe Signature - set completo<br \/>\r\n<br \/>\r\nLa forza incontra l&#8217;eleganza: il cerchio VANME Signature Revolution combina un design off-road di grande impatto con un&#8217;elegante precisione. La finitura bicolore ad alto contrasto in nero opaco. Questo cerchio conferisce a ogni veicolo un aspetto inconfondibile.  <br \/>\r\n<br \/>\r\nMade in Germany \u00e8 pi\u00f9 di un semplice sigillo per noi: \u00e8 sinonimo di altissima qualit\u00e0 di produzione, tecnologia precisa e sicurezza senza compromessi. Ogni ruota Revolution viene prodotta, testata e rifinita utilizzando tecnologie all&#8217;avanguardia e un&#8217;autentica maestria artigianale.  Realizzato in alluminio di alta qualit\u00e0, convince per la massima stabilit\u00e0 e il peso ridotto: perfetto per camper, SUV e pick-up che richiedono prestazioni e design in egual misura. Gli elementi a vite visibili sul bordo del cerchio riprendono l&#8217;iconico look beadlock e sottolineano il carattere forte dell&#8217;aspetto. <br \/>\r\n<br \/>\r\nSia su strada che in fuoristrada, la VanMe Revolution \u00e8 pi\u00f9 di una semplice ruota: \u00e8 una dichiarazione di individualit\u00e0, qualit\u00e0 e ingegneria tedesca.<br \/>\r\n<br \/>\r\nFatti chiave:<br \/>\r\n<br \/>\r\nDimensioni: 8.5Jx18<br \/>\r\nOffset (ET): 30-55<br \/>\r\nCapacit\u00e0 di carico: 1.400 kg per ruota<br \/>\r\nCerchio di bulloni: da 5\u00d7112 a 5\u00d7130 \/ 6\u00d7130<br \/>\r\nFinitura: SatinBlack, anteriore lucido<br \/>\r\n<br \/>\r\nIl nostro cerchio pi\u00f9 robusto per furgoni, camper e camion: ottimizzato per gli ambienti pi\u00f9 difficili, costruito per garantire il massimo carico e una durata eccezionale.<br \/>\r\n<br \/>\r\nApplicazioni previste per i veicoli (in continua espansione):<br \/>\r\n<br \/>\r\nMAN TGE e VW Crafter<br \/>\r\nVW T5 \/ T6 \/ T7<br \/>\r\nFiat Ducato \/ Citro\u00ebn Jumper \/ Peugeot Boxer (telai leggeri e pesanti)<br \/>\r\nMercedes Sprinter<br \/>\r\nIveco Daily                <\/p>\n                <p class=\"ff-bodytext product-disclaimer\">\n                    Massima capacit\u00e0 di carico. Presenza massima. \r\n\r\nUn set di ruote \u00e8 composto da quattro pezzi. I pneumatici e gli accessori non sono inclusi nel prezzo.                 <\/p>\n            <\/div>\n\n            <div class=\"container-add2cart\">\n                                <div class=\"price-label\">Il nostro prezzo<span>(Componente incl. assemblaggio )<\/span><\/div>\n\n                \n                <div id=\"product-price\">2.299,00\u00a0\u20ac<span>IVA inclusa<\/span><\/div>\n\n                <div class=\"bookmark\">\n                    <div id=\"product-bookmark\" class=\"cssimg-bookmark cssimg-contain-center-norepeat jshook-bookmark-add\"\n                         data-bookmark-headline=\"Cerchio firmato NERO PROFONDO\"\n                         data-bookmark-content=\"Sono interessato a questa messa a punto - 2.299,00\u00a0\u20ac\">\n                    <\/div>\n                    <div class=\"bookmark-text\">Aggiungi alla lista delle richieste<\/div>\n                <\/div>\n            <\/div>\n\n\n\n        \n    <\/section>\n\n\n\n\n\n                        \n            \n            <section class=\"block-media cnt-1 block-media-mobile-sort- blockheight-laptop-30vh blockheight-tablet-30vh blockheight-mobile-30vh blockstyle-display block-media-width-\" style=\"margin-top: 0px\">\n\n                \n                \n                    \n                    <div class=\"media media-0 has-media\">\n\n                        \n\n                        \n                            \n                            <picture class=\"s1x-picture-cover jshook-provide-hq-after-dom-loaded \">\n                                <source srcset-hq=\"https:\/\/vanme.de\/wp-content\/uploads\/2025\/10\/signature-rim-black-DSC06419-resize.jpg\"\n                                        width=\"1920\"\n                                        height=\"1282\">\n\n                                \n                                <source srcset-hq=\"https:\/\/vanme.de\/wp-content\/uploads\/2025\/10\/signature-rim-black-DSC06419-resize.jpg.webp\"\n                                        width=\"1920\"\n                                        height=\"1282\"\n                                        type=\"image\/webp\">\n\n                                                                <img decoding=\"async\" loading=\"lazy\"\n                                     src=\"https:\/\/vanme.de\/wp-content\/uploads\/2025\/10\/signature-rim-black-DSC06419-resize.jpg\"\n                                     width=\"1920\"\n                                     height=\"1282\"\n                                     alt=\"\">\n                            <\/picture>\n\n                        \n                        <div class=\"overlay s1x-absolute-100 has-media                            s1x-tovp-tablapdesk-tl                            s1x-tovp-mob-tl\n                            \">\n\n                            \n                            \n                            \n                            \n                            \n                            \n                        <\/div>\n\n                        \n                    <\/div>\n\n                \n            <\/section>\n\n            \n\n","protected":false},"excerpt":{"rendered":"","protected":false},"author":1,"featured_media":12971,"parent":13484,"menu_order":0,"comment_status":"closed","ping_status":"closed","template":"","meta":{"_acf_changed":false,"footnotes":""},"class_list":["post-13720","page","type-page","status-publish","has-post-thumbnail","hentry"],"acf":[],"_links":{"self":[{"href":"https:\/\/vanme.de\/it\/wp-json\/wp\/v2\/pages\/13720","targetHints":{"allow":["GET"]}}],"collection":[{"href":"https:\/\/vanme.de\/it\/wp-json\/wp\/v2\/pages"}],"about":[{"href":"https:\/\/vanme.de\/it\/wp-json\/wp\/v2\/types\/page"}],"author":[{"embeddable":true,"href":"https:\/\/vanme.de\/it\/wp-json\/wp\/v2\/users\/1"}],"replies":[{"embeddable":true,"href":"https:\/\/vanme.de\/it\/wp-json\/wp\/v2\/comments?post=13720"}],"version-history":[{"count":3,"href":"https:\/\/vanme.de\/it\/wp-json\/wp\/v2\/pages\/13720\/revisions"}],"predecessor-version":[{"id":20228,"href":"https:\/\/vanme.de\/it\/wp-json\/wp\/v2\/pages\/13720\/revisions\/20228"}],"up":[{"embeddable":true,"href":"https:\/\/vanme.de\/it\/wp-json\/wp\/v2\/pages\/13484"}],"wp:featuredmedia":[{"embeddable":true,"href":"https:\/\/vanme.de\/it\/wp-json\/wp\/v2\/media\/12971"}],"wp:attachment":[{"href":"https:\/\/vanme.de\/it\/wp-json\/wp\/v2\/media?parent=13720"}],"curies":[{"name":"wp","href":"https:\/\/api.w.org\/{rel}","templated":true}]}}