{"id":13457,"date":"2025-07-23T18:07:33","date_gmt":"2025-07-23T16:07:33","guid":{"rendered":"https:\/\/devbox2.mc8pm.com\/maglietta-signature-workwear-bianca\/"},"modified":"2026-03-03T15:57:12","modified_gmt":"2026-03-03T14:57:12","slug":"maglietta-signature-workwear-bianca","status":"publish","type":"page","link":"https:\/\/vanme.de\/it\/accessori\/maglietta-signature-workwear-bianca\/","title":{"rendered":"Maglietta Signature Workwear BIANCA"},"content":{"rendered":"\n\n\n                        \n            \n            <section class=\"block-media cnt-1 block-media-mobile-sort- blockheight-laptop-100vh blockheight-tablet-none blockheight-mobile-none blockstyle-display block-media-width-\" style=\"margin-top: 0px\">\n\n                \n                \n                    \n                    <div class=\"media media-0 has-media\">\n\n                        \n\n                        \n                            \n                            <picture class=\"s1x-picture-cover jshook-provide-hq-after-dom-loaded \">\n                                <source srcset-hq=\"https:\/\/vanme.de\/wp-content\/uploads\/2025\/11\/tshirt-white-head-DSC08306.jpg\"\n                                        width=\"1920\"\n                                        height=\"1282\">\n\n                                \n                                <source srcset-hq=\"https:\/\/vanme.de\/wp-content\/uploads\/2025\/11\/tshirt-white-head-DSC08306.jpg.webp\"\n                                        width=\"1920\"\n                                        height=\"1282\"\n                                        type=\"image\/webp\">\n\n                                                                <img decoding=\"async\" loading=\"lazy\"\n                                     src=\"https:\/\/vanme.de\/wp-content\/uploads\/2025\/11\/tshirt-white-head-DSC08306.jpg\"\n                                     width=\"1920\"\n                                     height=\"1282\"\n                                     alt=\"\">\n                            <\/picture>\n\n                        \n                        <div class=\"overlay s1x-absolute-100 has-media                            s1x-tovp-tablapdesk-tl                            s1x-tovp-mob-tl\n                            \">\n\n                            \n                            \n                            \n                            \n                            \n                            \n                        <\/div>\n\n                        \n                    <\/div>\n\n                \n            <\/section>\n\n            \n\n\n    <section class=\"block-breadcrumb  area-align-\" style=\"margin-top: 40px; max-width: ;\">\n\n        <nav aria-label=\"breadcrumbs\" class=\"rank-math-breadcrumb\"><p><span class=\"last\">Casa<\/span><\/p><\/nav>\n    <\/section>\n\n\n\n    <section class=\"block-text center area-align-center\" style=\"margin-top: 80px; max-width: unset\">\n\n                    <div class=\"ff-bebas-ds30\"><span class=\"ff-thin\">VANME x Carhartt<\/span><\/div>\n        \n                                \n                                            <h1 class=\"ff-bebas-ds80 ff-uppercase hlsize-\">Maglietta Signature Workwear BIANCA<\/h1>\n                    \n                    <div class=\"ff-bebas-ds30\">PIONIERI DEL DESIGN<\/div>\n        \n        <div class=\"ff-bodytext \">\n                    <\/div>\n\n\n                \n    <\/section>\n\n\n\n    <section class=\"block-imageslider flickity-imageslider-carousel\" style=\"margin-top: 80px\">\n\n                                    \n                \n                    <div class=\"carousel-cell\">\n\n                        \n                        \n                            \n                            <picture class=\"jshook-provide-hq-after-dom-loaded\">\n                                <source srcset-hq=\"https:\/\/vanme.de\/wp-content\/uploads\/2025\/11\/tshirt-white-slider-DSC08415-cut.jpg\"\n                                        width=\"1285\"\n                                        height=\"1400\">\n                                <source srcset-hq=\"https:\/\/vanme.de\/wp-content\/uploads\/2025\/11\/tshirt-white-slider-DSC08415-cut.jpg.webp\"\n                                        width=\"1285\"\n                                        height=\"1400\"\n                                        type=\"image\/webp\">\n\n                                <source srcset=\"https:\/\/vanme.de\/wp-content\/uploads\/2025\/11\/tshirt-white-slider-DSC08415-cut.jpg\"\n                                        width=\"1285\"\n                                        height=\"1400\">\n\n                                <img loading=\"lazy\" decoding=\"async\"                                         src=\"https:\/\/vanme.de\/wp-content\/uploads\/2025\/11\/tshirt-white-slider-DSC08415-cut.jpg\"\n                                        width=\"1285\"\n                                        height=\"1400\"\n                                        alt=\"\">\n                            <\/picture>\n\n\n                        \n                    <\/div>\n\n                \n                    <div class=\"carousel-cell\">\n\n                        \n                        \n                            \n                            <picture class=\"jshook-provide-hq-after-dom-loaded\">\n                                <source srcset-hq=\"https:\/\/vanme.de\/wp-content\/uploads\/2025\/11\/tshirt-white-slider-DSC08371-cut.jpg\"\n                                        width=\"1483\"\n                                        height=\"1400\">\n                                <source srcset-hq=\"https:\/\/vanme.de\/wp-content\/uploads\/2025\/11\/tshirt-white-slider-DSC08371-cut.jpg.webp\"\n                                        width=\"1483\"\n                                        height=\"1400\"\n                                        type=\"image\/webp\">\n\n                                <source srcset=\"https:\/\/vanme.de\/wp-content\/uploads\/2025\/11\/tshirt-white-slider-DSC08371-cut.jpg\"\n                                        width=\"1483\"\n                                        height=\"1400\">\n\n                                <img loading=\"lazy\" decoding=\"async\"                                         src=\"https:\/\/vanme.de\/wp-content\/uploads\/2025\/11\/tshirt-white-slider-DSC08371-cut.jpg\"\n                                        width=\"1483\"\n                                        height=\"1400\"\n                                        alt=\"\">\n                            <\/picture>\n\n\n                        \n                    <\/div>\n\n                \n                    <div class=\"carousel-cell\">\n\n                        \n                        \n                            \n                            <picture class=\"jshook-provide-hq-after-dom-loaded\">\n                                <source srcset-hq=\"https:\/\/vanme.de\/wp-content\/uploads\/2025\/11\/tshirt-white-slider-DSC08405-cut.jpg\"\n                                        width=\"1483\"\n                                        height=\"1400\">\n                                <source srcset-hq=\"https:\/\/vanme.de\/wp-content\/uploads\/2025\/11\/tshirt-white-slider-DSC08405-cut.jpg.webp\"\n                                        width=\"1483\"\n                                        height=\"1400\"\n                                        type=\"image\/webp\">\n\n                                <source srcset=\"https:\/\/vanme.de\/wp-content\/uploads\/2025\/11\/tshirt-white-slider-DSC08405-cut.jpg\"\n                                        width=\"1483\"\n                                        height=\"1400\">\n\n                                <img loading=\"lazy\" decoding=\"async\"                                         src=\"https:\/\/vanme.de\/wp-content\/uploads\/2025\/11\/tshirt-white-slider-DSC08405-cut.jpg\"\n                                        width=\"1483\"\n                                        height=\"1400\"\n                                        alt=\"\">\n                            <\/picture>\n\n\n                        \n                    <\/div>\n\n                \n                    \n    <\/section>\n\n\n\n\n    \n\n    <section class=\"block-product has-variants-1 has-description-per-variant-\" style=\"margin-top: 80px\">\n\n                    <!-- product with variants -->\n\n            <div class=\"container-variants\">\n                <h2 class=\"ff-bebas-ds65 ff-uppercase\">\n                    Scegli la dimensione                <\/h2>\n\n                                                            \n                            <div class=\"product-variants\">\n\n                                \n                                    <div class=\"variants-section\">\n\n                                        \n                                                                                    \n                                                \n                                                <div class=\"variants \">\n\n                                                    \n                                                    \n\n\n                                                        <div class=\"variant\">\n                                                            <input type=\"radio\"\n                                                                   id=\"00\"\n                                                                   name=\"product_variant_0\"\n                                                                   value=\"S\"\n                                                                   data-description=\"\"\n                                                                   data-price=\"39.99\">\n                                                            <label class=\"ff-lakes-neue-ext-ds16\" for=\"00\">S<\/label>\n                                                        <\/div>\n\n                                                    \n\n\n                                                        <div class=\"variant\">\n                                                            <input type=\"radio\"\n                                                                   id=\"01\"\n                                                                   name=\"product_variant_0\"\n                                                                   value=\"M\"\n                                                                   data-description=\"\"\n                                                                   data-price=\"39.99\">\n                                                            <label class=\"ff-lakes-neue-ext-ds16\" for=\"01\">M<\/label>\n                                                        <\/div>\n\n                                                    \n\n\n                                                        <div class=\"variant\">\n                                                            <input type=\"radio\"\n                                                                   id=\"02\"\n                                                                   name=\"product_variant_0\"\n                                                                   value=\"L\"\n                                                                   data-description=\"\"\n                                                                   data-price=\"39.99\">\n                                                            <label class=\"ff-lakes-neue-ext-ds16\" for=\"02\">L<\/label>\n                                                        <\/div>\n\n                                                    \n\n\n                                                        <div class=\"variant\">\n                                                            <input type=\"radio\"\n                                                                   id=\"03\"\n                                                                   name=\"product_variant_0\"\n                                                                   value=\"XL\"\n                                                                   data-description=\"\"\n                                                                   data-price=\"39.99\">\n                                                            <label class=\"ff-lakes-neue-ext-ds16\" for=\"03\">XL<\/label>\n                                                        <\/div>\n\n                                                    \n                                                <\/div>\n\n                                                                                    \n                                    <\/div>\n\n                                \n                            <\/div>\n\n                                                            \n                <p class=\"ff-bodytext product-disclaimer\">\n                    Dall&#8217;officina alla strada - autentico VANME.\r\n\r\nDisponibile in tutte le misure standard.                <\/p>\n\n            <\/div>\n\n            <div class=\"container-description\">\n                <h2 class=\"ff-bebas-ds65 ff-uppercase\">Descrizione<\/h2>\n                <p class=\"ff-bodytext product-description\" id=\"product-description\">\n                                            La funzionalit\u00e0 incontra lo stile: la T-shirt VANME x Carhartt combina la comprovata qualit\u00e0 Carhartt con la firma chiara e moderna di VANME.<br \/>\r\n<br \/>\r\nRealizzata in robusto cotone, \u00e8 estremamente comoda da indossare e presenta l&#8217;autentico carattere workwear che caratterizza Carhartt in tutto il mondo. Il classico taschino sul petto con l&#8217;etichetta Carhartt \u00e8 completato dal sorprendente logo VanMe, simbolo di artigianalit\u00e0, design e individualit\u00e0. <br \/>\r\n<br \/>\r\nNella vita di tutti i giorni, al lavoro o in viaggio in camper, questa camicia \u00e8 espressione di autenticit\u00e0, resistenza e design senza tempo.                                    <\/p>\n            <\/div>\n\n            <div class=\"container-add2cart\">\n                \n                                    <div class=\"price-label\">Il nostro prezzo<\/div>\n\n                    <div id=\"product-price\"><\/div>\n                \n                <div class=\"bookmark\">\n                    <div id=\"product-bookmark\" class=\"cssimg-bookmark cssimg-contain-center-norepeat jshook-bookmark-add\"\n                         data-bookmark-headline=\"Maglietta Signature Workwear BIANCA\"\n                         data-bookmark-content=\"\">\n                    <\/div>\n                    <div class=\"bookmark-text\">Auf Anfrageliste schreiben<\/div>\n                <\/div>\n\n            <\/div>\n\n            <script>\n                \/\/ Get all variants sections\n                const variantsSections = document.querySelectorAll('.variants-section');\n\n                \/\/ Function to update bookmark content with all selected variants\n                function updateBookmarkContent() {\n                    let selectedVariants = [];\n                    let totalPrice = 0;\n                    let lastDescription = '';\n\n                    \/\/ Iterate through each variants section\n                    variantsSections.forEach(section => {\n                        const sectionHeadline = section.querySelector('h3.variants-section-headline');\n                        const checkedRadio = section.querySelector('input[type=\"radio\"]:checked');\n\n                        if (checkedRadio) {\n                            \/\/ Build variant string with headline + option label\n                            let variantString = '';\n                            if (sectionHeadline) {\n                                variantString = sectionHeadline.textContent.trim() + ' ' + checkedRadio.value;\n                            } else {\n                                variantString = checkedRadio.value;\n                            }\n                            selectedVariants.push(variantString);\n\n                            \/\/ Sum up prices\n                            const price = parseFloat(checkedRadio.getAttribute('data-price'));\n                            if (!isNaN(price)) {\n                                totalPrice += price;\n                            }\n\n                            \/\/ Store last description (for description-per-variant mode)\n                            lastDescription = checkedRadio.getAttribute('data-description');\n                        }\n                    });\n\n                    \/\/ Format total price\n                    let formattedPrice = new Intl.NumberFormat('de-DE', {\n                        style: 'currency',\n                        currency: 'EUR'\n                    }).format(totalPrice);\n\n                    \/\/ Update price display\n                    if(totalPrice > 0) {\n                        document.getElementById('product-price').innerHTML = formattedPrice;\n                    }\n\n                    \/\/ Update description if in per-variant mode\n                    if (document.querySelector('section.block-product').classList.contains('has-description-per-variant-1')) {\n                        document.getElementById('product-description').innerHTML = lastDescription;\n                    }\n\n                    \/\/ Build bookmark content string\n                    let bookmarkContent = `Sono interessato a questa messa a punto - ${selectedVariants.join(' - ')} - ${formattedPrice}`;\n\n                    \/\/ Set bookmark content\n                    document.getElementById('product-bookmark').setAttribute('data-bookmark-content', bookmarkContent);\n                }\n\n                \/\/ Function to handle radio selection within a section\n                function handleRadioSelection(radio) {\n                    const section = radio.closest('.variants-section');\n\n                    \/\/ Remove 'active' class from all .variant divs in this section\n                    section.querySelectorAll('.variant').forEach(variant => {\n                        variant.classList.remove('active');\n                    });\n\n                    \/\/ Add 'active' class to the parent .variant div of the selected radio\n                    radio.closest('.variant').classList.add('active');\n\n                    \/\/ Update bookmark content with all selections\n                    updateBookmarkContent();\n                }\n\n                \/\/ Add change event listener to all radio inputs\n                variantsSections.forEach(section => {\n                    const radioInputs = section.querySelectorAll('input[type=\"radio\"]');\n\n                    radioInputs.forEach(radio => {\n                        radio.addEventListener('change', function() {\n                            if (this.checked) {\n                                handleRadioSelection(this);\n                            }\n                        });\n                    });\n                });\n            <\/script>\n\n\n        \n    <\/section>\n\n\n\n\n\n                        \n            \n            <section class=\"block-media cnt-1 block-media-mobile-sort- blockheight-laptop-60vh blockheight-tablet-60vh blockheight-mobile-60vh blockstyle-display block-media-width-\" style=\"margin-top: 0px\">\n\n                \n                \n                    \n                    <div class=\"media media-0 has-media\">\n\n                        \n\n                        \n                            \n                            <picture class=\"s1x-picture-cover jshook-provide-hq-after-dom-loaded \">\n                                <source srcset-hq=\"https:\/\/vanme.de\/wp-content\/uploads\/2025\/11\/tshirt-white-footer-DSC08398-cut.jpg\"\n                                        width=\"1920\"\n                                        height=\"920\">\n\n                                \n                                <source srcset-hq=\"https:\/\/vanme.de\/wp-content\/uploads\/2025\/11\/tshirt-white-footer-DSC08398-cut.jpg.webp\"\n                                        width=\"1920\"\n                                        height=\"920\"\n                                        type=\"image\/webp\">\n\n                                                                <img decoding=\"async\" loading=\"lazy\"\n                                     src=\"https:\/\/vanme.de\/wp-content\/uploads\/2025\/11\/tshirt-white-footer-DSC08398-cut.jpg\"\n                                     width=\"1920\"\n                                     height=\"920\"\n                                     alt=\"\">\n                            <\/picture>\n\n                        \n                        <div class=\"overlay s1x-absolute-100 has-media                            s1x-tovp-tablapdesk-tl                            s1x-tovp-mob-tl\n                            \">\n\n                            \n                            \n                            \n                            \n                            \n                            \n                        <\/div>\n\n                        \n                    <\/div>\n\n                \n            <\/section>\n\n            \n\n","protected":false},"excerpt":{"rendered":"","protected":false},"author":1,"featured_media":15576,"parent":13484,"menu_order":0,"comment_status":"closed","ping_status":"closed","template":"","meta":{"_acf_changed":false,"footnotes":""},"class_list":["post-13457","page","type-page","status-publish","has-post-thumbnail","hentry"],"acf":[],"_links":{"self":[{"href":"https:\/\/vanme.de\/it\/wp-json\/wp\/v2\/pages\/13457","targetHints":{"allow":["GET"]}}],"collection":[{"href":"https:\/\/vanme.de\/it\/wp-json\/wp\/v2\/pages"}],"about":[{"href":"https:\/\/vanme.de\/it\/wp-json\/wp\/v2\/types\/page"}],"author":[{"embeddable":true,"href":"https:\/\/vanme.de\/it\/wp-json\/wp\/v2\/users\/1"}],"replies":[{"embeddable":true,"href":"https:\/\/vanme.de\/it\/wp-json\/wp\/v2\/comments?post=13457"}],"version-history":[{"count":7,"href":"https:\/\/vanme.de\/it\/wp-json\/wp\/v2\/pages\/13457\/revisions"}],"predecessor-version":[{"id":16596,"href":"https:\/\/vanme.de\/it\/wp-json\/wp\/v2\/pages\/13457\/revisions\/16596"}],"up":[{"embeddable":true,"href":"https:\/\/vanme.de\/it\/wp-json\/wp\/v2\/pages\/13484"}],"wp:featuredmedia":[{"embeddable":true,"href":"https:\/\/vanme.de\/it\/wp-json\/wp\/v2\/media\/15576"}],"wp:attachment":[{"href":"https:\/\/vanme.de\/it\/wp-json\/wp\/v2\/media?parent=13457"}],"curies":[{"name":"wp","href":"https:\/\/api.w.org\/{rel}","templated":true}]}}