{"id":13390,"date":"2025-09-29T13:02:43","date_gmt":"2025-09-29T11:02:43","guid":{"rendered":"https:\/\/devbox2.mc8pm.com\/collaborazioni-e-partner\/"},"modified":"2026-03-04T10:36:01","modified_gmt":"2026-03-04T09:36:01","slug":"collaborazioni-e-partner","status":"publish","type":"page","link":"https:\/\/vanme.de\/it\/collaborazioni-e-partner\/","title":{"rendered":"Collaborazioni e partner"},"content":{"rendered":"\n\n\n                        \n            \n            <section class=\"block-media cnt-1 block-media-mobile-sort- blockheight-laptop-60vh blockheight-tablet-60vh blockheight-mobile-60vh blockstyle-display block-media-width-\" style=\"margin-top: 0px\">\n\n                \n                \n                    \n                    <div class=\"media media-0 has-media\">\n\n                        \n\n                        \n                            \n                            <picture class=\"s1x-picture-cover jshook-provide-hq-after-dom-loaded \">\n                                <source srcset-hq=\"https:\/\/vanme.de\/wp-content\/uploads\/2025\/10\/signature-rim-black-DSC06419-resize.jpg\"\n                                        width=\"1920\"\n                                        height=\"1282\">\n\n                                \n                                <source srcset-hq=\"https:\/\/vanme.de\/wp-content\/uploads\/2025\/10\/signature-rim-black-DSC06419-resize.jpg.webp\"\n                                        width=\"1920\"\n                                        height=\"1282\"\n                                        type=\"image\/webp\">\n\n                                                                <img decoding=\"async\" loading=\"lazy\"\n                                     src=\"https:\/\/vanme.de\/wp-content\/uploads\/2025\/10\/signature-rim-black-DSC06419-resize.jpg\"\n                                     width=\"1920\"\n                                     height=\"1282\"\n                                     alt=\"\">\n                            <\/picture>\n\n                        \n                        <div class=\"overlay s1x-absolute-100 has-media                            s1x-tovp-tablapdesk-                            s1x-tovp-mob-\n                            s1x-tovp-notext\">\n\n                            \n                            \n                            \n                            \n                            \n                            \n                        <\/div>\n\n                        \n                    <\/div>\n\n                \n            <\/section>\n\n            \n\n\n    <section class=\"block-text center area-align-left\" style=\"margin-top: 80px; max-width: unset\">\n\n        \n                                \n                                            <h1 class=\"ff-bebas-ds80 ff-uppercase hlsize-\">Collaborazioni e partner<\/h1>\n                    \n                    <div class=\"ff-bebas-ds30\"><span class=\"ff-thin\">Una rete di specialisti<\/span><\/div>\n        \n        <div class=\"ff-bodytext \">\n                    <\/div>\n\n\n                \n    <\/section>\n\n\n\n\n\n                        \n            \n            <section class=\"block-media cnt-2 block-media-mobile-sort-213 blockheight-laptop-16-9 blockheight-tablet-16-9 blockheight-mobile-16-9 blockstyle-highlight block-media-width-same-width\" style=\"margin-top: 80px\">\n\n                \n                \n                    \n                    <div class=\"media media-0 \">\n\n                        \n\n                        \n                        <div class=\"overlay                              s1x-tovp-tablapdesk-cc                            s1x-tovp-mob-cc\n                            \">\n\n                            \n                            <div class='headline ff-bebas-ds65 ff-uppercase''>PS Sattlerei<\/div>\n                            \n                            \n                            <div class='text ff-bodytext'><p>Noi di VANME diamo grande importanza a ogni dettaglio, soprattutto nel punto in cui conducente e veicolo diventano un tutt&#8217;uno: l&#8217;abitacolo. Ecco perch\u00e9 perfezioniamo quest&#8217;area centrale con materiali di altissima qualit\u00e0 per elevare il comfort, l&#8217;estetica e le sensazioni a un nuovo livello. <\/p>\n<\/div>\n                            <a class='s1x-button btn-white-do' href='https:\/\/vanme.de\/it\/collaborazioni-e-partner\/selleria-vanme-ps\/'>Al briefing<\/a>\n                        <\/div>\n\n                        \n                    <\/div>\n\n                \n                    \n                    <div class=\"media media-1 has-media\">\n\n                        \n\n                        \n                            \n                            <picture class=\"s1x-picture-cover jshook-provide-hq-after-dom-loaded \">\n                                <source srcset-hq=\"https:\/\/vanme.de\/wp-content\/uploads\/2025\/10\/ps-sattlerei-DSC07695-resize.jpg\"\n                                        width=\"1920\"\n                                        height=\"1282\">\n\n                                \n                                <source srcset-hq=\"https:\/\/vanme.de\/wp-content\/uploads\/2025\/10\/ps-sattlerei-DSC07695-resize.jpg.webp\"\n                                        width=\"1920\"\n                                        height=\"1282\"\n                                        type=\"image\/webp\">\n\n                                                                <img decoding=\"async\" loading=\"lazy\"\n                                     src=\"https:\/\/vanme.de\/wp-content\/uploads\/2025\/10\/ps-sattlerei-DSC07695-resize.jpg\"\n                                     width=\"1920\"\n                                     height=\"1282\"\n                                     alt=\"\">\n                            <\/picture>\n\n                        \n                        <div class=\"overlay s1x-absolute-100 has-media                            s1x-tovp-tablapdesk-                            s1x-tovp-mob-\n                            s1x-tovp-notext\">\n\n                            \n                            \n                            \n                            \n                            \n                            \n                        <\/div>\n\n                        \n                    <\/div>\n\n                \n            <\/section>\n\n            \n\n\n\n\n                        \n            \n            <section class=\"block-media cnt-2 block-media-mobile-sort-123 blockheight-laptop-16-9 blockheight-tablet-16-9 blockheight-mobile-4-3 blockstyle-highlight block-media-width-same-width\" style=\"margin-top: 80px\">\n\n                \n                \n                    \n                    <div class=\"media media-0 has-media\">\n\n                        \n\n                        \n                            \n                            <picture class=\"s1x-picture-cover jshook-provide-hq-after-dom-loaded \">\n                                <source srcset-hq=\"https:\/\/vanme.de\/wp-content\/uploads\/2025\/10\/kreavans-DSC06003-raw-resize.jpg\"\n                                        width=\"1920\"\n                                        height=\"1282\">\n\n                                \n                                <source srcset-hq=\"https:\/\/vanme.de\/wp-content\/uploads\/2025\/10\/kreavans-DSC06003-raw-resize.jpg.webp\"\n                                        width=\"1920\"\n                                        height=\"1282\"\n                                        type=\"image\/webp\">\n\n                                                                <img decoding=\"async\" loading=\"lazy\"\n                                     src=\"https:\/\/vanme.de\/wp-content\/uploads\/2025\/10\/kreavans-DSC06003-raw-resize.jpg\"\n                                     width=\"1920\"\n                                     height=\"1282\"\n                                     alt=\"Kreavans DSRT Hecktr\u00e4gersystem montiert an einem VANME Offroad-Campervan\">\n                            <\/picture>\n\n                        \n                        <div class=\"overlay s1x-absolute-100 has-media                            s1x-tovp-tablapdesk-                            s1x-tovp-mob-\n                            s1x-tovp-notext\">\n\n                            \n                            \n                            \n                            \n                            \n                            \n                        <\/div>\n\n                        \n                    <\/div>\n\n                \n                    \n                    <div class=\"media media-1 \">\n\n                        \n\n                        \n                        <div class=\"overlay                              s1x-tovp-tablapdesk-cc                            s1x-tovp-mob-cc\n                            \">\n\n                            \n                            <div class='headline ff-bebas-ds65 ff-uppercase''>KREAVANS<\/div>\n                            \n                            \n                            <div class='text ff-bodytext'><p>In VANME, l&#8217;eccellenza non si esaurisce negli interni. Puntiamo su soluzioni esterne fuoristrada robuste e funzionali che combinano perfettamente prestazioni e design, in modo che i nostri camper possano esprimere tutto il loro potenziale anche in fuoristrada. <\/p>\n<\/div>\n                            <a class='s1x-button btn-white-do' href='https:\/\/vanme.de\/it\/collaborazioni-e-partner\/vanme-kreavans\/'>Al briefing<\/a>\n                        <\/div>\n\n                        \n                    <\/div>\n\n                \n            <\/section>\n\n            \n\n\n\n\n                        \n            \n            <section class=\"block-media cnt-2 block-media-mobile-sort-213 blockheight-laptop-16-9 blockheight-tablet-16-9 blockheight-mobile-16-9 blockstyle-highlight block-media-width-same-width\" style=\"margin-top: 80px\">\n\n                \n                \n                    \n                    <div class=\"media media-0 \">\n\n                        \n\n                        \n                        <div class=\"overlay                              s1x-tovp-tablapdesk-cc                            s1x-tovp-mob-cc\n                            \">\n\n                            \n                            <div class='headline ff-bebas-ds65 ff-uppercase''>delta4x4<\/div>\n                            \n                            \n                            <div class='text ff-bodytext'><p>Per VANME non si tratta solo di costruire camper di alta qualit\u00e0, ma anche di equipaggiarli in modo ottimale per qualsiasi terreno. Per garantire che i nostri veicoli soddisfino i pi\u00f9 alti standard del settore off-road, collaboriamo con partner selezionati che da decenni sono sinonimo di qualit\u00e0 e affidabilit\u00e0. <\/p>\n<\/div>\n                            <a class='s1x-button btn-white-do' href='https:\/\/vanme.de\/it\/collaborazioni-e-partner\/vanme-e-delta4x4\/'>Al briefing<\/a>\n                        <\/div>\n\n                        \n                    <\/div>\n\n                \n                    \n                    <div class=\"media media-1 has-media\">\n\n                        \n\n                        \n                            \n                            <picture class=\"s1x-picture-cover jshook-provide-hq-after-dom-loaded \">\n                                <source srcset-hq=\"https:\/\/vanme.de\/wp-content\/uploads\/2025\/10\/detal4x4-DSC07239-raw-resize.jpg\"\n                                        width=\"1920\"\n                                        height=\"1282\">\n\n                                \n                                <source srcset-hq=\"https:\/\/vanme.de\/wp-content\/uploads\/2025\/10\/detal4x4-DSC07239-raw-resize.jpg.webp\"\n                                        width=\"1920\"\n                                        height=\"1282\"\n                                        type=\"image\/webp\">\n\n                                                                <img decoding=\"async\" loading=\"lazy\"\n                                     src=\"https:\/\/vanme.de\/wp-content\/uploads\/2025\/10\/detal4x4-DSC07239-raw-resize.jpg\"\n                                     width=\"1920\"\n                                     height=\"1282\"\n                                     alt=\"\">\n                            <\/picture>\n\n                        \n                        <div class=\"overlay s1x-absolute-100 has-media                            s1x-tovp-tablapdesk-                            s1x-tovp-mob-\n                            s1x-tovp-notext\">\n\n                            \n                            \n                            \n                            \n                            \n                            \n                        <\/div>\n\n                        \n                    <\/div>\n\n                \n            <\/section>\n\n            \n\n\n\n\n                        \n            \n            <section class=\"block-media cnt-2 block-media-mobile-sort-123 blockheight-laptop-16-9 blockheight-tablet-16-9 blockheight-mobile-16-9 blockstyle-highlight block-media-width-same-width\" style=\"margin-top: 80px\">\n\n                \n                \n                    \n                    <div class=\"media media-0 has-media\">\n\n                        \n\n                        \n                            \n                            <picture class=\"s1x-picture-cover jshook-provide-hq-after-dom-loaded \">\n                                <source srcset-hq=\"https:\/\/vanme.de\/wp-content\/uploads\/2025\/10\/schnierle-DSC04625-head-resize.jpg\"\n                                        width=\"1920\"\n                                        height=\"1282\">\n\n                                \n                                <source srcset-hq=\"https:\/\/vanme.de\/wp-content\/uploads\/2025\/10\/schnierle-DSC04625-head-resize.jpg.webp\"\n                                        width=\"1920\"\n                                        height=\"1282\"\n                                        type=\"image\/webp\">\n\n                                                                <img decoding=\"async\" loading=\"lazy\"\n                                     src=\"https:\/\/vanme.de\/wp-content\/uploads\/2025\/10\/schnierle-DSC04625-head-resize.jpg\"\n                                     width=\"1920\"\n                                     height=\"1282\"\n                                     alt=\"\">\n                            <\/picture>\n\n                        \n                        <div class=\"overlay s1x-absolute-100 has-media                            s1x-tovp-tablapdesk-                            s1x-tovp-mob-\n                            s1x-tovp-notext\">\n\n                            \n                            \n                            \n                            \n                            \n                            \n                        <\/div>\n\n                        \n                    <\/div>\n\n                \n                    \n                    <div class=\"media media-1 \">\n\n                        \n\n                        \n                        <div class=\"overlay                              s1x-tovp-tablapdesk-cc                            s1x-tovp-mob-cc\n                            \">\n\n                            \n                            <div class='headline ff-bebas-ds65 ff-uppercase''>Schnierle<\/div>\n                            \n                            \n                            <div class='text ff-bodytext'><p>VANME collabora strettamente con Herman Schnierle dal 2018. In qualit\u00e0 di partner ufficiale per l&#8217;installazione dei pavimenti e dei sedili di alta qualit\u00e0 di Schnierle, combiniamo la sicurezza certificata con allestimenti personalizzati per camper.   <\/p>\n<\/div>\n                            <a class='s1x-button btn-white-do' href='https:\/\/vanme.de\/it\/collaborazioni-e-partner\/vanme-schnierle\/'>Al briefing<\/a>\n                        <\/div>\n\n                        \n                    <\/div>\n\n                \n            <\/section>\n\n            \n\n\n\n\n                        \n            \n            <section class=\"block-media cnt-2 block-media-mobile-sort-213 blockheight-laptop-16-9 blockheight-tablet-16-9 blockheight-mobile-16-9 blockstyle-highlight block-media-width-same-width\" style=\"margin-top: 80px\">\n\n                \n                \n                    \n                    <div class=\"media media-0 \">\n\n                        \n\n                        \n                        <div class=\"overlay                              s1x-tovp-tablapdesk-cc                            s1x-tovp-mob-cc\n                            \">\n\n                            \n                            <div class='headline ff-bebas-ds65 ff-uppercase''>SCA<\/div>\n                            \n                            \n                            <div class='text ff-bodytext'><p>Noi di VANME progettiamo camper che non solo convincono per il design e il comfort, ma offrono anche la massima funzionalit\u00e0. Un elemento centrale \u00e8 lo spazio aggiuntivo per vivere e dormire, che realizziamo con tetti pop-up e tetti alti di alta qualit\u00e0. <\/p>\n<\/div>\n                            <a class='s1x-button btn-white-do' href='https:\/\/vanme.de\/it\/collaborazioni-e-partner\/vanme-sca\/'>Al briefing<\/a>\n                        <\/div>\n\n                        \n                    <\/div>\n\n                \n                    \n                    <div class=\"media media-1 has-media\">\n\n                        \n\n                        \n                            \n                            <picture class=\"s1x-picture-cover jshook-provide-hq-after-dom-loaded \">\n                                <source srcset-hq=\"https:\/\/vanme.de\/wp-content\/uploads\/2025\/10\/sca-Vanme_Ducato_2024_01-header-cut.jpg\"\n                                        width=\"1920\"\n                                        height=\"816\">\n\n                                \n                                <source srcset-hq=\"https:\/\/vanme.de\/wp-content\/uploads\/2025\/10\/sca-Vanme_Ducato_2024_01-header-cut.jpg.webp\"\n                                        width=\"1920\"\n                                        height=\"816\"\n                                        type=\"image\/webp\">\n\n                                                                <img decoding=\"async\" loading=\"lazy\"\n                                     src=\"https:\/\/vanme.de\/wp-content\/uploads\/2025\/10\/sca-Vanme_Ducato_2024_01-header-cut.jpg\"\n                                     width=\"1920\"\n                                     height=\"816\"\n                                     alt=\"\">\n                            <\/picture>\n\n                        \n                        <div class=\"overlay s1x-absolute-100 has-media                            s1x-tovp-tablapdesk-                            s1x-tovp-mob-\n                            s1x-tovp-notext\">\n\n                            \n                            \n                            \n                            \n                            \n                            \n                        <\/div>\n\n                        \n                    <\/div>\n\n                \n            <\/section>\n\n            \n\n\n\n\n                        \n            \n            <section class=\"block-media cnt-2 block-media-mobile-sort-123 blockheight-laptop-16-9 blockheight-tablet-16-9 blockheight-mobile-16-9 blockstyle-highlight block-media-width-same-width\" style=\"margin-top: 80px\">\n\n                \n                \n                    \n                    <div class=\"media media-0 has-media\">\n\n                        \n\n                        \n                            \n                            <picture class=\"s1x-picture-cover jshook-provide-hq-after-dom-loaded \">\n                                <source srcset-hq=\"https:\/\/vanme.de\/wp-content\/uploads\/2025\/10\/deimann-DSC06636-fwcut.jpg\"\n                                        width=\"1920\"\n                                        height=\"1080\">\n\n                                \n                                <source srcset-hq=\"https:\/\/vanme.de\/wp-content\/uploads\/2025\/10\/deimann-DSC06636-fwcut.jpg.webp\"\n                                        width=\"1920\"\n                                        height=\"1080\"\n                                        type=\"image\/webp\">\n\n                                                                <img decoding=\"async\" loading=\"lazy\"\n                                     src=\"https:\/\/vanme.de\/wp-content\/uploads\/2025\/10\/deimann-DSC06636-fwcut.jpg\"\n                                     width=\"1920\"\n                                     height=\"1080\"\n                                     alt=\"\">\n                            <\/picture>\n\n                        \n                        <div class=\"overlay s1x-absolute-100 has-media                            s1x-tovp-tablapdesk-                            s1x-tovp-mob-\n                            s1x-tovp-notext\">\n\n                            \n                            \n                            \n                            \n                            \n                            \n                        <\/div>\n\n                        \n                    <\/div>\n\n                \n                    \n                    <div class=\"media media-1 \">\n\n                        \n\n                        \n                        <div class=\"overlay                              s1x-tovp-tablapdesk-cc                            s1x-tovp-mob-cc\n                            \">\n\n                            \n                            <div class='headline ff-bebas-ds65 ff-uppercase''>Tecnologia del telaio Deimann<\/div>\n                            \n                            \n                            <div class='text ff-bodytext'><p>In VANME l&#8217;attenzione non \u00e8 rivolta solo agli interni, ma anche alle prestazioni e all&#8217;estetica dei nostri camper. Un pacchetto complessivo armonioso inizia con il telaio giusto e termina con cerchi di alta qualit\u00e0 che combinano sicurezza, funzionalit\u00e0 e design. <\/p>\n<\/div>\n                            <a class='s1x-button btn-white-do' href='https:\/\/vanme.de\/it\/collaborazioni-e-partner\/vanme-e-deimann-chassis-technology\/'>Al briefing<\/a>\n                        <\/div>\n\n                        \n                    <\/div>\n\n                \n            <\/section>\n\n            \n\n\n\n\n                        \n            \n            <section class=\"block-media cnt-2 block-media-mobile-sort-213 blockheight-laptop-16-9 blockheight-tablet-16-9 blockheight-mobile-16-9 blockstyle-highlight block-media-width-same-width\" style=\"margin-top: 80px\">\n\n                \n                \n                    \n                    <div class=\"media media-0 \">\n\n                        \n\n                        \n                        <div class=\"overlay                              s1x-tovp-tablapdesk-cc                            s1x-tovp-mob-cc\n                            \">\n\n                            \n                            <div class='headline ff-bebas-ds65 ff-uppercase''>Revotion<\/div>\n                            \n                            \n                            <div class='text ff-bodytext'><p>In VANME, la combinazione di artigianato di alta qualit\u00e0 e tecnologia all&#8217;avanguardia \u00e8 al centro dell&#8217;attenzione. Per rendere il viaggio non solo confortevole, ma anche pi\u00f9 intelligente, ci affidiamo all&#8217;innovativo sistema di smart home di Revotion, che trasforma il camper in una casa su ruote collegata in rete. <\/p>\n<\/div>\n                            <a class='s1x-button btn-white-do' href='https:\/\/vanme.de\/it\/collaborazioni-e-partner\/vanme-e-revotion\/'>Al briefing<\/a>\n                        <\/div>\n\n                        \n                    <\/div>\n\n                \n                    \n                    <div class=\"media media-1 has-media\">\n\n                        \n\n                        \n                            \n                            <picture class=\"s1x-picture-cover jshook-provide-hq-after-dom-loaded \">\n                                <source srcset-hq=\"https:\/\/vanme.de\/wp-content\/uploads\/2025\/10\/revotion-DSC06526-fwresize.jpg\"\n                                        width=\"1920\"\n                                        height=\"1282\">\n\n                                \n                                <source srcset-hq=\"https:\/\/vanme.de\/wp-content\/uploads\/2025\/10\/revotion-DSC06526-fwresize.jpg.webp\"\n                                        width=\"1920\"\n                                        height=\"1282\"\n                                        type=\"image\/webp\">\n\n                                                                <img decoding=\"async\" loading=\"lazy\"\n                                     src=\"https:\/\/vanme.de\/wp-content\/uploads\/2025\/10\/revotion-DSC06526-fwresize.jpg\"\n                                     width=\"1920\"\n                                     height=\"1282\"\n                                     alt=\"\">\n                            <\/picture>\n\n                        \n                        <div class=\"overlay s1x-absolute-100 has-media                            s1x-tovp-tablapdesk-                            s1x-tovp-mob-\n                            s1x-tovp-notext\">\n\n                            \n                            \n                            \n                            \n                            \n                            \n                        <\/div>\n\n                        \n                    <\/div>\n\n                \n            <\/section>\n\n            \n\n\n<p><\/p>\n","protected":false},"excerpt":{"rendered":"","protected":false},"author":1,"featured_media":0,"parent":0,"menu_order":0,"comment_status":"closed","ping_status":"closed","template":"","meta":{"_acf_changed":false,"footnotes":""},"class_list":["post-13390","page","type-page","status-publish","hentry"],"acf":[],"_links":{"self":[{"href":"https:\/\/vanme.de\/it\/wp-json\/wp\/v2\/pages\/13390","targetHints":{"allow":["GET"]}}],"collection":[{"href":"https:\/\/vanme.de\/it\/wp-json\/wp\/v2\/pages"}],"about":[{"href":"https:\/\/vanme.de\/it\/wp-json\/wp\/v2\/types\/page"}],"author":[{"embeddable":true,"href":"https:\/\/vanme.de\/it\/wp-json\/wp\/v2\/users\/1"}],"replies":[{"embeddable":true,"href":"https:\/\/vanme.de\/it\/wp-json\/wp\/v2\/comments?post=13390"}],"version-history":[{"count":9,"href":"https:\/\/vanme.de\/it\/wp-json\/wp\/v2\/pages\/13390\/revisions"}],"predecessor-version":[{"id":20173,"href":"https:\/\/vanme.de\/it\/wp-json\/wp\/v2\/pages\/13390\/revisions\/20173"}],"wp:attachment":[{"href":"https:\/\/vanme.de\/it\/wp-json\/wp\/v2\/media?parent=13390"}],"curies":[{"name":"wp","href":"https:\/\/api.w.org\/{rel}","templated":true}]}}