{"id":13370,"date":"2025-09-29T12:48:59","date_gmt":"2025-09-29T10:48:59","guid":{"rendered":"https:\/\/devbox2.mc8pm.com\/vanme-e-revotion\/"},"modified":"2026-03-16T18:22:27","modified_gmt":"2026-03-16T17:22:27","slug":"vanme-e-revotion","status":"publish","type":"page","link":"https:\/\/vanme.de\/it\/collaborazioni-e-partner\/vanme-e-revotion\/","title":{"rendered":"VANME e Revotion"},"content":{"rendered":"\n\n\n                        \n            \n            <section class=\"block-media cnt-1 block-media-mobile-sort- blockheight-laptop-60vh blockheight-tablet-60vh blockheight-mobile-60vh blockstyle-highlight block-media-width-\" style=\"margin-top: 0px\">\n\n                \n                \n                    \n                    <div class=\"media media-0 has-media\">\n\n                        \n\n                        \n                            \n                            <picture class=\"s1x-picture-cover jshook-provide-hq-after-dom-loaded \">\n                                <source srcset-hq=\"https:\/\/vanme.de\/wp-content\/uploads\/2025\/10\/revotion-DSC06526-fwresize.jpg\"\n                                        width=\"1920\"\n                                        height=\"1282\">\n\n                                \n                                <source srcset-hq=\"https:\/\/vanme.de\/wp-content\/uploads\/2025\/10\/revotion-DSC06526-fwresize.jpg.webp\"\n                                        width=\"1920\"\n                                        height=\"1282\"\n                                        type=\"image\/webp\">\n\n                                                                <img decoding=\"async\" loading=\"lazy\"\n                                     src=\"https:\/\/vanme.de\/wp-content\/uploads\/2025\/10\/revotion-DSC06526-fwresize.jpg\"\n                                     width=\"1920\"\n                                     height=\"1282\"\n                                     alt=\"\">\n                            <\/picture>\n\n                        \n                        <div class=\"overlay s1x-absolute-100 has-media                            s1x-tovp-tablapdesk-cc                            s1x-tovp-mob-cc\n                            \">\n\n                            \n                            \n                            \n                            \n                            \n                            \n                        <\/div>\n\n                        \n                    <\/div>\n\n                \n            <\/section>\n\n            \n\n\n    <section class=\"block-breadcrumb  area-align-\" style=\"margin-top: 40px; max-width: ;\">\n\n        <nav aria-label=\"breadcrumbs\" class=\"rank-math-breadcrumb\"><p><span class=\"last\">Casa<\/span><\/p><\/nav>\n    <\/section>\n\n\n\n    <section class=\"block-text left area-align-center\" style=\"margin-top: 80px; max-width: 900px\">\n\n        \n                                \n                                            <h1 class=\"ff-bebas-ds80 ff-uppercase hlsize-\">VANME e Revotion<\/h1>\n                    \n                    <div class=\"ff-bebas-ds30\"><span class=\"ff-thin\">Intelligenza in movimento<\/span><\/div>\n        \n        <div class=\"ff-bodytext \">\n            <p>In VANME, la combinazione di artigianato di alta qualit\u00e0 e tecnologia all&#8217;avanguardia \u00e8 al centro dell&#8217;attenzione. Per rendere il viaggio non solo confortevole, ma anche pi\u00f9 intelligente, ci affidiamo all&#8217;innovativo sistema di smart home di Revotion, che trasforma il camper in una casa su ruote collegata in rete. <\/p>\n        <\/div>\n\n\n                \n    <\/section>\n\n\n\n    <section class=\"block-imageslider flickity-imageslider-carousel\" style=\"margin-top: 80px\">\n\n                                    \n                \n                    <div class=\"carousel-cell\">\n\n                        \n                        \n                            \n                            <picture class=\"jshook-provide-hq-after-dom-loaded\">\n                                <source srcset-hq=\"https:\/\/vanme.de\/wp-content\/uploads\/2025\/10\/revotion-DSC07330-slider-cut.jpg\"\n                                        width=\"1500\"\n                                        height=\"1300\">\n                                <source srcset-hq=\"https:\/\/vanme.de\/wp-content\/uploads\/2025\/10\/revotion-DSC07330-slider-cut.jpg.webp\"\n                                        width=\"1500\"\n                                        height=\"1300\"\n                                        type=\"image\/webp\">\n\n                                <source srcset=\"https:\/\/vanme.de\/wp-content\/uploads\/2025\/10\/revotion-DSC07330-slider-cut.jpg\"\n                                        width=\"1500\"\n                                        height=\"1300\">\n\n                                <img loading=\"lazy\" decoding=\"async\"                                         src=\"https:\/\/vanme.de\/wp-content\/uploads\/2025\/10\/revotion-DSC07330-slider-cut.jpg\"\n                                        width=\"1500\"\n                                        height=\"1300\"\n                                        alt=\"\">\n                            <\/picture>\n\n\n                        \n                    <\/div>\n\n                \n                    <div class=\"carousel-cell\">\n\n                        \n                        \n                            \n                            <picture class=\"jshook-provide-hq-after-dom-loaded\">\n                                <source srcset-hq=\"https:\/\/vanme.de\/wp-content\/uploads\/2025\/10\/revotion-DSC07790-slider-resize.jpg\"\n                                        width=\"2000\"\n                                        height=\"1300\">\n                                <source srcset-hq=\"https:\/\/vanme.de\/wp-content\/uploads\/2025\/10\/revotion-DSC07790-slider-resize.jpg.webp\"\n                                        width=\"2000\"\n                                        height=\"1300\"\n                                        type=\"image\/webp\">\n\n                                <source srcset=\"https:\/\/vanme.de\/wp-content\/uploads\/2025\/10\/revotion-DSC07790-slider-resize.jpg\"\n                                        width=\"2000\"\n                                        height=\"1300\">\n\n                                <img loading=\"lazy\" decoding=\"async\"                                         src=\"https:\/\/vanme.de\/wp-content\/uploads\/2025\/10\/revotion-DSC07790-slider-resize.jpg\"\n                                        width=\"2000\"\n                                        height=\"1300\"\n                                        alt=\"\">\n                            <\/picture>\n\n\n                        \n                    <\/div>\n\n                \n                    <div class=\"carousel-cell\">\n\n                        \n                        \n                            \n                            <picture class=\"jshook-provide-hq-after-dom-loaded\">\n                                <source srcset-hq=\"https:\/\/vanme.de\/wp-content\/uploads\/2025\/11\/revotion-slider-DSC07301-cut.jpg\"\n                                        width=\"1458\"\n                                        height=\"1400\">\n                                <source srcset-hq=\"https:\/\/vanme.de\/wp-content\/uploads\/2025\/11\/revotion-slider-DSC07301-cut.jpg.webp\"\n                                        width=\"1458\"\n                                        height=\"1400\"\n                                        type=\"image\/webp\">\n\n                                <source srcset=\"https:\/\/vanme.de\/wp-content\/uploads\/2025\/11\/revotion-slider-DSC07301-cut.jpg\"\n                                        width=\"1458\"\n                                        height=\"1400\">\n\n                                <img loading=\"lazy\" decoding=\"async\"                                         src=\"https:\/\/vanme.de\/wp-content\/uploads\/2025\/11\/revotion-slider-DSC07301-cut.jpg\"\n                                        width=\"1458\"\n                                        height=\"1400\"\n                                        alt=\"\">\n                            <\/picture>\n\n\n                        \n                    <\/div>\n\n                \n                    \n    <\/section>\n\n\n\n\n\n                        \n            \n            <section class=\"block-media cnt-2 block-media-mobile-sort-123 blockheight-laptop-16-9 blockheight-tablet-16-9 blockheight-mobile-16-9 blockstyle-highlight block-media-width-same-width\" style=\"margin-top: 80px\">\n\n                \n                \n                    \n                    <div class=\"media media-0 has-media\">\n\n                        \n\n                        \n                            \n                            <picture class=\"s1x-picture-cover jshook-provide-hq-after-dom-loaded \">\n                                <source srcset-hq=\"https:\/\/vanme.de\/wp-content\/uploads\/2025\/11\/logo-revotion.png\"\n                                        width=\"1168\"\n                                        height=\"678\">\n\n                                \n                                <source srcset-hq=\"https:\/\/vanme.de\/wp-content\/uploads\/2025\/11\/logo-revotion.png.webp\"\n                                        width=\"1168\"\n                                        height=\"678\"\n                                        type=\"image\/webp\">\n\n                                                                <img decoding=\"async\" loading=\"lazy\"\n                                     src=\"https:\/\/vanme.de\/wp-content\/uploads\/2025\/11\/logo-revotion.png\"\n                                     width=\"1168\"\n                                     height=\"678\"\n                                     alt=\"\">\n                            <\/picture>\n\n                        \n                        <div class=\"overlay s1x-absolute-100 has-media                            s1x-tovp-tablapdesk-cl                            s1x-tovp-mob-cl\n                            \">\n\n                            \n                            \n                            \n                            \n                            \n                            \n                        <\/div>\n\n                        \n                    <\/div>\n\n                \n                    \n                    <div class=\"media media-1 \">\n\n                        \n\n                        \n                        <div class=\"overlay                              s1x-tovp-tablapdesk-cl                            s1x-tovp-mob-cl\n                            \">\n\n                            \n                            <div class='headline ff-bebas-ds65 ff-uppercase''>La tecnologia incontra l&#8217;artigianato<\/div>\n                            \n                            \n                            <div class='text ff-bodytext'><p>Revotion GmbH di D\u00fcsseldorf ha sviluppato un sistema di smart home all&#8217;avanguardia appositamente per i veicoli da campeggio. Permette di controllare in modo centralizzato funzioni come l&#8217;illuminazione, il riscaldamento, l&#8217;aria condizionata, la gestione dell&#8217;energia e i sistemi di sicurezza, il tutto tramite app o touch panel. <\/p>\n<p>Grazie alla nostra partnership, VANME integra il sistema direttamente nei nuovi camper o lo adatta ai veicoli esistenti su richiesta. In questo modo, offriamo ai nostri clienti una tecnologia all&#8217;avanguardia per il massimo del comfort e dell&#8217;efficienza in viaggio. <\/p>\n<\/div>\n                            \n                        <\/div>\n\n                        \n                    <\/div>\n\n                \n            <\/section>\n\n            \n\n\n\n\n                        \n            \n            <section class=\"block-media cnt-1 block-media-mobile-sort- blockheight-laptop-100vh blockheight-tablet-4-3 blockheight-mobile-9-16 blockstyle-display block-media-width-\" style=\"margin-top: 80px\">\n\n                \n                \n                    \n                    <div class=\"media media-0 has-media\">\n\n                        \n\n                        \n                            <div class=\"s1x-video\">\n                                <video class=\"jshook-play-video-when-in-viewport \"\n                                       playsinline muted loop\n                                       width=\"1000\"\n                                       height=\"720\"\n                                       preload=\"none\"\n                                       poster=\"https:\/\/vanme.de\/wp-content\/uploads\/2025\/10\/revotion-laonda-bigpicture-colorchanger-poster.jpg\">\n                                    <source src=\"https:\/\/vanme.de\/wp-content\/uploads\/2025\/10\/revotion-laonda-bigpicture-colorchanger.mp4\">\n                                <\/video>\n                            <\/div>\n\n                        \n                        <div class=\"overlay s1x-absolute-100 has-media                            s1x-tovp-tablapdesk-tl                            s1x-tovp-mob-tl\n                            \">\n\n                            \n                            \n                            \n                            \n                            \n                            \n                        <\/div>\n\n                        \n                    <\/div>\n\n                \n            <\/section>\n\n            \n\n\n    <section class=\"block-text left area-align-center\" style=\"margin-top: 80px; max-width: 900px\">\n\n        \n                                \n                                            <h2 class=\"ff-bebas-ds80 ff-uppercase hlsize-\">Pi\u00f9 comfort, pi\u00f9 controllo, pi\u00f9 libert\u00e0<\/h2>\n                    \n        \n        <div class=\"ff-bodytext \">\n            <p>Il sistema smart home di Revotion \u00e8 sinonimo di innovazione, funzionamento intuitivo e tecnologia affidabile. Garantisce ai viaggiatori il controllo di tutte le funzioni importanti del loro veicolo in ogni momento, sia che siano in viaggio sia che si stiano rilassando a destinazione. <\/p>\n<p>Insieme a Revotion, VANME crea un&#8217;esperienza di viaggio che combina un design di alta qualit\u00e0 e una tecnologia avanzata, per un maggiore comfort, sicurezza e libert\u00e0 in ogni tour.<\/p>\n        <\/div>\n\n\n                \n    <\/section>\n\n\n\n    <section class=\"block-contact\" style=\"margin-top: 80px\">\n\n\n        <div class=\"block-inner\">\n\n            \n\n                            <div class=\"text ff-bodytext\">Vuoi installare o adattare un sistema di smart home nel tuo camper? Allora contattaci per discutere i dettagli dell&#8217;installazione. <\/div>\n                <a class=\"s1x-button btn-white-do\" href=\"https:\/\/vanme.de\/it\/contattaci\/\">\n                    Contatti                <\/a>\n            \n        <\/div>\n\n        \n        <picture class=\"s1x-picture-cover-absolute jshook-provide-hq-after-dom-loaded\">\n            <source srcset-hq=\"https:\/\/vanme.de\/wp-content\/uploads\/2025\/11\/revotion-footer-DSC07804-cut.jpg\"\n                    width=\"1920\"\n                    height=\"694\">\n\n            \n            <source srcset-hq=\"https:\/\/vanme.de\/wp-content\/uploads\/2025\/11\/revotion-footer-DSC07804-cut.jpg.webp\"\n                    width=\"1920\"\n                    height=\"694\"\n                    type=\"image\/webp\">\n\n                        <img loading=\"lazy\" decoding=\"async\" src=\"https:\/\/vanme.de\/wp-content\/uploads\/2025\/11\/revotion-footer-DSC07804-cut.jpg\"\n                 width=\"1920\"\n                 height=\"694\"\n                 alt=\"\">\n        <\/picture>\n\n\n    <\/section>\n\n\n","protected":false},"excerpt":{"rendered":"","protected":false},"author":1,"featured_media":10968,"parent":13390,"menu_order":0,"comment_status":"closed","ping_status":"closed","template":"","meta":{"_acf_changed":false,"footnotes":""},"class_list":["post-13370","page","type-page","status-publish","has-post-thumbnail","hentry"],"acf":[],"_links":{"self":[{"href":"https:\/\/vanme.de\/it\/wp-json\/wp\/v2\/pages\/13370","targetHints":{"allow":["GET"]}}],"collection":[{"href":"https:\/\/vanme.de\/it\/wp-json\/wp\/v2\/pages"}],"about":[{"href":"https:\/\/vanme.de\/it\/wp-json\/wp\/v2\/types\/page"}],"author":[{"embeddable":true,"href":"https:\/\/vanme.de\/it\/wp-json\/wp\/v2\/users\/1"}],"replies":[{"embeddable":true,"href":"https:\/\/vanme.de\/it\/wp-json\/wp\/v2\/comments?post=13370"}],"version-history":[{"count":8,"href":"https:\/\/vanme.de\/it\/wp-json\/wp\/v2\/pages\/13370\/revisions"}],"predecessor-version":[{"id":17883,"href":"https:\/\/vanme.de\/it\/wp-json\/wp\/v2\/pages\/13370\/revisions\/17883"}],"up":[{"embeddable":true,"href":"https:\/\/vanme.de\/it\/wp-json\/wp\/v2\/pages\/13390"}],"wp:featuredmedia":[{"embeddable":true,"href":"https:\/\/vanme.de\/it\/wp-json\/wp\/v2\/media\/10968"}],"wp:attachment":[{"href":"https:\/\/vanme.de\/it\/wp-json\/wp\/v2\/media?parent=13370"}],"curies":[{"name":"wp","href":"https:\/\/api.w.org\/{rel}","templated":true}]}}