{"id":9642,"date":"2025-04-23T10:14:48","date_gmt":"2025-04-23T08:14:48","guid":{"rendered":"https:\/\/devbox2.mc8pm.com\/contact\/"},"modified":"2026-03-03T15:51:42","modified_gmt":"2026-03-03T14:51:42","slug":"contact","status":"publish","type":"page","link":"https:\/\/vanme.de\/fr\/contact\/","title":{"rendered":"Contact"},"content":{"rendered":"\n\n\n                        \n            \n            <section class=\"block-media cnt-1 block-media-mobile-sort- blockheight-laptop-60vh blockheight-tablet-60vh blockheight-mobile-60vh blockstyle-display block-media-width-\" style=\"margin-top: 0px\">\n\n                \n                \n                    \n                    <div class=\"media media-0 has-media\">\n\n                        \n\n                        \n                            \n                            <picture class=\"s1x-picture-cover jshook-provide-hq-after-dom-loaded \">\n                                <source srcset-hq=\"https:\/\/vanme.de\/wp-content\/uploads\/2025\/10\/contact-DSC07159-resize.jpg\"\n                                        width=\"1920\"\n                                        height=\"1282\">\n\n                                \n                                <source srcset-hq=\"https:\/\/vanme.de\/wp-content\/uploads\/2025\/10\/contact-DSC07159-resize.jpg.webp\"\n                                        width=\"1920\"\n                                        height=\"1282\"\n                                        type=\"image\/webp\">\n\n                                                                <img decoding=\"async\" loading=\"lazy\"\n                                     src=\"https:\/\/vanme.de\/wp-content\/uploads\/2025\/10\/contact-DSC07159-resize.jpg\"\n                                     width=\"1920\"\n                                     height=\"1282\"\n                                     alt=\"\">\n                            <\/picture>\n\n                        \n                        <div class=\"overlay s1x-absolute-100 has-media                            s1x-tovp-tablapdesk-                            s1x-tovp-mob-\n                            s1x-tovp-notext\">\n\n                            \n                            \n                            \n                            \n                            \n                            \n                        <\/div>\n\n                        \n                    <\/div>\n\n                \n            <\/section>\n\n            \n\n\n    <section class=\"block-text center area-align-center\" style=\"margin-top: 80px; max-width: 1100px\">\n\n                    <div class=\"ff-bebas-ds30\">\u00c0 quelques pas seulement<\/div>\n        \n                                \n                                            <h1 class=\"ff-bebas-ds80 ff-uppercase hlsize-\">Nous attendons votre message avec impatience<\/h1>\n                    \n        \n        <div class=\"ff-bodytext \">\n            <style id=\"wpforms-css-vars-592\">\n\t\t\t\t#wpforms-592 {\n\t\t\t\t--wpforms-field-size-input-height: 43px;\n--wpforms-field-size-input-spacing: 15px;\n--wpforms-field-size-font-size: 16px;\n--wpforms-field-size-line-height: 19px;\n--wpforms-field-size-padding-h: 14px;\n--wpforms-field-size-checkbox-size: 16px;\n--wpforms-field-size-sublabel-spacing: 5px;\n--wpforms-field-size-icon-size: 1;\n--wpforms-label-size-font-size: 16px;\n--wpforms-label-size-line-height: 19px;\n--wpforms-label-size-sublabel-font-size: 14px;\n--wpforms-label-size-sublabel-line-height: 17px;\n--wpforms-button-size-font-size: 17px;\n--wpforms-button-size-height: 41px;\n--wpforms-button-size-padding-h: 15px;\n--wpforms-button-size-margin-top: 10px;\n--wpforms-container-shadow-size-box-shadow: none;\n\t\t\t}\n\t\t\t<\/style><div class=\"wpforms-container wpforms-container-full wpforms-render-modern\" id=\"wpforms-592\"><form id=\"wpforms-form-592\" class=\"wpforms-validate wpforms-form wpforms-ajax-form\" data-formid=\"592\" method=\"post\" enctype=\"multipart\/form-data\" action=\"\/fr\/wp-json\/wp\/v2\/pages\/9642\" data-token=\"70a34ef811e913ae070ae3a39eb75998\" data-token-time=\"1776041900\"><noscript class=\"wpforms-error-noscript\">Veuillez activer JavaScript dans votre navigateur pour remplir ce formulaire.<\/noscript><div id=\"wpforms-error-noscript\" style=\"display: none;\">Veuillez activer JavaScript dans votre navigateur pour remplir ce formulaire.<\/div><div class=\"wpforms-field-container\"><div id=\"wpforms-592-field_1-container\" class=\"wpforms-field wpforms-field-name\" data-field-id=\"1\"><fieldset><legend class=\"wpforms-field-label\">Nom <span class=\"wpforms-required-label\" aria-hidden=\"true\">*<\/span><\/legend><div class=\"wpforms-field-row wpforms-field-large\"><div class=\"wpforms-field-row-block wpforms-first wpforms-one-half\"><input type=\"text\" id=\"wpforms-592-field_1\" class=\"wpforms-field-name-first wpforms-field-required\" name=\"wpforms[fields][1][first]\" placeholder=\"Dein Vorname\" aria-errormessage=\"wpforms-592-field_1-error\" required><label for=\"wpforms-592-field_1\" class=\"wpforms-field-sublabel after wpforms-sublabel-hide\">Vorname<\/label><\/div><div class=\"wpforms-field-row-block wpforms-one-half\"><input type=\"text\" id=\"wpforms-592-field_1-last\" class=\"wpforms-field-name-last wpforms-field-required\" name=\"wpforms[fields][1][last]\" placeholder=\"Votre nom\" aria-errormessage=\"wpforms-592-field_1-last-error\" required><label for=\"wpforms-592-field_1-last\" class=\"wpforms-field-sublabel after wpforms-sublabel-hide\">Nom de famille<\/label><\/div><\/div><\/fieldset><\/div><div id=\"wpforms-592-field_2-container\" class=\"wpforms-field wpforms-field-email\" data-field-id=\"2\"><label class=\"wpforms-field-label\" for=\"wpforms-592-field_2\">Votre adresse \u00e9lectronique <span class=\"wpforms-required-label\" aria-hidden=\"true\">*<\/span><\/label><input type=\"email\" id=\"wpforms-592-field_2\" class=\"wpforms-field-large wpforms-field-required\" name=\"wpforms[fields][2]\" spellcheck=\"false\" aria-errormessage=\"wpforms-592-field_2-error\" required><\/div>\t\t<div id=\"wpforms-592-field_4-container\"\n\t\t\tclass=\"wpforms-field wpforms-field-text\"\n\t\t\tdata-field-type=\"text\"\n\t\t\tdata-field-id=\"4\"\n\t\t\t>\n\t\t\t<label class=\"wpforms-field-label\" for=\"wpforms-592-field_4\" >\u00e9lectronique adresse Votre<\/label>\n\t\t\t<input type=\"text\" id=\"wpforms-592-field_4\" class=\"wpforms-field-medium\" name=\"wpforms[fields][4]\" >\n\t\t<\/div>\n\t\t<div id=\"wpforms-592-field_3-container\" class=\"wpforms-field wpforms-field-phone\" data-field-id=\"3\"><label class=\"wpforms-field-label\" for=\"wpforms-592-field_3\">Votre num\u00e9ro de t\u00e9l\u00e9phone<\/label><input type=\"tel\" id=\"wpforms-592-field_3\" class=\"wpforms-field-large wpforms-smart-phone-field\" data-rule-smart-phone-field=\"true\" name=\"wpforms[fields][3]\" aria-label=\"Votre num\u00e9ro de t\u00e9l\u00e9phone\" aria-errormessage=\"wpforms-592-field_3-error\" ><\/div><div id=\"wpforms-592-field_6-container\" class=\"wpforms-field wpforms-field-textarea\" data-field-id=\"6\"><label class=\"wpforms-field-label\" for=\"wpforms-592-field_6\">Merkzettel<\/label><textarea id=\"wpforms-592-field_6\" class=\"wpforms-field-medium\" name=\"wpforms[fields][6]\" aria-errormessage=\"wpforms-592-field_6-error\" aria-describedby=\"wpforms-592-field_6-description\" ><\/textarea><div id=\"wpforms-592-field_6-description\" class=\"wpforms-field-description\">Remarque : Le traitement n'est possible qu'avec des pi\u00e8ces de rechange.<\/div><\/div><div id=\"wpforms-592-field_5-container\" class=\"wpforms-field wpforms-field-textarea\" data-field-id=\"5\"><label class=\"wpforms-field-label\" for=\"wpforms-592-field_5\">Deine Anfrage<\/label><textarea id=\"wpforms-592-field_5\" class=\"wpforms-field-medium\" name=\"wpforms[fields][5]\" aria-errormessage=\"wpforms-592-field_5-error\" aria-describedby=\"wpforms-592-field_5-description\" ><\/textarea><div id=\"wpforms-592-field_5-description\" class=\"wpforms-field-description\">Faites-nous part de votre avis si possible, afin que nous puissions vous r\u00e9pondre de la meilleure fa\u00e7on possible.<\/div><\/div><script>\n\t\t\t\t( function() {\n\t\t\t\t\tconst style = document.createElement( 'style' );\n\t\t\t\t\tstyle.appendChild( document.createTextNode( '#wpforms-592-field_4-container { position: absolute !important; overflow: hidden !important; display: inline !important; height: 1px !important; width: 1px !important; z-index: -1000 !important; padding: 0 !important; } #wpforms-592-field_4-container input { visibility: hidden; } #wpforms-conversational-form-page #wpforms-592-field_4-container label { counter-increment: none; }' ) );\n\t\t\t\t\tdocument.head.appendChild( style );\n\t\t\t\t\tdocument.currentScript?.remove();\n\t\t\t\t} )();\n\t\t\t<\/script><\/div><!-- .wpforms-field-container --><div class=\"wpforms-recaptcha-container wpforms-is-hcaptcha\" ><div class=\"h-captcha\" data-sitekey=\"dda20f14-77af-43c6-9715-f523463fe996\"><\/div><input type=\"text\" name=\"g-recaptcha-hidden\" class=\"wpforms-recaptcha-hidden\" style=\"position:absolute!important;clip:rect(0,0,0,0)!important;height:1px!important;width:1px!important;border:0!important;overflow:hidden!important;padding:0!important;margin:0!important;\" data-rule-hcaptcha=\"1\"><\/div><div class=\"wpforms-submit-container\" ><input type=\"hidden\" name=\"wpforms[id]\" value=\"592\"><input type=\"hidden\" name=\"page_title\" value=\"\"><input type=\"hidden\" name=\"page_url\" value=\"https:\/\/vanme.de\/fr\/wp-json\/wp\/v2\/pages\/9642\"><input type=\"hidden\" name=\"url_referer\" value=\"\"><button type=\"submit\" name=\"wpforms[submit]\" id=\"wpforms-submit-592\" class=\"wpforms-submit\" data-alt-text=\"Il s&#039;agit d&#039;un projet de loi ...\" data-submit-text=\"Absence\" aria-live=\"assertive\" value=\"wpforms-submit\">Absence<\/button><img loading=\"lazy\" decoding=\"async\" src=\"https:\/\/vanme.de\/wp-content\/plugins\/wpforms\/assets\/images\/submit-spin.svg\" class=\"wpforms-submit-spinner\" style=\"display: none;\" width=\"26\" height=\"26\" alt=\"Chargement en cours\"><\/div><\/form><\/div>  <!-- .wpforms-container -->\n        <\/div>\n\n\n                \n    <\/section>\n\n\n","protected":false},"excerpt":{"rendered":"","protected":false},"author":1,"featured_media":10828,"parent":0,"menu_order":0,"comment_status":"closed","ping_status":"closed","template":"","meta":{"_acf_changed":false,"footnotes":""},"class_list":["post-9642","page","type-page","status-publish","has-post-thumbnail","hentry"],"acf":[],"_links":{"self":[{"href":"https:\/\/vanme.de\/fr\/wp-json\/wp\/v2\/pages\/9642","targetHints":{"allow":["GET"]}}],"collection":[{"href":"https:\/\/vanme.de\/fr\/wp-json\/wp\/v2\/pages"}],"about":[{"href":"https:\/\/vanme.de\/fr\/wp-json\/wp\/v2\/types\/page"}],"author":[{"embeddable":true,"href":"https:\/\/vanme.de\/fr\/wp-json\/wp\/v2\/users\/1"}],"replies":[{"embeddable":true,"href":"https:\/\/vanme.de\/fr\/wp-json\/wp\/v2\/comments?post=9642"}],"version-history":[{"count":3,"href":"https:\/\/vanme.de\/fr\/wp-json\/wp\/v2\/pages\/9642\/revisions"}],"predecessor-version":[{"id":20196,"href":"https:\/\/vanme.de\/fr\/wp-json\/wp\/v2\/pages\/9642\/revisions\/20196"}],"wp:featuredmedia":[{"embeddable":true,"href":"https:\/\/vanme.de\/fr\/wp-json\/wp\/v2\/media\/10828"}],"wp:attachment":[{"href":"https:\/\/vanme.de\/fr\/wp-json\/wp\/v2\/media?parent=9642"}],"curies":[{"name":"wp","href":"https:\/\/api.w.org\/{rel}","templated":true}]}}