{"id":9536,"date":"2025-06-06T11:09:52","date_gmt":"2025-06-06T09:09:52","guid":{"rendered":"https:\/\/devbox2.mc8pm.com\/bouchons-de-valve-vanme\/"},"modified":"2026-03-03T15:57:24","modified_gmt":"2026-03-03T14:57:24","slug":"bouchons-de-valve-vanme","status":"publish","type":"page","link":"https:\/\/vanme.de\/fr\/accessoires\/bouchons-de-valve-vanme\/","title":{"rendered":"VANME Capuchons de valve"},"content":{"rendered":"\n\n\n                        \n            \n            <section class=\"block-media cnt-1 block-media-mobile-sort- blockheight-laptop-60vh blockheight-tablet-60vh blockheight-mobile-60vh blockstyle-display block-media-width-\" style=\"margin-top: 0px\">\n\n                \n                \n                    \n                    <div class=\"media media-0 has-media\">\n\n                        \n\n                        \n                            \n                            <picture class=\"s1x-picture-cover jshook-provide-hq-after-dom-loaded \">\n                                <source srcset-hq=\"https:\/\/vanme.de\/wp-content\/uploads\/2025\/09\/vanme-ventilkappen-DSC03989-cut.jpg\"\n                                        width=\"1920\"\n                                        height=\"1282\">\n\n                                \n                                <source srcset-hq=\"https:\/\/vanme.de\/wp-content\/uploads\/2025\/09\/vanme-ventilkappen-DSC03989-cut.jpg.webp\"\n                                        width=\"1920\"\n                                        height=\"1282\"\n                                        type=\"image\/webp\">\n\n                                                                <img decoding=\"async\" loading=\"lazy\"\n                                     src=\"https:\/\/vanme.de\/wp-content\/uploads\/2025\/09\/vanme-ventilkappen-DSC03989-cut.jpg\"\n                                     width=\"1920\"\n                                     height=\"1282\"\n                                     alt=\"\">\n                            <\/picture>\n\n                        \n                        <div class=\"overlay s1x-absolute-100 has-media                            s1x-tovp-tablapdesk-tl                            s1x-tovp-mob-tl\n                            \">\n\n                            \n                            \n                            \n                            \n                            \n                            \n                        <\/div>\n\n                        \n                    <\/div>\n\n                \n            <\/section>\n\n            \n\n\n    <section class=\"block-breadcrumb  area-align-\" style=\"margin-top: 40px; max-width: ;\">\n\n        <nav aria-label=\"breadcrumbs\" class=\"rank-math-breadcrumb\"><p><span class=\"last\">Accueil<\/span><\/p><\/nav>\n    <\/section>\n\n\n\n    <section class=\"block-text center area-align-center\" style=\"margin-top: 80px; max-width: unset\">\n\n        \n                                \n                                            <h1 class=\"ff-bebas-ds80 ff-uppercase hlsize-\">Capuchons de valve VanMe<\/h1>\n                    \n                    <div class=\"ff-bebas-ds30\"><span class=\"ff-thin\">Des d\u00e9tails qui font la diff\u00e9rence.<\/span><\/div>\n        \n        <div class=\"ff-bodytext \">\n                    <\/div>\n\n\n                \n    <\/section>\n\n\n\n    <section class=\"block-imageslider flickity-imageslider-carousel\" style=\"margin-top: 80px\">\n\n                                    \n                \n                    <div class=\"carousel-cell\">\n\n                        \n                        \n                            \n                            <picture class=\"jshook-provide-hq-after-dom-loaded\">\n                                <source srcset-hq=\"https:\/\/vanme.de\/wp-content\/uploads\/2025\/09\/vanme-ventilkappen-DSC04031-resize.jpg\"\n                                        width=\"868\"\n                                        height=\"1300\">\n                                <source srcset-hq=\"https:\/\/vanme.de\/wp-content\/uploads\/2025\/09\/vanme-ventilkappen-DSC04031-resize.jpg.webp\"\n                                        width=\"868\"\n                                        height=\"1300\"\n                                        type=\"image\/webp\">\n\n                                <source srcset=\"https:\/\/vanme.de\/wp-content\/uploads\/2025\/09\/vanme-ventilkappen-DSC04031-resize.jpg\"\n                                        width=\"868\"\n                                        height=\"1300\">\n\n                                <img loading=\"lazy\" decoding=\"async\"                                         src=\"https:\/\/vanme.de\/wp-content\/uploads\/2025\/09\/vanme-ventilkappen-DSC04031-resize.jpg\"\n                                        width=\"868\"\n                                        height=\"1300\"\n                                        alt=\"\">\n                            <\/picture>\n\n\n                        \n                    <\/div>\n\n                \n                    <div class=\"carousel-cell\">\n\n                        \n                        \n                            \n                            <picture class=\"jshook-provide-hq-after-dom-loaded\">\n                                <source srcset-hq=\"https:\/\/vanme.de\/wp-content\/uploads\/2025\/09\/vanme-ventilkappen-DSC05455-cut.jpg\"\n                                        width=\"1500\"\n                                        height=\"1300\">\n                                <source srcset-hq=\"https:\/\/vanme.de\/wp-content\/uploads\/2025\/09\/vanme-ventilkappen-DSC05455-cut.jpg.webp\"\n                                        width=\"1500\"\n                                        height=\"1300\"\n                                        type=\"image\/webp\">\n\n                                <source srcset=\"https:\/\/vanme.de\/wp-content\/uploads\/2025\/09\/vanme-ventilkappen-DSC05455-cut.jpg\"\n                                        width=\"1500\"\n                                        height=\"1300\">\n\n                                <img loading=\"lazy\" decoding=\"async\"                                         src=\"https:\/\/vanme.de\/wp-content\/uploads\/2025\/09\/vanme-ventilkappen-DSC05455-cut.jpg\"\n                                        width=\"1500\"\n                                        height=\"1300\"\n                                        alt=\"\">\n                            <\/picture>\n\n\n                        \n                    <\/div>\n\n                \n                    <div class=\"carousel-cell\">\n\n                        \n                        \n                            \n                            <picture class=\"jshook-provide-hq-after-dom-loaded\">\n                                <source srcset-hq=\"https:\/\/vanme.de\/wp-content\/uploads\/2025\/10\/ventilkappen-DSC04025-slider-cut.jpg\"\n                                        width=\"1377\"\n                                        height=\"1300\">\n                                <source srcset-hq=\"https:\/\/vanme.de\/wp-content\/uploads\/2025\/10\/ventilkappen-DSC04025-slider-cut.jpg.webp\"\n                                        width=\"1377\"\n                                        height=\"1300\"\n                                        type=\"image\/webp\">\n\n                                <source srcset=\"https:\/\/vanme.de\/wp-content\/uploads\/2025\/10\/ventilkappen-DSC04025-slider-cut.jpg\"\n                                        width=\"1377\"\n                                        height=\"1300\">\n\n                                <img loading=\"lazy\" decoding=\"async\"                                         src=\"https:\/\/vanme.de\/wp-content\/uploads\/2025\/10\/ventilkappen-DSC04025-slider-cut.jpg\"\n                                        width=\"1377\"\n                                        height=\"1300\"\n                                        alt=\"\">\n                            <\/picture>\n\n\n                        \n                    <\/div>\n\n                \n                    \n    <\/section>\n\n\n\n\n    \n\n    <section class=\"block-product has-variants- has-description-per-variant-\" style=\"margin-top: 80px\">\n\n                    <!-- product without variants -->\n\n            <div class=\"container-description\">\n                <h2 class=\"ff-bebas-ds65 ff-uppercase\">\n                    Description                <\/h2>\n                <p class=\"ff-bodytext product-description\">\n                    Petits mais efficaces : les bouchons de valve VANME apportent une touche de style et soulignent le caract\u00e8re de votre v\u00e9hicule. Fabriqu\u00e9s en aluminium de haute qualit\u00e9, ils sont non seulement durables et robustes, mais ils prot\u00e8gent aussi efficacement vos valves de la poussi\u00e8re et de la salet\u00e9. Le logo VANME grav\u00e9 avec pr\u00e9cision fait d&rsquo;un d\u00e9tail fonctionnel une v\u00e9ritable d\u00e9claration.  <br \/>\r\n<br \/>\r\nQu&rsquo;il s&rsquo;agisse d&rsquo;un camping-car, d&rsquo;une camionnette ou d&rsquo;un SUV, les bouchons de valve VANME vous permettent de compl\u00e9ter votre v\u00e9hicule dans les moindres d\u00e9tails.                <\/p>\n                <p class=\"ff-bodytext product-disclaimer\">\n                    La perfection jusque dans les moindres d\u00e9tails.\r\n\r\nLe kit contient quatre pi\u00e8ces.                <\/p>\n            <\/div>\n\n            <div class=\"container-add2cart\">\n                                <div class=\"price-label\">Notre prix<span>(frais de port inclus )<\/span><\/div>\n\n                \n                <div id=\"product-price\">29,99\u00a0\u20ac<span>TVA comprise<\/span><\/div>\n\n                <div class=\"bookmark\">\n                    <div id=\"product-bookmark\" class=\"cssimg-bookmark cssimg-contain-center-norepeat jshook-bookmark-add\"\n                         data-bookmark-headline=\"VANME Capuchons de valve\"\n                         data-bookmark-content=\"Je m'int\u00e9resse \u00e0 ce tuning - 29,99\u00a0\u20ac\">\n                    <\/div>\n                    <div class=\"bookmark-text\">Ajouter \u00e0 la liste de demande<\/div>\n                <\/div>\n            <\/div>\n\n\n\n        \n    <\/section>\n\n\n\n\n\n                        \n            \n            <section class=\"block-media cnt-1 block-media-mobile-sort- blockheight-laptop-30vh blockheight-tablet-30vh blockheight-mobile-30vh blockstyle-display block-media-width-\" style=\"margin-top: 0px\">\n\n                \n                \n                    \n                    <div class=\"media media-0 has-media\">\n\n                        \n\n                        \n                            \n                            <picture class=\"s1x-picture-cover jshook-provide-hq-after-dom-loaded \">\n                                <source srcset-hq=\"https:\/\/vanme.de\/wp-content\/uploads\/2025\/10\/ventilkappen-DSC03963-cut.jpg\"\n                                        width=\"1920\"\n                                        height=\"1177\">\n\n                                \n                                <source srcset-hq=\"https:\/\/vanme.de\/wp-content\/uploads\/2025\/10\/ventilkappen-DSC03963-cut.jpg.webp\"\n                                        width=\"1920\"\n                                        height=\"1177\"\n                                        type=\"image\/webp\">\n\n                                                                <img decoding=\"async\" loading=\"lazy\"\n                                     src=\"https:\/\/vanme.de\/wp-content\/uploads\/2025\/10\/ventilkappen-DSC03963-cut.jpg\"\n                                     width=\"1920\"\n                                     height=\"1177\"\n                                     alt=\"\">\n                            <\/picture>\n\n                        \n                        <div class=\"overlay s1x-absolute-100 has-media                            s1x-tovp-tablapdesk-tl                            s1x-tovp-mob-tl\n                            \">\n\n                            \n                            \n                            \n                            \n                            \n                            \n                        <\/div>\n\n                        \n                    <\/div>\n\n                \n            <\/section>\n\n            \n\n","protected":false},"excerpt":{"rendered":"","protected":false},"author":1,"featured_media":9858,"parent":13480,"menu_order":0,"comment_status":"closed","ping_status":"closed","template":"","meta":{"_acf_changed":false,"footnotes":""},"class_list":["post-9536","page","type-page","status-publish","has-post-thumbnail","hentry"],"acf":[],"_links":{"self":[{"href":"https:\/\/vanme.de\/fr\/wp-json\/wp\/v2\/pages\/9536","targetHints":{"allow":["GET"]}}],"collection":[{"href":"https:\/\/vanme.de\/fr\/wp-json\/wp\/v2\/pages"}],"about":[{"href":"https:\/\/vanme.de\/fr\/wp-json\/wp\/v2\/types\/page"}],"author":[{"embeddable":true,"href":"https:\/\/vanme.de\/fr\/wp-json\/wp\/v2\/users\/1"}],"replies":[{"embeddable":true,"href":"https:\/\/vanme.de\/fr\/wp-json\/wp\/v2\/comments?post=9536"}],"version-history":[{"count":4,"href":"https:\/\/vanme.de\/fr\/wp-json\/wp\/v2\/pages\/9536\/revisions"}],"predecessor-version":[{"id":19112,"href":"https:\/\/vanme.de\/fr\/wp-json\/wp\/v2\/pages\/9536\/revisions\/19112"}],"up":[{"embeddable":true,"href":"https:\/\/vanme.de\/fr\/wp-json\/wp\/v2\/pages\/13480"}],"wp:featuredmedia":[{"embeddable":true,"href":"https:\/\/vanme.de\/fr\/wp-json\/wp\/v2\/media\/9858"}],"wp:attachment":[{"href":"https:\/\/vanme.de\/fr\/wp-json\/wp\/v2\/media?parent=9536"}],"curies":[{"name":"wp","href":"https:\/\/api.w.org\/{rel}","templated":true}]}}