{"id":9534,"date":"2025-07-23T18:10:23","date_gmt":"2025-07-23T16:10:23","guid":{"rendered":"https:\/\/devbox2.mc8pm.com\/tapis-de-sol\/"},"modified":"2026-03-03T15:58:56","modified_gmt":"2026-03-03T14:58:56","slug":"tapis-de-sol","status":"publish","type":"page","link":"https:\/\/vanme.de\/fr\/accessoires\/tapis-de-sol\/","title":{"rendered":"Tapis de sol"},"content":{"rendered":"\n\n\n                        \n            \n            <section class=\"block-media cnt-1 block-media-mobile-sort- blockheight-laptop-60vh blockheight-tablet-60vh blockheight-mobile-60vh blockstyle-display block-media-width-\" style=\"margin-top: 0px\">\n\n                \n                \n                    \n                    <div class=\"media media-0 has-media\">\n\n                        \n\n                        \n                            \n                            <picture class=\"s1x-picture-cover jshook-provide-hq-after-dom-loaded \">\n                                <source srcset-hq=\"https:\/\/vanme.de\/wp-content\/uploads\/2025\/10\/fussmatten-DSC06343-raw-resize.jpg\"\n                                        width=\"1920\"\n                                        height=\"1282\">\n\n                                \n                                <source srcset-hq=\"https:\/\/vanme.de\/wp-content\/uploads\/2025\/10\/fussmatten-DSC06343-raw-resize.jpg.webp\"\n                                        width=\"1920\"\n                                        height=\"1282\"\n                                        type=\"image\/webp\">\n\n                                                                <img decoding=\"async\" loading=\"lazy\"\n                                     src=\"https:\/\/vanme.de\/wp-content\/uploads\/2025\/10\/fussmatten-DSC06343-raw-resize.jpg\"\n                                     width=\"1920\"\n                                     height=\"1282\"\n                                     alt=\"\">\n                            <\/picture>\n\n                        \n                        <div class=\"overlay s1x-absolute-100 has-media                            s1x-tovp-tablapdesk-tl                            s1x-tovp-mob-tl\n                            \">\n\n                            \n                            \n                            \n                            \n                            \n                            \n                        <\/div>\n\n                        \n                    <\/div>\n\n                \n            <\/section>\n\n            \n\n\n    <section class=\"block-breadcrumb  area-align-\" style=\"margin-top: 40px; max-width: ;\">\n\n        <nav aria-label=\"breadcrumbs\" class=\"rank-math-breadcrumb\"><p><span class=\"last\">Accueil<\/span><\/p><\/nav>\n    <\/section>\n\n\n\n    <section class=\"block-text center area-align-center\" style=\"margin-top: 80px; max-width: unset\">\n\n        \n                                \n                                            <h1 class=\"ff-bebas-ds80 ff-uppercase hlsize-\">VANME Tapis d&rsquo;int\u00e9rieur<\/h1>\n                    \n        \n        <div class=\"ff-bodytext \">\n                    <\/div>\n\n\n                \n    <\/section>\n\n\n\n    <section class=\"block-imageslider flickity-imageslider-carousel\" style=\"margin-top: 80px\">\n\n                                    \n                \n                    <div class=\"carousel-cell\">\n\n                        \n                        \n                            \n                            <picture class=\"jshook-provide-hq-after-dom-loaded\">\n                                <source srcset-hq=\"https:\/\/vanme.de\/wp-content\/uploads\/2025\/09\/fussmatten-DSC05853-slider-resizecut.jpg\"\n                                        width=\"2000\"\n                                        height=\"1300\">\n                                <source srcset-hq=\"https:\/\/vanme.de\/wp-content\/uploads\/2025\/09\/fussmatten-DSC05853-slider-resizecut.jpg.webp\"\n                                        width=\"2000\"\n                                        height=\"1300\"\n                                        type=\"image\/webp\">\n\n                                <source srcset=\"https:\/\/vanme.de\/wp-content\/uploads\/2025\/09\/fussmatten-DSC05853-slider-resizecut.jpg\"\n                                        width=\"2000\"\n                                        height=\"1300\">\n\n                                <img loading=\"lazy\" decoding=\"async\"                                         src=\"https:\/\/vanme.de\/wp-content\/uploads\/2025\/09\/fussmatten-DSC05853-slider-resizecut.jpg\"\n                                        width=\"2000\"\n                                        height=\"1300\"\n                                        alt=\"\">\n                            <\/picture>\n\n\n                        \n                    <\/div>\n\n                \n                    <div class=\"carousel-cell\">\n\n                        \n                        \n                            \n                            <picture class=\"jshook-provide-hq-after-dom-loaded\">\n                                <source srcset-hq=\"https:\/\/vanme.de\/wp-content\/uploads\/2025\/09\/fussmatten-DSC05866-slider-resizecut.jpg\"\n                                        width=\"1698\"\n                                        height=\"1300\">\n                                <source srcset-hq=\"https:\/\/vanme.de\/wp-content\/uploads\/2025\/09\/fussmatten-DSC05866-slider-resizecut.jpg.webp\"\n                                        width=\"1698\"\n                                        height=\"1300\"\n                                        type=\"image\/webp\">\n\n                                <source srcset=\"https:\/\/vanme.de\/wp-content\/uploads\/2025\/09\/fussmatten-DSC05866-slider-resizecut.jpg\"\n                                        width=\"1698\"\n                                        height=\"1300\">\n\n                                <img loading=\"lazy\" decoding=\"async\"                                         src=\"https:\/\/vanme.de\/wp-content\/uploads\/2025\/09\/fussmatten-DSC05866-slider-resizecut.jpg\"\n                                        width=\"1698\"\n                                        height=\"1300\"\n                                        alt=\"\">\n                            <\/picture>\n\n\n                        \n                    <\/div>\n\n                \n                    <div class=\"carousel-cell\">\n\n                        \n                        \n                            \n                            <picture class=\"jshook-provide-hq-after-dom-loaded\">\n                                <source srcset-hq=\"https:\/\/vanme.de\/wp-content\/uploads\/2025\/09\/fussmatten-DSC05871-slider-resizecut.jpg\"\n                                        width=\"2000\"\n                                        height=\"1300\">\n                                <source srcset-hq=\"https:\/\/vanme.de\/wp-content\/uploads\/2025\/09\/fussmatten-DSC05871-slider-resizecut.jpg.webp\"\n                                        width=\"2000\"\n                                        height=\"1300\"\n                                        type=\"image\/webp\">\n\n                                <source srcset=\"https:\/\/vanme.de\/wp-content\/uploads\/2025\/09\/fussmatten-DSC05871-slider-resizecut.jpg\"\n                                        width=\"2000\"\n                                        height=\"1300\">\n\n                                <img loading=\"lazy\" decoding=\"async\"                                         src=\"https:\/\/vanme.de\/wp-content\/uploads\/2025\/09\/fussmatten-DSC05871-slider-resizecut.jpg\"\n                                        width=\"2000\"\n                                        height=\"1300\"\n                                        alt=\"\">\n                            <\/picture>\n\n\n                        \n                    <\/div>\n\n                \n                    \n    <\/section>\n\n\n\n\n    \n\n    <section class=\"block-product has-variants- has-description-per-variant-\" style=\"margin-top: 80px\">\n\n                    <!-- product without variants -->\n\n            <div class=\"container-description\">\n                <h2 class=\"ff-bebas-ds65 ff-uppercase\">\n                    Description                <\/h2>\n                <p class=\"ff-bodytext product-description\">\n                    Nos tapis de sol noirs allient un design intemporel \u00e0 un confort tangible. Le mat\u00e9riau souple offre une sensation agr\u00e9able de marche, tandis que le logo VANME en relief souligne discr\u00e8tement le caract\u00e8re manufacturier. Une finition robuste et un aspect \u00e9l\u00e9gant - un d\u00e9tail qui rend votre camping-car encore plus pr\u00e9cieux.                  <\/p>\n                <p class=\"ff-bodytext product-disclaimer\">\n                    Convient parfaitement aux Fiat Ducato, VW Crafter, MAN TGE et Mercedes Sprinter.                <\/p>\n            <\/div>\n\n            <div class=\"container-add2cart\">\n                                <div class=\"price-label\">Notre prix<span>(frais de port inclus )<\/span><\/div>\n\n                \n                <div id=\"product-price\">199,00\u00a0\u20ac<span>TVA comprise<\/span><\/div>\n\n                <div class=\"bookmark\">\n                    <div id=\"product-bookmark\" class=\"cssimg-bookmark cssimg-contain-center-norepeat jshook-bookmark-add\"\n                         data-bookmark-headline=\"Tapis de sol\"\n                         data-bookmark-content=\"Je m'int\u00e9resse \u00e0 ce tuning - 199,00\u00a0\u20ac\">\n                    <\/div>\n                    <div class=\"bookmark-text\">Ajouter \u00e0 la liste de demande<\/div>\n                <\/div>\n            <\/div>\n\n\n\n        \n    <\/section>\n\n\n\n\n\n                        \n            \n            <section class=\"block-media cnt-1 block-media-mobile-sort- blockheight-laptop-30vh blockheight-tablet-30vh blockheight-mobile-30vh blockstyle-display block-media-width-\" style=\"margin-top: 0px\">\n\n                \n                \n                    \n                    <div class=\"media media-0 has-media\">\n\n                        \n\n                        \n                            \n                            <picture class=\"s1x-picture-cover jshook-provide-hq-after-dom-loaded \">\n                                <source srcset-hq=\"https:\/\/vanme.de\/wp-content\/uploads\/2025\/09\/fussmatten-DSC06351-resize.jpg\"\n                                        width=\"1920\"\n                                        height=\"1282\">\n\n                                \n                                <source srcset-hq=\"https:\/\/vanme.de\/wp-content\/uploads\/2025\/09\/fussmatten-DSC06351-resize.jpg.webp\"\n                                        width=\"1920\"\n                                        height=\"1282\"\n                                        type=\"image\/webp\">\n\n                                                                <img decoding=\"async\" loading=\"lazy\"\n                                     src=\"https:\/\/vanme.de\/wp-content\/uploads\/2025\/09\/fussmatten-DSC06351-resize.jpg\"\n                                     width=\"1920\"\n                                     height=\"1282\"\n                                     alt=\"\">\n                            <\/picture>\n\n                        \n                        <div class=\"overlay s1x-absolute-100 has-media                            s1x-tovp-tablapdesk-tl                            s1x-tovp-mob-tl\n                            \">\n\n                            \n                            \n                            \n                            \n                            \n                            \n                        <\/div>\n\n                        \n                    <\/div>\n\n                \n            <\/section>\n\n            \n\n","protected":false},"excerpt":{"rendered":"","protected":false},"author":1,"featured_media":10528,"parent":13480,"menu_order":0,"comment_status":"closed","ping_status":"closed","template":"","meta":{"_acf_changed":false,"footnotes":""},"class_list":["post-9534","page","type-page","status-publish","has-post-thumbnail","hentry"],"acf":[],"_links":{"self":[{"href":"https:\/\/vanme.de\/fr\/wp-json\/wp\/v2\/pages\/9534","targetHints":{"allow":["GET"]}}],"collection":[{"href":"https:\/\/vanme.de\/fr\/wp-json\/wp\/v2\/pages"}],"about":[{"href":"https:\/\/vanme.de\/fr\/wp-json\/wp\/v2\/types\/page"}],"author":[{"embeddable":true,"href":"https:\/\/vanme.de\/fr\/wp-json\/wp\/v2\/users\/1"}],"replies":[{"embeddable":true,"href":"https:\/\/vanme.de\/fr\/wp-json\/wp\/v2\/comments?post=9534"}],"version-history":[{"count":5,"href":"https:\/\/vanme.de\/fr\/wp-json\/wp\/v2\/pages\/9534\/revisions"}],"predecessor-version":[{"id":20219,"href":"https:\/\/vanme.de\/fr\/wp-json\/wp\/v2\/pages\/9534\/revisions\/20219"}],"up":[{"embeddable":true,"href":"https:\/\/vanme.de\/fr\/wp-json\/wp\/v2\/pages\/13480"}],"wp:featuredmedia":[{"embeddable":true,"href":"https:\/\/vanme.de\/fr\/wp-json\/wp\/v2\/media\/10528"}],"wp:attachment":[{"href":"https:\/\/vanme.de\/fr\/wp-json\/wp\/v2\/media?parent=9534"}],"curies":[{"name":"wp","href":"https:\/\/api.w.org\/{rel}","templated":true}]}}