{"id":17248,"date":"2025-12-03T17:26:54","date_gmt":"2025-12-03T16:26:54","guid":{"rendered":"https:\/\/vanme.de\/faq\/"},"modified":"2026-03-03T15:49:19","modified_gmt":"2026-03-03T14:49:19","slug":"faq","status":"publish","type":"page","link":"https:\/\/vanme.de\/fr\/faq\/","title":{"rendered":"FAQ"},"content":{"rendered":"\n    <section class=\"block-header-faq-and-output header\">\n\n        <div class=\"block-inner s1x-constraint s1x-padding\">\n\n            <h1 class=\"s1xs-headline-xl\">FAQ<\/h1>\n\n            <p class=\"preheadline s1xs-title\"><\/p>\n\n            <div class=\"cntnr-input\">\n                <input type=\"text\" class=\"live-search-box\" placeholder=\"\" \/>\n\n                <svg class=\"searchicon\" xmlns=\"http:\/\/www.w3.org\/2000\/svg\" width=\"27\" height=\"27.007\" viewBox=\"0 0 27 27.007\">\n                    <path id=\"Icon_ionic-ios-search\" data-name=\"Icon ionic-ios-search\" d=\"M31.184,29.545l-7.509-7.58a10.7,10.7,0,1,0-1.624,1.645l7.46,7.53a1.156,1.156,0,0,0,1.631.042A1.163,1.163,0,0,0,31.184,29.545ZM15.265,23.7a8.45,8.45,0,1,1,5.977-2.475A8.4,8.4,0,0,1,15.265,23.7Z\" transform=\"translate(-4.5 -4.493)\" fill=\"#ffffff\"\/>\n                <\/svg>\n\n            <\/div>\n\n\n        <\/div>\n\n    <\/section>\n\n    <section class=\"block-header-faq-and-output faqs\">\n\n        <div class=\"block-inner s1x-constraint-narrow s1x-padding\">\n\n            <div class=\"faq-grid\">\n\n            \n                <div class=\"faq-item\">\n\n                    <div class=\"categories\">\n                                                                                                                                                <div class=\"category s1xs-text-s\">\n                                        Am\u00e9nagement int\u00e9rieur personnalis\u00e9                                    <\/div>\n                                                                                                        <\/div>\n\n                    <div class=\"header\">\n                        <h2 class=\"headline ff-bebas-ds30\">\n                            Que signifie VANME ? \/ Qu&rsquo;est-ce qui vous diff\u00e9rencie des campeurs standard ?                        <\/h2>\n\n                        <div class=\"buttons\">\n\n                            <svg class=\"controlbtn close\" xmlns=\"http:\/\/www.w3.org\/2000\/svg\" width=\"30.552\" height=\"30.552\" viewBox=\"0 0 30.552 30.552\">\n                                <g id=\"Komponente_2_3\" data-name=\"Komponente 2 \u2013 3\" transform=\"translate(0.5 0.5)\">\n                                    <ellipse id=\"Ellipse_19\" data-name=\"Ellipse 19\" cx=\"14.776\" cy=\"14.776\" rx=\"14.776\" ry=\"14.776\" fill=\"none\" stroke=\"#ffffff\" stroke-linecap=\"round\" stroke-linejoin=\"round\" stroke-width=\"1\"\/>\n                                    <g id=\"Gruppe_37\" data-name=\"Gruppe 37\" transform=\"translate(10.276 14.776)\">\n                                        <line id=\"Linie_10\" data-name=\"Linie 10\" x1=\"9\" fill=\"none\" stroke=\"#ffffff\" stroke-linecap=\"round\" stroke-linejoin=\"round\" stroke-width=\"1\"\/>\n                                    <\/g>\n                                <\/g>\n                            <\/svg>\n\n                            <svg class=\"controlbtn open\" xmlns=\"http:\/\/www.w3.org\/2000\/svg\" width=\"30.552\" height=\"30.552\" viewBox=\"0 0 30.552 30.552\">\n                                <g id=\"Komponente_2_2\" data-name=\"Komponente 2 \u2013 2\" transform=\"translate(0.5 0.5)\">\n                                    <ellipse id=\"Ellipse_19\" data-name=\"Ellipse 19\" cx=\"14.776\" cy=\"14.776\" rx=\"14.776\" ry=\"14.776\" fill=\"none\" stroke=\"#ffffff\" stroke-linecap=\"round\" stroke-linejoin=\"round\" stroke-width=\"1\"\/>\n                                    <g id=\"Gruppe_37\" data-name=\"Gruppe 37\" transform=\"translate(10.276 10.276)\">\n                                        <line id=\"Linie_9\" data-name=\"Linie 9\" y2=\"9\" transform=\"translate(4.5)\" fill=\"none\" stroke=\"#ffffff\" stroke-linecap=\"round\" stroke-linejoin=\"round\" stroke-width=\"1\"\/>\n                                        <line id=\"Linie_10\" data-name=\"Linie 10\" x1=\"9\" transform=\"translate(0 4.5)\" fill=\"none\" stroke=\"#ffffff\" stroke-linecap=\"round\" stroke-linejoin=\"round\" stroke-width=\"1\"\/>\n                                    <\/g>\n                                <\/g>\n                            <\/svg>\n\n                        <\/div>\n\n                    <\/div>\n\n                    <div class=\"text ff-bodytext\">\n                                                \n<p>VANME met l&rsquo;accent sur l&rsquo;individualit\u00e9, le design et la fonctionnalit\u00e9 - les solutions standard ne sont pas notre objectif. Gr\u00e2ce \u00e0 la technologie 3D et \u00e0 une fabrication pr\u00e9cise, nous cr\u00e9ons des vans sur mesure. <\/p>\n                    <\/div>\n\n                <\/div>\n\n\n            \n                <div class=\"faq-item\">\n\n                    <div class=\"categories\">\n                                                                                                                                                <div class=\"category s1xs-text-s\">\n                                        Am\u00e9nagement int\u00e9rieur personnalis\u00e9                                    <\/div>\n                                                                                                        <\/div>\n\n                    <div class=\"header\">\n                        <h2 class=\"headline ff-bebas-ds30\">\n                            Qu&rsquo;est-ce que VANME et que faites-vous ?                        <\/h2>\n\n                        <div class=\"buttons\">\n\n                            <svg class=\"controlbtn close\" xmlns=\"http:\/\/www.w3.org\/2000\/svg\" width=\"30.552\" height=\"30.552\" viewBox=\"0 0 30.552 30.552\">\n                                <g id=\"Komponente_2_3\" data-name=\"Komponente 2 \u2013 3\" transform=\"translate(0.5 0.5)\">\n                                    <ellipse id=\"Ellipse_19\" data-name=\"Ellipse 19\" cx=\"14.776\" cy=\"14.776\" rx=\"14.776\" ry=\"14.776\" fill=\"none\" stroke=\"#ffffff\" stroke-linecap=\"round\" stroke-linejoin=\"round\" stroke-width=\"1\"\/>\n                                    <g id=\"Gruppe_37\" data-name=\"Gruppe 37\" transform=\"translate(10.276 14.776)\">\n                                        <line id=\"Linie_10\" data-name=\"Linie 10\" x1=\"9\" fill=\"none\" stroke=\"#ffffff\" stroke-linecap=\"round\" stroke-linejoin=\"round\" stroke-width=\"1\"\/>\n                                    <\/g>\n                                <\/g>\n                            <\/svg>\n\n                            <svg class=\"controlbtn open\" xmlns=\"http:\/\/www.w3.org\/2000\/svg\" width=\"30.552\" height=\"30.552\" viewBox=\"0 0 30.552 30.552\">\n                                <g id=\"Komponente_2_2\" data-name=\"Komponente 2 \u2013 2\" transform=\"translate(0.5 0.5)\">\n                                    <ellipse id=\"Ellipse_19\" data-name=\"Ellipse 19\" cx=\"14.776\" cy=\"14.776\" rx=\"14.776\" ry=\"14.776\" fill=\"none\" stroke=\"#ffffff\" stroke-linecap=\"round\" stroke-linejoin=\"round\" stroke-width=\"1\"\/>\n                                    <g id=\"Gruppe_37\" data-name=\"Gruppe 37\" transform=\"translate(10.276 10.276)\">\n                                        <line id=\"Linie_9\" data-name=\"Linie 9\" y2=\"9\" transform=\"translate(4.5)\" fill=\"none\" stroke=\"#ffffff\" stroke-linecap=\"round\" stroke-linejoin=\"round\" stroke-width=\"1\"\/>\n                                        <line id=\"Linie_10\" data-name=\"Linie 10\" x1=\"9\" transform=\"translate(0 4.5)\" fill=\"none\" stroke=\"#ffffff\" stroke-linecap=\"round\" stroke-linejoin=\"round\" stroke-width=\"1\"\/>\n                                    <\/g>\n                                <\/g>\n                            <\/svg>\n\n                        <\/div>\n\n                    <\/div>\n\n                    <div class=\"text ff-bodytext\">\n                                                \n<p>VANME propose l&rsquo;am\u00e9nagement ou la transformation personnalis\u00e9e de camping-cars - avec une technologie de fabrication de pointe et un v\u00e9ritable savoir-faire artisanal. Objectif : des camping-cars aussi uniques que leurs propri\u00e9taires. <\/p>\n                    <\/div>\n\n                <\/div>\n\n\n            \n\n                <div class=\"faq-item no-faq-found\" style=\"display: none;\">\n\n                    <div class=\"header\">\n                        <h2 class=\"s1xs-text-l\">\n                            Aucune entr\u00e9e correspondante trouv\u00e9e                        <\/h2>\n\n                    <\/div>\n\n                <\/div>\n\n            <\/div>\n\n        <\/div>\n\n    <\/section>\n\n\n    <section class=\"block-contact\" style=\"margin-top: 80px\">\n\n\n        <div class=\"block-inner\">\n\n            \n\n                            <div class=\"text ff-bodytext\">Vous n&rsquo;avez pas trouv\u00e9 ce qui vous convient ? Contactez-nous pour discuter de vos souhaits et id\u00e9es personnels. <\/div>\n                <a class=\"s1x-button btn-white-do\" href=\"https:\/\/vanme.de\/fr\/contact\/\">\n                    Contact                <\/a>\n            \n        <\/div>\n\n        \n        <picture class=\"s1x-picture-cover-absolute jshook-provide-hq-after-dom-loaded\">\n            <source srcset-hq=\"https:\/\/vanme.de\/wp-content\/uploads\/2025\/09\/DSC03523-recut.jpg\"\n                    width=\"1920\"\n                    height=\"1282\">\n\n            \n            <source srcset-hq=\"https:\/\/vanme.de\/wp-content\/uploads\/2025\/09\/DSC03523-recut.jpg.webp\"\n                    width=\"1920\"\n                    height=\"1282\"\n                    type=\"image\/webp\">\n\n                        <img loading=\"lazy\" decoding=\"async\" src=\"https:\/\/vanme.de\/wp-content\/uploads\/2025\/09\/DSC03523-recut.jpg\"\n                 width=\"1920\"\n                 height=\"1282\"\n                 alt=\"\">\n        <\/picture>\n\n\n    <\/section>\n\n\n","protected":false},"excerpt":{"rendered":"","protected":false},"author":1,"featured_media":0,"parent":0,"menu_order":0,"comment_status":"closed","ping_status":"closed","template":"","meta":{"_acf_changed":false,"footnotes":""},"class_list":["post-17248","page","type-page","status-publish","hentry"],"acf":[],"_links":{"self":[{"href":"https:\/\/vanme.de\/fr\/wp-json\/wp\/v2\/pages\/17248","targetHints":{"allow":["GET"]}}],"collection":[{"href":"https:\/\/vanme.de\/fr\/wp-json\/wp\/v2\/pages"}],"about":[{"href":"https:\/\/vanme.de\/fr\/wp-json\/wp\/v2\/types\/page"}],"author":[{"embeddable":true,"href":"https:\/\/vanme.de\/fr\/wp-json\/wp\/v2\/users\/1"}],"replies":[{"embeddable":true,"href":"https:\/\/vanme.de\/fr\/wp-json\/wp\/v2\/comments?post=17248"}],"version-history":[{"count":4,"href":"https:\/\/vanme.de\/fr\/wp-json\/wp\/v2\/pages\/17248\/revisions"}],"predecessor-version":[{"id":17682,"href":"https:\/\/vanme.de\/fr\/wp-json\/wp\/v2\/pages\/17248\/revisions\/17682"}],"wp:attachment":[{"href":"https:\/\/vanme.de\/fr\/wp-json\/wp\/v2\/media?parent=17248"}],"curies":[{"name":"wp","href":"https:\/\/api.w.org\/{rel}","templated":true}]}}