{"id":13786,"date":"2025-05-19T18:24:50","date_gmt":"2025-05-19T16:24:50","guid":{"rendered":"https:\/\/devbox2.mc8pm.com\/bobo-la-bande-annonce\/modeles-bobo\/bobo-l\/"},"modified":"2026-03-03T15:51:20","modified_gmt":"2026-03-03T14:51:20","slug":"bobo-l","status":"publish","type":"page","link":"https:\/\/vanme.de\/fr\/bobo-la-bande-annonce\/modeles-bobo\/bobo-l\/","title":{"rendered":"BOBO L+"},"content":{"rendered":"\n\n\n                        \n            \n            <section class=\"block-media cnt-1 block-media-mobile-sort- blockheight-laptop-none blockheight-tablet-60vh blockheight-mobile-30vh blockstyle-highlight block-media-width-\" style=\"margin-top: 0px\">\n\n                \n                \n                    \n                    <div class=\"media media-0 has-media\">\n\n                        \n\n                        \n                            \n                            <picture class=\"s1x-picture-cover jshook-provide-hq-after-dom-loaded \">\n                                <source srcset-hq=\"https:\/\/vanme.de\/wp-content\/uploads\/2025\/09\/bobol-header-cut.jpg\"\n                                        width=\"1920\"\n                                        height=\"700\">\n\n                                \n                                <source srcset-hq=\"https:\/\/vanme.de\/wp-content\/uploads\/2025\/09\/bobol-header-cut.jpg.webp\"\n                                        width=\"1920\"\n                                        height=\"700\"\n                                        type=\"image\/webp\">\n\n                                                                <img decoding=\"async\" loading=\"lazy\"\n                                     src=\"https:\/\/vanme.de\/wp-content\/uploads\/2025\/09\/bobol-header-cut.jpg\"\n                                     width=\"1920\"\n                                     height=\"700\"\n                                     alt=\"\">\n                            <\/picture>\n\n                        \n                        <div class=\"overlay s1x-absolute-100 has-media                            s1x-tovp-tablapdesk-cc                            s1x-tovp-mob-cc\n                            \">\n\n                            \n                            \n                            \n                            \n                            \n                            \n                        <\/div>\n\n                        \n                    <\/div>\n\n                \n            <\/section>\n\n            \n\n\n    <section class=\"block-breadcrumb  area-align-\" style=\"margin-top: 40px; max-width: ;\">\n\n        <nav aria-label=\"breadcrumbs\" class=\"rank-math-breadcrumb\"><p><span class=\"last\">Accueil<\/span><\/p><\/nav>\n    <\/section>\n\n\n\n    <section class=\"block-text left area-align-left\" style=\"margin-top: 40px; max-width: unset\">\n\n        \n                                \n                                            <h1 class=\"ff-bebas-ds80 ff-uppercase hlsize-\">BOBO L+<\/h1>\n                    \n                    <div class=\"ff-bebas-ds30\">compact, l\u00e9ger, flexibilit\u00e9 sans limite<\/div>\n        \n        <div class=\"ff-bodytext \">\n            <p>Le BOBO L+ est le mod\u00e8le d&rsquo;entr\u00e9e de gamme dans l&rsquo;univers modulaire de VANME - compact par ses dimensions, puissant par ses performances.<br \/>\nAvec un poids total autoris\u00e9 en charge de 1 000 kg, il vous offre tout ce dont vous avez besoin pour vos aventures spontan\u00e9es : une aptitude au tout-terrain, une modularit\u00e9 bien pens\u00e9e et une finition de qualit\u00e9 dans un format pratique.<\/p>\n<p>Qu&rsquo;il soit le compagnon de vos week-ends ou un espace de rangement mobile, le BOBO L+ est fait pour tous ceux qui aiment la libert\u00e9 sans pour autant renoncer \u00e0 quoi que ce soit.<\/p>\n        <\/div>\n\n\n                \n    <\/section>\n\n\n\n    <section class=\"block-details\" style=\"margin-top: 80px;\">\n\n        \n        <div class=\"block-inner\">\n\n                                                            \n                        <div class=\"detail-section\">\n                            <h3 class=\"headline ff-uppercase ff-bebas-ds30\">Accrocheur<\/h3>\n                            <div class=\"details\">\n                                \n                                    <div class=\"detail ff-bodytext\">\n                                        KT-EB2 Offroad Plus (avec sur\u00e9l\u00e9vation de la ridelle), rev\u00eatement en poudre noir y compris 2 amortisseurs \u00e0 gaz de 600 Nm pour l&rsquo;utilisation d&rsquo;une tente de toit sur la remorque                                     <\/div>\n\n                                \n                                    <div class=\"detail ff-bodytext\">\n                                        Version frein\u00e9e                                    <\/div>\n\n                                \n                                    <div class=\"detail ff-bodytext\">\n                                        Homologation \u00e0 100 km\/h                                    <\/div>\n\n                                \n                                    <div class=\"detail ff-bodytext\">\n                                        Essieu Essieu \u00e0 ressort en caoutchouc Knott avec suspension \u00e0 roues ind\u00e9pendantes                                    <\/div>\n\n                                \n                                    <div class=\"detail ff-bodytext\">\n                                        Deux supports coulissants                                    <\/div>\n\n                                \n                                    <div class=\"detail ff-bodytext\">\n                                        Roue d&rsquo;appui simple                                    <\/div>\n\n                                \n                                    <div class=\"detail ff-bodytext\">\n                                        Connecteur \u00e0 13 broches                                    <\/div>\n\n                                \n                                    <div class=\"detail ff-bodytext\">\n                                        Ailes en t\u00f4le d&rsquo;aluminium stri\u00e9e, renforc\u00e9es et praticables                                    <\/div>\n\n                                \n                                    <div class=\"detail ff-bodytext\">\n                                        Pneus tout-terrain sur jantes en aluminium                                    <\/div>\n\n                                                            <\/div>\n\n                        <\/div>\n\n                    \n                        <div class=\"detail-section\">\n                            <h3 class=\"headline ff-uppercase ff-bebas-ds30\">Dimensions<\/h3>\n                            <div class=\"details\">\n                                \n                                    <div class=\"detail ff-bodytext\">\n                                        Dimensions totales de la remorque L\/L\/H (mm) 3.080 x 1.650 x 1.715                                    <\/div>\n\n                                \n                                    <div class=\"detail ff-bodytext\">\n                                        Dimensions int\u00e9rieures du caisson L\/L\/H (mm) 2.020 x 1.075 x 1.020                                    <\/div>\n\n                                \n                                    <div class=\"detail ff-bodytext\">\n                                        Hauteur d&rsquo;accouplement (mm) : 450                                    <\/div>\n\n                                                            <\/div>\n\n                        <\/div>\n\n                    \n                        <div class=\"detail-section\">\n                            <h3 class=\"headline ff-uppercase ff-bebas-ds30\">Poids<\/h3>\n                            <div class=\"details\">\n                                \n                                    <div class=\"detail ff-bodytext\">\n                                        Poids total 1000 kg                                    <\/div>\n\n                                \n                                    <div class=\"detail ff-bodytext\">\n                                        Charge verticale maxi (kg) 50                                     <\/div>\n\n                                \n                                    <div class=\"detail ff-bodytext\">\n                                        Charge utile sans accessoires (kg) 644                                    <\/div>\n\n                                                            <\/div>\n\n                        <\/div>\n\n                                                \n        <\/div>\n\n    <\/section>\n\n\n    <section class=\"block-text center area-align-center\" style=\"margin-top: 80px; max-width: 1300px\">\n\n        \n                                \n                                            <h2 class=\"ff-bebas-ds80 ff-uppercase hlsize-\">La modularit\u00e9 repens\u00e9e<\/h2>\n                    \n        \n        <div class=\"ff-bodytext \">\n            <p>BOBO L+ r\u00e9v\u00e8le tout son potentiel gr\u00e2ce \u00e0 un syst\u00e8me de modules parfaitement coordonn\u00e9s.<br \/>\nChaque \u00e9l\u00e9ment a \u00e9t\u00e9 con\u00e7u pour offrir un maximum de confort, de flexibilit\u00e9 et de fonctionnalit\u00e9, que vous cuisiniez en d\u00e9placement, que vous vous d\u00e9tendiez ou que vous souhaitiez simplement que tout soit bien organis\u00e9.<\/p>\n<p>De la cuisine ext\u00e9rieure aux solutions de rangement astucieuses, en passant par des extensions fonctionnelles pour le quotidien et l&rsquo;aventure, les modules font de la remorque tout-terrain compacte un compagnon sur mesure pour chaque destination.<\/p>\n<p>Les modules peuvent \u00eatre mont\u00e9s ou d\u00e9mont\u00e9s en un tour de main. Ainsi, BOBO L+ reste toujours ce dont vous avez besoin \u00e0 un moment donn\u00e9 : une cuisine, un espace de rangement ou simplement un espace libre pur. <\/p>\n        <\/div>\n\n\n                \n    <\/section>\n\n\n\n\n\n                        \n            \n            <section class=\"block-media cnt-2 block-media-mobile-sort-123 blockheight-laptop-16-9 blockheight-tablet-16-9 blockheight-mobile-16-9 blockstyle-highlight block-media-width-left-big\" style=\"margin-top: 80px\">\n\n                \n                \n                    \n                    <div class=\"media media-0 has-media\">\n\n                        \n\n                        \n                            \n                            <picture class=\"s1x-picture-cover jshook-provide-hq-after-dom-loaded \">\n                                <source srcset-hq=\"https:\/\/vanme.de\/wp-content\/uploads\/2025\/09\/bobo-l-modul1.jpg\"\n                                        width=\"1500\"\n                                        height=\"844\">\n\n                                \n                                <source srcset-hq=\"https:\/\/vanme.de\/wp-content\/uploads\/2025\/09\/bobo-l-modul1.jpg.webp\"\n                                        width=\"1500\"\n                                        height=\"844\"\n                                        type=\"image\/webp\">\n\n                                                                <img decoding=\"async\" loading=\"lazy\"\n                                     src=\"https:\/\/vanme.de\/wp-content\/uploads\/2025\/09\/bobo-l-modul1.jpg\"\n                                     width=\"1500\"\n                                     height=\"844\"\n                                     alt=\"\">\n                            <\/picture>\n\n                        \n                        <div class=\"overlay s1x-absolute-100 has-media                            s1x-tovp-tablapdesk-cc                            s1x-tovp-mob-cc\n                            \">\n\n                            \n                            \n                            \n                            \n                            \n                            \n                        <\/div>\n\n                        \n                    <\/div>\n\n                \n                    \n                    <div class=\"media media-1 \">\n\n                        \n\n                        \n                        <div class=\"overlay                              s1x-tovp-tablapdesk-cl                            s1x-tovp-mob-cl\n                            \">\n\n                            \n                            <div class='headline ff-bebas-ds65 ff-uppercase''>Module 1<\/div>\n                            <div class='subheadline ff-bebas-ds30'>Station de cuisson<\/div>\n                            \n                            <div class='text ff-bodytext'><p>La kitchenette extensible pour votre bien-\u00eatre, mont\u00e9e sur un tiroir pour charges lourdes verrouillable.<\/p>\n<ul>\n<li>Compartiment de rangement pour les \u00e9pices et les ustensiles de cuisine<\/li>\n<li>Surface en t\u00f4le larm\u00e9e robuste, tiroir coulissant pour la vaisselle et les ustensiles de cuisine<\/li>\n<li>\u00c9lastiques et crochets \u00e0 tension lat\u00e9rale<\/li>\n<li>Compartiment de chargement au niveau du sol pour une longueur de chargement maximale<\/li>\n<li>Porte de service verrouillable pour le tiroir<\/li>\n<\/ul>\n<\/div>\n                            \n                        <\/div>\n\n                        \n                    <\/div>\n\n                \n            <\/section>\n\n            \n\n\n\n\n                        \n            \n            <section class=\"block-media cnt-2 block-media-mobile-sort-213 blockheight-laptop-16-9 blockheight-tablet-16-9 blockheight-mobile-16-9 blockstyle-highlight block-media-width-right-big\" style=\"margin-top: 80px\">\n\n                \n                \n                    \n                    <div class=\"media media-0 \">\n\n                        \n\n                        \n                        <div class=\"overlay                              s1x-tovp-tablapdesk-cl                            s1x-tovp-mob-cl\n                            \">\n\n                            \n                            <div class='headline ff-bebas-ds65 ff-uppercase''>Module 2<\/div>\n                            <div class='subheadline ff-bebas-ds30'>Parking souterrain<\/div>\n                            \n                            <div class='text ff-bodytext'><p>Une merveille d&rsquo;espace de rangement. Et pour que vous puissiez acc\u00e9der \u00e0 tout, il se d\u00e9ploie compl\u00e8tement. <\/p>\n<ul>\n<li>Grand espace de chargement<\/li>\n<li>Deux tiroirs verrouillables pour charges lourdes pouvant supporter jusqu&rsquo;\u00e0 220 kg et enti\u00e8rement extensibles<\/li>\n<li>Fond quadrill\u00e9 pour s\u00e9curiser le chargement<\/li>\n<\/ul>\n<\/div>\n                            \n                        <\/div>\n\n                        \n                    <\/div>\n\n                \n                    \n                    <div class=\"media media-1 has-media\">\n\n                        \n\n                        \n                            \n                            <picture class=\"s1x-picture-cover jshook-provide-hq-after-dom-loaded \">\n                                <source srcset-hq=\"https:\/\/vanme.de\/wp-content\/uploads\/2025\/09\/bobo-l-modul3.jpg\"\n                                        width=\"1500\"\n                                        height=\"844\">\n\n                                \n                                <source srcset-hq=\"https:\/\/vanme.de\/wp-content\/uploads\/2025\/09\/bobo-l-modul3.jpg.webp\"\n                                        width=\"1500\"\n                                        height=\"844\"\n                                        type=\"image\/webp\">\n\n                                                                <img decoding=\"async\" loading=\"lazy\"\n                                     src=\"https:\/\/vanme.de\/wp-content\/uploads\/2025\/09\/bobo-l-modul3.jpg\"\n                                     width=\"1500\"\n                                     height=\"844\"\n                                     alt=\"\">\n                            <\/picture>\n\n                        \n                        <div class=\"overlay s1x-absolute-100 has-media                            s1x-tovp-tablapdesk-cc                            s1x-tovp-mob-cc\n                            \">\n\n                            \n                            \n                            \n                            \n                            \n                            \n                        <\/div>\n\n                        \n                    <\/div>\n\n                \n            <\/section>\n\n            \n\n\n\n\n                        \n            \n            <section class=\"block-media cnt-2 block-media-mobile-sort-123 blockheight-laptop-16-9 blockheight-tablet-16-9 blockheight-mobile-16-9 blockstyle-highlight block-media-width-left-big\" style=\"margin-top: 80px\">\n\n                \n                \n                    \n                    <div class=\"media media-0 has-media\">\n\n                        \n\n                        \n                            \n                            <picture class=\"s1x-picture-cover jshook-provide-hq-after-dom-loaded \">\n                                <source srcset-hq=\"https:\/\/vanme.de\/wp-content\/uploads\/2025\/09\/bobo-l-modul4.jpg\"\n                                        width=\"1500\"\n                                        height=\"844\">\n\n                                \n                                <source srcset-hq=\"https:\/\/vanme.de\/wp-content\/uploads\/2025\/09\/bobo-l-modul4.jpg.webp\"\n                                        width=\"1500\"\n                                        height=\"844\"\n                                        type=\"image\/webp\">\n\n                                                                <img decoding=\"async\" loading=\"lazy\"\n                                     src=\"https:\/\/vanme.de\/wp-content\/uploads\/2025\/09\/bobo-l-modul4.jpg\"\n                                     width=\"1500\"\n                                     height=\"844\"\n                                     alt=\"\">\n                            <\/picture>\n\n                        \n                        <div class=\"overlay s1x-absolute-100 has-media                            s1x-tovp-tablapdesk-cc                            s1x-tovp-mob-cc\n                            \">\n\n                            \n                            \n                            \n                            \n                            \n                            \n                        <\/div>\n\n                        \n                    <\/div>\n\n                \n                    \n                    <div class=\"media media-1 \">\n\n                        \n\n                        \n                        <div class=\"overlay                              s1x-tovp-tablapdesk-cl                            s1x-tovp-mob-cl\n                            \">\n\n                            \n                            <div class='headline ff-bebas-ds65 ff-uppercase''>Module 3<\/div>\n                            <div class='subheadline ff-bebas-ds30'>Le bras long<\/div>\n                            \n                            <div class='text ff-bodytext'><p>Le plus long que Bobo ait \u00e0 offrir. Plus de 2 m\u00e8tres peuvent \u00eatre charg\u00e9s sur cette rallonge. <\/p>\n<ul>\n<li>Support pour deux bidons d&rsquo;eau douce de 20 litres avec robinet (bidon inclus)<\/li>\n<li>Espace de rangement suppl\u00e9mentaire<\/li>\n<\/ul>\n<\/div>\n                            \n                        <\/div>\n\n                        \n                    <\/div>\n\n                \n            <\/section>\n\n            \n\n\n\n\n                        \n            \n            <section class=\"block-media cnt-2 block-media-mobile-sort-213 blockheight-laptop-16-9 blockheight-tablet-16-9 blockheight-mobile-16-9 blockstyle-highlight block-media-width-right-big\" style=\"margin-top: 80px\">\n\n                \n                \n                    \n                    <div class=\"media media-0 \">\n\n                        \n\n                        \n                        <div class=\"overlay                              s1x-tovp-tablapdesk-cr                            s1x-tovp-mob-cl\n                            \">\n\n                            \n                            <div class='headline ff-bebas-ds65 ff-uppercase''>Module 4<\/div>\n                            <div class='subheadline ff-bebas-ds30'>  Le bras droit de la Cooking Station<\/div>\n                            \n                            <div class='text ff-bodytext'><p>Assez long pour le r\u00e9frig\u00e9rateur et le barbecue. Ces deux \u00e9l\u00e9ments ne doivent pas manquer. <\/p>\n<ul>\n<li>Espace pour barbecue \u00e0 gaz ou Eurobox (non inclus)<\/li>\n<li>Deux tiroirs verrouillables pour charges lourdes pouvant supporter jusqu&rsquo;\u00e0 220 kg et enti\u00e8rement extensibles<\/li>\n<li>Fond quadrill\u00e9 pour s\u00e9curiser le chargement<\/li>\n<li>(AddOn payant) Glaci\u00e8re \u00e0 compresseur MaxiFreezer 50 avec compartiment de r\u00e9frig\u00e9ration de 9 litres et compartiment de cong\u00e9lation de 41 litres et le support correspondant<\/li>\n<\/ul>\n<\/div>\n                            \n                        <\/div>\n\n                        \n                    <\/div>\n\n                \n                    \n                    <div class=\"media media-1 has-media\">\n\n                        \n\n                        \n                            \n                            <picture class=\"s1x-picture-cover jshook-provide-hq-after-dom-loaded \">\n                                <source srcset-hq=\"https:\/\/vanme.de\/wp-content\/uploads\/2025\/09\/bobo-l-modul5.jpg\"\n                                        width=\"1500\"\n                                        height=\"844\">\n\n                                \n                                <source srcset-hq=\"https:\/\/vanme.de\/wp-content\/uploads\/2025\/09\/bobo-l-modul5.jpg.webp\"\n                                        width=\"1500\"\n                                        height=\"844\"\n                                        type=\"image\/webp\">\n\n                                                                <img decoding=\"async\" loading=\"lazy\"\n                                     src=\"https:\/\/vanme.de\/wp-content\/uploads\/2025\/09\/bobo-l-modul5.jpg\"\n                                     width=\"1500\"\n                                     height=\"844\"\n                                     alt=\"\">\n                            <\/picture>\n\n                        \n                        <div class=\"overlay s1x-absolute-100 has-media                            s1x-tovp-tablapdesk-cc                            s1x-tovp-mob-cc\n                            \">\n\n                            \n                            \n                            \n                            \n                            \n                            \n                        <\/div>\n\n                        \n                    <\/div>\n\n                \n            <\/section>\n\n            \n\n\n    <section class=\"block-contact\" style=\"margin-top: 80px\">\n\n\n        <div class=\"block-inner\">\n\n                            <div class=\"bookmark\">\n                    <div class=\"cssimg-bookmark cssimg-contain-center-norepeat jshook-bookmark-add\"\n                         data-bookmark-headline=\"Remorque BOBO L+ Info\"\n                         data-bookmark-content=\"Je demande des informations suppl\u00e9mentaires sur BOBO L+.\">\n                    <\/div>\n                    <div class=\"text ff-bodytext\">Notez la remorque BOBO L+ pour votre demande de renseignements<\/div>\n                <\/div>\n\n            \n\n                            <div class=\"text ff-bodytext\">Vous voulez votre propre BOBO ? Faites une demande pour clarifier toutes les questions en suspens. C&rsquo;est la premi\u00e8re \u00e9tape pour que BOBO vous suive bient\u00f4t dans vos aventures.  <\/div>\n                <a class=\"s1x-button btn-white-do\" href=\"https:\/\/vanme.de\/fr\/contact\/\">\n                    Contact                <\/a>\n            \n        <\/div>\n\n        \n        <picture class=\"s1x-picture-cover-absolute jshook-provide-hq-after-dom-loaded\">\n            <source srcset-hq=\"https:\/\/vanme.de\/wp-content\/uploads\/2025\/05\/bobo-lplus-portugal-outlook3.jpg\"\n                    width=\"1920\"\n                    height=\"1080\">\n\n            \n            <source srcset-hq=\"https:\/\/vanme.de\/wp-content\/uploads\/2025\/05\/bobo-lplus-portugal-outlook3.jpg.webp\"\n                    width=\"1920\"\n                    height=\"1080\"\n                    type=\"image\/webp\">\n\n                        <img loading=\"lazy\" decoding=\"async\" src=\"https:\/\/vanme.de\/wp-content\/uploads\/2025\/05\/bobo-lplus-portugal-outlook3.jpg\"\n                 width=\"1920\"\n                 height=\"1080\"\n                 alt=\"\">\n        <\/picture>\n\n\n    <\/section>\n\n\n","protected":false},"excerpt":{"rendered":"","protected":false},"author":1,"featured_media":0,"parent":9768,"menu_order":0,"comment_status":"closed","ping_status":"closed","template":"","meta":{"_acf_changed":false,"footnotes":""},"class_list":["post-13786","page","type-page","status-publish","hentry"],"acf":[],"_links":{"self":[{"href":"https:\/\/vanme.de\/fr\/wp-json\/wp\/v2\/pages\/13786","targetHints":{"allow":["GET"]}}],"collection":[{"href":"https:\/\/vanme.de\/fr\/wp-json\/wp\/v2\/pages"}],"about":[{"href":"https:\/\/vanme.de\/fr\/wp-json\/wp\/v2\/types\/page"}],"author":[{"embeddable":true,"href":"https:\/\/vanme.de\/fr\/wp-json\/wp\/v2\/users\/1"}],"replies":[{"embeddable":true,"href":"https:\/\/vanme.de\/fr\/wp-json\/wp\/v2\/comments?post=13786"}],"version-history":[{"count":4,"href":"https:\/\/vanme.de\/fr\/wp-json\/wp\/v2\/pages\/13786\/revisions"}],"predecessor-version":[{"id":14361,"href":"https:\/\/vanme.de\/fr\/wp-json\/wp\/v2\/pages\/13786\/revisions\/14361"}],"up":[{"embeddable":true,"href":"https:\/\/vanme.de\/fr\/wp-json\/wp\/v2\/pages\/9768"}],"wp:attachment":[{"href":"https:\/\/vanme.de\/fr\/wp-json\/wp\/v2\/media?parent=13786"}],"curies":[{"name":"wp","href":"https:\/\/api.w.org\/{rel}","templated":true}]}}