{"id":13760,"date":"2025-05-20T15:04:10","date_gmt":"2025-05-20T13:04:10","guid":{"rendered":"https:\/\/devbox2.mc8pm.com\/specialisation\/"},"modified":"2026-03-16T18:24:18","modified_gmt":"2026-03-16T17:24:18","slug":"specialisation","status":"publish","type":"page","link":"https:\/\/vanme.de\/fr\/specialisation\/","title":{"rendered":"Sp\u00e9cialisation"},"content":{"rendered":"\n\n\n                        \n            \n            <section class=\"block-media cnt-1 block-media-mobile-sort- blockheight-laptop-60vh blockheight-tablet-1-1 blockheight-mobile-2-3 blockstyle-highlight block-media-width-\" style=\"margin-top: 0px\">\n\n                \n                \n                    \n                    <div class=\"media media-0 has-media\">\n\n                        \n\n                        \n                            <div class=\"s1x-video\">\n                                <video class=\"jshook-play-video-when-in-viewport \"\n                                       playsinline muted loop\n                                       width=\"1000\"\n                                       height=\"720\"\n                                       preload=\"none\"\n                                       poster=\"https:\/\/vanme.de\/wp-content\/uploads\/2025\/08\/Specialisation-Video-CAD-CAM-Aufnahmen_poster.jpg\">\n                                    <source src=\"https:\/\/vanme.de\/wp-content\/uploads\/2025\/08\/Specialisation-Video-CAD-CAM-Aufnahmen30MB.mp4\">\n                                <\/video>\n                            <\/div>\n\n                        \n                        <div class=\"overlay s1x-absolute-100 has-media                            s1x-tovp-tablapdesk-cc                            s1x-tovp-mob-cc\n                            \">\n\n                            \n                            \n                            \n                            \n                            \n                            \n                        <\/div>\n\n                        \n                    <\/div>\n\n                \n            <\/section>\n\n            \n\n\n    <section class=\"block-text center area-align-center\" style=\"margin-top: 80px; max-width: 1600px\">\n\n        \n                                \n                                            <h1 class=\"ff-bebas-ds80 ff-uppercase hlsize-\"><span class=\"ff-thin ff-nocasechange\">Pourquoi<\/span> VANME ?<\/h1>\n                    \n                    <div class=\"ff-bebas-ds30\">Des sp\u00e9cialistes pour les individualistes<\/div>\n        \n        <div class=\"ff-bodytext \">\n                    <\/div>\n\n\n                \n    <\/section>\n\n\n\n\n\n                        \n            \n            <section class=\"block-media cnt-2 block-media-mobile-sort-123 blockheight-laptop-16-9 blockheight-tablet-16-9 blockheight-mobile-none blockstyle-highlight block-media-width-right-big\" style=\"margin-top: 0px\">\n\n                \n                \n                    \n                    <div class=\"media media-0 has-media\">\n\n                        \n\n                        \n                            <div class=\"s1x-video-uncut\">\n                                <video class=\"jshook-play-video-when-in-viewport \"\n                                       playsinline muted loop\n                                       width=\"1000\"\n                                       height=\"720\"\n                                       preload=\"none\"\n                                       poster=\"https:\/\/vanme.de\/wp-content\/uploads\/2025\/04\/webuildmemories_poster.jpg\">\n                                    <source src=\"https:\/\/vanme.de\/wp-content\/uploads\/2025\/10\/specialization-specialists-for-individualists-5MB.mp4\">\n                                <\/video>\n                            <\/div>\n\n                        \n                        <div class=\"overlay s1x-absolute-100 has-media                            s1x-tovp-tablapdesk-tl                            s1x-tovp-mob-tl\n                            \">\n\n                            \n                            \n                            \n                            \n                            \n                            \n                        <\/div>\n\n                        \n                    <\/div>\n\n                \n                    \n                    <div class=\"media media-1 \">\n\n                        \n\n                        \n                        <div class=\"overlay                              s1x-tovp-tablapdesk-cl                            s1x-tovp-mob-cl\n                            \">\n\n                            \n                            <div class='headline ff-bebas-ds65 ff-uppercase''><span class=\"ff-thin\">La vraie libert\u00e9 commence <\/span> l\u00e0 o\u00f9 la norme s&rsquo;arr\u00eate.<\/div>\n                            \n                            \n                            <div class='text ff-bodytext'><p>Chez nous, la technologie de fabrication la plus moderne rencontre l&rsquo;artisanat authentique. D\u00e9velopp\u00e9s avec les derni\u00e8res techniques 3D et fabriqu\u00e9s sur des machines de haute pr\u00e9cision, les camping-cars VANME sont aussi uniques que leurs propri\u00e9taires.  Notre m\u00e9tier : des solutions personnalis\u00e9es qui allient parfaitement design, fonctionnalit\u00e9 et personnalit\u00e9.  <\/p>\n<p><span class=\"ff-bold ff-uppercase\">Dans ce processus, nous nous appuyons sur quatre valeurs essentielles.<\/span><\/p>\n<\/div>\n                            \n                        <\/div>\n\n                        \n                    <\/div>\n\n                \n            <\/section>\n\n            \n\n\n\n\n                        \n            \n            <section class=\"block-media cnt-2 block-media-mobile-sort-123 blockheight-laptop-15-19 blockheight-tablet-15-19 blockheight-mobile-15-19 blockstyle-marginalized block-media-width-same-width\" style=\"margin-top: 80px\">\n\n                \n                \n                    \n                    <div class=\"media media-0 has-media\">\n\n                        \n\n                        \n                            \n                            <picture class=\"s1x-picture-cover jshook-provide-hq-after-dom-loaded \">\n                                <source srcset-hq=\"https:\/\/vanme.de\/wp-content\/uploads\/2025\/09\/DSC07425-cutright.jpg\"\n                                        width=\"1400\"\n                                        height=\"1900\">\n\n                                \n                                <source srcset-hq=\"https:\/\/vanme.de\/wp-content\/uploads\/2025\/09\/DSC07425-cutright.jpg.webp\"\n                                        width=\"1400\"\n                                        height=\"1900\"\n                                        type=\"image\/webp\">\n\n                                                                <img decoding=\"async\" loading=\"lazy\"\n                                     src=\"https:\/\/vanme.de\/wp-content\/uploads\/2025\/09\/DSC07425-cutright.jpg\"\n                                     width=\"1400\"\n                                     height=\"1900\"\n                                     alt=\"\">\n                            <\/picture>\n\n                        \n                        <div class=\"overlay s1x-absolute-100 has-media                            s1x-tovp-tablapdesk-tc                            s1x-tovp-mob-tl\n                            \">\n\n                            \n                            <div class='headline ff-bebas-ds65-drop ff-uppercase''>Fonctionnalit\u00e9<\/div>\n                            \n                            \n                            \n                            \n                        <\/div>\n\n                        \n                    <\/div>\n\n                \n                    \n                    <div class=\"media media-1 has-media\">\n\n                        \n\n                        \n                            \n                            <picture class=\"s1x-picture-cover jshook-provide-hq-after-dom-loaded \">\n                                <source srcset-hq=\"https:\/\/vanme.de\/wp-content\/uploads\/2026\/03\/niffler-slider-precision-0604.jpg\"\n                                        width=\"1619\"\n                                        height=\"1080\">\n\n                                \n                                <source srcset-hq=\"https:\/\/vanme.de\/wp-content\/uploads\/2026\/03\/niffler-slider-precision-0604.jpg.webp\"\n                                        width=\"1619\"\n                                        height=\"1080\"\n                                        type=\"image\/webp\">\n\n                                                                <img decoding=\"async\" loading=\"lazy\"\n                                     src=\"https:\/\/vanme.de\/wp-content\/uploads\/2026\/03\/niffler-slider-precision-0604.jpg\"\n                                     width=\"1619\"\n                                     height=\"1080\"\n                                     alt=\"\">\n                            <\/picture>\n\n                        \n                        <div class=\"overlay s1x-absolute-100 has-media                            s1x-tovp-tablapdesk-bc                            s1x-tovp-mob-tr\n                            \">\n\n                            \n                            <div class='headline ff-bebas-ds65-drop ff-uppercase''>Pr\u00e9cision<\/div>\n                            \n                            \n                            \n                            \n                        <\/div>\n\n                        \n                    <\/div>\n\n                \n            <\/section>\n\n            \n\n\n\n\n                        \n            \n            <section class=\"block-media cnt-2 block-media-mobile-sort-123 blockheight-laptop-15-19 blockheight-tablet-15-19 blockheight-mobile-15-19 blockstyle-marginalized block-media-width-same-width\" style=\"margin-top: 0px\">\n\n                \n                \n                    \n                    <div class=\"media media-0 has-media\">\n\n                        \n\n                        \n                            \n                            <picture class=\"s1x-picture-cover jshook-provide-hq-after-dom-loaded \">\n                                <source srcset-hq=\"https:\/\/vanme.de\/wp-content\/uploads\/2025\/09\/ClaimVideo-Prosit-Erinnerungen.jpg\"\n                                        width=\"1400\"\n                                        height=\"1900\">\n\n                                \n                                <source srcset-hq=\"https:\/\/vanme.de\/wp-content\/uploads\/2025\/09\/ClaimVideo-Prosit-Erinnerungen.jpg.webp\"\n                                        width=\"1400\"\n                                        height=\"1900\"\n                                        type=\"image\/webp\">\n\n                                                                <img decoding=\"async\" loading=\"lazy\"\n                                     src=\"https:\/\/vanme.de\/wp-content\/uploads\/2025\/09\/ClaimVideo-Prosit-Erinnerungen.jpg\"\n                                     width=\"1400\"\n                                     height=\"1900\"\n                                     alt=\"\">\n                            <\/picture>\n\n                        \n                        <div class=\"overlay s1x-absolute-100 has-media                            s1x-tovp-tablapdesk-tc                            s1x-tovp-mob-tl\n                            \">\n\n                            \n                            <div class='headline ff-bebas-ds65-drop ff-uppercase''>Construire des m\u00e9moires<\/div>\n                            \n                            \n                            \n                            \n                        <\/div>\n\n                        \n                    <\/div>\n\n                \n                    \n                    <div class=\"media media-1 has-media\">\n\n                        \n\n                        \n                            \n                            <picture class=\"s1x-picture-cover jshook-provide-hq-after-dom-loaded \">\n                                <source srcset-hq=\"https:\/\/vanme.de\/wp-content\/uploads\/2025\/09\/DSC07191-cut1.jpg\"\n                                        width=\"1400\"\n                                        height=\"1900\">\n\n                                \n                                <source srcset-hq=\"https:\/\/vanme.de\/wp-content\/uploads\/2025\/09\/DSC07191-cut1.jpg.webp\"\n                                        width=\"1400\"\n                                        height=\"1900\"\n                                        type=\"image\/webp\">\n\n                                                                <img decoding=\"async\" loading=\"lazy\"\n                                     src=\"https:\/\/vanme.de\/wp-content\/uploads\/2025\/09\/DSC07191-cut1.jpg\"\n                                     width=\"1400\"\n                                     height=\"1900\"\n                                     alt=\"\">\n                            <\/picture>\n\n                        \n                        <div class=\"overlay s1x-absolute-100 has-media                            s1x-tovp-tablapdesk-bc                            s1x-tovp-mob-tr\n                            \">\n\n                            \n                            <div class='headline ff-bebas-ds65-drop ff-uppercase''>L&rsquo;amour du design<\/div>\n                            \n                            \n                            \n                            \n                        <\/div>\n\n                        \n                    <\/div>\n\n                \n            <\/section>\n\n            \n\n\n    <section class=\"block-text center area-align-center\" style=\"margin-top: 80px; max-width: 1600px\">\n\n        \n                                \n                                            <h2 class=\"ff-bebas-ds80 ff-uppercase hlsize-\"><span class=\"ff-thin\">Ces valeurs constituent<\/span> notre ADN<\/h2>\n                    \n        \n        <div class=\"ff-bodytext \">\n                    <\/div>\n\n\n                \n    <\/section>\n\n\n\n\n\n                        \n            \n            <section class=\"block-media cnt-2 block-media-mobile-sort-123 blockheight-laptop-16-9 blockheight-tablet-16-9 blockheight-mobile-none blockstyle-highlight block-media-width-right-big\" style=\"margin-top: 80px\">\n\n                \n                \n                    \n                    <div class=\"media media-0 has-media\">\n\n                        \n\n                        \n                            <div class=\"s1x-video-uncut\">\n                                <video class=\"jshook-play-video-when-in-viewport \"\n                                       playsinline muted loop\n                                       width=\"1000\"\n                                       height=\"720\"\n                                       preload=\"none\"\n                                       poster=\"https:\/\/vanme.de\/wp-content\/uploads\/2025\/04\/webuildmemories_poster.jpg\">\n                                    <source src=\"https:\/\/vanme.de\/wp-content\/uploads\/2025\/10\/specialization-individual-product-5MB.mp4\">\n                                <\/video>\n                            <\/div>\n\n                        \n                        <div class=\"overlay s1x-absolute-100 has-media                            s1x-tovp-tablapdesk-cc                            s1x-tovp-mob-cc\n                            \">\n\n                            \n                            \n                            \n                            \n                            \n                            \n                        <\/div>\n\n                        \n                    <\/div>\n\n                \n                    \n                    <div class=\"media media-1 \">\n\n                        \n\n                        \n                        <div class=\"overlay                              s1x-tovp-tablapdesk-cl                            s1x-tovp-mob-cl\n                            \">\n\n                            \n                            <div class='headline ff-bebas-ds65 ff-uppercase''>Le moment<span class=\"ff-thin\"> o\u00f9 la libert\u00e9 prend forme.<\/span><\/div>\n                            \n                            \n                            <div class='text ff-bodytext'><p>Les revendications de VANME sont le leitmotiv de tout ce que nous faisons. Elles sont \u00e0 la fois une exigence et une promesse : chacun de nos v\u00e9hicules doit cr\u00e9er ce moment o\u00f9 le design, l&rsquo;artisanat et l&rsquo;\u00e9motion se fondent en une exp\u00e9rience unique. C&rsquo;est le moment o\u00f9 un client fait face \u00e0 son camping-car pour la premi\u00e8re fois - et sent imm\u00e9diatement qu&rsquo;il a quelque chose de sp\u00e9cial devant lui. Une pi\u00e8ce unique qui ne convainc pas seulement par sa forme et sa fonction, mais qui captive les sens et rend la libert\u00e9 tangible. Ce moment est au c\u0153ur de l&rsquo;ADN de chaque camping-car VANME.    <\/p>\n<\/div>\n                            \n                        <\/div>\n\n                        \n                    <\/div>\n\n                \n            <\/section>\n\n            \n\n\n\n\n                        \n            \n            <section class=\"block-media cnt-2 block-media-mobile-sort-213 blockheight-laptop-16-9 blockheight-tablet-16-9 blockheight-mobile-none blockstyle-highlight block-media-width-same-width\" style=\"margin-top: 80px\">\n\n                \n                \n                    \n                    <div class=\"media media-0 \">\n\n                        \n\n                        \n                        <div class=\"overlay                              s1x-tovp-tablapdesk-cl                            s1x-tovp-mob-cl\n                            \">\n\n                            \n                            <div class='headline ff-bebas-ds65 ff-uppercase''><span class=\"ff-thin\">Le c\u00f4ne de l&rsquo;<\/span> individualit\u00e9<\/div>\n                            \n                            \n                            <div class='text ff-bodytext'><p>Un camping-car VANME est toujours une pi\u00e8ce unique, fabriqu\u00e9e selon vos propres id\u00e9es. Mais cette individualit\u00e9 repr\u00e9sente aussi un d\u00e9fi particulier : chaque souhait, chaque d\u00e9tail, chaque nouvelle id\u00e9e modifie le d\u00e9roulement du projet. Dans le monde professionnel, on parle ici de \u00ab\u00a0Cone of Uncertainty\" - plus un projet est individuel, plus les incertitudes de planification en termes d&rsquo;effort et de temps sont grandes au d\u00e9but. Au fur et \u00e0 mesure que vous prenez des d\u00e9cisions, le couloir se r\u00e9tr\u00e9cit et s&rsquo;\u00e9claircit jusqu&rsquo;\u00e0 ce que vous obteniez une pi\u00e8ce unique qui vous ressemble. Le chemin \u00e0 parcourir est donc aussi unique que votre van.    <\/p>\n<\/div>\n                            \n                        <\/div>\n\n                        \n                    <\/div>\n\n                \n                    \n                    <div class=\"media media-1 has-media\">\n\n                        \n\n                        \n                            <div class=\"s1x-video-uncut\">\n                                <video class=\"jshook-play-video-when-in-viewport \"\n                                       playsinline muted loop\n                                       width=\"1000\"\n                                       height=\"720\"\n                                       preload=\"none\"\n                                       poster=\"https:\/\/vanme.de\/wp-content\/uploads\/2025\/10\/specialization-cone-of-uncertainty-5mb-poster.jpg\">\n                                    <source src=\"https:\/\/vanme.de\/wp-content\/uploads\/2025\/10\/specialization-cone-of-uncertainty-5mb.mp4\">\n                                <\/video>\n                            <\/div>\n\n                        \n                        <div class=\"overlay s1x-absolute-100 has-media                            s1x-tovp-tablapdesk-cc                            s1x-tovp-mob-cc\n                            \">\n\n                            \n                            \n                            \n                            \n                            \n                            \n                        <\/div>\n\n                        \n                    <\/div>\n\n                \n            <\/section>\n\n            \n\n\n    <section class=\"block-text center area-align-center\" style=\"margin-top: 80px; max-width: 1600px\">\n\n        \n                                \n                                            <h2 class=\"ff-bebas-ds80 ff-uppercase hlsize-\">Un processus <span class=\"ff-thin\">structur\u00e9<\/span>. Un savoir-faire <span class=\"ff-thin\">pr\u00e9cis<\/span>. Des r\u00e9sultats <span class=\"ff-thin\">uniques<\/span>.<\/h2>\n                    \n        \n        <div class=\"ff-bodytext \">\n            <p>Chez VANME, la cr\u00e9ation d&rsquo;un camping-car personnalis\u00e9 est un processus clairement structur\u00e9. Tout commence par l&rsquo;inspiration : au cours d&rsquo;entretiens intensifs, nous recueillons vos souhaits, vos id\u00e9es et vos conceptions. Il en r\u00e9sulte un premier concept qui donne les grandes lignes et d\u00e9finit la direction \u00e0 suivre. Vient ensuite le travail de d\u00e9tail - \u00e0 l&rsquo;aide des techniques 3D les plus modernes, nous visualisons votre projet et harmonisons les mat\u00e9riaux, les fonctions et le design \u00e9tape par \u00e9tape. Chaque d\u00e9cision prise r\u00e9duit les incertitudes initiales et apporte de la clart\u00e9. C&rsquo;est sur cette base que commence la fabrication : des machines ultramodernes et un artisanat de pr\u00e9cision font de votre v\u00e9hicule une pi\u00e8ce v\u00e9ritablement unique. Au final, vous recevez un camping-car qui r\u00e9pond non seulement aux normes les plus strictes, mais qui est \u00e9galement con\u00e7u sur mesure pour vous et pr\u00eat \u00e0 cr\u00e9er des souvenirs inoubliables.      <\/p>\n        <\/div>\n\n\n                \n    <\/section>\n\n\n\n    <section class=\"block-contact\" style=\"margin-top: 80px\">\n\n\n        <div class=\"block-inner\">\n\n            \n\n                            <div class=\"text ff-bodytext\">Vous voulez votre <span class=\"ff-bold ff-uppercase\">propre camping-car<\/span>? Alors contactez-nous d\u00e8s maintenant pour garantir votre espace d&rsquo;extension. <\/div>\n                <a class=\"s1x-button btn-white-do\" href=\"https:\/\/vanme.de\/fr\/contact\/\">\n                    Contact                <\/a>\n            \n        <\/div>\n\n        \n        <picture class=\"s1x-picture-cover-absolute jshook-provide-hq-after-dom-loaded\">\n            <source srcset-hq=\"https:\/\/vanme.de\/wp-content\/uploads\/2026\/03\/niffler-contact-area-recut-0367.jpg\"\n                    width=\"1920\"\n                    height=\"1080\">\n\n            \n            <source srcset-hq=\"https:\/\/vanme.de\/wp-content\/uploads\/2026\/03\/niffler-contact-area-recut-0367.jpg.webp\"\n                    width=\"1920\"\n                    height=\"1080\"\n                    type=\"image\/webp\">\n\n                        <img loading=\"lazy\" decoding=\"async\" src=\"https:\/\/vanme.de\/wp-content\/uploads\/2026\/03\/niffler-contact-area-recut-0367.jpg\"\n                 width=\"1920\"\n                 height=\"1080\"\n                 alt=\"\">\n        <\/picture>\n\n\n    <\/section>\n\n\n","protected":false},"excerpt":{"rendered":"","protected":false},"author":1,"featured_media":7804,"parent":0,"menu_order":0,"comment_status":"closed","ping_status":"closed","template":"","meta":{"_acf_changed":false,"footnotes":""},"class_list":["post-13760","page","type-page","status-publish","has-post-thumbnail","hentry"],"acf":[],"_links":{"self":[{"href":"https:\/\/vanme.de\/fr\/wp-json\/wp\/v2\/pages\/13760","targetHints":{"allow":["GET"]}}],"collection":[{"href":"https:\/\/vanme.de\/fr\/wp-json\/wp\/v2\/pages"}],"about":[{"href":"https:\/\/vanme.de\/fr\/wp-json\/wp\/v2\/types\/page"}],"author":[{"embeddable":true,"href":"https:\/\/vanme.de\/fr\/wp-json\/wp\/v2\/users\/1"}],"replies":[{"embeddable":true,"href":"https:\/\/vanme.de\/fr\/wp-json\/wp\/v2\/comments?post=13760"}],"version-history":[{"count":18,"href":"https:\/\/vanme.de\/fr\/wp-json\/wp\/v2\/pages\/13760\/revisions"}],"predecessor-version":[{"id":21530,"href":"https:\/\/vanme.de\/fr\/wp-json\/wp\/v2\/pages\/13760\/revisions\/21530"}],"wp:featuredmedia":[{"embeddable":true,"href":"https:\/\/vanme.de\/fr\/wp-json\/wp\/v2\/media\/7804"}],"wp:attachment":[{"href":"https:\/\/vanme.de\/fr\/wp-json\/wp\/v2\/media?parent=13760"}],"curies":[{"name":"wp","href":"https:\/\/api.w.org\/{rel}","templated":true}]}}