{"id":13730,"date":"2025-03-25T19:09:13","date_gmt":"2025-03-25T18:09:13","guid":{"rendered":"https:\/\/devbox2.mc8pm.com\/collabs-partners\/vanme-sca\/"},"modified":"2026-03-03T15:52:25","modified_gmt":"2026-03-03T14:52:25","slug":"vanme-sca","status":"publish","type":"page","link":"https:\/\/vanme.de\/fr\/collabs-partners\/vanme-sca\/","title":{"rendered":"VANME &amp; SCA"},"content":{"rendered":"\n\n\n                        \n            \n            <section class=\"block-media cnt-1 block-media-mobile-sort- blockheight-laptop-60vh blockheight-tablet-60vh blockheight-mobile-60vh blockstyle-highlight block-media-width-\" style=\"margin-top: 0px\">\n\n                \n                \n                    \n                    <div class=\"media media-0 has-media\">\n\n                        \n\n                        \n                            \n                            <picture class=\"s1x-picture-cover jshook-provide-hq-after-dom-loaded \">\n                                <source srcset-hq=\"https:\/\/vanme.de\/wp-content\/uploads\/2025\/10\/sca-Vanme_Ducato_2024_01-header-cut.jpg\"\n                                        width=\"1920\"\n                                        height=\"816\">\n\n                                \n                                <source srcset-hq=\"https:\/\/vanme.de\/wp-content\/uploads\/2025\/10\/sca-Vanme_Ducato_2024_01-header-cut.jpg.webp\"\n                                        width=\"1920\"\n                                        height=\"816\"\n                                        type=\"image\/webp\">\n\n                                                                <img decoding=\"async\" loading=\"lazy\"\n                                     src=\"https:\/\/vanme.de\/wp-content\/uploads\/2025\/10\/sca-Vanme_Ducato_2024_01-header-cut.jpg\"\n                                     width=\"1920\"\n                                     height=\"816\"\n                                     alt=\"\">\n                            <\/picture>\n\n                        \n                        <div class=\"overlay s1x-absolute-100 has-media                            s1x-tovp-tablapdesk-cc                            s1x-tovp-mob-cc\n                            \">\n\n                            \n                            \n                            \n                            \n                            \n                            \n                        <\/div>\n\n                        \n                    <\/div>\n\n                \n            <\/section>\n\n            \n\n\n    <section class=\"block-breadcrumb  area-align-\" style=\"margin-top: 40px; max-width: ;\">\n\n        <nav aria-label=\"breadcrumbs\" class=\"rank-math-breadcrumb\"><p><span class=\"last\">Accueil<\/span><\/p><\/nav>\n    <\/section>\n\n\n\n    <section class=\"block-text left area-align-center\" style=\"margin-top: 80px; max-width: 900px\">\n\n        \n                                \n                                            <h1 class=\"ff-bebas-ds80 ff-uppercase hlsize-\">VANME &amp; SCA<\/h1>\n                    \n                    <div class=\"ff-bebas-ds30\"><span class=\"ff-thin\">Plus d&rsquo;espace pour la libert\u00e9<\/span><\/div>\n        \n        <div class=\"ff-bodytext \">\n            <p>Chez VANME, nous concevons des camping-cars qui s\u00e9duisent non seulement par leur design et leur confort, mais qui offrent \u00e9galement une fonctionnalit\u00e9 maximale. L&rsquo;espace de vie et de couchage suppl\u00e9mentaire, que nous r\u00e9alisons avec des toits relevables et des toits sur\u00e9lev\u00e9s de haute qualit\u00e9, est un \u00e9l\u00e9ment central \u00e0 cet \u00e9gard. <\/p>\n        <\/div>\n\n\n                \n    <\/section>\n\n\n\n    <section class=\"block-imageslider flickity-imageslider-carousel\" style=\"margin-top: 80px\">\n\n                                    \n                \n                    <div class=\"carousel-cell\">\n\n                        \n                        \n                            \n                            <picture class=\"jshook-provide-hq-after-dom-loaded\">\n                                <source srcset-hq=\"https:\/\/vanme.de\/wp-content\/uploads\/2025\/10\/sca-Vanme_EQV_300_5_juli_23-3-slider-cut.jpg\"\n                                        width=\"2066\"\n                                        height=\"1300\">\n                                <source srcset-hq=\"https:\/\/vanme.de\/wp-content\/uploads\/2025\/10\/sca-Vanme_EQV_300_5_juli_23-3-slider-cut.jpg.webp\"\n                                        width=\"2066\"\n                                        height=\"1300\"\n                                        type=\"image\/webp\">\n\n                                <source srcset=\"https:\/\/vanme.de\/wp-content\/uploads\/2025\/10\/sca-Vanme_EQV_300_5_juli_23-3-slider-cut.jpg\"\n                                        width=\"2066\"\n                                        height=\"1300\">\n\n                                <img loading=\"lazy\" decoding=\"async\"                                         src=\"https:\/\/vanme.de\/wp-content\/uploads\/2025\/10\/sca-Vanme_EQV_300_5_juli_23-3-slider-cut.jpg\"\n                                        width=\"2066\"\n                                        height=\"1300\"\n                                        alt=\"\">\n                            <\/picture>\n\n\n                        \n                    <\/div>\n\n                \n                    <div class=\"carousel-cell\">\n\n                        \n                        \n                            \n                            <picture class=\"jshook-provide-hq-after-dom-loaded\">\n                                <source srcset-hq=\"https:\/\/vanme.de\/wp-content\/uploads\/2025\/10\/sca-Vanme_EQV_300_5_juli_23-4-slider-cut.jpg\"\n                                        width=\"2053\"\n                                        height=\"1300\">\n                                <source srcset-hq=\"https:\/\/vanme.de\/wp-content\/uploads\/2025\/10\/sca-Vanme_EQV_300_5_juli_23-4-slider-cut.jpg.webp\"\n                                        width=\"2053\"\n                                        height=\"1300\"\n                                        type=\"image\/webp\">\n\n                                <source srcset=\"https:\/\/vanme.de\/wp-content\/uploads\/2025\/10\/sca-Vanme_EQV_300_5_juli_23-4-slider-cut.jpg\"\n                                        width=\"2053\"\n                                        height=\"1300\">\n\n                                <img loading=\"lazy\" decoding=\"async\"                                         src=\"https:\/\/vanme.de\/wp-content\/uploads\/2025\/10\/sca-Vanme_EQV_300_5_juli_23-4-slider-cut.jpg\"\n                                        width=\"2053\"\n                                        height=\"1300\"\n                                        alt=\"\">\n                            <\/picture>\n\n\n                        \n                    <\/div>\n\n                \n                    <div class=\"carousel-cell\">\n\n                        \n                        \n                            \n                            <picture class=\"jshook-provide-hq-after-dom-loaded\">\n                                <source srcset-hq=\"https:\/\/vanme.de\/wp-content\/uploads\/2025\/10\/sca-Vanme_Ducato_2024_16-slider-cut.jpg\"\n                                        width=\"1066\"\n                                        height=\"1300\">\n                                <source srcset-hq=\"https:\/\/vanme.de\/wp-content\/uploads\/2025\/10\/sca-Vanme_Ducato_2024_16-slider-cut.jpg.webp\"\n                                        width=\"1066\"\n                                        height=\"1300\"\n                                        type=\"image\/webp\">\n\n                                <source srcset=\"https:\/\/vanme.de\/wp-content\/uploads\/2025\/10\/sca-Vanme_Ducato_2024_16-slider-cut.jpg\"\n                                        width=\"1066\"\n                                        height=\"1300\">\n\n                                <img loading=\"lazy\" decoding=\"async\"                                         src=\"https:\/\/vanme.de\/wp-content\/uploads\/2025\/10\/sca-Vanme_Ducato_2024_16-slider-cut.jpg\"\n                                        width=\"1066\"\n                                        height=\"1300\"\n                                        alt=\"\">\n                            <\/picture>\n\n\n                        \n                    <\/div>\n\n                \n                    <div class=\"carousel-cell\">\n\n                        \n                        \n                            \n                            <picture class=\"jshook-provide-hq-after-dom-loaded\">\n                                <source srcset-hq=\"https:\/\/vanme.de\/wp-content\/uploads\/2025\/10\/sca-Vanme_Ducato_2024_04-slider-resize.jpg\"\n                                        width=\"1950\"\n                                        height=\"1300\">\n                                <source srcset-hq=\"https:\/\/vanme.de\/wp-content\/uploads\/2025\/10\/sca-Vanme_Ducato_2024_04-slider-resize.jpg.webp\"\n                                        width=\"1950\"\n                                        height=\"1300\"\n                                        type=\"image\/webp\">\n\n                                <source srcset=\"https:\/\/vanme.de\/wp-content\/uploads\/2025\/10\/sca-Vanme_Ducato_2024_04-slider-resize.jpg\"\n                                        width=\"1950\"\n                                        height=\"1300\">\n\n                                <img decoding=\"async\" loading=\"lazy\"                                        src=\"https:\/\/vanme.de\/wp-content\/uploads\/2025\/10\/sca-Vanme_Ducato_2024_04-slider-resize.jpg\"\n                                        width=\"1950\"\n                                        height=\"1300\"\n                                        alt=\"\">\n                            <\/picture>\n\n\n                        \n                    <\/div>\n\n                \n                    <div class=\"carousel-cell\">\n\n                        \n                        \n                            \n                            <picture class=\"jshook-provide-hq-after-dom-loaded\">\n                                <source srcset-hq=\"https:\/\/vanme.de\/wp-content\/uploads\/2025\/10\/sca-vanme_ducato_2024_02-slider-cut-scaled.jpg\"\n                                        width=\"2560\"\n                                        height=\"1109\">\n                                <source srcset-hq=\"https:\/\/vanme.de\/wp-content\/uploads\/2025\/10\/sca-vanme_ducato_2024_02-slider-cut-scaled.jpg.webp\"\n                                        width=\"2560\"\n                                        height=\"1109\"\n                                        type=\"image\/webp\">\n\n                                <source srcset=\"https:\/\/vanme.de\/wp-content\/uploads\/2025\/10\/sca-vanme_ducato_2024_02-slider-cut-scaled.jpg\"\n                                        width=\"2560\"\n                                        height=\"1109\">\n\n                                <img decoding=\"async\" loading=\"lazy\"                                        src=\"https:\/\/vanme.de\/wp-content\/uploads\/2025\/10\/sca-vanme_ducato_2024_02-slider-cut-scaled.jpg\"\n                                        width=\"2560\"\n                                        height=\"1109\"\n                                        alt=\"\">\n                            <\/picture>\n\n\n                        \n                    <\/div>\n\n                \n                    <div class=\"carousel-cell\">\n\n                        \n                        \n                            \n                            <picture class=\"jshook-provide-hq-after-dom-loaded\">\n                                <source srcset-hq=\"https:\/\/vanme.de\/wp-content\/uploads\/2025\/10\/sca-Vanme_EQV_300_5_juli_23-24-slider-cut.jpg\"\n                                        width=\"931\"\n                                        height=\"1300\">\n                                <source srcset-hq=\"https:\/\/vanme.de\/wp-content\/uploads\/2025\/10\/sca-Vanme_EQV_300_5_juli_23-24-slider-cut.jpg.webp\"\n                                        width=\"931\"\n                                        height=\"1300\"\n                                        type=\"image\/webp\">\n\n                                <source srcset=\"https:\/\/vanme.de\/wp-content\/uploads\/2025\/10\/sca-Vanme_EQV_300_5_juli_23-24-slider-cut.jpg\"\n                                        width=\"931\"\n                                        height=\"1300\">\n\n                                <img decoding=\"async\" loading=\"lazy\"                                        src=\"https:\/\/vanme.de\/wp-content\/uploads\/2025\/10\/sca-Vanme_EQV_300_5_juli_23-24-slider-cut.jpg\"\n                                        width=\"931\"\n                                        height=\"1300\"\n                                        alt=\"\">\n                            <\/picture>\n\n\n                        \n                    <\/div>\n\n                \n                    \n    <\/section>\n\n\n\n\n\n                        \n            \n            <section class=\"block-media cnt-2 block-media-mobile-sort-123 blockheight-laptop-16-9 blockheight-tablet-16-9 blockheight-mobile-16-9 blockstyle-highlight block-media-width-same-width\" style=\"margin-top: 80px\">\n\n                \n                \n                    \n                    <div class=\"media media-0 has-media\">\n\n                        \n\n                        \n                            \n                            <picture class=\"s1x-picture-cover jshook-provide-hq-after-dom-loaded \">\n                                <source srcset-hq=\"https:\/\/vanme.de\/wp-content\/uploads\/2025\/10\/logo-sca.png\"\n                                        width=\"1168\"\n                                        height=\"678\">\n\n                                \n                                <source srcset-hq=\"https:\/\/vanme.de\/wp-content\/uploads\/2025\/10\/logo-sca.png.webp\"\n                                        width=\"1168\"\n                                        height=\"678\"\n                                        type=\"image\/webp\">\n\n                                                                <img decoding=\"async\" loading=\"lazy\"\n                                     src=\"https:\/\/vanme.de\/wp-content\/uploads\/2025\/10\/logo-sca.png\"\n                                     width=\"1168\"\n                                     height=\"678\"\n                                     alt=\"\">\n                            <\/picture>\n\n                        \n                        <div class=\"overlay s1x-absolute-100 has-media                            s1x-tovp-tablapdesk-cl                            s1x-tovp-mob-cl\n                            \">\n\n                            \n                            \n                            \n                            \n                            \n                            \n                        <\/div>\n\n                        \n                    <\/div>\n\n                \n                    \n                    <div class=\"media media-1 \">\n\n                        \n\n                        \n                        <div class=\"overlay                              s1x-tovp-tablapdesk-cl                            s1x-tovp-mob-cl\n                            \">\n\n                            \n                            <div class='headline ff-bebas-ds65 ff-uppercase''>Deux marques, une exigence de qualit\u00e9<\/div>\n                            \n                            \n                            <div class='text ff-bodytext'><p>Pour ces solutions, nous faisons confiance \u00e0 SCA, l&rsquo;un des principaux fabricants de toits relevables et de toits sur\u00e9lev\u00e9s haut de gamme pour tous les fourgons courants. Les produits de SCA se distinguent par une fabrication pr\u00e9cise, des mat\u00e9riaux durables et une int\u00e9gration parfaite dans le design du v\u00e9hicule. <\/p>\n<p>Gr\u00e2ce \u00e0 ce partenariat, chez VANME, nous offrons \u00e0 nos clients des solutions de toitures de premi\u00e8re qualit\u00e9 qui allient id\u00e9alement confort, fonctionnalit\u00e9 et esth\u00e9tique.<\/p>\n<\/div>\n                            \n                        <\/div>\n\n                        \n                    <\/div>\n\n                \n            <\/section>\n\n            \n\n\n\n\n                        \n            \n            <section class=\"block-media cnt-1 block-media-mobile-sort- blockheight-laptop-none blockheight-tablet-none blockheight-mobile-none blockstyle-display block-media-width-\" style=\"margin-top: 80px\">\n\n                \n                \n                    \n                    <div class=\"media media-0 has-media\">\n\n                        \n\n                        \n                            \n                            <picture class=\"s1x-picture-cover jshook-provide-hq-after-dom-loaded \">\n                                <source srcset-hq=\"https:\/\/vanme.de\/wp-content\/uploads\/2025\/10\/sca-Vanme_EQV_300_5_juli_23-1-bpic-cut.jpg\"\n                                        width=\"1920\"\n                                        height=\"1483\">\n\n                                \n                                <source srcset-hq=\"https:\/\/vanme.de\/wp-content\/uploads\/2025\/10\/sca-Vanme_EQV_300_5_juli_23-1-bpic-cut.jpg.webp\"\n                                        width=\"1920\"\n                                        height=\"1483\"\n                                        type=\"image\/webp\">\n\n                                                                <img decoding=\"async\" loading=\"lazy\"\n                                     src=\"https:\/\/vanme.de\/wp-content\/uploads\/2025\/10\/sca-Vanme_EQV_300_5_juli_23-1-bpic-cut.jpg\"\n                                     width=\"1920\"\n                                     height=\"1483\"\n                                     alt=\"\">\n                            <\/picture>\n\n                        \n                        <div class=\"overlay s1x-absolute-100 has-media                            s1x-tovp-tablapdesk-tl                            s1x-tovp-mob-tl\n                            \">\n\n                            \n                            \n                            \n                            \n                            \n                            \n                        <\/div>\n\n                        \n                    <\/div>\n\n                \n            <\/section>\n\n            \n\n\n    <section class=\"block-text left area-align-center\" style=\"margin-top: 80px; max-width: 900px\">\n\n        \n                                \n                                            <h2 class=\"ff-bebas-ds80 ff-uppercase hlsize-\">Confort et qualit\u00e9 dans les moindres d\u00e9tails<\/h2>\n                    \n        \n        <div class=\"ff-bodytext \">\n            <p>Les toits relevables et les toits sur\u00e9lev\u00e9s de SCA sont synonymes d&rsquo;ing\u00e9nierie de pointe et de technologie \u00e9prouv\u00e9e. Ils offrent une construction robuste, une protection optimale contre les intemp\u00e9ries, une excellente isolation et des espaces de couchage confortables qui agrandissent consid\u00e9rablement l&rsquo;espace int\u00e9rieur du camping-car. <\/p>\n<p>Chez VANME, nous collaborons avec SCA pour faire en sorte que nos camping-cars ne soient pas seulement convaincants sur la route, mais aussi \u00e0 l&rsquo;arriv\u00e9e - avec plus d&rsquo;espace, plus de confort et une int\u00e9gration parfaite dans le design haut de gamme de nos v\u00e9hicules.<\/p>\n        <\/div>\n\n\n                \n    <\/section>\n\n\n\n    <section class=\"block-contact\" style=\"margin-top: 80px\">\n\n\n        <div class=\"block-inner\">\n\n            \n\n                            <div class=\"text ff-bodytext\">Vous souhaitez installer un toit relevable ou un toit sur\u00e9lev\u00e9 SCA ? Contactez-nous pour discuter des d\u00e9tails de l&rsquo;installation. <\/div>\n                <a class=\"s1x-button btn-white-do\" href=\"https:\/\/vanme.de\/fr\/contact\/\">\n                    Contact                <\/a>\n            \n        <\/div>\n\n        \n        <picture class=\"s1x-picture-cover-absolute jshook-provide-hq-after-dom-loaded\">\n            <source srcset-hq=\"https:\/\/vanme.de\/wp-content\/uploads\/2025\/10\/sca-Vanme_EQV_300_5_juli_23-3-contact-cut.jpg\"\n                    width=\"1920\"\n                    height=\"595\">\n\n            \n            <source srcset-hq=\"https:\/\/vanme.de\/wp-content\/uploads\/2025\/10\/sca-Vanme_EQV_300_5_juli_23-3-contact-cut.jpg.webp\"\n                    width=\"1920\"\n                    height=\"595\"\n                    type=\"image\/webp\">\n\n                        <img loading=\"lazy\" decoding=\"async\" src=\"https:\/\/vanme.de\/wp-content\/uploads\/2025\/10\/sca-Vanme_EQV_300_5_juli_23-3-contact-cut.jpg\"\n                 width=\"1920\"\n                 height=\"595\"\n                 alt=\"\">\n        <\/picture>\n\n\n    <\/section>\n\n\n","protected":false},"excerpt":{"rendered":"","protected":false},"author":1,"featured_media":12268,"parent":13358,"menu_order":0,"comment_status":"closed","ping_status":"closed","template":"","meta":{"_acf_changed":false,"footnotes":""},"class_list":["post-13730","page","type-page","status-publish","has-post-thumbnail","hentry"],"acf":[],"_links":{"self":[{"href":"https:\/\/vanme.de\/fr\/wp-json\/wp\/v2\/pages\/13730","targetHints":{"allow":["GET"]}}],"collection":[{"href":"https:\/\/vanme.de\/fr\/wp-json\/wp\/v2\/pages"}],"about":[{"href":"https:\/\/vanme.de\/fr\/wp-json\/wp\/v2\/types\/page"}],"author":[{"embeddable":true,"href":"https:\/\/vanme.de\/fr\/wp-json\/wp\/v2\/users\/1"}],"replies":[{"embeddable":true,"href":"https:\/\/vanme.de\/fr\/wp-json\/wp\/v2\/comments?post=13730"}],"version-history":[{"count":4,"href":"https:\/\/vanme.de\/fr\/wp-json\/wp\/v2\/pages\/13730\/revisions"}],"predecessor-version":[{"id":16720,"href":"https:\/\/vanme.de\/fr\/wp-json\/wp\/v2\/pages\/13730\/revisions\/16720"}],"up":[{"embeddable":true,"href":"https:\/\/vanme.de\/fr\/wp-json\/wp\/v2\/pages\/13358"}],"wp:featuredmedia":[{"embeddable":true,"href":"https:\/\/vanme.de\/fr\/wp-json\/wp\/v2\/media\/12268"}],"wp:attachment":[{"href":"https:\/\/vanme.de\/fr\/wp-json\/wp\/v2\/media?parent=13730"}],"curies":[{"name":"wp","href":"https:\/\/api.w.org\/{rel}","templated":true}]}}