{"id":13662,"date":"2025-06-06T11:03:38","date_gmt":"2025-06-06T09:03:38","guid":{"rendered":"https:\/\/devbox2.mc8pm.com\/accessoires\/signature-rim-deep-black\/"},"modified":"2026-03-16T18:22:52","modified_gmt":"2026-03-16T17:22:52","slug":"signature-rim-deep-black","status":"publish","type":"page","link":"https:\/\/vanme.de\/fr\/accessoires\/signature-rim-deep-black\/","title":{"rendered":"Signature Rim DEEP BLACK"},"content":{"rendered":"\n\n\n                        \n            \n            <section class=\"block-media cnt-1 block-media-mobile-sort- blockheight-laptop-60vh blockheight-tablet-60vh blockheight-mobile-60vh blockstyle-display block-media-width-\" style=\"margin-top: 0px\">\n\n                \n                \n                    \n                    <div class=\"media media-0 has-media\">\n\n                        \n\n                        \n                            <div class=\"s1x-video\">\n                                <video class=\"jshook-play-video-when-in-viewport \"\n                                       playsinline muted loop\n                                       width=\"1000\"\n                                       height=\"720\"\n                                       preload=\"none\"\n                                       poster=\"https:\/\/vanme.de\/wp-content\/uploads\/2025\/10\/vanme-signature-rim-black-poster.jpg\">\n                                    <source src=\"https:\/\/vanme.de\/wp-content\/uploads\/2025\/10\/vanme-signature-rim-black-noaudio.mp4\">\n                                <\/video>\n                            <\/div>\n\n                        \n                        <div class=\"overlay s1x-absolute-100 has-media                            s1x-tovp-tablapdesk-tl                            s1x-tovp-mob-tl\n                            \">\n\n                            \n                            \n                            \n                            \n                            \n                            \n                        <\/div>\n\n                        \n                    <\/div>\n\n                \n            <\/section>\n\n            \n\n\n    <section class=\"block-breadcrumb  area-align-\" style=\"margin-top: 40px; max-width: ;\">\n\n        <nav aria-label=\"breadcrumbs\" class=\"rank-math-breadcrumb\"><p><span class=\"last\">Accueil<\/span><\/p><\/nav>\n    <\/section>\n\n\n\n    <section class=\"block-text center area-align-center\" style=\"margin-top: 80px; max-width: unset\">\n\n        \n                                \n                                            <h1 class=\"ff-bebas-ds80 ff-uppercase hlsize-\">VANME Signature Rim DEEP BLACK<\/h1>\n                    \n        \n        <div class=\"ff-bodytext \">\n                    <\/div>\n\n\n                \n    <\/section>\n\n\n\n    <section class=\"block-imageslider flickity-imageslider-carousel\" style=\"margin-top: 80px\">\n\n                                    \n                \n                    <div class=\"carousel-cell\">\n\n                        \n                        \n                            \n                            <picture class=\"jshook-provide-hq-after-dom-loaded\">\n                                <source srcset-hq=\"https:\/\/vanme.de\/wp-content\/uploads\/2025\/09\/signature-rim-black-DSC03992-resize.jpg\"\n                                        width=\"1920\"\n                                        height=\"1282\">\n                                <source srcset-hq=\"https:\/\/vanme.de\/wp-content\/uploads\/2025\/09\/signature-rim-black-DSC03992-resize.jpg.webp\"\n                                        width=\"1920\"\n                                        height=\"1282\"\n                                        type=\"image\/webp\">\n\n                                <source srcset=\"https:\/\/vanme.de\/wp-content\/uploads\/2025\/09\/signature-rim-black-DSC03992-resize.jpg\"\n                                        width=\"1920\"\n                                        height=\"1282\">\n\n                                <img loading=\"lazy\" decoding=\"async\"                                         src=\"https:\/\/vanme.de\/wp-content\/uploads\/2025\/09\/signature-rim-black-DSC03992-resize.jpg\"\n                                        width=\"1920\"\n                                        height=\"1282\"\n                                        alt=\"\">\n                            <\/picture>\n\n\n                        \n                    <\/div>\n\n                \n                    <div class=\"carousel-cell\">\n\n                        \n                        \n                            \n                            <picture class=\"jshook-provide-hq-after-dom-loaded\">\n                                <source srcset-hq=\"https:\/\/vanme.de\/wp-content\/uploads\/2025\/10\/signature-rim-black-DSC07939-slider-resize.jpg\"\n                                        width=\"1946\"\n                                        height=\"1300\">\n                                <source srcset-hq=\"https:\/\/vanme.de\/wp-content\/uploads\/2025\/10\/signature-rim-black-DSC07939-slider-resize.jpg.webp\"\n                                        width=\"1946\"\n                                        height=\"1300\"\n                                        type=\"image\/webp\">\n\n                                <source srcset=\"https:\/\/vanme.de\/wp-content\/uploads\/2025\/10\/signature-rim-black-DSC07939-slider-resize.jpg\"\n                                        width=\"1946\"\n                                        height=\"1300\">\n\n                                <img loading=\"lazy\" decoding=\"async\"                                         src=\"https:\/\/vanme.de\/wp-content\/uploads\/2025\/10\/signature-rim-black-DSC07939-slider-resize.jpg\"\n                                        width=\"1946\"\n                                        height=\"1300\"\n                                        alt=\"\">\n                            <\/picture>\n\n\n                        \n                    <\/div>\n\n                \n                    <div class=\"carousel-cell\">\n\n                        \n                        \n                            \n                            <picture class=\"jshook-provide-hq-after-dom-loaded\">\n                                <source srcset-hq=\"https:\/\/vanme.de\/wp-content\/uploads\/2025\/10\/signature-rim-black-DSC06410-slider-cut.jpg\"\n                                        width=\"1469\"\n                                        height=\"1300\">\n                                <source srcset-hq=\"https:\/\/vanme.de\/wp-content\/uploads\/2025\/10\/signature-rim-black-DSC06410-slider-cut.jpg.webp\"\n                                        width=\"1469\"\n                                        height=\"1300\"\n                                        type=\"image\/webp\">\n\n                                <source srcset=\"https:\/\/vanme.de\/wp-content\/uploads\/2025\/10\/signature-rim-black-DSC06410-slider-cut.jpg\"\n                                        width=\"1469\"\n                                        height=\"1300\">\n\n                                <img loading=\"lazy\" decoding=\"async\"                                         src=\"https:\/\/vanme.de\/wp-content\/uploads\/2025\/10\/signature-rim-black-DSC06410-slider-cut.jpg\"\n                                        width=\"1469\"\n                                        height=\"1300\"\n                                        alt=\"\">\n                            <\/picture>\n\n\n                        \n                    <\/div>\n\n                \n                    <div class=\"carousel-cell\">\n\n                        \n                        \n                            \n                            <picture class=\"jshook-provide-hq-after-dom-loaded\">\n                                <source srcset-hq=\"https:\/\/vanme.de\/wp-content\/uploads\/2025\/09\/signature-rim-black-DSC03321-cut.jpg\"\n                                        width=\"1300\"\n                                        height=\"1300\">\n                                <source srcset-hq=\"https:\/\/vanme.de\/wp-content\/uploads\/2025\/09\/signature-rim-black-DSC03321-cut.jpg.webp\"\n                                        width=\"1300\"\n                                        height=\"1300\"\n                                        type=\"image\/webp\">\n\n                                <source srcset=\"https:\/\/vanme.de\/wp-content\/uploads\/2025\/09\/signature-rim-black-DSC03321-cut.jpg\"\n                                        width=\"1300\"\n                                        height=\"1300\">\n\n                                <img decoding=\"async\" loading=\"lazy\"                                        src=\"https:\/\/vanme.de\/wp-content\/uploads\/2025\/09\/signature-rim-black-DSC03321-cut.jpg\"\n                                        width=\"1300\"\n                                        height=\"1300\"\n                                        alt=\"\">\n                            <\/picture>\n\n\n                        \n                    <\/div>\n\n                \n                    <div class=\"carousel-cell\">\n\n                        \n                        \n                            \n                            <picture class=\"jshook-provide-hq-after-dom-loaded\">\n                                <source srcset-hq=\"https:\/\/vanme.de\/wp-content\/uploads\/2025\/09\/signature-rim-black-DSC03317-cutresize.jpg\"\n                                        width=\"1285\"\n                                        height=\"1300\">\n                                <source srcset-hq=\"https:\/\/vanme.de\/wp-content\/uploads\/2025\/09\/signature-rim-black-DSC03317-cutresize.jpg.webp\"\n                                        width=\"1285\"\n                                        height=\"1300\"\n                                        type=\"image\/webp\">\n\n                                <source srcset=\"https:\/\/vanme.de\/wp-content\/uploads\/2025\/09\/signature-rim-black-DSC03317-cutresize.jpg\"\n                                        width=\"1285\"\n                                        height=\"1300\">\n\n                                <img decoding=\"async\" loading=\"lazy\"                                        src=\"https:\/\/vanme.de\/wp-content\/uploads\/2025\/09\/signature-rim-black-DSC03317-cutresize.jpg\"\n                                        width=\"1285\"\n                                        height=\"1300\"\n                                        alt=\"\">\n                            <\/picture>\n\n\n                        \n                    <\/div>\n\n                \n                    \n    <\/section>\n\n\n\n\n    \n\n    <section class=\"block-product has-variants- has-description-per-variant-\" style=\"margin-top: 80px\">\n\n                    <!-- product without variants -->\n\n            <div class=\"container-description\">\n                <h2 class=\"ff-bebas-ds65 ff-uppercase\">\n                    Description                <\/h2>\n                <p class=\"ff-bodytext product-description\">\n                    Jante VanMe Signature - Jeu complet<br \/>\r\n<br \/>\r\nLa force rencontre l&rsquo;\u00e9l\u00e9gance : la jante VANME Signature Revolution associe un design tout-terrain marquant \u00e0 une pr\u00e9cision raffin\u00e9e. La finition bicolore contrast\u00e9e en noir mat. Cette jante conf\u00e8re \u00e0 chaque v\u00e9hicule une apparence unique.  <br \/>\r\n<br \/>\r\nMade in Germany - pour nous, c&rsquo;est plus qu&rsquo;un sceau : c&rsquo;est un gage de qualit\u00e9 de fabrication sup\u00e9rieure, de technique pr\u00e9cise et de s\u00e9curit\u00e9 sans compromis. Chaque jante Revolution est produite, test\u00e9e et finie avec une technologie de pointe et un v\u00e9ritable savoir-faire artisanal.  Fabriqu\u00e9e en aluminium de haute qualit\u00e9, elle offre une stabilit\u00e9 maximale tout en \u00e9tant l\u00e9g\u00e8re - parfaite pour les camping-cars, les SUV et les pick-ups qui exigent \u00e0 la fois performance et design. Les \u00e9l\u00e9ments de visserie visibles sur le bord de la jante reprennent le look Beadlock embl\u00e9matique et soulignent l&rsquo;apparence de caract\u00e8re. <br \/>\r\n<br \/>\r\nQue ce soit sur la route ou en tout-terrain, la VanMe Revolution est plus qu&rsquo;une jante : c&rsquo;est une d\u00e9claration d&rsquo;individualit\u00e9, de qualit\u00e9 et d&rsquo;ing\u00e9nierie allemande.<br \/>\r\n<br \/>\r\nFaits cl\u00e9s :<br \/>\r\n<br \/>\r\nTaille : 8,5Jx18<br \/>\r\nD\u00e9port (ET) : 30-55<br \/>\r\nCharge : 1.400 kg par roue<br \/>\r\nCercle de trous : 5\u00d7112 \u00e0 5\u00d7130 \/ 6\u00d7130<br \/>\r\nFinition : SatinBlack, polissage frontal<br \/>\r\n<br \/>\r\nNotre jante la plus r\u00e9sistante pour les VAN, les camping-cars et les camionnettes - optimis\u00e9e pour les environnements difficiles, construite pour une charge maximale et une long\u00e9vit\u00e9 exceptionnelle.<br \/>\r\n<br \/>\r\nApplications automobiles pr\u00e9vues (en constante \u00e9volution) :<br \/>\r\n<br \/>\r\nMAN TGE &amp; VW Crafter<br \/>\r\nVW T5 \/ T6 \/ T7<br \/>\r\nFiat Ducato \/ Citro\u00ebn Jumper \/ Peugeot Boxer (light &amp; heavy Chassis)<br \/>\r\nMercedes Sprinter<br \/>\r\nIveco Daily                <\/p>\n                <p class=\"ff-bodytext product-disclaimer\">\n                    Une capacit\u00e9 de charge maximale. Pr\u00e9sence maximale. \r\n\r\nUn jeu de roues se compose de quatre pi\u00e8ces. Les pneus et les accessoires ne sont pas inclus dans le prix.                 <\/p>\n            <\/div>\n\n            <div class=\"container-add2cart\">\n                                <div class=\"price-label\">Notre prix<span>(Composant, montage inclus )<\/span><\/div>\n\n                \n                <div id=\"product-price\">2.299,00\u00a0\u20ac<span>TVA comprise<\/span><\/div>\n\n                <div class=\"bookmark\">\n                    <div id=\"product-bookmark\" class=\"cssimg-bookmark cssimg-contain-center-norepeat jshook-bookmark-add\"\n                         data-bookmark-headline=\"Signature Rim DEEP BLACK\"\n                         data-bookmark-content=\"Je m'int\u00e9resse \u00e0 ce tuning - 2.299,00\u00a0\u20ac\">\n                    <\/div>\n                    <div class=\"bookmark-text\">Ajouter \u00e0 la liste de demande<\/div>\n                <\/div>\n            <\/div>\n\n\n\n        \n    <\/section>\n\n\n\n\n\n                        \n            \n            <section class=\"block-media cnt-1 block-media-mobile-sort- blockheight-laptop-30vh blockheight-tablet-30vh blockheight-mobile-30vh blockstyle-display block-media-width-\" style=\"margin-top: 0px\">\n\n                \n                \n                    \n                    <div class=\"media media-0 has-media\">\n\n                        \n\n                        \n                            \n                            <picture class=\"s1x-picture-cover jshook-provide-hq-after-dom-loaded \">\n                                <source srcset-hq=\"https:\/\/vanme.de\/wp-content\/uploads\/2025\/10\/signature-rim-black-DSC06419-resize.jpg\"\n                                        width=\"1920\"\n                                        height=\"1282\">\n\n                                \n                                <source srcset-hq=\"https:\/\/vanme.de\/wp-content\/uploads\/2025\/10\/signature-rim-black-DSC06419-resize.jpg.webp\"\n                                        width=\"1920\"\n                                        height=\"1282\"\n                                        type=\"image\/webp\">\n\n                                                                <img decoding=\"async\" loading=\"lazy\"\n                                     src=\"https:\/\/vanme.de\/wp-content\/uploads\/2025\/10\/signature-rim-black-DSC06419-resize.jpg\"\n                                     width=\"1920\"\n                                     height=\"1282\"\n                                     alt=\"\">\n                            <\/picture>\n\n                        \n                        <div class=\"overlay s1x-absolute-100 has-media                            s1x-tovp-tablapdesk-tl                            s1x-tovp-mob-tl\n                            \">\n\n                            \n                            \n                            \n                            \n                            \n                            \n                        <\/div>\n\n                        \n                    <\/div>\n\n                \n            <\/section>\n\n            \n\n","protected":false},"excerpt":{"rendered":"","protected":false},"author":1,"featured_media":12970,"parent":13480,"menu_order":0,"comment_status":"closed","ping_status":"closed","template":"","meta":{"_acf_changed":false,"footnotes":""},"class_list":["post-13662","page","type-page","status-publish","has-post-thumbnail","hentry"],"acf":[],"_links":{"self":[{"href":"https:\/\/vanme.de\/fr\/wp-json\/wp\/v2\/pages\/13662","targetHints":{"allow":["GET"]}}],"collection":[{"href":"https:\/\/vanme.de\/fr\/wp-json\/wp\/v2\/pages"}],"about":[{"href":"https:\/\/vanme.de\/fr\/wp-json\/wp\/v2\/types\/page"}],"author":[{"embeddable":true,"href":"https:\/\/vanme.de\/fr\/wp-json\/wp\/v2\/users\/1"}],"replies":[{"embeddable":true,"href":"https:\/\/vanme.de\/fr\/wp-json\/wp\/v2\/comments?post=13662"}],"version-history":[{"count":4,"href":"https:\/\/vanme.de\/fr\/wp-json\/wp\/v2\/pages\/13662\/revisions"}],"predecessor-version":[{"id":20229,"href":"https:\/\/vanme.de\/fr\/wp-json\/wp\/v2\/pages\/13662\/revisions\/20229"}],"up":[{"embeddable":true,"href":"https:\/\/vanme.de\/fr\/wp-json\/wp\/v2\/pages\/13480"}],"wp:featuredmedia":[{"embeddable":true,"href":"https:\/\/vanme.de\/fr\/wp-json\/wp\/v2\/media\/12970"}],"wp:attachment":[{"href":"https:\/\/vanme.de\/fr\/wp-json\/wp\/v2\/media?parent=13662"}],"curies":[{"name":"wp","href":"https:\/\/api.w.org\/{rel}","templated":true}]}}