{"id":13445,"date":"2025-07-23T18:08:09","date_gmt":"2025-07-23T16:08:09","guid":{"rendered":"https:\/\/devbox2.mc8pm.com\/tee-signature-workwear-black\/"},"modified":"2026-03-03T15:59:06","modified_gmt":"2026-03-03T14:59:06","slug":"tee-signature-workwear-black","status":"publish","type":"page","link":"https:\/\/vanme.de\/fr\/accessoires\/tee-signature-workwear-black\/","title":{"rendered":"Tee Signature Workwear BLACK"},"content":{"rendered":"\n\n\n                        \n            \n            <section class=\"block-media cnt-1 block-media-mobile-sort- blockheight-laptop-100vh blockheight-tablet-none blockheight-mobile-none blockstyle-display block-media-width-\" style=\"margin-top: 0px\">\n\n                \n                \n                    \n                    <div class=\"media media-0 has-media\">\n\n                        \n\n                        \n                            \n                            <picture class=\"s1x-picture-cover jshook-provide-hq-after-dom-loaded \">\n                                <source srcset-hq=\"https:\/\/vanme.de\/wp-content\/uploads\/2025\/11\/tshirt-black-head-DSC08351.jpg\"\n                                        width=\"1920\"\n                                        height=\"1282\">\n\n                                \n                                <source srcset-hq=\"https:\/\/vanme.de\/wp-content\/uploads\/2025\/11\/tshirt-black-head-DSC08351.jpg.webp\"\n                                        width=\"1920\"\n                                        height=\"1282\"\n                                        type=\"image\/webp\">\n\n                                                                <img decoding=\"async\" loading=\"lazy\"\n                                     src=\"https:\/\/vanme.de\/wp-content\/uploads\/2025\/11\/tshirt-black-head-DSC08351.jpg\"\n                                     width=\"1920\"\n                                     height=\"1282\"\n                                     alt=\"\">\n                            <\/picture>\n\n                        \n                        <div class=\"overlay s1x-absolute-100 has-media                            s1x-tovp-tablapdesk-tl                            s1x-tovp-mob-tl\n                            \">\n\n                            \n                            \n                            \n                            \n                            \n                            \n                        <\/div>\n\n                        \n                    <\/div>\n\n                \n            <\/section>\n\n            \n\n\n    <section class=\"block-breadcrumb  area-align-\" style=\"margin-top: 40px; max-width: ;\">\n\n        <nav aria-label=\"breadcrumbs\" class=\"rank-math-breadcrumb\"><p><span class=\"last\">Accueil<\/span><\/p><\/nav>\n    <\/section>\n\n\n\n    <section class=\"block-text center area-align-center\" style=\"margin-top: 80px; max-width: unset\">\n\n                    <div class=\"ff-bebas-ds30\"><span class=\"ff-thin\">VANME x Carhartt<\/span><\/div>\n        \n                                \n                                            <h1 class=\"ff-bebas-ds80 ff-uppercase hlsize-\">Tee Signature Workwear BLACK<\/h1>\n                    \n                    <div class=\"ff-bebas-ds30\">LES PIONNIERS DU DESIGN<\/div>\n        \n        <div class=\"ff-bodytext \">\n                    <\/div>\n\n\n                \n    <\/section>\n\n\n\n    <section class=\"block-imageslider flickity-imageslider-carousel\" style=\"margin-top: 80px\">\n\n                                    \n                \n                    <div class=\"carousel-cell\">\n\n                        \n                        \n                            \n                            <picture class=\"jshook-provide-hq-after-dom-loaded\">\n                                <source srcset-hq=\"https:\/\/vanme.de\/wp-content\/uploads\/2025\/11\/tshirt-black-slider-DSC08352-cut.jpg\"\n                                        width=\"1285\"\n                                        height=\"1400\">\n                                <source srcset-hq=\"https:\/\/vanme.de\/wp-content\/uploads\/2025\/11\/tshirt-black-slider-DSC08352-cut.jpg.webp\"\n                                        width=\"1285\"\n                                        height=\"1400\"\n                                        type=\"image\/webp\">\n\n                                <source srcset=\"https:\/\/vanme.de\/wp-content\/uploads\/2025\/11\/tshirt-black-slider-DSC08352-cut.jpg\"\n                                        width=\"1285\"\n                                        height=\"1400\">\n\n                                <img loading=\"lazy\" decoding=\"async\"                                         src=\"https:\/\/vanme.de\/wp-content\/uploads\/2025\/11\/tshirt-black-slider-DSC08352-cut.jpg\"\n                                        width=\"1285\"\n                                        height=\"1400\"\n                                        alt=\"\">\n                            <\/picture>\n\n\n                        \n                    <\/div>\n\n                \n                    <div class=\"carousel-cell\">\n\n                        \n                        \n                            \n                            <picture class=\"jshook-provide-hq-after-dom-loaded\">\n                                <source srcset-hq=\"https:\/\/vanme.de\/wp-content\/uploads\/2025\/11\/tshirt-black-slider-DSC08629-cut.jpg\"\n                                        width=\"1483\"\n                                        height=\"1400\">\n                                <source srcset-hq=\"https:\/\/vanme.de\/wp-content\/uploads\/2025\/11\/tshirt-black-slider-DSC08629-cut.jpg.webp\"\n                                        width=\"1483\"\n                                        height=\"1400\"\n                                        type=\"image\/webp\">\n\n                                <source srcset=\"https:\/\/vanme.de\/wp-content\/uploads\/2025\/11\/tshirt-black-slider-DSC08629-cut.jpg\"\n                                        width=\"1483\"\n                                        height=\"1400\">\n\n                                <img loading=\"lazy\" decoding=\"async\"                                         src=\"https:\/\/vanme.de\/wp-content\/uploads\/2025\/11\/tshirt-black-slider-DSC08629-cut.jpg\"\n                                        width=\"1483\"\n                                        height=\"1400\"\n                                        alt=\"\">\n                            <\/picture>\n\n\n                        \n                    <\/div>\n\n                \n                    <div class=\"carousel-cell\">\n\n                        \n                        \n                            \n                            <picture class=\"jshook-provide-hq-after-dom-loaded\">\n                                <source srcset-hq=\"https:\/\/vanme.de\/wp-content\/uploads\/2025\/11\/tshirt-black-slider-DSC08548-cut.jpg\"\n                                        width=\"1730\"\n                                        height=\"1400\">\n                                <source srcset-hq=\"https:\/\/vanme.de\/wp-content\/uploads\/2025\/11\/tshirt-black-slider-DSC08548-cut.jpg.webp\"\n                                        width=\"1730\"\n                                        height=\"1400\"\n                                        type=\"image\/webp\">\n\n                                <source srcset=\"https:\/\/vanme.de\/wp-content\/uploads\/2025\/11\/tshirt-black-slider-DSC08548-cut.jpg\"\n                                        width=\"1730\"\n                                        height=\"1400\">\n\n                                <img loading=\"lazy\" decoding=\"async\"                                         src=\"https:\/\/vanme.de\/wp-content\/uploads\/2025\/11\/tshirt-black-slider-DSC08548-cut.jpg\"\n                                        width=\"1730\"\n                                        height=\"1400\"\n                                        alt=\"\">\n                            <\/picture>\n\n\n                        \n                    <\/div>\n\n                \n                    \n    <\/section>\n\n\n\n\n    \n\n    <section class=\"block-product has-variants-1 has-description-per-variant-\" style=\"margin-top: 80px\">\n\n                    <!-- product with variants -->\n\n            <div class=\"container-variants\">\n                <h2 class=\"ff-bebas-ds65 ff-uppercase\">\n                    Choisir la taille                <\/h2>\n\n                                                            \n                            <div class=\"product-variants\">\n\n                                \n                                    <div class=\"variants-section\">\n\n                                        \n                                                                                    \n                                                \n                                                <div class=\"variants \">\n\n                                                    \n                                                    \n\n\n                                                        <div class=\"variant\">\n                                                            <input type=\"radio\"\n                                                                   id=\"00\"\n                                                                   name=\"product_variant_0\"\n                                                                   value=\"S\"\n                                                                   data-description=\"\"\n                                                                   data-price=\"39.99\">\n                                                            <label class=\"ff-lakes-neue-ext-ds16\" for=\"00\">S<\/label>\n                                                        <\/div>\n\n                                                    \n\n\n                                                        <div class=\"variant\">\n                                                            <input type=\"radio\"\n                                                                   id=\"01\"\n                                                                   name=\"product_variant_0\"\n                                                                   value=\"M\"\n                                                                   data-description=\"\"\n                                                                   data-price=\"39.99\">\n                                                            <label class=\"ff-lakes-neue-ext-ds16\" for=\"01\">M<\/label>\n                                                        <\/div>\n\n                                                    \n\n\n                                                        <div class=\"variant\">\n                                                            <input type=\"radio\"\n                                                                   id=\"02\"\n                                                                   name=\"product_variant_0\"\n                                                                   value=\"L\"\n                                                                   data-description=\"\"\n                                                                   data-price=\"39.99\">\n                                                            <label class=\"ff-lakes-neue-ext-ds16\" for=\"02\">L<\/label>\n                                                        <\/div>\n\n                                                    \n\n\n                                                        <div class=\"variant\">\n                                                            <input type=\"radio\"\n                                                                   id=\"03\"\n                                                                   name=\"product_variant_0\"\n                                                                   value=\"XL\"\n                                                                   data-description=\"\"\n                                                                   data-price=\"39.99\">\n                                                            <label class=\"ff-lakes-neue-ext-ds16\" for=\"03\">XL<\/label>\n                                                        <\/div>\n\n                                                    \n                                                <\/div>\n\n                                                                                    \n                                    <\/div>\n\n                                \n                            <\/div>\n\n                                                            \n                <p class=\"ff-bodytext product-disclaimer\">\n                    Robustes et r\u00e9sistants. Authentique.  VANME.\r\n\r\nDisponible dans toutes les tailles courantes.                <\/p>\n\n            <\/div>\n\n            <div class=\"container-description\">\n                <h2 class=\"ff-bebas-ds65 ff-uppercase\">Description<\/h2>\n                <p class=\"ff-bodytext product-description\" id=\"product-description\">\n                                            La robustesse rencontre le design : le T-shirt VANME x Carhartt allie la qualit\u00e9 l\u00e9gendaire de Carhartt au design \u00e9pur\u00e9 et moderne de VANME.<br \/>\r\n<br \/>\r\nFabriqu\u00e9 en coton r\u00e9sistant, ce t-shirt offre non seulement un confort maximal, mais aussi le caract\u00e8re unique du workwear pour lequel Carhartt est mondialement connu. Le d\u00e9tail embl\u00e9matique de la poche Carhartt sur la poitrine est compl\u00e9t\u00e9 par le logo VANME distinctif - une d\u00e9claration d&rsquo;artisanat, de style et d&rsquo;individualit\u00e9. <br \/>\r\n<br \/>\r\nQue ce soit au quotidien, \u00e0 l&rsquo;atelier ou en voyage dans un camping-car, ce t-shirt est synonyme d&rsquo;authenticit\u00e9, de durabilit\u00e9 et de design de caract\u00e8re.                                    <\/p>\n            <\/div>\n\n            <div class=\"container-add2cart\">\n                \n                                    <div class=\"price-label\">Notre prix<\/div>\n\n                    <div id=\"product-price\"><\/div>\n                \n                <div class=\"bookmark\">\n                    <div id=\"product-bookmark\" class=\"cssimg-bookmark cssimg-contain-center-norepeat jshook-bookmark-add\"\n                         data-bookmark-headline=\"Tee Signature Workwear BLACK\"\n                         data-bookmark-content=\"\">\n                    <\/div>\n                    <div class=\"bookmark-text\">Auf Anfrageliste schreiben<\/div>\n                <\/div>\n\n            <\/div>\n\n            <script>\n                \/\/ Get all variants sections\n                const variantsSections = document.querySelectorAll('.variants-section');\n\n                \/\/ Function to update bookmark content with all selected variants\n                function updateBookmarkContent() {\n                    let selectedVariants = [];\n                    let totalPrice = 0;\n                    let lastDescription = '';\n\n                    \/\/ Iterate through each variants section\n                    variantsSections.forEach(section => {\n                        const sectionHeadline = section.querySelector('h3.variants-section-headline');\n                        const checkedRadio = section.querySelector('input[type=\"radio\"]:checked');\n\n                        if (checkedRadio) {\n                            \/\/ Build variant string with headline + option label\n                            let variantString = '';\n                            if (sectionHeadline) {\n                                variantString = sectionHeadline.textContent.trim() + ' ' + checkedRadio.value;\n                            } else {\n                                variantString = checkedRadio.value;\n                            }\n                            selectedVariants.push(variantString);\n\n                            \/\/ Sum up prices\n                            const price = parseFloat(checkedRadio.getAttribute('data-price'));\n                            if (!isNaN(price)) {\n                                totalPrice += price;\n                            }\n\n                            \/\/ Store last description (for description-per-variant mode)\n                            lastDescription = checkedRadio.getAttribute('data-description');\n                        }\n                    });\n\n                    \/\/ Format total price\n                    let formattedPrice = new Intl.NumberFormat('de-DE', {\n                        style: 'currency',\n                        currency: 'EUR'\n                    }).format(totalPrice);\n\n                    \/\/ Update price display\n                    if(totalPrice > 0) {\n                        document.getElementById('product-price').innerHTML = formattedPrice;\n                    }\n\n                    \/\/ Update description if in per-variant mode\n                    if (document.querySelector('section.block-product').classList.contains('has-description-per-variant-1')) {\n                        document.getElementById('product-description').innerHTML = lastDescription;\n                    }\n\n                    \/\/ Build bookmark content string\n                    let bookmarkContent = `Je m'int\u00e9resse \u00e0 ce tuning - ${selectedVariants.join(' - ')} - ${formattedPrice}`;\n\n                    \/\/ Set bookmark content\n                    document.getElementById('product-bookmark').setAttribute('data-bookmark-content', bookmarkContent);\n                }\n\n                \/\/ Function to handle radio selection within a section\n                function handleRadioSelection(radio) {\n                    const section = radio.closest('.variants-section');\n\n                    \/\/ Remove 'active' class from all .variant divs in this section\n                    section.querySelectorAll('.variant').forEach(variant => {\n                        variant.classList.remove('active');\n                    });\n\n                    \/\/ Add 'active' class to the parent .variant div of the selected radio\n                    radio.closest('.variant').classList.add('active');\n\n                    \/\/ Update bookmark content with all selections\n                    updateBookmarkContent();\n                }\n\n                \/\/ Add change event listener to all radio inputs\n                variantsSections.forEach(section => {\n                    const radioInputs = section.querySelectorAll('input[type=\"radio\"]');\n\n                    radioInputs.forEach(radio => {\n                        radio.addEventListener('change', function() {\n                            if (this.checked) {\n                                handleRadioSelection(this);\n                            }\n                        });\n                    });\n                });\n            <\/script>\n\n\n        \n    <\/section>\n\n\n\n\n\n                        \n            \n            <section class=\"block-media cnt-1 block-media-mobile-sort- blockheight-laptop-30vh blockheight-tablet-30vh blockheight-mobile-30vh blockstyle-display block-media-width-\" style=\"margin-top: 0px\">\n\n                \n                \n                    \n                    <div class=\"media media-0 has-media\">\n\n                        \n\n                        \n                            \n                            <picture class=\"s1x-picture-cover jshook-provide-hq-after-dom-loaded \">\n                                <source srcset-hq=\"https:\/\/vanme.de\/wp-content\/uploads\/2025\/11\/tshirt-black-footer-DSC08430-cut.jpg\"\n                                        width=\"1920\"\n                                        height=\"906\">\n\n                                \n                                <source srcset-hq=\"https:\/\/vanme.de\/wp-content\/uploads\/2025\/11\/tshirt-black-footer-DSC08430-cut.jpg.webp\"\n                                        width=\"1920\"\n                                        height=\"906\"\n                                        type=\"image\/webp\">\n\n                                                                <img decoding=\"async\" loading=\"lazy\"\n                                     src=\"https:\/\/vanme.de\/wp-content\/uploads\/2025\/11\/tshirt-black-footer-DSC08430-cut.jpg\"\n                                     width=\"1920\"\n                                     height=\"906\"\n                                     alt=\"\">\n                            <\/picture>\n\n                        \n                        <div class=\"overlay s1x-absolute-100 has-media                            s1x-tovp-tablapdesk-tl                            s1x-tovp-mob-tl\n                            \">\n\n                            \n                            \n                            \n                            \n                            \n                            \n                        <\/div>\n\n                        \n                    <\/div>\n\n                \n            <\/section>\n\n            \n\n","protected":false},"excerpt":{"rendered":"","protected":false},"author":1,"featured_media":15510,"parent":13480,"menu_order":0,"comment_status":"closed","ping_status":"closed","template":"","meta":{"_acf_changed":false,"footnotes":""},"class_list":["post-13445","page","type-page","status-publish","has-post-thumbnail","hentry"],"acf":[],"_links":{"self":[{"href":"https:\/\/vanme.de\/fr\/wp-json\/wp\/v2\/pages\/13445","targetHints":{"allow":["GET"]}}],"collection":[{"href":"https:\/\/vanme.de\/fr\/wp-json\/wp\/v2\/pages"}],"about":[{"href":"https:\/\/vanme.de\/fr\/wp-json\/wp\/v2\/types\/page"}],"author":[{"embeddable":true,"href":"https:\/\/vanme.de\/fr\/wp-json\/wp\/v2\/users\/1"}],"replies":[{"embeddable":true,"href":"https:\/\/vanme.de\/fr\/wp-json\/wp\/v2\/comments?post=13445"}],"version-history":[{"count":10,"href":"https:\/\/vanme.de\/fr\/wp-json\/wp\/v2\/pages\/13445\/revisions"}],"predecessor-version":[{"id":16587,"href":"https:\/\/vanme.de\/fr\/wp-json\/wp\/v2\/pages\/13445\/revisions\/16587"}],"up":[{"embeddable":true,"href":"https:\/\/vanme.de\/fr\/wp-json\/wp\/v2\/pages\/13480"}],"wp:featuredmedia":[{"embeddable":true,"href":"https:\/\/vanme.de\/fr\/wp-json\/wp\/v2\/media\/15510"}],"wp:attachment":[{"href":"https:\/\/vanme.de\/fr\/wp-json\/wp\/v2\/media?parent=13445"}],"curies":[{"name":"wp","href":"https:\/\/api.w.org\/{rel}","templated":true}]}}