{"id":13374,"date":"2025-09-29T12:48:59","date_gmt":"2025-09-29T10:48:59","guid":{"rendered":"https:\/\/devbox2.mc8pm.com\/collabs-partners\/vanme-revotion\/"},"modified":"2026-03-16T18:22:27","modified_gmt":"2026-03-16T17:22:27","slug":"vanme-revotion","status":"publish","type":"page","link":"https:\/\/vanme.de\/fr\/collabs-partners\/vanme-revotion\/","title":{"rendered":"VANME &amp; Revotion"},"content":{"rendered":"\n\n\n                        \n            \n            <section class=\"block-media cnt-1 block-media-mobile-sort- blockheight-laptop-60vh blockheight-tablet-60vh blockheight-mobile-60vh blockstyle-highlight block-media-width-\" style=\"margin-top: 0px\">\n\n                \n                \n                    \n                    <div class=\"media media-0 has-media\">\n\n                        \n\n                        \n                            \n                            <picture class=\"s1x-picture-cover jshook-provide-hq-after-dom-loaded \">\n                                <source srcset-hq=\"https:\/\/vanme.de\/wp-content\/uploads\/2025\/10\/revotion-DSC06526-fwresize.jpg\"\n                                        width=\"1920\"\n                                        height=\"1282\">\n\n                                \n                                <source srcset-hq=\"https:\/\/vanme.de\/wp-content\/uploads\/2025\/10\/revotion-DSC06526-fwresize.jpg.webp\"\n                                        width=\"1920\"\n                                        height=\"1282\"\n                                        type=\"image\/webp\">\n\n                                                                <img decoding=\"async\" loading=\"lazy\"\n                                     src=\"https:\/\/vanme.de\/wp-content\/uploads\/2025\/10\/revotion-DSC06526-fwresize.jpg\"\n                                     width=\"1920\"\n                                     height=\"1282\"\n                                     alt=\"\">\n                            <\/picture>\n\n                        \n                        <div class=\"overlay s1x-absolute-100 has-media                            s1x-tovp-tablapdesk-cc                            s1x-tovp-mob-cc\n                            \">\n\n                            \n                            \n                            \n                            \n                            \n                            \n                        <\/div>\n\n                        \n                    <\/div>\n\n                \n            <\/section>\n\n            \n\n\n    <section class=\"block-breadcrumb  area-align-\" style=\"margin-top: 40px; max-width: ;\">\n\n        <nav aria-label=\"breadcrumbs\" class=\"rank-math-breadcrumb\"><p><span class=\"last\">Accueil<\/span><\/p><\/nav>\n    <\/section>\n\n\n\n    <section class=\"block-text left area-align-center\" style=\"margin-top: 80px; max-width: 900px\">\n\n        \n                                \n                                            <h1 class=\"ff-bebas-ds80 ff-uppercase hlsize-\">VANME &amp; Revotion<\/h1>\n                    \n                    <div class=\"ff-bebas-ds30\"><span class=\"ff-thin\">L&rsquo;intelligence en d\u00e9placement<\/span><\/div>\n        \n        <div class=\"ff-bodytext \">\n            <p>Chez VANME, l&rsquo;alliance de l&rsquo;artisanat haut de gamme et de la technologie de pointe est au c\u0153ur de nos pr\u00e9occupations. Pour que les voyages ne soient pas seulement confortables, mais aussi plus intelligents, nous misons sur le syst\u00e8me innovant de maison intelligente de Revotion, qui transforme le camping-car en une maison connect\u00e9e sur roues. <\/p>\n        <\/div>\n\n\n                \n    <\/section>\n\n\n\n    <section class=\"block-imageslider flickity-imageslider-carousel\" style=\"margin-top: 80px\">\n\n                                    \n                \n                    <div class=\"carousel-cell\">\n\n                        \n                        \n                            \n                            <picture class=\"jshook-provide-hq-after-dom-loaded\">\n                                <source srcset-hq=\"https:\/\/vanme.de\/wp-content\/uploads\/2025\/10\/revotion-DSC07330-slider-cut.jpg\"\n                                        width=\"1500\"\n                                        height=\"1300\">\n                                <source srcset-hq=\"https:\/\/vanme.de\/wp-content\/uploads\/2025\/10\/revotion-DSC07330-slider-cut.jpg.webp\"\n                                        width=\"1500\"\n                                        height=\"1300\"\n                                        type=\"image\/webp\">\n\n                                <source srcset=\"https:\/\/vanme.de\/wp-content\/uploads\/2025\/10\/revotion-DSC07330-slider-cut.jpg\"\n                                        width=\"1500\"\n                                        height=\"1300\">\n\n                                <img loading=\"lazy\" decoding=\"async\"                                         src=\"https:\/\/vanme.de\/wp-content\/uploads\/2025\/10\/revotion-DSC07330-slider-cut.jpg\"\n                                        width=\"1500\"\n                                        height=\"1300\"\n                                        alt=\"\">\n                            <\/picture>\n\n\n                        \n                    <\/div>\n\n                \n                    <div class=\"carousel-cell\">\n\n                        \n                        \n                            \n                            <picture class=\"jshook-provide-hq-after-dom-loaded\">\n                                <source srcset-hq=\"https:\/\/vanme.de\/wp-content\/uploads\/2025\/10\/revotion-DSC07790-slider-resize.jpg\"\n                                        width=\"2000\"\n                                        height=\"1300\">\n                                <source srcset-hq=\"https:\/\/vanme.de\/wp-content\/uploads\/2025\/10\/revotion-DSC07790-slider-resize.jpg.webp\"\n                                        width=\"2000\"\n                                        height=\"1300\"\n                                        type=\"image\/webp\">\n\n                                <source srcset=\"https:\/\/vanme.de\/wp-content\/uploads\/2025\/10\/revotion-DSC07790-slider-resize.jpg\"\n                                        width=\"2000\"\n                                        height=\"1300\">\n\n                                <img loading=\"lazy\" decoding=\"async\"                                         src=\"https:\/\/vanme.de\/wp-content\/uploads\/2025\/10\/revotion-DSC07790-slider-resize.jpg\"\n                                        width=\"2000\"\n                                        height=\"1300\"\n                                        alt=\"\">\n                            <\/picture>\n\n\n                        \n                    <\/div>\n\n                \n                    <div class=\"carousel-cell\">\n\n                        \n                        \n                            \n                            <picture class=\"jshook-provide-hq-after-dom-loaded\">\n                                <source srcset-hq=\"https:\/\/vanme.de\/wp-content\/uploads\/2025\/11\/revotion-slider-DSC07301-cut.jpg\"\n                                        width=\"1458\"\n                                        height=\"1400\">\n                                <source srcset-hq=\"https:\/\/vanme.de\/wp-content\/uploads\/2025\/11\/revotion-slider-DSC07301-cut.jpg.webp\"\n                                        width=\"1458\"\n                                        height=\"1400\"\n                                        type=\"image\/webp\">\n\n                                <source srcset=\"https:\/\/vanme.de\/wp-content\/uploads\/2025\/11\/revotion-slider-DSC07301-cut.jpg\"\n                                        width=\"1458\"\n                                        height=\"1400\">\n\n                                <img loading=\"lazy\" decoding=\"async\"                                         src=\"https:\/\/vanme.de\/wp-content\/uploads\/2025\/11\/revotion-slider-DSC07301-cut.jpg\"\n                                        width=\"1458\"\n                                        height=\"1400\"\n                                        alt=\"\">\n                            <\/picture>\n\n\n                        \n                    <\/div>\n\n                \n                    \n    <\/section>\n\n\n\n\n\n                        \n            \n            <section class=\"block-media cnt-2 block-media-mobile-sort-123 blockheight-laptop-16-9 blockheight-tablet-16-9 blockheight-mobile-16-9 blockstyle-highlight block-media-width-same-width\" style=\"margin-top: 80px\">\n\n                \n                \n                    \n                    <div class=\"media media-0 has-media\">\n\n                        \n\n                        \n                            \n                            <picture class=\"s1x-picture-cover jshook-provide-hq-after-dom-loaded \">\n                                <source srcset-hq=\"https:\/\/vanme.de\/wp-content\/uploads\/2025\/11\/logo-revotion.png\"\n                                        width=\"1168\"\n                                        height=\"678\">\n\n                                \n                                <source srcset-hq=\"https:\/\/vanme.de\/wp-content\/uploads\/2025\/11\/logo-revotion.png.webp\"\n                                        width=\"1168\"\n                                        height=\"678\"\n                                        type=\"image\/webp\">\n\n                                                                <img decoding=\"async\" loading=\"lazy\"\n                                     src=\"https:\/\/vanme.de\/wp-content\/uploads\/2025\/11\/logo-revotion.png\"\n                                     width=\"1168\"\n                                     height=\"678\"\n                                     alt=\"\">\n                            <\/picture>\n\n                        \n                        <div class=\"overlay s1x-absolute-100 has-media                            s1x-tovp-tablapdesk-cl                            s1x-tovp-mob-cl\n                            \">\n\n                            \n                            \n                            \n                            \n                            \n                            \n                        <\/div>\n\n                        \n                    <\/div>\n\n                \n                    \n                    <div class=\"media media-1 \">\n\n                        \n\n                        \n                        <div class=\"overlay                              s1x-tovp-tablapdesk-cl                            s1x-tovp-mob-cl\n                            \">\n\n                            \n                            <div class='headline ff-bebas-ds65 ff-uppercase''>La technologie \u00e0 la rencontre de l&rsquo;artisanat<\/div>\n                            \n                            \n                            <div class='text ff-bodytext'><p>La soci\u00e9t\u00e9 Revotion GmbH, bas\u00e9e \u00e0 D\u00fcsseldorf, a mis au point un syst\u00e8me de maison intelligente ultramoderne sp\u00e9cialement con\u00e7u pour les v\u00e9hicules de camping. Il permet de centraliser le contr\u00f4le de fonctions telles que l&rsquo;\u00e9clairage, le chauffage, la climatisation, la gestion de l&rsquo;\u00e9lectricit\u00e9 et les syst\u00e8mes de s\u00e9curit\u00e9 - le tout via une application ou un \u00e9cran tactile. <\/p>\n<p>Gr\u00e2ce \u00e0 notre partenariat, VANME int\u00e8gre le syst\u00e8me directement dans les nouveaux camping-cars ou l&rsquo;installe sur demande dans les v\u00e9hicules existants. Nous offrons ainsi \u00e0 nos clients une technologie de pointe pour un maximum de confort et d&rsquo;efficacit\u00e9 sur la route. <\/p>\n<\/div>\n                            \n                        <\/div>\n\n                        \n                    <\/div>\n\n                \n            <\/section>\n\n            \n\n\n\n\n                        \n            \n            <section class=\"block-media cnt-1 block-media-mobile-sort- blockheight-laptop-100vh blockheight-tablet-4-3 blockheight-mobile-9-16 blockstyle-display block-media-width-\" style=\"margin-top: 80px\">\n\n                \n                \n                    \n                    <div class=\"media media-0 has-media\">\n\n                        \n\n                        \n                            <div class=\"s1x-video\">\n                                <video class=\"jshook-play-video-when-in-viewport \"\n                                       playsinline muted loop\n                                       width=\"1000\"\n                                       height=\"720\"\n                                       preload=\"none\"\n                                       poster=\"https:\/\/vanme.de\/wp-content\/uploads\/2025\/10\/revotion-laonda-bigpicture-colorchanger-poster.jpg\">\n                                    <source src=\"https:\/\/vanme.de\/wp-content\/uploads\/2025\/10\/revotion-laonda-bigpicture-colorchanger.mp4\">\n                                <\/video>\n                            <\/div>\n\n                        \n                        <div class=\"overlay s1x-absolute-100 has-media                            s1x-tovp-tablapdesk-tl                            s1x-tovp-mob-tl\n                            \">\n\n                            \n                            \n                            \n                            \n                            \n                            \n                        <\/div>\n\n                        \n                    <\/div>\n\n                \n            <\/section>\n\n            \n\n\n    <section class=\"block-text left area-align-center\" style=\"margin-top: 80px; max-width: 900px\">\n\n        \n                                \n                                            <h2 class=\"ff-bebas-ds80 ff-uppercase hlsize-\">Plus de confort, plus de contr\u00f4le, plus de libert\u00e9<\/h2>\n                    \n        \n        <div class=\"ff-bodytext \">\n            <p>Le syst\u00e8me de maison intelligente de Revotion est synonyme d&rsquo;innovation, d&rsquo;utilisation intuitive et de technologie fiable. Il permet aux voyageurs de contr\u00f4ler toutes les fonctions importantes de leur v\u00e9hicule \u00e0 tout moment, qu&rsquo;ils soient en d\u00e9placement ou en train de se d\u00e9tendre \u00e0 destination. <\/p>\n<p>En collaboration avec Revotion, VANME cr\u00e9e une exp\u00e9rience de voyage qui associe un design de camping-car haut de gamme et une technologie de pointe, pour plus de confort, de s\u00e9curit\u00e9 et de libert\u00e9 \u00e0 chaque voyage.<\/p>\n        <\/div>\n\n\n                \n    <\/section>\n\n\n\n    <section class=\"block-contact\" style=\"margin-top: 80px\">\n\n\n        <div class=\"block-inner\">\n\n            \n\n                            <div class=\"text ff-bodytext\">Vous souhaitez installer ou mettre \u00e0 jour un syst\u00e8me Smart Home dans votre camping-car ? Contactez-nous pour discuter des d\u00e9tails de l&rsquo;installation. <\/div>\n                <a class=\"s1x-button btn-white-do\" href=\"https:\/\/vanme.de\/fr\/contact\/\">\n                    Contact                <\/a>\n            \n        <\/div>\n\n        \n        <picture class=\"s1x-picture-cover-absolute jshook-provide-hq-after-dom-loaded\">\n            <source srcset-hq=\"https:\/\/vanme.de\/wp-content\/uploads\/2025\/11\/revotion-footer-DSC07804-cut.jpg\"\n                    width=\"1920\"\n                    height=\"694\">\n\n            \n            <source srcset-hq=\"https:\/\/vanme.de\/wp-content\/uploads\/2025\/11\/revotion-footer-DSC07804-cut.jpg.webp\"\n                    width=\"1920\"\n                    height=\"694\"\n                    type=\"image\/webp\">\n\n                        <img loading=\"lazy\" decoding=\"async\" src=\"https:\/\/vanme.de\/wp-content\/uploads\/2025\/11\/revotion-footer-DSC07804-cut.jpg\"\n                 width=\"1920\"\n                 height=\"694\"\n                 alt=\"\">\n        <\/picture>\n\n\n    <\/section>\n\n\n","protected":false},"excerpt":{"rendered":"","protected":false},"author":1,"featured_media":10967,"parent":13358,"menu_order":0,"comment_status":"closed","ping_status":"closed","template":"","meta":{"_acf_changed":false,"footnotes":""},"class_list":["post-13374","page","type-page","status-publish","has-post-thumbnail","hentry"],"acf":[],"_links":{"self":[{"href":"https:\/\/vanme.de\/fr\/wp-json\/wp\/v2\/pages\/13374","targetHints":{"allow":["GET"]}}],"collection":[{"href":"https:\/\/vanme.de\/fr\/wp-json\/wp\/v2\/pages"}],"about":[{"href":"https:\/\/vanme.de\/fr\/wp-json\/wp\/v2\/types\/page"}],"author":[{"embeddable":true,"href":"https:\/\/vanme.de\/fr\/wp-json\/wp\/v2\/users\/1"}],"replies":[{"embeddable":true,"href":"https:\/\/vanme.de\/fr\/wp-json\/wp\/v2\/comments?post=13374"}],"version-history":[{"count":8,"href":"https:\/\/vanme.de\/fr\/wp-json\/wp\/v2\/pages\/13374\/revisions"}],"predecessor-version":[{"id":17884,"href":"https:\/\/vanme.de\/fr\/wp-json\/wp\/v2\/pages\/13374\/revisions\/17884"}],"up":[{"embeddable":true,"href":"https:\/\/vanme.de\/fr\/wp-json\/wp\/v2\/pages\/13358"}],"wp:featuredmedia":[{"embeddable":true,"href":"https:\/\/vanme.de\/fr\/wp-json\/wp\/v2\/media\/10967"}],"wp:attachment":[{"href":"https:\/\/vanme.de\/fr\/wp-json\/wp\/v2\/media?parent=13374"}],"curies":[{"name":"wp","href":"https:\/\/api.w.org\/{rel}","templated":true}]}}