{"id":13343,"date":"2025-10-22T10:10:55","date_gmt":"2025-10-22T08:10:55","guid":{"rendered":"https:\/\/devbox2.mc8pm.com\/lumiere-de-bienvenue-led\/"},"modified":"2026-03-16T18:22:26","modified_gmt":"2026-03-16T17:22:26","slug":"lumiere-de-bienvenue-led","status":"publish","type":"page","link":"https:\/\/vanme.de\/fr\/accessoires\/lumiere-de-bienvenue-led\/","title":{"rendered":"VANME Lumi\u00e8re de bienvenue"},"content":{"rendered":"\n\n\n                        \n            \n            <section class=\"block-media cnt-1 block-media-mobile-sort- blockheight-laptop-60vh blockheight-tablet-80vh blockheight-mobile-80vh blockstyle-display block-media-width-\" style=\"margin-top: 0px\">\n\n                \n                \n                    \n                    <div class=\"media media-0 has-media\">\n\n                        \n\n                        \n                            <div class=\"s1x-video\">\n                                <video class=\"jshook-play-video-when-in-viewport \"\n                                       playsinline muted loop\n                                       width=\"1000\"\n                                       height=\"720\"\n                                       preload=\"none\"\n                                       poster=\"https:\/\/vanme.de\/wp-content\/uploads\/2025\/11\/vanme-welcome-light-header-poster.jpg\">\n                                    <source src=\"https:\/\/vanme.de\/wp-content\/uploads\/2025\/11\/vanme-welcome-light-header.mp4\">\n                                <\/video>\n                            <\/div>\n\n                        \n                        <div class=\"overlay s1x-absolute-100 has-media                            s1x-tovp-tablapdesk-tl                            s1x-tovp-mob-tl\n                            \">\n\n                            \n                            \n                            \n                            \n                            \n                            \n                        <\/div>\n\n                        \n                    <\/div>\n\n                \n            <\/section>\n\n            \n\n\n    <section class=\"block-breadcrumb  area-align-\" style=\"margin-top: 40px; max-width: ;\">\n\n        <nav aria-label=\"breadcrumbs\" class=\"rank-math-breadcrumb\"><p><span class=\"last\">Accueil<\/span><\/p><\/nav>\n    <\/section>\n\n\n\n    <section class=\"block-text center area-align-center\" style=\"margin-top: 80px; max-width: unset\">\n\n        \n                                \n                                            <h1 class=\"ff-bebas-ds80 ff-uppercase hlsize-\">VANME Lumi\u00e8re de bienvenue<\/h1>\n                    \n                    <div class=\"ff-bebas-ds30\"><span class=\"ff-thin\">La premi\u00e8re impression compte<\/span><\/div>\n        \n        <div class=\"ff-bodytext \">\n                    <\/div>\n\n\n                \n    <\/section>\n\n\n\n\n\n                        \n            \n            <section class=\"block-media cnt-1 block-media-mobile-sort- blockheight-laptop-60vh blockheight-tablet-60vh blockheight-mobile-60vh blockstyle-display block-media-width-\" style=\"margin-top: 0px\">\n\n                \n                \n                    \n                    <div class=\"media media-0 has-media\">\n\n                        \n\n                        \n                            \n                            <picture class=\"s1x-picture-cover jshook-provide-hq-after-dom-loaded \">\n                                <source srcset-hq=\"https:\/\/vanme.de\/wp-content\/uploads\/2025\/10\/led-welcome-light-DSC07463-fwresize.jpg\"\n                                        width=\"1920\"\n                                        height=\"1282\">\n\n                                \n                                <source srcset-hq=\"https:\/\/vanme.de\/wp-content\/uploads\/2025\/10\/led-welcome-light-DSC07463-fwresize.jpg.webp\"\n                                        width=\"1920\"\n                                        height=\"1282\"\n                                        type=\"image\/webp\">\n\n                                                                <img decoding=\"async\" loading=\"lazy\"\n                                     src=\"https:\/\/vanme.de\/wp-content\/uploads\/2025\/10\/led-welcome-light-DSC07463-fwresize.jpg\"\n                                     width=\"1920\"\n                                     height=\"1282\"\n                                     alt=\"\">\n                            <\/picture>\n\n                        \n                        <div class=\"overlay s1x-absolute-100 has-media                            s1x-tovp-tablapdesk-tl                            s1x-tovp-mob-tl\n                            \">\n\n                            \n                            \n                            \n                            \n                            \n                            \n                        <\/div>\n\n                        \n                    <\/div>\n\n                \n            <\/section>\n\n            \n\n\n\n    \n\n    <section class=\"block-product has-variants- has-description-per-variant-\" style=\"margin-top: 80px\">\n\n                    <!-- product without variants -->\n\n            <div class=\"container-description\">\n                <h2 class=\"ff-bebas-ds65 ff-uppercase\">\n                    Description                <\/h2>\n                <p class=\"ff-bodytext product-description\">\n                    Avant m\u00eame que les portes ne s&rsquo;ouvrent, votre campeur montre qui il est : VANME.<br \/>\r\n<br \/>\r\nLe VANME Welcome Light projette la marque caract\u00e9ristique sur l&rsquo;asphalte de mani\u00e8re discr\u00e8te et pr\u00e9cise d\u00e8s que les portes avant sont ouvertes. Un d\u00e9tail \u00e9l\u00e9gant qui donne \u00e0 chaque entr\u00e9e une sc\u00e8ne particuli\u00e8re - valorisante, exclusive et distinctive. <br \/>\r\n<br \/>\r\nLa technologie LED garantit des lignes \u00e9pur\u00e9es, une luminosit\u00e9 brillante et une fiabilit\u00e9 durable - parfaitement adapt\u00e9e au langage de conception de nos camping-cars.<br \/>\r\n<br \/>\r\nUn petit moment qui transmet de grandes choses :<br \/>\r\nBienvenue dans votre libert\u00e9. Bienvenue dans votre VANME.                 <\/p>\n                <p class=\"ff-bodytext product-disclaimer\">\n                    Nous proposons le logo LED pour tous les grands fourgons courants. Il s&rsquo;agit des composants et du montage sur le v\u00e9hicule.                 <\/p>\n            <\/div>\n\n            <div class=\"container-add2cart\">\n                                <div class=\"price-label\">Notre prix<span>(Composant, montage inclus )<\/span><\/div>\n\n                \n                <div id=\"product-price\">299,00\u00a0\u20ac<span>TVA comprise<\/span><\/div>\n\n                <div class=\"bookmark\">\n                    <div id=\"product-bookmark\" class=\"cssimg-bookmark cssimg-contain-center-norepeat jshook-bookmark-add\"\n                         data-bookmark-headline=\"VANME Lumi\u00e8re de bienvenue\"\n                         data-bookmark-content=\"Je m'int\u00e9resse \u00e0 ce tuning - 299,00\u00a0\u20ac\">\n                    <\/div>\n                    <div class=\"bookmark-text\">Ajouter \u00e0 la liste de demande<\/div>\n                <\/div>\n            <\/div>\n\n\n\n        \n    <\/section>\n\n\n\n\n\n                        \n            \n            <section class=\"block-media cnt-1 block-media-mobile-sort- blockheight-laptop-30vh blockheight-tablet-30vh blockheight-mobile-30vh blockstyle-display block-media-width-\" style=\"margin-top: 0px\">\n\n                \n                \n                    \n                    <div class=\"media media-0 has-media\">\n\n                        \n\n                        \n                            \n                            <picture class=\"s1x-picture-cover jshook-provide-hq-after-dom-loaded \">\n                                <source srcset-hq=\"https:\/\/vanme.de\/wp-content\/uploads\/2025\/10\/led-welcome-light-DSC07460-fwresize.jpg\"\n                                        width=\"1920\"\n                                        height=\"634\">\n\n                                \n                                <source srcset-hq=\"https:\/\/vanme.de\/wp-content\/uploads\/2025\/10\/led-welcome-light-DSC07460-fwresize.jpg.webp\"\n                                        width=\"1920\"\n                                        height=\"634\"\n                                        type=\"image\/webp\">\n\n                                                                <img decoding=\"async\" loading=\"lazy\"\n                                     src=\"https:\/\/vanme.de\/wp-content\/uploads\/2025\/10\/led-welcome-light-DSC07460-fwresize.jpg\"\n                                     width=\"1920\"\n                                     height=\"634\"\n                                     alt=\"\">\n                            <\/picture>\n\n                        \n                        <div class=\"overlay s1x-absolute-100 has-media                            s1x-tovp-tablapdesk-tl                            s1x-tovp-mob-tl\n                            \">\n\n                            \n                            \n                            \n                            \n                            \n                            \n                        <\/div>\n\n                        \n                    <\/div>\n\n                \n            <\/section>\n\n            \n\n","protected":false},"excerpt":{"rendered":"","protected":false},"author":1,"featured_media":12314,"parent":13480,"menu_order":0,"comment_status":"closed","ping_status":"closed","template":"","meta":{"_acf_changed":false,"footnotes":""},"class_list":["post-13343","page","type-page","status-publish","has-post-thumbnail","hentry"],"acf":[],"_links":{"self":[{"href":"https:\/\/vanme.de\/fr\/wp-json\/wp\/v2\/pages\/13343","targetHints":{"allow":["GET"]}}],"collection":[{"href":"https:\/\/vanme.de\/fr\/wp-json\/wp\/v2\/pages"}],"about":[{"href":"https:\/\/vanme.de\/fr\/wp-json\/wp\/v2\/types\/page"}],"author":[{"embeddable":true,"href":"https:\/\/vanme.de\/fr\/wp-json\/wp\/v2\/users\/1"}],"replies":[{"embeddable":true,"href":"https:\/\/vanme.de\/fr\/wp-json\/wp\/v2\/comments?post=13343"}],"version-history":[{"count":6,"href":"https:\/\/vanme.de\/fr\/wp-json\/wp\/v2\/pages\/13343\/revisions"}],"predecessor-version":[{"id":16232,"href":"https:\/\/vanme.de\/fr\/wp-json\/wp\/v2\/pages\/13343\/revisions\/16232"}],"up":[{"embeddable":true,"href":"https:\/\/vanme.de\/fr\/wp-json\/wp\/v2\/pages\/13480"}],"wp:featuredmedia":[{"embeddable":true,"href":"https:\/\/vanme.de\/fr\/wp-json\/wp\/v2\/media\/12314"}],"wp:attachment":[{"href":"https:\/\/vanme.de\/fr\/wp-json\/wp\/v2\/media?parent=13343"}],"curies":[{"name":"wp","href":"https:\/\/api.w.org\/{rel}","templated":true}]}}