{"id":13341,"date":"2025-10-22T13:58:44","date_gmt":"2025-10-22T11:58:44","guid":{"rendered":"https:\/\/devbox2.mc8pm.com\/vanme-keycase\/"},"modified":"2026-03-16T18:22:08","modified_gmt":"2026-03-16T17:22:08","slug":"vanme-keycase","status":"publish","type":"page","link":"https:\/\/vanme.de\/fr\/accessoires\/vanme-keycase\/","title":{"rendered":"VANME \u00c9tui \u00e0 cl\u00e9s"},"content":{"rendered":"\n\n\n                        \n            \n            <section class=\"block-media cnt-1 block-media-mobile-sort- blockheight-laptop-60vh blockheight-tablet-60vh blockheight-mobile-1-1 blockstyle-display block-media-width-\" style=\"margin-top: 0px\">\n\n                \n                \n                    \n                    <div class=\"media media-0 has-media\">\n\n                        \n\n                        \n                            \n                            <picture class=\"s1x-picture-cover jshook-provide-hq-after-dom-loaded \">\n                                <source srcset-hq=\"https:\/\/vanme.de\/wp-content\/uploads\/2025\/10\/keycase-header.jpg\"\n                                        width=\"1920\"\n                                        height=\"1013\">\n\n                                \n                                <source srcset-hq=\"https:\/\/vanme.de\/wp-content\/uploads\/2025\/10\/keycase-header.jpg.webp\"\n                                        width=\"1920\"\n                                        height=\"1013\"\n                                        type=\"image\/webp\">\n\n                                                                <img decoding=\"async\" loading=\"lazy\"\n                                     src=\"https:\/\/vanme.de\/wp-content\/uploads\/2025\/10\/keycase-header.jpg\"\n                                     width=\"1920\"\n                                     height=\"1013\"\n                                     alt=\"\">\n                            <\/picture>\n\n                        \n                        <div class=\"overlay s1x-absolute-100 has-media                            s1x-tovp-tablapdesk-tl                            s1x-tovp-mob-tl\n                            \">\n\n                            \n                            \n                            \n                            \n                            \n                            \n                        <\/div>\n\n                        \n                    <\/div>\n\n                \n            <\/section>\n\n            \n\n\n    <section class=\"block-breadcrumb  area-align-\" style=\"margin-top: 40px; max-width: ;\">\n\n        <nav aria-label=\"breadcrumbs\" class=\"rank-math-breadcrumb\"><p><span class=\"last\">Accueil<\/span><\/p><\/nav>\n    <\/section>\n\n\n\n    <section class=\"block-text center area-align-center\" style=\"margin-top: 80px; max-width: unset\">\n\n        \n                                \n                                            <h1 class=\"ff-bebas-ds80 ff-uppercase hlsize-\">VANME \u00c9tui \u00e0 cl\u00e9s<\/h1>\n                    \n                    <div class=\"ff-bebas-ds30\"><span class=\"ff-thin\">Le style \u00e0 votre port\u00e9e<\/span><\/div>\n        \n        <div class=\"ff-bodytext \">\n                    <\/div>\n\n\n                \n    <\/section>\n\n\n\n    <section class=\"block-imageslider flickity-imageslider-carousel\" style=\"margin-top: 0px\">\n\n                                    \n                \n                    <div class=\"carousel-cell\">\n\n                        \n                        \n                            <video\n                                    autoplay\n                                    muted\n                                    loop\n                                    playsinline\n                                    poster=\"https:\/\/vanme.de\/wp-content\/uploads\/2025\/10\/VANME-Key-Case_30MB_poster.jpg\"\n                                    width=\"1080\"\n                                    height=\"1920\"\n                            >\n                                <source src=\"https:\/\/vanme.de\/wp-content\/uploads\/2025\/10\/VANME-Keycase-onlyLights.mp4\" type=\"video\/mp4\">\n                            <\/video>\n\n                        \n                    <\/div>\n\n                \n                    <div class=\"carousel-cell\">\n\n                        \n                        \n                            \n                            <picture class=\"jshook-provide-hq-after-dom-loaded\">\n                                <source srcset-hq=\"https:\/\/vanme.de\/wp-content\/uploads\/2025\/10\/keycase-slider-2.jpg\"\n                                        width=\"1400\"\n                                        height=\"1400\">\n                                <source srcset-hq=\"https:\/\/vanme.de\/wp-content\/uploads\/2025\/10\/keycase-slider-2.jpg.webp\"\n                                        width=\"1400\"\n                                        height=\"1400\"\n                                        type=\"image\/webp\">\n\n                                <source srcset=\"https:\/\/vanme.de\/wp-content\/uploads\/2025\/10\/keycase-slider-2.jpg\"\n                                        width=\"1400\"\n                                        height=\"1400\">\n\n                                <img loading=\"lazy\" decoding=\"async\"                                         src=\"https:\/\/vanme.de\/wp-content\/uploads\/2025\/10\/keycase-slider-2.jpg\"\n                                        width=\"1400\"\n                                        height=\"1400\"\n                                        alt=\"\">\n                            <\/picture>\n\n\n                        \n                    <\/div>\n\n                \n                    <div class=\"carousel-cell\">\n\n                        \n                        \n                            \n                            <picture class=\"jshook-provide-hq-after-dom-loaded\">\n                                <source srcset-hq=\"https:\/\/vanme.de\/wp-content\/uploads\/2025\/10\/keycase-slider-1.jpg\"\n                                        width=\"1163\"\n                                        height=\"1400\">\n                                <source srcset-hq=\"https:\/\/vanme.de\/wp-content\/uploads\/2025\/10\/keycase-slider-1.jpg.webp\"\n                                        width=\"1163\"\n                                        height=\"1400\"\n                                        type=\"image\/webp\">\n\n                                <source srcset=\"https:\/\/vanme.de\/wp-content\/uploads\/2025\/10\/keycase-slider-1.jpg\"\n                                        width=\"1163\"\n                                        height=\"1400\">\n\n                                <img loading=\"lazy\" decoding=\"async\"                                         src=\"https:\/\/vanme.de\/wp-content\/uploads\/2025\/10\/keycase-slider-1.jpg\"\n                                        width=\"1163\"\n                                        height=\"1400\"\n                                        alt=\"\">\n                            <\/picture>\n\n\n                        \n                    <\/div>\n\n                \n                    <div class=\"carousel-cell\">\n\n                        \n                        \n                            \n                            <picture class=\"jshook-provide-hq-after-dom-loaded\">\n                                <source srcset-hq=\"https:\/\/vanme.de\/wp-content\/uploads\/2025\/10\/keycase-slider-3.jpg\"\n                                        width=\"788\"\n                                        height=\"1400\">\n                                <source srcset-hq=\"https:\/\/vanme.de\/wp-content\/uploads\/2025\/10\/keycase-slider-3.jpg.webp\"\n                                        width=\"788\"\n                                        height=\"1400\"\n                                        type=\"image\/webp\">\n\n                                <source srcset=\"https:\/\/vanme.de\/wp-content\/uploads\/2025\/10\/keycase-slider-3.jpg\"\n                                        width=\"788\"\n                                        height=\"1400\">\n\n                                <img decoding=\"async\" loading=\"lazy\"                                        src=\"https:\/\/vanme.de\/wp-content\/uploads\/2025\/10\/keycase-slider-3.jpg\"\n                                        width=\"788\"\n                                        height=\"1400\"\n                                        alt=\"\">\n                            <\/picture>\n\n\n                        \n                    <\/div>\n\n                \n                    \n    <\/section>\n\n\n\n\n    \n\n    <section class=\"block-product has-variants- has-description-per-variant-\" style=\"margin-top: 80px\">\n\n                    <!-- product without variants -->\n\n            <div class=\"container-description\">\n                <h2 class=\"ff-bebas-ds65 ff-uppercase\">\n                    Description                <\/h2>\n                <p class=\"ff-bodytext product-description\">\n                    Le compl\u00e9ment parfait de votre Mercedes-Benz Sprinter :<br \/>\r\nLa Key Case VANME en cuir de haute qualit\u00e9 prot\u00e8ge la cl\u00e9 de votre v\u00e9hicule tout en lui conf\u00e9rant un look exclusif.<br \/>\r\n<br \/>\r\nFabriqu\u00e9 avec pr\u00e9cision et dot\u00e9 d&rsquo;un \u00e9l\u00e9gant logo en relief et de la marque VANME, ce porte-cl\u00e9s est une d\u00e9claration \u00e9l\u00e9gante de votre passion pour le voyage. Le cuir souple et durable offre une prise en main confortable et prot\u00e8ge des rayures, des chocs et de l&rsquo;usure. <br \/>\r\n<br \/>\r\nPour une personnalisation maximale, l&rsquo;\u00e9tui pour cl\u00e9s est disponible en option dans la couleur de votre choix ou en alcantara raffin\u00e9 - parfaitement adapt\u00e9 \u00e0 votre v\u00e9hicule ou \u00e0 votre style personnel.<br \/>\r\n<br \/>\r\nVANME Key Case - Premium jusqu&rsquo;au moindre d\u00e9tail.<br \/>\r\nParce que la v\u00e9ritable appr\u00e9ciation commence par la cl\u00e9.                <\/p>\n                <p class=\"ff-bodytext product-disclaimer\">\n                    Le Key Cover est en cuir v\u00e9ritable. Il ne contient pas de cl\u00e9. Disponible sur demande dans d&rsquo;autres couleurs ou mat\u00e9riaux.                  <\/p>\n            <\/div>\n\n            <div class=\"container-add2cart\">\n                                <div class=\"price-label\">Notre prix<span>(frais de port inclus )<\/span><\/div>\n\n                \n                <div id=\"product-price\">199,00\u00a0\u20ac<span>TVA comprise<\/span><\/div>\n\n                <div class=\"bookmark\">\n                    <div id=\"product-bookmark\" class=\"cssimg-bookmark cssimg-contain-center-norepeat jshook-bookmark-add\"\n                         data-bookmark-headline=\"VANME \u00c9tui \u00e0 cl\u00e9s\"\n                         data-bookmark-content=\"Je m'int\u00e9resse \u00e0 ce tuning - 199,00\u00a0\u20ac\">\n                    <\/div>\n                    <div class=\"bookmark-text\">Ajouter \u00e0 la liste de demande<\/div>\n                <\/div>\n            <\/div>\n\n\n\n        \n    <\/section>\n\n\n\n\n\n                        \n            \n            <section class=\"block-media cnt-1 block-media-mobile-sort- blockheight-laptop-60vh blockheight-tablet-30vh blockheight-mobile-30vh blockstyle-display block-media-width-\" style=\"margin-top: 0px\">\n\n                \n                \n                    \n                    <div class=\"media media-0 has-media\">\n\n                        \n\n                        \n                            \n                            <picture class=\"s1x-picture-cover jshook-provide-hq-after-dom-loaded \">\n                                <source srcset-hq=\"https:\/\/vanme.de\/wp-content\/uploads\/2025\/10\/keycase-footer.jpg\"\n                                        width=\"1920\"\n                                        height=\"1080\">\n\n                                \n                                <source srcset-hq=\"https:\/\/vanme.de\/wp-content\/uploads\/2025\/10\/keycase-footer.jpg.webp\"\n                                        width=\"1920\"\n                                        height=\"1080\"\n                                        type=\"image\/webp\">\n\n                                                                <img decoding=\"async\" loading=\"lazy\"\n                                     src=\"https:\/\/vanme.de\/wp-content\/uploads\/2025\/10\/keycase-footer.jpg\"\n                                     width=\"1920\"\n                                     height=\"1080\"\n                                     alt=\"\">\n                            <\/picture>\n\n                        \n                        <div class=\"overlay s1x-absolute-100 has-media                            s1x-tovp-tablapdesk-tl                            s1x-tovp-mob-tl\n                            \">\n\n                            \n                            \n                            \n                            \n                            \n                            \n                        <\/div>\n\n                        \n                    <\/div>\n\n                \n            <\/section>\n\n            \n\n","protected":false},"excerpt":{"rendered":"","protected":false},"author":1,"featured_media":12993,"parent":13480,"menu_order":0,"comment_status":"closed","ping_status":"closed","template":"","meta":{"_acf_changed":false,"footnotes":""},"class_list":["post-13341","page","type-page","status-publish","has-post-thumbnail","hentry"],"acf":[],"_links":{"self":[{"href":"https:\/\/vanme.de\/fr\/wp-json\/wp\/v2\/pages\/13341","targetHints":{"allow":["GET"]}}],"collection":[{"href":"https:\/\/vanme.de\/fr\/wp-json\/wp\/v2\/pages"}],"about":[{"href":"https:\/\/vanme.de\/fr\/wp-json\/wp\/v2\/types\/page"}],"author":[{"embeddable":true,"href":"https:\/\/vanme.de\/fr\/wp-json\/wp\/v2\/users\/1"}],"replies":[{"embeddable":true,"href":"https:\/\/vanme.de\/fr\/wp-json\/wp\/v2\/comments?post=13341"}],"version-history":[{"count":10,"href":"https:\/\/vanme.de\/fr\/wp-json\/wp\/v2\/pages\/13341\/revisions"}],"predecessor-version":[{"id":19116,"href":"https:\/\/vanme.de\/fr\/wp-json\/wp\/v2\/pages\/13341\/revisions\/19116"}],"up":[{"embeddable":true,"href":"https:\/\/vanme.de\/fr\/wp-json\/wp\/v2\/pages\/13480"}],"wp:featuredmedia":[{"embeddable":true,"href":"https:\/\/vanme.de\/fr\/wp-json\/wp\/v2\/media\/12993"}],"wp:attachment":[{"href":"https:\/\/vanme.de\/fr\/wp-json\/wp\/v2\/media?parent=13341"}],"curies":[{"name":"wp","href":"https:\/\/api.w.org\/{rel}","templated":true}]}}