{"id":9757,"date":"2025-03-25T21:03:45","date_gmt":"2025-03-25T20:03:45","guid":{"rendered":"https:\/\/devbox2.mc8pm.com\/visita-de-empresa\/"},"modified":"2026-03-16T18:25:51","modified_gmt":"2026-03-16T17:25:51","slug":"visita-de-empresa","status":"publish","type":"page","link":"https:\/\/vanme.de\/es\/visita-de-empresa\/","title":{"rendered":"Visita de empresa"},"content":{"rendered":"\n\n\n                        \n            \n            <section class=\"block-media cnt-1 block-media-mobile-sort- blockheight-laptop-60vh blockheight-tablet-16-9 blockheight-mobile-1-1 blockstyle-display block-media-width-\" style=\"margin-top: 0px\">\n\n                \n                \n                    \n                    <div class=\"media media-0 has-media\">\n\n                        \n\n                        \n                            <div class=\"s1x-video\">\n                                <video class=\"jshook-play-video-when-in-viewport \"\n                                       playsinline muted loop\n                                       width=\"1000\"\n                                       height=\"720\"\n                                       preload=\"none\"\n                                       poster=\"https:\/\/vanme.de\/wp-content\/uploads\/2025\/05\/header-ueberuns-lowquality.jpg\">\n                                    <source src=\"https:\/\/vanme.de\/wp-content\/uploads\/2025\/10\/Website-Header-Ueber-Uns-Kurz-5500kbit.mp4\">\n                                <\/video>\n                            <\/div>\n\n                        \n                        <div class=\"overlay s1x-absolute-100 has-media                            s1x-tovp-tablapdesk-                            s1x-tovp-mob-\n                            s1x-tovp-notext\">\n\n                            \n                            \n                            \n                            \n                            \n                            \n                        <\/div>\n\n                        \n                    <\/div>\n\n                \n            <\/section>\n\n            \n\n\n    <section class=\"block-text center area-align-left\" style=\"margin-top: 80px; max-width: unset\">\n\n        \n                                \n                                            <h2 class=\"ff-bebas-ds80 ff-uppercase hlsize-\">Visita de empresa<\/h2>\n                    \n                    <div class=\"ff-bebas-ds30\"><span class=\"ff-thin\">Echa un vistazo al interior y ver\u00e1s c\u00f3mo se crea la libertad.<\/span><\/div>\n        \n        <div class=\"ff-bodytext \">\n            <p>La f\u00e1brica VANME es un lugar donde las ideas toman forma. Entre tecnolog\u00eda punta y artesan\u00eda de precisi\u00f3n, en la mayor isla fluvial de Alemania se crean autocaravanas personalizadas que dan vida a la libertad sobre ruedas. <\/p>\n<p><span class=\"ff-bold ff-uppercase ff-bigger\">Fabricado en Hamburgo.<\/span><\/p>\n        <\/div>\n\n\n                \n    <\/section>\n\n\n\n    <section class=\"block-imageslider flickity-imageslider-carousel\" style=\"margin-top: 80px\">\n\n                                    \n                \n                    <div class=\"carousel-cell\">\n\n                        \n                        \n                            \n                            <picture class=\"jshook-provide-hq-after-dom-loaded\">\n                                <source srcset-hq=\"https:\/\/vanme.de\/wp-content\/uploads\/2026\/01\/company-tour-43.jpg\"\n                                        width=\"1617\"\n                                        height=\"1080\">\n                                <source srcset-hq=\"https:\/\/vanme.de\/wp-content\/uploads\/2026\/01\/company-tour-43.jpg.webp\"\n                                        width=\"1617\"\n                                        height=\"1080\"\n                                        type=\"image\/webp\">\n\n                                <source srcset=\"https:\/\/vanme.de\/wp-content\/uploads\/2026\/01\/company-tour-43.jpg\"\n                                        width=\"1617\"\n                                        height=\"1080\">\n\n                                <img loading=\"lazy\" decoding=\"async\"                                         src=\"https:\/\/vanme.de\/wp-content\/uploads\/2026\/01\/company-tour-43.jpg\"\n                                        width=\"1617\"\n                                        height=\"1080\"\n                                        alt=\"\">\n                            <\/picture>\n\n\n                        \n                    <\/div>\n\n                \n                    <div class=\"carousel-cell\">\n\n                        \n                        \n                            \n                            <picture class=\"jshook-provide-hq-after-dom-loaded\">\n                                <source srcset-hq=\"https:\/\/vanme.de\/wp-content\/uploads\/2026\/01\/company-tour-155.jpg\"\n                                        width=\"1617\"\n                                        height=\"1080\">\n                                <source srcset-hq=\"https:\/\/vanme.de\/wp-content\/uploads\/2026\/01\/company-tour-155.jpg.webp\"\n                                        width=\"1617\"\n                                        height=\"1080\"\n                                        type=\"image\/webp\">\n\n                                <source srcset=\"https:\/\/vanme.de\/wp-content\/uploads\/2026\/01\/company-tour-155.jpg\"\n                                        width=\"1617\"\n                                        height=\"1080\">\n\n                                <img loading=\"lazy\" decoding=\"async\"                                         src=\"https:\/\/vanme.de\/wp-content\/uploads\/2026\/01\/company-tour-155.jpg\"\n                                        width=\"1617\"\n                                        height=\"1080\"\n                                        alt=\"\">\n                            <\/picture>\n\n\n                        \n                    <\/div>\n\n                \n                    <div class=\"carousel-cell\">\n\n                        \n                        \n                            \n                            <picture class=\"jshook-provide-hq-after-dom-loaded\">\n                                <source srcset-hq=\"https:\/\/vanme.de\/wp-content\/uploads\/2026\/01\/company-tour-123.jpg\"\n                                        width=\"1617\"\n                                        height=\"1080\">\n                                <source srcset-hq=\"https:\/\/vanme.de\/wp-content\/uploads\/2026\/01\/company-tour-123.jpg.webp\"\n                                        width=\"1617\"\n                                        height=\"1080\"\n                                        type=\"image\/webp\">\n\n                                <source srcset=\"https:\/\/vanme.de\/wp-content\/uploads\/2026\/01\/company-tour-123.jpg\"\n                                        width=\"1617\"\n                                        height=\"1080\">\n\n                                <img loading=\"lazy\" decoding=\"async\"                                         src=\"https:\/\/vanme.de\/wp-content\/uploads\/2026\/01\/company-tour-123.jpg\"\n                                        width=\"1617\"\n                                        height=\"1080\"\n                                        alt=\"\">\n                            <\/picture>\n\n\n                        \n                    <\/div>\n\n                \n                    <div class=\"carousel-cell\">\n\n                        \n                        \n                            \n                            <picture class=\"jshook-provide-hq-after-dom-loaded\">\n                                <source srcset-hq=\"https:\/\/vanme.de\/wp-content\/uploads\/2026\/01\/company-tour-177.jpg\"\n                                        width=\"1617\"\n                                        height=\"1080\">\n                                <source srcset-hq=\"https:\/\/vanme.de\/wp-content\/uploads\/2026\/01\/company-tour-177.jpg.webp\"\n                                        width=\"1617\"\n                                        height=\"1080\"\n                                        type=\"image\/webp\">\n\n                                <source srcset=\"https:\/\/vanme.de\/wp-content\/uploads\/2026\/01\/company-tour-177.jpg\"\n                                        width=\"1617\"\n                                        height=\"1080\">\n\n                                <img decoding=\"async\" loading=\"lazy\"                                        src=\"https:\/\/vanme.de\/wp-content\/uploads\/2026\/01\/company-tour-177.jpg\"\n                                        width=\"1617\"\n                                        height=\"1080\"\n                                        alt=\"\">\n                            <\/picture>\n\n\n                        \n                    <\/div>\n\n                \n                    <div class=\"carousel-cell\">\n\n                        \n                        \n                            \n                            <picture class=\"jshook-provide-hq-after-dom-loaded\">\n                                <source srcset-hq=\"https:\/\/vanme.de\/wp-content\/uploads\/2026\/01\/company-tour-129.jpg\"\n                                        width=\"1617\"\n                                        height=\"1080\">\n                                <source srcset-hq=\"https:\/\/vanme.de\/wp-content\/uploads\/2026\/01\/company-tour-129.jpg.webp\"\n                                        width=\"1617\"\n                                        height=\"1080\"\n                                        type=\"image\/webp\">\n\n                                <source srcset=\"https:\/\/vanme.de\/wp-content\/uploads\/2026\/01\/company-tour-129.jpg\"\n                                        width=\"1617\"\n                                        height=\"1080\">\n\n                                <img decoding=\"async\" loading=\"lazy\"                                        src=\"https:\/\/vanme.de\/wp-content\/uploads\/2026\/01\/company-tour-129.jpg\"\n                                        width=\"1617\"\n                                        height=\"1080\"\n                                        alt=\"\">\n                            <\/picture>\n\n\n                        \n                    <\/div>\n\n                \n                    <div class=\"carousel-cell\">\n\n                        \n                        \n                            \n                            <picture class=\"jshook-provide-hq-after-dom-loaded\">\n                                <source srcset-hq=\"https:\/\/vanme.de\/wp-content\/uploads\/2026\/01\/company-tour-246.jpg\"\n                                        width=\"2096\"\n                                        height=\"1400\">\n                                <source srcset-hq=\"https:\/\/vanme.de\/wp-content\/uploads\/2026\/01\/company-tour-246.jpg.webp\"\n                                        width=\"2096\"\n                                        height=\"1400\"\n                                        type=\"image\/webp\">\n\n                                <source srcset=\"https:\/\/vanme.de\/wp-content\/uploads\/2026\/01\/company-tour-246.jpg\"\n                                        width=\"2096\"\n                                        height=\"1400\">\n\n                                <img decoding=\"async\" loading=\"lazy\"                                        src=\"https:\/\/vanme.de\/wp-content\/uploads\/2026\/01\/company-tour-246.jpg\"\n                                        width=\"2096\"\n                                        height=\"1400\"\n                                        alt=\"\">\n                            <\/picture>\n\n\n                        \n                    <\/div>\n\n                \n                    <div class=\"carousel-cell\">\n\n                        \n                        \n                            \n                            <picture class=\"jshook-provide-hq-after-dom-loaded\">\n                                <source srcset-hq=\"https:\/\/vanme.de\/wp-content\/uploads\/2026\/01\/company-tour-217.jpg\"\n                                        width=\"1617\"\n                                        height=\"1080\">\n                                <source srcset-hq=\"https:\/\/vanme.de\/wp-content\/uploads\/2026\/01\/company-tour-217.jpg.webp\"\n                                        width=\"1617\"\n                                        height=\"1080\"\n                                        type=\"image\/webp\">\n\n                                <source srcset=\"https:\/\/vanme.de\/wp-content\/uploads\/2026\/01\/company-tour-217.jpg\"\n                                        width=\"1617\"\n                                        height=\"1080\">\n\n                                <img decoding=\"async\" loading=\"lazy\"                                        src=\"https:\/\/vanme.de\/wp-content\/uploads\/2026\/01\/company-tour-217.jpg\"\n                                        width=\"1617\"\n                                        height=\"1080\"\n                                        alt=\"\">\n                            <\/picture>\n\n\n                        \n                    <\/div>\n\n                \n                    <div class=\"carousel-cell\">\n\n                        \n                        \n                            \n                            <picture class=\"jshook-provide-hq-after-dom-loaded\">\n                                <source srcset-hq=\"https:\/\/vanme.de\/wp-content\/uploads\/2025\/08\/companytour-vanme-produktion3.jpg\"\n                                        width=\"1198\"\n                                        height=\"800\">\n                                <source srcset-hq=\"https:\/\/vanme.de\/wp-content\/uploads\/2025\/08\/companytour-vanme-produktion3.jpg.webp\"\n                                        width=\"1198\"\n                                        height=\"800\"\n                                        type=\"image\/webp\">\n\n                                <source srcset=\"https:\/\/vanme.de\/wp-content\/uploads\/2025\/08\/companytour-vanme-produktion3.jpg\"\n                                        width=\"1198\"\n                                        height=\"800\">\n\n                                <img decoding=\"async\" loading=\"lazy\"                                        src=\"https:\/\/vanme.de\/wp-content\/uploads\/2025\/08\/companytour-vanme-produktion3.jpg\"\n                                        width=\"1198\"\n                                        height=\"800\"\n                                        alt=\"\">\n                            <\/picture>\n\n\n                        \n                    <\/div>\n\n                \n                    <div class=\"carousel-cell\">\n\n                        \n                        \n                            \n                            <picture class=\"jshook-provide-hq-after-dom-loaded\">\n                                <source srcset-hq=\"https:\/\/vanme.de\/wp-content\/uploads\/2026\/01\/company-tour-09.jpg\"\n                                        width=\"1617\"\n                                        height=\"1080\">\n                                <source srcset-hq=\"https:\/\/vanme.de\/wp-content\/uploads\/2026\/01\/company-tour-09.jpg.webp\"\n                                        width=\"1617\"\n                                        height=\"1080\"\n                                        type=\"image\/webp\">\n\n                                <source srcset=\"https:\/\/vanme.de\/wp-content\/uploads\/2026\/01\/company-tour-09.jpg\"\n                                        width=\"1617\"\n                                        height=\"1080\">\n\n                                <img decoding=\"async\" loading=\"lazy\"                                        src=\"https:\/\/vanme.de\/wp-content\/uploads\/2026\/01\/company-tour-09.jpg\"\n                                        width=\"1617\"\n                                        height=\"1080\"\n                                        alt=\"\">\n                            <\/picture>\n\n\n                        \n                    <\/div>\n\n                \n                    \n    <\/section>\n\n\n\n\n\n                        \n            \n            <section class=\"block-media cnt-1 block-media-mobile-sort- blockheight-laptop-16-9 blockheight-tablet-16-9 blockheight-mobile-16-9 blockstyle-display block-media-width-\" style=\"margin-top: 80px\">\n\n                \n                \n                    \n                    <div class=\"media media-0 has-media\">\n\n                        \n\n                        \n                            <div class=\"s1x-video\">\n                                <video class=\"jshook-play-video-when-in-viewport \"\n                                       playsinline muted loop\n                                       width=\"1000\"\n                                       height=\"720\"\n                                       preload=\"none\"\n                                       poster=\"https:\/\/vanme.de\/wp-content\/uploads\/2025\/05\/Website-Ueber-Uns-Hallenrundgang.jpg\">\n                                    <source src=\"https:\/\/vanme.de\/wp-content\/uploads\/2025\/08\/Ueber-Uns-Breaker-Block_30MB.mp4\">\n                                <\/video>\n                            <\/div>\n\n                        \n                        <div class=\"overlay s1x-absolute-100 has-media                            s1x-tovp-tablapdesk-                            s1x-tovp-mob-\n                            s1x-tovp-notext\">\n\n                            \n                            \n                            \n                            \n                            \n                            \n                        <\/div>\n\n                        \n                    <\/div>\n\n                \n            <\/section>\n\n            \n\n\n    <section class=\"block-text center area-align-center\" style=\"margin-top: 80px; max-width: 1300px\">\n\n        \n                                \n                                            <h2 class=\"ff-bebas-ds80 ff-uppercase hlsize-\"><span class=\"ff-thin\">\u00bfQui\u00e9n es VANME?<\/span><\/h2>\n                    \n                    <div class=\"ff-bebas-ds30\"><span class=\"ff-uppercase\">Una f\u00e1brica<\/span><\/div>\n        \n        <div class=\"ff-bodytext \">\n            <p>VANME es un fabricante de autocaravanas personalizadas. Llevamos desde 2017 combinando artesan\u00eda precisa, tecnolog\u00eda punta y dise\u00f1o elegante. El resultado son veh\u00edculos \u00fanicos que se adaptan perfectamente a sus propietarios.  <\/p>\n        <\/div>\n\n\n                        <a class=\"s1x-button btn-white-do\" href=\"https:\/\/vanme.de\/es\/quienes-somos\/\">\n            Qui\u00e9nes somos        <\/a>\n        \n    <\/section>\n\n\n\n    <section class=\"block-contact\" style=\"margin-top: 80px\">\n\n\n        <div class=\"block-inner\">\n\n            \n\n                            <div class=\"text ff-bodytext\">\u00bfQuieres que convirtamos tu furgoneta en autocaravana? Ponte en contacto con nosotros para que podamos hablar de tus necesidades y deseos. <\/div>\n                <a class=\"s1x-button btn-white-do\" href=\"https:\/\/vanme.de\/es\/contacta-con-nosotros\/\">\n                    Contacto                <\/a>\n            \n        <\/div>\n\n        \n        <picture class=\"s1x-picture-cover-absolute jshook-provide-hq-after-dom-loaded\">\n            <source srcset-hq=\"https:\/\/vanme.de\/wp-content\/uploads\/2025\/09\/DSC03461-middlecut.jpg\"\n                    width=\"1920\"\n                    height=\"800\">\n\n            \n            <source srcset-hq=\"https:\/\/vanme.de\/wp-content\/uploads\/2025\/09\/DSC03461-middlecut.jpg.webp\"\n                    width=\"1920\"\n                    height=\"800\"\n                    type=\"image\/webp\">\n\n                        <img loading=\"lazy\" decoding=\"async\" src=\"https:\/\/vanme.de\/wp-content\/uploads\/2025\/09\/DSC03461-middlecut.jpg\"\n                 width=\"1920\"\n                 height=\"800\"\n                 alt=\"\">\n        <\/picture>\n\n\n    <\/section>\n\n\n","protected":false},"excerpt":{"rendered":"","protected":false},"author":1,"featured_media":0,"parent":0,"menu_order":0,"comment_status":"closed","ping_status":"closed","template":"","meta":{"_acf_changed":false,"footnotes":""},"class_list":["post-9757","page","type-page","status-publish","hentry"],"acf":[],"_links":{"self":[{"href":"https:\/\/vanme.de\/es\/wp-json\/wp\/v2\/pages\/9757","targetHints":{"allow":["GET"]}}],"collection":[{"href":"https:\/\/vanme.de\/es\/wp-json\/wp\/v2\/pages"}],"about":[{"href":"https:\/\/vanme.de\/es\/wp-json\/wp\/v2\/types\/page"}],"author":[{"embeddable":true,"href":"https:\/\/vanme.de\/es\/wp-json\/wp\/v2\/users\/1"}],"replies":[{"embeddable":true,"href":"https:\/\/vanme.de\/es\/wp-json\/wp\/v2\/comments?post=9757"}],"version-history":[{"count":6,"href":"https:\/\/vanme.de\/es\/wp-json\/wp\/v2\/pages\/9757\/revisions"}],"predecessor-version":[{"id":18521,"href":"https:\/\/vanme.de\/es\/wp-json\/wp\/v2\/pages\/9757\/revisions\/18521"}],"wp:attachment":[{"href":"https:\/\/vanme.de\/es\/wp-json\/wp\/v2\/media?parent=9757"}],"curies":[{"name":"wp","href":"https:\/\/api.w.org\/{rel}","templated":true}]}}