{"id":9598,"date":"2025-07-23T18:09:46","date_gmt":"2025-07-23T16:09:46","guid":{"rendered":"https:\/\/devbox2.mc8pm.com\/aparador-ambiente-verde\/"},"modified":"2026-03-03T15:58:56","modified_gmt":"2026-03-03T14:58:56","slug":"aparador-ambiente-verde","status":"publish","type":"page","link":"https:\/\/vanme.de\/es\/accesorios\/aparador-ambiente-verde\/","title":{"rendered":"Aparador ambiente VERDE"},"content":{"rendered":"\n\n\n                        \n            \n            <section class=\"block-media cnt-1 block-media-mobile-sort- blockheight-laptop-80vh blockheight-tablet-80vh blockheight-mobile-80vh blockstyle-display block-media-width-\" style=\"margin-top: 0px\">\n\n                \n                \n                    \n                    <div class=\"media media-0 has-media\">\n\n                        \n\n                        \n                            \n                            <picture class=\"s1x-picture-cover jshook-provide-hq-after-dom-loaded \">\n                                <source srcset-hq=\"https:\/\/vanme.de\/wp-content\/uploads\/2025\/11\/verde-header-DSC08803.jpg\"\n                                        width=\"1920\"\n                                        height=\"1200\">\n\n                                \n                                <source srcset-hq=\"https:\/\/vanme.de\/wp-content\/uploads\/2025\/11\/verde-header-DSC08803.jpg.webp\"\n                                        width=\"1920\"\n                                        height=\"1200\"\n                                        type=\"image\/webp\">\n\n                                                                <img decoding=\"async\" loading=\"lazy\"\n                                     src=\"https:\/\/vanme.de\/wp-content\/uploads\/2025\/11\/verde-header-DSC08803.jpg\"\n                                     width=\"1920\"\n                                     height=\"1200\"\n                                     alt=\"\">\n                            <\/picture>\n\n                        \n                        <div class=\"overlay s1x-absolute-100 has-media                            s1x-tovp-tablapdesk-tl                            s1x-tovp-mob-tl\n                            \">\n\n                            \n                            \n                            \n                            \n                            \n                            \n                        <\/div>\n\n                        \n                    <\/div>\n\n                \n            <\/section>\n\n            \n\n\n    <section class=\"block-breadcrumb  area-align-\" style=\"margin-top: 40px; max-width: ;\">\n\n        <nav aria-label=\"breadcrumbs\" class=\"rank-math-breadcrumb\"><p><span class=\"last\">Inicio<\/span><\/p><\/nav>\n    <\/section>\n\n\n\n    <section class=\"block-text center area-align-center\" style=\"margin-top: 80px; max-width: unset\">\n\n        \n                                \n                                            <h1 class=\"ff-bebas-ds80 ff-uppercase hlsize-\">VERDE<span class=\"ff-thin\"> - Aparador ambiental<\/span><\/h1>\n                    \n        \n        <div class=\"ff-bodytext \">\n                    <\/div>\n\n\n                \n    <\/section>\n\n\n\n    <section class=\"block-imageslider flickity-imageslider-carousel\" style=\"margin-top: 80px\">\n\n                                    \n                \n                    <div class=\"carousel-cell\">\n\n                        \n                        \n                            \n                            <picture class=\"jshook-provide-hq-after-dom-loaded\">\n                                <source srcset-hq=\"https:\/\/vanme.de\/wp-content\/uploads\/2025\/11\/verde-slider-DSC08805.jpg\"\n                                        width=\"2096\"\n                                        height=\"1400\">\n                                <source srcset-hq=\"https:\/\/vanme.de\/wp-content\/uploads\/2025\/11\/verde-slider-DSC08805.jpg.webp\"\n                                        width=\"2096\"\n                                        height=\"1400\"\n                                        type=\"image\/webp\">\n\n                                <source srcset=\"https:\/\/vanme.de\/wp-content\/uploads\/2025\/11\/verde-slider-DSC08805.jpg\"\n                                        width=\"2096\"\n                                        height=\"1400\">\n\n                                <img loading=\"lazy\" decoding=\"async\"                                         src=\"https:\/\/vanme.de\/wp-content\/uploads\/2025\/11\/verde-slider-DSC08805.jpg\"\n                                        width=\"2096\"\n                                        height=\"1400\"\n                                        alt=\"\">\n                            <\/picture>\n\n\n                        \n                    <\/div>\n\n                \n                    <div class=\"carousel-cell\">\n\n                        \n                        \n                            \n                            <picture class=\"jshook-provide-hq-after-dom-loaded\">\n                                <source srcset-hq=\"https:\/\/vanme.de\/wp-content\/uploads\/2025\/11\/verde-slider-DSC05959-cut.jpg\"\n                                        width=\"2188\"\n                                        height=\"1400\">\n                                <source srcset-hq=\"https:\/\/vanme.de\/wp-content\/uploads\/2025\/11\/verde-slider-DSC05959-cut.jpg.webp\"\n                                        width=\"2188\"\n                                        height=\"1400\"\n                                        type=\"image\/webp\">\n\n                                <source srcset=\"https:\/\/vanme.de\/wp-content\/uploads\/2025\/11\/verde-slider-DSC05959-cut.jpg\"\n                                        width=\"2188\"\n                                        height=\"1400\">\n\n                                <img loading=\"lazy\" decoding=\"async\"                                         src=\"https:\/\/vanme.de\/wp-content\/uploads\/2025\/11\/verde-slider-DSC05959-cut.jpg\"\n                                        width=\"2188\"\n                                        height=\"1400\"\n                                        alt=\"\">\n                            <\/picture>\n\n\n                        \n                    <\/div>\n\n                \n                    <div class=\"carousel-cell\">\n\n                        \n                        \n                            \n                            <picture class=\"jshook-provide-hq-after-dom-loaded\">\n                                <source srcset-hq=\"https:\/\/vanme.de\/wp-content\/uploads\/2025\/11\/verde-slider-DSC05961-cut.jpg\"\n                                        width=\"1655\"\n                                        height=\"1400\">\n                                <source srcset-hq=\"https:\/\/vanme.de\/wp-content\/uploads\/2025\/11\/verde-slider-DSC05961-cut.jpg.webp\"\n                                        width=\"1655\"\n                                        height=\"1400\"\n                                        type=\"image\/webp\">\n\n                                <source srcset=\"https:\/\/vanme.de\/wp-content\/uploads\/2025\/11\/verde-slider-DSC05961-cut.jpg\"\n                                        width=\"1655\"\n                                        height=\"1400\">\n\n                                <img loading=\"lazy\" decoding=\"async\"                                         src=\"https:\/\/vanme.de\/wp-content\/uploads\/2025\/11\/verde-slider-DSC05961-cut.jpg\"\n                                        width=\"1655\"\n                                        height=\"1400\"\n                                        alt=\"\">\n                            <\/picture>\n\n\n                        \n                    <\/div>\n\n                \n                    \n    <\/section>\n\n\n\n\n    \n\n    <section class=\"block-product has-variants- has-description-per-variant-\" style=\"margin-top: 80px\">\n\n                    <!-- product without variants -->\n\n            <div class=\"container-description\">\n                <h2 class=\"ff-bebas-ds65 ff-uppercase\">\n                    Descripci\u00f3n                <\/h2>\n                <p class=\"ff-bodytext product-description\">\n                    Artesan\u00eda en perfecta forma<br \/>\r\n<br \/>\r\nEste mueble combina la precisi\u00f3n de la fabricaci\u00f3n con la elegancia atemporal. El armaz\u00f3n de madera hecho a mano con suaves curvas se une a profundas superficies mates que quedan art\u00edsticamente resaltadas por la iluminaci\u00f3n integrada. <br \/>\r\n<br \/>\r\nLos compartimentos, claramente organizados, crean espacio para plantas, objetos o libros, y permiten que cada detalle cobre efecto mediante la interacci\u00f3n de la luz y el material. Cada pieza es una prueba de aut\u00e9ntica artesan\u00eda: cuidadosamente elaborada, de car\u00e1cter \u00fanico, creada para personas que aprecian algo especial.                 <\/p>\n                <p class=\"ff-bodytext product-disclaimer\">\n                    Dise\u00f1o que crea ambiente.                <\/p>\n            <\/div>\n\n            <div class=\"container-add2cart\">\n                                <div class=\"price-label\">Nuestro precio<\/div>\n\n                \n                <div id=\"product-price\">3.499,00\u00a0\u20ac<span>IVA incluido.<\/span><\/div>\n\n                <div class=\"bookmark\">\n                    <div id=\"product-bookmark\" class=\"cssimg-bookmark cssimg-contain-center-norepeat jshook-bookmark-add\"\n                         data-bookmark-headline=\"Aparador ambiente VERDE\"\n                         data-bookmark-content=\"Me interesa este tuning. - 3.499,00\u00a0\u20ac\">\n                    <\/div>\n                    <div class=\"bookmark-text\">A\u00f1adir a la lista de solicitudes<\/div>\n                <\/div>\n            <\/div>\n\n\n\n        \n    <\/section>\n\n\n\n\n\n                        \n            \n            <section class=\"block-media cnt-1 block-media-mobile-sort- blockheight-laptop-60vh blockheight-tablet-60vh blockheight-mobile-60vh blockstyle-display block-media-width-\" style=\"margin-top: 0px\">\n\n                \n                \n                    \n                    <div class=\"media media-0 has-media\">\n\n                        \n\n                        \n                            \n                            <picture class=\"s1x-picture-cover jshook-provide-hq-after-dom-loaded \">\n                                <source srcset-hq=\"https:\/\/vanme.de\/wp-content\/uploads\/2025\/09\/DSC03824-recut.jpg\"\n                                        width=\"1920\"\n                                        height=\"600\">\n\n                                \n                                <source srcset-hq=\"https:\/\/vanme.de\/wp-content\/uploads\/2025\/09\/DSC03824-recut.jpg.webp\"\n                                        width=\"1920\"\n                                        height=\"600\"\n                                        type=\"image\/webp\">\n\n                                                                <img decoding=\"async\" loading=\"lazy\"\n                                     src=\"https:\/\/vanme.de\/wp-content\/uploads\/2025\/09\/DSC03824-recut.jpg\"\n                                     width=\"1920\"\n                                     height=\"600\"\n                                     alt=\"\">\n                            <\/picture>\n\n                        \n                        <div class=\"overlay s1x-absolute-100 has-media                            s1x-tovp-tablapdesk-tl                            s1x-tovp-mob-tl\n                            \">\n\n                            \n                            \n                            \n                            \n                            \n                            \n                        <\/div>\n\n                        \n                    <\/div>\n\n                \n            <\/section>\n\n            \n\n","protected":false},"excerpt":{"rendered":"","protected":false},"author":1,"featured_media":16026,"parent":13477,"menu_order":0,"comment_status":"closed","ping_status":"closed","template":"","meta":{"_acf_changed":false,"footnotes":""},"class_list":["post-9598","page","type-page","status-publish","has-post-thumbnail","hentry"],"acf":[],"_links":{"self":[{"href":"https:\/\/vanme.de\/es\/wp-json\/wp\/v2\/pages\/9598","targetHints":{"allow":["GET"]}}],"collection":[{"href":"https:\/\/vanme.de\/es\/wp-json\/wp\/v2\/pages"}],"about":[{"href":"https:\/\/vanme.de\/es\/wp-json\/wp\/v2\/types\/page"}],"author":[{"embeddable":true,"href":"https:\/\/vanme.de\/es\/wp-json\/wp\/v2\/users\/1"}],"replies":[{"embeddable":true,"href":"https:\/\/vanme.de\/es\/wp-json\/wp\/v2\/comments?post=9598"}],"version-history":[{"count":6,"href":"https:\/\/vanme.de\/es\/wp-json\/wp\/v2\/pages\/9598\/revisions"}],"predecessor-version":[{"id":16070,"href":"https:\/\/vanme.de\/es\/wp-json\/wp\/v2\/pages\/9598\/revisions\/16070"}],"up":[{"embeddable":true,"href":"https:\/\/vanme.de\/es\/wp-json\/wp\/v2\/pages\/13477"}],"wp:featuredmedia":[{"embeddable":true,"href":"https:\/\/vanme.de\/es\/wp-json\/wp\/v2\/media\/16026"}],"wp:attachment":[{"href":"https:\/\/vanme.de\/es\/wp-json\/wp\/v2\/media?parent=9598"}],"curies":[{"name":"wp","href":"https:\/\/api.w.org\/{rel}","templated":true}]}}