{"id":13897,"date":"2025-05-19T18:24:50","date_gmt":"2025-05-19T16:24:50","guid":{"rendered":"https:\/\/devbox2.mc8pm.com\/bobo-el-trailer\/modelos-bobo\/bobo-l\/"},"modified":"2026-03-03T15:51:17","modified_gmt":"2026-03-03T14:51:17","slug":"bobo-l","status":"publish","type":"page","link":"https:\/\/vanme.de\/es\/bobo-el-trailer\/modelos-bobo\/bobo-l\/","title":{"rendered":"BOBO L+"},"content":{"rendered":"\n\n\n                        \n            \n            <section class=\"block-media cnt-1 block-media-mobile-sort- blockheight-laptop-none blockheight-tablet-60vh blockheight-mobile-30vh blockstyle-highlight block-media-width-\" style=\"margin-top: 0px\">\n\n                \n                \n                    \n                    <div class=\"media media-0 has-media\">\n\n                        \n\n                        \n                            \n                            <picture class=\"s1x-picture-cover jshook-provide-hq-after-dom-loaded \">\n                                <source srcset-hq=\"https:\/\/vanme.de\/wp-content\/uploads\/2025\/09\/bobol-header-cut.jpg\"\n                                        width=\"1920\"\n                                        height=\"700\">\n\n                                \n                                <source srcset-hq=\"https:\/\/vanme.de\/wp-content\/uploads\/2025\/09\/bobol-header-cut.jpg.webp\"\n                                        width=\"1920\"\n                                        height=\"700\"\n                                        type=\"image\/webp\">\n\n                                                                <img decoding=\"async\" loading=\"lazy\"\n                                     src=\"https:\/\/vanme.de\/wp-content\/uploads\/2025\/09\/bobol-header-cut.jpg\"\n                                     width=\"1920\"\n                                     height=\"700\"\n                                     alt=\"\">\n                            <\/picture>\n\n                        \n                        <div class=\"overlay s1x-absolute-100 has-media                            s1x-tovp-tablapdesk-cc                            s1x-tovp-mob-cc\n                            \">\n\n                            \n                            \n                            \n                            \n                            \n                            \n                        <\/div>\n\n                        \n                    <\/div>\n\n                \n            <\/section>\n\n            \n\n\n    <section class=\"block-breadcrumb  area-align-\" style=\"margin-top: 40px; max-width: ;\">\n\n        <nav aria-label=\"breadcrumbs\" class=\"rank-math-breadcrumb\"><p><span class=\"last\">Inicio<\/span><\/p><\/nav>\n    <\/section>\n\n\n\n    <section class=\"block-text left area-align-left\" style=\"margin-top: 40px; max-width: unset\">\n\n        \n                                \n                                            <h1 class=\"ff-bebas-ds80 ff-uppercase hlsize-\">BOBO L+<\/h1>\n                    \n                    <div class=\"ff-bebas-ds30\">Compacto, ligero, flexibilidad ilimitada<\/div>\n        \n        <div class=\"ff-bodytext \">\n            <p>El BOBO L+ es el modelo de entrada al mundo modular de VANME: compacto en tama\u00f1o, potente en prestaciones.<br \/>\nCon un peso total admisible de 1.000 kg, ofrece todo lo que necesitas para aventuras espont\u00e1neas: capacidad todoterreno, modularidad sofisticada y mano de obra de alta calidad en un formato manejable.<\/p>\n<p>Ya sea como compa\u00f1ero de fin de semana o como espacio de almacenamiento m\u00f3vil, el BOBO L+ est\u00e1 hecho para todos los que aman la libertad y no quieren prescindir de nada.<\/p>\n        <\/div>\n\n\n                \n    <\/section>\n\n\n\n    <section class=\"block-details\" style=\"margin-top: 80px;\">\n\n        \n        <div class=\"block-inner\">\n\n                                                            \n                        <div class=\"detail-section\">\n                            <h3 class=\"headline ff-uppercase ff-bebas-ds30\">Percha<\/h3>\n                            <div class=\"details\">\n                                \n                                    <div class=\"detail ff-bodytext\">\n                                        KT-EB2 Offroad Plus (con elevaci\u00f3n de la pared lateral), con recubrimiento de polvo negro incl. 2 amortiguadores de presi\u00f3n de gas con 600 Nm para el uso de una tienda de campa\u00f1a en el techo del remolque                                     <\/div>\n\n                                \n                                    <div class=\"detail ff-bodytext\">\n                                        Versi\u00f3n con freno                                    <\/div>\n\n                                \n                                    <div class=\"detail ff-bodytext\">\n                                        Homologaci\u00f3n 100 km\/h                                    <\/div>\n\n                                \n                                    <div class=\"detail ff-bodytext\">\n                                        Eje Knott de muelles de goma con suspensi\u00f3n independiente                                    <\/div>\n\n                                \n                                    <div class=\"detail ff-bodytext\">\n                                        Dos soportes deslizantes                                    <\/div>\n\n                                \n                                    <div class=\"detail ff-bodytext\">\n                                        Rueda jockey simple                                    <\/div>\n\n                                \n                                    <div class=\"detail ff-bodytext\">\n                                        Conector de 13 polos                                    <\/div>\n\n                                \n                                    <div class=\"detail ff-bodytext\">\n                                        Guardabarros de chapa estriada de aluminio, reforzados y accesibles                                    <\/div>\n\n                                \n                                    <div class=\"detail ff-bodytext\">\n                                        Neum\u00e1ticos todoterreno en llantas de aluminio                                    <\/div>\n\n                                                            <\/div>\n\n                        <\/div>\n\n                    \n                        <div class=\"detail-section\">\n                            <h3 class=\"headline ff-uppercase ff-bebas-ds30\">Dimensiones<\/h3>\n                            <div class=\"details\">\n                                \n                                    <div class=\"detail ff-bodytext\">\n                                        Dimensiones totales del remolque L\/A\/A (mm) 3.080 x 1.650 x 1.715                                    <\/div>\n\n                                \n                                    <div class=\"detail ff-bodytext\">\n                                        Dimensiones internas de la caja L\/A\/A (mm) 2.020 x 1.075 x 1.020                                    <\/div>\n\n                                \n                                    <div class=\"detail ff-bodytext\">\n                                        Altura de acoplamiento (mm): 450                                    <\/div>\n\n                                                            <\/div>\n\n                        <\/div>\n\n                    \n                        <div class=\"detail-section\">\n                            <h3 class=\"headline ff-uppercase ff-bebas-ds30\">Pesas<\/h3>\n                            <div class=\"details\">\n                                \n                                    <div class=\"detail ff-bodytext\">\n                                        Peso total 1000 kg                                    <\/div>\n\n                                \n                                    <div class=\"detail ff-bodytext\">\n                                        Carga de apoyo m\u00e1x. (kg) 50                                     <\/div>\n\n                                \n                                    <div class=\"detail ff-bodytext\">\n                                        Carga \u00fatil sin accesorios (kg) 644                                    <\/div>\n\n                                                            <\/div>\n\n                        <\/div>\n\n                                                \n        <\/div>\n\n    <\/section>\n\n\n    <section class=\"block-text center area-align-center\" style=\"margin-top: 80px; max-width: 1300px\">\n\n        \n                                \n                                            <h2 class=\"ff-bebas-ds80 ff-uppercase hlsize-\">Repensar la modularidad<\/h2>\n                    \n        \n        <div class=\"ff-bodytext \">\n            <p>El BOBO L+ despliega todo su potencial gracias a un sistema de m\u00f3dulos perfectamente coordinados.<br \/>\nCada elemento se ha desarrollado para ofrecer la m\u00e1xima comodidad, flexibilidad y funcionalidad, tanto si est\u00e1s cocinando, relaj\u00e1ndote o simplemente quieres tenerlo todo organizado cuando est\u00e1s fuera de casa.<\/p>\n<p>Desde la cocina exterior y las ingeniosas soluciones de espacio de almacenamiento hasta las extensiones funcionales para la vida cotidiana y la aventura: los m\u00f3dulos convierten el remolque todoterreno compacto en un compa\u00f1ero a medida para cualquier destino.<\/p>\n<p>Los m\u00f3dulos pueden instalarse o desmontarse en unos sencillos pasos. Esto significa que el BOBO L+ es siempre lo que necesitas: cocina, espacio de almacenamiento o simplemente puro espacio libre. <\/p>\n        <\/div>\n\n\n                \n    <\/section>\n\n\n\n\n\n                        \n            \n            <section class=\"block-media cnt-2 block-media-mobile-sort-123 blockheight-laptop-16-9 blockheight-tablet-16-9 blockheight-mobile-16-9 blockstyle-highlight block-media-width-left-big\" style=\"margin-top: 80px\">\n\n                \n                \n                    \n                    <div class=\"media media-0 has-media\">\n\n                        \n\n                        \n                            \n                            <picture class=\"s1x-picture-cover jshook-provide-hq-after-dom-loaded \">\n                                <source srcset-hq=\"https:\/\/vanme.de\/wp-content\/uploads\/2025\/09\/bobo-l-modul1.jpg\"\n                                        width=\"1500\"\n                                        height=\"844\">\n\n                                \n                                <source srcset-hq=\"https:\/\/vanme.de\/wp-content\/uploads\/2025\/09\/bobo-l-modul1.jpg.webp\"\n                                        width=\"1500\"\n                                        height=\"844\"\n                                        type=\"image\/webp\">\n\n                                                                <img decoding=\"async\" loading=\"lazy\"\n                                     src=\"https:\/\/vanme.de\/wp-content\/uploads\/2025\/09\/bobo-l-modul1.jpg\"\n                                     width=\"1500\"\n                                     height=\"844\"\n                                     alt=\"\">\n                            <\/picture>\n\n                        \n                        <div class=\"overlay s1x-absolute-100 has-media                            s1x-tovp-tablapdesk-cc                            s1x-tovp-mob-cc\n                            \">\n\n                            \n                            \n                            \n                            \n                            \n                            \n                        <\/div>\n\n                        \n                    <\/div>\n\n                \n                    \n                    <div class=\"media media-1 \">\n\n                        \n\n                        \n                        <div class=\"overlay                              s1x-tovp-tablapdesk-cl                            s1x-tovp-mob-cl\n                            \">\n\n                            \n                            <div class='headline ff-bebas-ds65 ff-uppercase''>M\u00f3dulo 1<\/div>\n                            <div class='subheadline ff-bebas-ds30'>Estaci\u00f3n de cocina<\/div>\n                            \n                            <div class='text ff-bodytext'><p>El mueble de cocina extra\u00edble para tu bienestar f\u00edsico, instalado en un extra\u00edble de gran resistencia con cerradura.<\/p>\n<ul>\n<li>Compartimento para especias y utensilios de cocina<\/li>\n<li>Superficie robusta para platos desgarrables, caj\u00f3n extra\u00edble para vajilla y utensilios de cocina<\/li>\n<li>Correas el\u00e1sticas y ganchos tensados lateralmente<\/li>\n<li>Compartimento de carga pasante cerca del suelo para una longitud de carga m\u00e1xima<\/li>\n<li>Trampilla de servicio bloqueable para el extra\u00edble<\/li>\n<\/ul>\n<\/div>\n                            \n                        <\/div>\n\n                        \n                    <\/div>\n\n                \n            <\/section>\n\n            \n\n\n\n\n                        \n            \n            <section class=\"block-media cnt-2 block-media-mobile-sort-213 blockheight-laptop-16-9 blockheight-tablet-16-9 blockheight-mobile-16-9 blockstyle-highlight block-media-width-right-big\" style=\"margin-top: 80px\">\n\n                \n                \n                    \n                    <div class=\"media media-0 \">\n\n                        \n\n                        \n                        <div class=\"overlay                              s1x-tovp-tablapdesk-cl                            s1x-tovp-mob-cl\n                            \">\n\n                            \n                            <div class='headline ff-bebas-ds65 ff-uppercase''>M\u00f3dulo 2<\/div>\n                            <div class='subheadline ff-bebas-ds30'>Aparcamiento subterr\u00e1neo<\/div>\n                            \n                            <div class='text ff-bodytext'><p>Un aut\u00e9ntico milagro de espacio de almacenamiento. Y para que puedas acceder a todo, se desliza completamente hacia fuera. <\/p>\n<ul>\n<li>Gran compartimento de carga<\/li>\n<li>Dos extra\u00edbles para cargas pesadas con cerradura, cargables hasta 220 kg y totalmente extensibles<\/li>\n<li>Suelo de rejilla para asegurar la carga<\/li>\n<\/ul>\n<\/div>\n                            \n                        <\/div>\n\n                        \n                    <\/div>\n\n                \n                    \n                    <div class=\"media media-1 has-media\">\n\n                        \n\n                        \n                            \n                            <picture class=\"s1x-picture-cover jshook-provide-hq-after-dom-loaded \">\n                                <source srcset-hq=\"https:\/\/vanme.de\/wp-content\/uploads\/2025\/09\/bobo-l-modul3.jpg\"\n                                        width=\"1500\"\n                                        height=\"844\">\n\n                                \n                                <source srcset-hq=\"https:\/\/vanme.de\/wp-content\/uploads\/2025\/09\/bobo-l-modul3.jpg.webp\"\n                                        width=\"1500\"\n                                        height=\"844\"\n                                        type=\"image\/webp\">\n\n                                                                <img decoding=\"async\" loading=\"lazy\"\n                                     src=\"https:\/\/vanme.de\/wp-content\/uploads\/2025\/09\/bobo-l-modul3.jpg\"\n                                     width=\"1500\"\n                                     height=\"844\"\n                                     alt=\"\">\n                            <\/picture>\n\n                        \n                        <div class=\"overlay s1x-absolute-100 has-media                            s1x-tovp-tablapdesk-cc                            s1x-tovp-mob-cc\n                            \">\n\n                            \n                            \n                            \n                            \n                            \n                            \n                        <\/div>\n\n                        \n                    <\/div>\n\n                \n            <\/section>\n\n            \n\n\n\n\n                        \n            \n            <section class=\"block-media cnt-2 block-media-mobile-sort-123 blockheight-laptop-16-9 blockheight-tablet-16-9 blockheight-mobile-16-9 blockstyle-highlight block-media-width-left-big\" style=\"margin-top: 80px\">\n\n                \n                \n                    \n                    <div class=\"media media-0 has-media\">\n\n                        \n\n                        \n                            \n                            <picture class=\"s1x-picture-cover jshook-provide-hq-after-dom-loaded \">\n                                <source srcset-hq=\"https:\/\/vanme.de\/wp-content\/uploads\/2025\/09\/bobo-l-modul4.jpg\"\n                                        width=\"1500\"\n                                        height=\"844\">\n\n                                \n                                <source srcset-hq=\"https:\/\/vanme.de\/wp-content\/uploads\/2025\/09\/bobo-l-modul4.jpg.webp\"\n                                        width=\"1500\"\n                                        height=\"844\"\n                                        type=\"image\/webp\">\n\n                                                                <img decoding=\"async\" loading=\"lazy\"\n                                     src=\"https:\/\/vanme.de\/wp-content\/uploads\/2025\/09\/bobo-l-modul4.jpg\"\n                                     width=\"1500\"\n                                     height=\"844\"\n                                     alt=\"\">\n                            <\/picture>\n\n                        \n                        <div class=\"overlay s1x-absolute-100 has-media                            s1x-tovp-tablapdesk-cc                            s1x-tovp-mob-cc\n                            \">\n\n                            \n                            \n                            \n                            \n                            \n                            \n                        <\/div>\n\n                        \n                    <\/div>\n\n                \n                    \n                    <div class=\"media media-1 \">\n\n                        \n\n                        \n                        <div class=\"overlay                              s1x-tovp-tablapdesk-cl                            s1x-tovp-mob-cl\n                            \">\n\n                            \n                            <div class='headline ff-bebas-ds65 ff-uppercase''>M\u00f3dulo 3<\/div>\n                            <div class='subheadline ff-bebas-ds30'>El brazo largo<\/div>\n                            \n                            <div class='text ff-bodytext'><p>El m\u00e1s largo que Bobo puede ofrecer. Puedes cargar este extra\u00edble m\u00e1s de 2 metros. <\/p>\n<ul>\n<li>Soporte para dos bidones de agua dulce de 20 litros con grifo (bid\u00f3n incluido)<\/li>\n<li>Espacio de almacenamiento adicional<\/li>\n<\/ul>\n<\/div>\n                            \n                        <\/div>\n\n                        \n                    <\/div>\n\n                \n            <\/section>\n\n            \n\n\n\n\n                        \n            \n            <section class=\"block-media cnt-2 block-media-mobile-sort-213 blockheight-laptop-16-9 blockheight-tablet-16-9 blockheight-mobile-16-9 blockstyle-highlight block-media-width-right-big\" style=\"margin-top: 80px\">\n\n                \n                \n                    \n                    <div class=\"media media-0 \">\n\n                        \n\n                        \n                        <div class=\"overlay                              s1x-tovp-tablapdesk-cr                            s1x-tovp-mob-cl\n                            \">\n\n                            \n                            <div class='headline ff-bebas-ds65 ff-uppercase''>M\u00f3dulo 4<\/div>\n                            <div class='subheadline ff-bebas-ds30'>  El brazo derecho de la Estaci\u00f3n de Cocci\u00f3n<\/div>\n                            \n                            <div class='text ff-bodytext'><p>Suficientemente largo para la nevera y la parrilla. Estos dos componentes no deben faltar. <\/p>\n<ul>\n<li>Espacio para barbacoa de gas o Eurobox (no incluido)<\/li>\n<li>Dos extra\u00edbles para cargas pesadas con cerradura, cargables hasta 220 kg y totalmente extensibles<\/li>\n<li>Suelo de rejilla para asegurar la carga<\/li>\n<li>(complemento con cargo) Nevera de compresor MaxiFreezer 50 con compartimento refrigerador de 9 litros y compartimento congelador de 41 litros y el soporte correspondiente<\/li>\n<\/ul>\n<\/div>\n                            \n                        <\/div>\n\n                        \n                    <\/div>\n\n                \n                    \n                    <div class=\"media media-1 has-media\">\n\n                        \n\n                        \n                            \n                            <picture class=\"s1x-picture-cover jshook-provide-hq-after-dom-loaded \">\n                                <source srcset-hq=\"https:\/\/vanme.de\/wp-content\/uploads\/2025\/09\/bobo-l-modul5.jpg\"\n                                        width=\"1500\"\n                                        height=\"844\">\n\n                                \n                                <source srcset-hq=\"https:\/\/vanme.de\/wp-content\/uploads\/2025\/09\/bobo-l-modul5.jpg.webp\"\n                                        width=\"1500\"\n                                        height=\"844\"\n                                        type=\"image\/webp\">\n\n                                                                <img decoding=\"async\" loading=\"lazy\"\n                                     src=\"https:\/\/vanme.de\/wp-content\/uploads\/2025\/09\/bobo-l-modul5.jpg\"\n                                     width=\"1500\"\n                                     height=\"844\"\n                                     alt=\"\">\n                            <\/picture>\n\n                        \n                        <div class=\"overlay s1x-absolute-100 has-media                            s1x-tovp-tablapdesk-cc                            s1x-tovp-mob-cc\n                            \">\n\n                            \n                            \n                            \n                            \n                            \n                            \n                        <\/div>\n\n                        \n                    <\/div>\n\n                \n            <\/section>\n\n            \n\n\n    <section class=\"block-contact\" style=\"margin-top: 80px\">\n\n\n        <div class=\"block-inner\">\n\n                            <div class=\"bookmark\">\n                    <div class=\"cssimg-bookmark cssimg-contain-center-norepeat jshook-bookmark-add\"\n                         data-bookmark-headline=\"Remolque BOBO L+ Info\"\n                         data-bookmark-content=\"Solicito m\u00e1s material informativo sobre BOBO L+.\">\n                    <\/div>\n                    <div class=\"text ff-bodytext\">Recuerda Trailer BOBO L+ para tu consulta<\/div>\n                <\/div>\n\n            \n\n                            <div class=\"text ff-bodytext\">\u00bfQuieres tu propio BOBO? Haz una consulta para aclarar todas las cuestiones pendientes. \u00c9ste es el primer paso para que BOBO pueda seguirte pronto en tus aventuras.  <\/div>\n                <a class=\"s1x-button btn-white-do\" href=\"https:\/\/vanme.de\/es\/contacta-con-nosotros\/\">\n                    Contacto                <\/a>\n            \n        <\/div>\n\n        \n        <picture class=\"s1x-picture-cover-absolute jshook-provide-hq-after-dom-loaded\">\n            <source srcset-hq=\"https:\/\/vanme.de\/wp-content\/uploads\/2025\/05\/bobo-lplus-portugal-outlook3.jpg\"\n                    width=\"1920\"\n                    height=\"1080\">\n\n            \n            <source srcset-hq=\"https:\/\/vanme.de\/wp-content\/uploads\/2025\/05\/bobo-lplus-portugal-outlook3.jpg.webp\"\n                    width=\"1920\"\n                    height=\"1080\"\n                    type=\"image\/webp\">\n\n                        <img loading=\"lazy\" decoding=\"async\" src=\"https:\/\/vanme.de\/wp-content\/uploads\/2025\/05\/bobo-lplus-portugal-outlook3.jpg\"\n                 width=\"1920\"\n                 height=\"1080\"\n                 alt=\"\">\n        <\/picture>\n\n\n    <\/section>\n\n\n","protected":false},"excerpt":{"rendered":"","protected":false},"author":1,"featured_media":0,"parent":9624,"menu_order":0,"comment_status":"closed","ping_status":"closed","template":"","meta":{"_acf_changed":false,"footnotes":""},"class_list":["post-13897","page","type-page","status-publish","hentry"],"acf":[],"_links":{"self":[{"href":"https:\/\/vanme.de\/es\/wp-json\/wp\/v2\/pages\/13897","targetHints":{"allow":["GET"]}}],"collection":[{"href":"https:\/\/vanme.de\/es\/wp-json\/wp\/v2\/pages"}],"about":[{"href":"https:\/\/vanme.de\/es\/wp-json\/wp\/v2\/types\/page"}],"author":[{"embeddable":true,"href":"https:\/\/vanme.de\/es\/wp-json\/wp\/v2\/users\/1"}],"replies":[{"embeddable":true,"href":"https:\/\/vanme.de\/es\/wp-json\/wp\/v2\/comments?post=13897"}],"version-history":[{"count":4,"href":"https:\/\/vanme.de\/es\/wp-json\/wp\/v2\/pages\/13897\/revisions"}],"predecessor-version":[{"id":21246,"href":"https:\/\/vanme.de\/es\/wp-json\/wp\/v2\/pages\/13897\/revisions\/21246"}],"up":[{"embeddable":true,"href":"https:\/\/vanme.de\/es\/wp-json\/wp\/v2\/pages\/9624"}],"wp:attachment":[{"href":"https:\/\/vanme.de\/es\/wp-json\/wp\/v2\/media?parent=13897"}],"curies":[{"name":"wp","href":"https:\/\/api.w.org\/{rel}","templated":true}]}}