{"id":13814,"date":"2025-05-19T18:26:11","date_gmt":"2025-05-19T16:26:11","guid":{"rendered":"https:\/\/devbox2.mc8pm.com\/bobo-el-trailer\/modelos-bobo\/bobo-xl\/"},"modified":"2026-03-03T15:51:04","modified_gmt":"2026-03-03T14:51:04","slug":"bobo-xl","status":"publish","type":"page","link":"https:\/\/vanme.de\/es\/bobo-el-trailer\/modelos-bobo\/bobo-xl\/","title":{"rendered":"BOBO XL+"},"content":{"rendered":"\n\n\n                        \n            \n            <section class=\"block-media cnt-1 block-media-mobile-sort- blockheight-laptop-none blockheight-tablet-60vh blockheight-mobile-30vh blockstyle-highlight block-media-width-\" style=\"margin-top: 0px\">\n\n                \n                \n                    \n                    <div class=\"media media-0 has-media\">\n\n                        \n\n                        \n                            \n                            <picture class=\"s1x-picture-cover jshook-provide-hq-after-dom-loaded \">\n                                <source srcset-hq=\"https:\/\/vanme.de\/wp-content\/uploads\/2025\/09\/boboxl-header-cut-2.jpg\"\n                                        width=\"1920\"\n                                        height=\"700\">\n\n                                \n                                <source srcset-hq=\"https:\/\/vanme.de\/wp-content\/uploads\/2025\/09\/boboxl-header-cut-2.jpg.webp\"\n                                        width=\"1920\"\n                                        height=\"700\"\n                                        type=\"image\/webp\">\n\n                                                                <img decoding=\"async\" loading=\"lazy\"\n                                     src=\"https:\/\/vanme.de\/wp-content\/uploads\/2025\/09\/boboxl-header-cut-2.jpg\"\n                                     width=\"1920\"\n                                     height=\"700\"\n                                     alt=\"\">\n                            <\/picture>\n\n                        \n                        <div class=\"overlay s1x-absolute-100 has-media                            s1x-tovp-tablapdesk-cc                            s1x-tovp-mob-cc\n                            \">\n\n                            \n                            \n                            \n                            \n                            \n                            \n                        <\/div>\n\n                        \n                    <\/div>\n\n                \n            <\/section>\n\n            \n\n\n    <section class=\"block-breadcrumb  area-align-\" style=\"margin-top: 40px; max-width: ;\">\n\n        <nav aria-label=\"breadcrumbs\" class=\"rank-math-breadcrumb\"><p><span class=\"last\">Inicio<\/span><\/p><\/nav>\n    <\/section>\n\n\n\n    <section class=\"block-text left area-align-left\" style=\"margin-top: 40px; max-width: unset\">\n\n        \n                                \n                                            <h1 class=\"ff-bebas-ds80 ff-uppercase hlsize-\">BOBO XL+<\/h1>\n                    \n                    <div class=\"ff-bebas-ds30\">Espacio para grandes planes<\/div>\n        \n        <div class=\"ff-bodytext \">\n            <p>El BOBO XL+ es la versi\u00f3n m\u00e1s espaciosa de nuestra serie de remolques modulares, creada para los que quieren m\u00e1s: m\u00e1s espacio, m\u00e1s comodidad, m\u00e1s aventura.<br \/>\nCon su superficie de carga ampliada y un peso total admisible de 1.300 kg, ofrece a\u00fan m\u00e1s espacio para m\u00f3dulos, equipos e ideas.<\/p>\n<p>A pesar de su tama\u00f1o, el BOBO XL+ sigue siendo flexible sin concesiones. Su dise\u00f1o modular permite innumerables configuraciones: desde un remolque de acampada totalmente equipado hasta un vers\u00e1til remolque de transporte y utilitario.<br \/>\nSu robusta tecnolog\u00eda todoterreno, su precisa fabricaci\u00f3n y su caracter\u00edstico dise\u00f1o VANME lo convierten en el compa\u00f1ero ideal para viajes largos, rutas exigentes y grandes aventuras. <\/p>\n<p>El BOBO XL+ es algo m\u00e1s que un remolque.<br \/>\nEs la libertad en su forma m\u00e1s generosa.<\/p>\n        <\/div>\n\n\n                \n    <\/section>\n\n\n\n    <section class=\"block-details\" style=\"margin-top: 80px;\">\n\n        \n        <div class=\"block-inner\">\n\n                                                            \n                        <div class=\"detail-section\">\n                            <h3 class=\"headline ff-uppercase ff-bebas-ds30\">Percha<\/h3>\n                            <div class=\"details\">\n                                \n                                    <div class=\"detail ff-bodytext\">\n                                        KT-EB3 Offroad Plus (con elevaci\u00f3n de la pared lateral), con recubrimiento de polvo negro incl. 2 amortiguadores de presi\u00f3n de gas con 600 Nm para el uso de una tienda de campa\u00f1a en el techo del remolque                                     <\/div>\n\n                                \n                                    <div class=\"detail ff-bodytext\">\n                                        Versi\u00f3n con freno                                    <\/div>\n\n                                \n                                    <div class=\"detail ff-bodytext\">\n                                        Homologaci\u00f3n 100 km\/h                                    <\/div>\n\n                                \n                                    <div class=\"detail ff-bodytext\">\n                                        Eje Eje de muelles de goma Knott con suspensi\u00f3n de ruedas independiente con cubos de rueda protegidos contra el agua                                    <\/div>\n\n                                \n                                    <div class=\"detail ff-bodytext\">\n                                        Dos soportes de manivela giratorios en la parte trasera                                    <\/div>\n\n                                \n                                    <div class=\"detail ff-bodytext\">\n                                        Rueda de apoyo autom\u00e1tica                                    <\/div>\n\n                                \n                                    <div class=\"detail ff-bodytext\">\n                                        Conector de 13 polos                                    <\/div>\n\n                                \n                                    <div class=\"detail ff-bodytext\">\n                                        Guardabarros de chapa estriada de aluminio, reforzados y accesibles                                    <\/div>\n\n                                \n                                    <div class=\"detail ff-bodytext\">\n                                        Neum\u00e1ticos todoterreno en llantas de aluminio                                    <\/div>\n\n                                                            <\/div>\n\n                        <\/div>\n\n                    \n                        <div class=\"detail-section\">\n                            <h3 class=\"headline ff-uppercase ff-bebas-ds30\">Dimensiones<\/h3>\n                            <div class=\"details\">\n                                \n                                    <div class=\"detail ff-bodytext\">\n                                        Dimensiones totales del remolque L\/A\/A (mm) 3.760 x 1.890 x 1.755                                    <\/div>\n\n                                \n                                    <div class=\"detail ff-bodytext\">\n                                        Dimensiones internas de la caja L\/A\/A (mm) 2.435 x 1.235 x 1.065                                    <\/div>\n\n                                \n                                    <div class=\"detail ff-bodytext\">\n                                        Altura de acoplamiento (mm): 460                                    <\/div>\n\n                                                            <\/div>\n\n                        <\/div>\n\n                    \n                        <div class=\"detail-section\">\n                            <h3 class=\"headline ff-uppercase ff-bebas-ds30\">Pesas<\/h3>\n                            <div class=\"details\">\n                                \n                                    <div class=\"detail ff-bodytext\">\n                                        Peso total 1300 kg                                    <\/div>\n\n                                \n                                    <div class=\"detail ff-bodytext\">\n                                        Carga de apoyo m\u00e1x. (kg) 50                                     <\/div>\n\n                                \n                                    <div class=\"detail ff-bodytext\">\n                                        Carga \u00fatil sin accesorios (kg) 814                                    <\/div>\n\n                                                            <\/div>\n\n                        <\/div>\n\n                                                \n        <\/div>\n\n    <\/section>\n\n\n    <section class=\"block-text center area-align-center\" style=\"margin-top: 80px; max-width: 1300px\">\n\n        \n                                \n                                            <h2 class=\"ff-bebas-ds80 ff-uppercase hlsize-\">Espacio para las posibilidades<\/h2>\n                    \n        \n        <div class=\"ff-bodytext \">\n            <p>El BOBO XL+ muestra lo que significa la verdadera modularidad.<br \/>\nSu generoso dise\u00f1o crea espacio para cuatro m\u00f3dulos b\u00e1sicos bien pensados que se integran perfectamente en el concepto global: funcional, robusto y bien pensado hasta el \u00faltimo detalle.<\/p>\n<p>Cada m\u00f3dulo cumple una finalidad clara y hace del BOBO XL+ un compa\u00f1ero hecho a medida para viajes largos, grandes aventuras y misiones exigentes.<br \/>\nDesde la cocina exterior totalmente equipada y las ingeniosas soluciones de espacio de almacenamiento hasta la tecnolog\u00eda de abastecimiento autosuficiente y el espacio libre flexible para el transporte o la vida cotidiana: cada elemento contribuye a garantizar que tengas todo lo que necesitas en la carretera.<\/p>\n<p>BOBO XL+ es sin\u00f3nimo de libertad sin compromisos: modular, adaptable y siempre listo para el pr\u00f3ximo destino.<\/p>\n        <\/div>\n\n\n                \n    <\/section>\n\n\n\n\n\n                        \n            \n            <section class=\"block-media cnt-2 block-media-mobile-sort-123 blockheight-laptop-16-9 blockheight-tablet-16-9 blockheight-mobile-16-9 blockstyle-highlight block-media-width-left-big\" style=\"margin-top: 80px\">\n\n                \n                \n                    \n                    <div class=\"media media-0 has-media\">\n\n                        \n\n                        \n                            \n                            <picture class=\"s1x-picture-cover jshook-provide-hq-after-dom-loaded \">\n                                <source srcset-hq=\"https:\/\/vanme.de\/wp-content\/uploads\/2025\/09\/bobo-xl-modul1.jpg\"\n                                        width=\"1500\"\n                                        height=\"844\">\n\n                                \n                                <source srcset-hq=\"https:\/\/vanme.de\/wp-content\/uploads\/2025\/09\/bobo-xl-modul1.jpg.webp\"\n                                        width=\"1500\"\n                                        height=\"844\"\n                                        type=\"image\/webp\">\n\n                                                                <img decoding=\"async\" loading=\"lazy\"\n                                     src=\"https:\/\/vanme.de\/wp-content\/uploads\/2025\/09\/bobo-xl-modul1.jpg\"\n                                     width=\"1500\"\n                                     height=\"844\"\n                                     alt=\"\">\n                            <\/picture>\n\n                        \n                        <div class=\"overlay s1x-absolute-100 has-media                            s1x-tovp-tablapdesk-cc                            s1x-tovp-mob-cc\n                            \">\n\n                            \n                            \n                            \n                            \n                            \n                            \n                        <\/div>\n\n                        \n                    <\/div>\n\n                \n                    \n                    <div class=\"media media-1 \">\n\n                        \n\n                        \n                        <div class=\"overlay                              s1x-tovp-tablapdesk-cl                            s1x-tovp-mob-cl\n                            \">\n\n                            \n                            <div class='headline ff-bebas-ds65 ff-uppercase''>M\u00f3dulo 1<\/div>\n                            <div class='subheadline ff-bebas-ds30'>Estaci\u00f3n de cocina<\/div>\n                            \n                            <div class='text ff-bodytext'><p>El mueble de cocina extra\u00edble para tu bienestar f\u00edsico, instalado en un extra\u00edble de gran resistencia con cerradura.<\/p>\n<ul>\n<li>Compartimento para especias y utensilios de cocina<\/li>\n<li>Superficie robusta de acero inoxidable, caj\u00f3n extra\u00edble para vajilla y utensilios de cocina<\/li>\n<li>Correas el\u00e1sticas y ganchos tensados lateralmente<\/li>\n<li>Compartimento de carga pasante cerca del suelo para una longitud de carga m\u00e1xima<\/li>\n<li>Trampilla de servicio bloqueable para el extra\u00edble<\/li>\n<\/ul>\n<\/div>\n                            \n                        <\/div>\n\n                        \n                    <\/div>\n\n                \n            <\/section>\n\n            \n\n\n\n\n                        \n            \n            <section class=\"block-media cnt-2 block-media-mobile-sort-213 blockheight-laptop-16-9 blockheight-tablet-16-9 blockheight-mobile-16-9 blockstyle-highlight block-media-width-right-big\" style=\"margin-top: 80px\">\n\n                \n                \n                    \n                    <div class=\"media media-0 \">\n\n                        \n\n                        \n                        <div class=\"overlay                              s1x-tovp-tablapdesk-cl                            s1x-tovp-mob-cl\n                            \">\n\n                            \n                            <div class='headline ff-bebas-ds65 ff-uppercase''>M\u00f3dulo 2<\/div>\n                            <div class='subheadline ff-bebas-ds30'>Aparcamiento subterr\u00e1neo<\/div>\n                            \n                            <div class='text ff-bodytext'><p>Un aut\u00e9ntico milagro de espacio de almacenamiento. Y para que puedas acceder a todo, se desliza completamente hacia fuera. <\/p>\n<ul>\n<li>Gran compartimento de carga<\/li>\n<li>Dos extra\u00edbles para cargas pesadas con cerradura, cargables hasta 220 kg y totalmente extensibles<\/li>\n<li>Suelo de rejilla para asegurar la carga<\/li>\n<li>(complemento con cargo) Nevera de compresor MaxiFreezer 50 con compartimento refrigerador de 9 litros y compartimento congelador de 41 litros y el soporte correspondiente<\/li>\n<\/ul>\n<\/div>\n                            \n                        <\/div>\n\n                        \n                    <\/div>\n\n                \n                    \n                    <div class=\"media media-1 has-media\">\n\n                        \n\n                        \n                            \n                            <picture class=\"s1x-picture-cover jshook-provide-hq-after-dom-loaded \">\n                                <source srcset-hq=\"https:\/\/vanme.de\/wp-content\/uploads\/2025\/09\/bobo-xl-modul3.jpg\"\n                                        width=\"1500\"\n                                        height=\"844\">\n\n                                \n                                <source srcset-hq=\"https:\/\/vanme.de\/wp-content\/uploads\/2025\/09\/bobo-xl-modul3.jpg.webp\"\n                                        width=\"1500\"\n                                        height=\"844\"\n                                        type=\"image\/webp\">\n\n                                                                <img decoding=\"async\" loading=\"lazy\"\n                                     src=\"https:\/\/vanme.de\/wp-content\/uploads\/2025\/09\/bobo-xl-modul3.jpg\"\n                                     width=\"1500\"\n                                     height=\"844\"\n                                     alt=\"\">\n                            <\/picture>\n\n                        \n                        <div class=\"overlay s1x-absolute-100 has-media                            s1x-tovp-tablapdesk-cc                            s1x-tovp-mob-cc\n                            \">\n\n                            \n                            \n                            \n                            \n                            \n                            \n                        <\/div>\n\n                        \n                    <\/div>\n\n                \n            <\/section>\n\n            \n\n\n\n\n                        \n            \n            <section class=\"block-media cnt-2 block-media-mobile-sort-123 blockheight-laptop-16-9 blockheight-tablet-16-9 blockheight-mobile-16-9 blockstyle-highlight block-media-width-left-big\" style=\"margin-top: 80px\">\n\n                \n                \n                    \n                    <div class=\"media media-0 has-media\">\n\n                        \n\n                        \n                            \n                            <picture class=\"s1x-picture-cover jshook-provide-hq-after-dom-loaded \">\n                                <source srcset-hq=\"https:\/\/vanme.de\/wp-content\/uploads\/2025\/09\/bobo-xl-modul4.jpg\"\n                                        width=\"1500\"\n                                        height=\"844\">\n\n                                \n                                <source srcset-hq=\"https:\/\/vanme.de\/wp-content\/uploads\/2025\/09\/bobo-xl-modul4.jpg.webp\"\n                                        width=\"1500\"\n                                        height=\"844\"\n                                        type=\"image\/webp\">\n\n                                                                <img decoding=\"async\" loading=\"lazy\"\n                                     src=\"https:\/\/vanme.de\/wp-content\/uploads\/2025\/09\/bobo-xl-modul4.jpg\"\n                                     width=\"1500\"\n                                     height=\"844\"\n                                     alt=\"\">\n                            <\/picture>\n\n                        \n                        <div class=\"overlay s1x-absolute-100 has-media                            s1x-tovp-tablapdesk-cc                            s1x-tovp-mob-cc\n                            \">\n\n                            \n                            \n                            \n                            \n                            \n                            \n                        <\/div>\n\n                        \n                    <\/div>\n\n                \n                    \n                    <div class=\"media media-1 \">\n\n                        \n\n                        \n                        <div class=\"overlay                              s1x-tovp-tablapdesk-cl                            s1x-tovp-mob-cl\n                            \">\n\n                            \n                            <div class='headline ff-bebas-ds65 ff-uppercase''>M\u00f3dulo 3<\/div>\n                            <div class='subheadline ff-bebas-ds30'>El brazo largo<\/div>\n                            \n                            <div class='text ff-bodytext'><p>El m\u00e1s largo que Bobo puede ofrecer. Puedes cargar este extra\u00edble m\u00e1s de 2 metros. <\/p>\n<ul>\n<li>Soporte para tres bidones de agua dulce de 12 litros con grifo (bid\u00f3n incluido)<\/li>\n<li>Espacio de almacenamiento para tres Euroboxes<\/li>\n<\/ul>\n<\/div>\n                            \n                        <\/div>\n\n                        \n                    <\/div>\n\n                \n            <\/section>\n\n            \n\n\n\n\n                        \n            \n            <section class=\"block-media cnt-2 block-media-mobile-sort-213 blockheight-laptop-16-9 blockheight-tablet-16-9 blockheight-mobile-16-9 blockstyle-highlight block-media-width-right-big\" style=\"margin-top: 80px\">\n\n                \n                \n                    \n                    <div class=\"media media-0 \">\n\n                        \n\n                        \n                        <div class=\"overlay                              s1x-tovp-tablapdesk-cr                            s1x-tovp-mob-cl\n                            \">\n\n                            \n                            <div class='headline ff-bebas-ds65 ff-uppercase''>M\u00f3dulo 4<\/div>\n                            <div class='subheadline ff-bebas-ds30'>El brazo derecho de la Estaci\u00f3n de Cocci\u00f3n<\/div>\n                            \n                            <div class='text ff-bodytext'><p>Suficientemente largo para la nevera y la parrilla. Estos dos componentes no deben faltar. <\/p>\n<ul>\n<li>Espacio para guardar todo tipo de equipaje<\/li>\n<li>Dos extra\u00edbles para cargas pesadas con cerradura, cargables hasta 220 kg y totalmente extensibles<\/li>\n<li>Suelo de rejilla para asegurar la carga<\/li>\n<\/ul>\n<\/div>\n                            \n                        <\/div>\n\n                        \n                    <\/div>\n\n                \n                    \n                    <div class=\"media media-1 has-media\">\n\n                        \n\n                        \n                            \n                            <picture class=\"s1x-picture-cover jshook-provide-hq-after-dom-loaded \">\n                                <source srcset-hq=\"https:\/\/vanme.de\/wp-content\/uploads\/2025\/09\/bobo-xl-modul5.jpg\"\n                                        width=\"1500\"\n                                        height=\"844\">\n\n                                \n                                <source srcset-hq=\"https:\/\/vanme.de\/wp-content\/uploads\/2025\/09\/bobo-xl-modul5.jpg.webp\"\n                                        width=\"1500\"\n                                        height=\"844\"\n                                        type=\"image\/webp\">\n\n                                                                <img decoding=\"async\" loading=\"lazy\"\n                                     src=\"https:\/\/vanme.de\/wp-content\/uploads\/2025\/09\/bobo-xl-modul5.jpg\"\n                                     width=\"1500\"\n                                     height=\"844\"\n                                     alt=\"\">\n                            <\/picture>\n\n                        \n                        <div class=\"overlay s1x-absolute-100 has-media                            s1x-tovp-tablapdesk-cc                            s1x-tovp-mob-cc\n                            \">\n\n                            \n                            \n                            \n                            \n                            \n                            \n                        <\/div>\n\n                        \n                    <\/div>\n\n                \n            <\/section>\n\n            \n\n\n    <section class=\"block-contact\" style=\"margin-top: 80px\">\n\n\n        <div class=\"block-inner\">\n\n                            <div class=\"bookmark\">\n                    <div class=\"cssimg-bookmark cssimg-contain-center-norepeat jshook-bookmark-add\"\n                         data-bookmark-headline=\"Remolque BOBO XL+ Informaci\u00f3n\"\n                         data-bookmark-content=\"Deseo solicitar m\u00e1s informaci\u00f3n sobre BOBO XL+.\">\n                    <\/div>\n                    <div class=\"text ff-bodytext\">Recuerda Remolque BOBO XL+ para tu consulta<\/div>\n                <\/div>\n\n            \n\n                            <div class=\"text ff-bodytext\">\u00bfQuieres tu propio BOBO? Haz una consulta para aclarar todas las cuestiones pendientes. \u00c9ste es el primer paso para que BOBO pueda seguirte pronto en tus aventuras.  <\/div>\n                <a class=\"s1x-button btn-white-do\" href=\"https:\/\/vanme.de\/es\/contacta-con-nosotros\/\">\n                    Contacto                <\/a>\n            \n        <\/div>\n\n        \n        <picture class=\"s1x-picture-cover-absolute jshook-provide-hq-after-dom-loaded\">\n            <source srcset-hq=\"https:\/\/vanme.de\/wp-content\/uploads\/2025\/05\/bobo-lplus-portugal-outlook3.jpg\"\n                    width=\"1920\"\n                    height=\"1080\">\n\n            \n            <source srcset-hq=\"https:\/\/vanme.de\/wp-content\/uploads\/2025\/05\/bobo-lplus-portugal-outlook3.jpg.webp\"\n                    width=\"1920\"\n                    height=\"1080\"\n                    type=\"image\/webp\">\n\n                        <img loading=\"lazy\" decoding=\"async\" src=\"https:\/\/vanme.de\/wp-content\/uploads\/2025\/05\/bobo-lplus-portugal-outlook3.jpg\"\n                 width=\"1920\"\n                 height=\"1080\"\n                 alt=\"\">\n        <\/picture>\n\n\n    <\/section>\n\n\n","protected":false},"excerpt":{"rendered":"","protected":false},"author":1,"featured_media":0,"parent":9624,"menu_order":0,"comment_status":"closed","ping_status":"closed","template":"","meta":{"_acf_changed":false,"footnotes":""},"class_list":["post-13814","page","type-page","status-publish","hentry"],"acf":[],"_links":{"self":[{"href":"https:\/\/vanme.de\/es\/wp-json\/wp\/v2\/pages\/13814","targetHints":{"allow":["GET"]}}],"collection":[{"href":"https:\/\/vanme.de\/es\/wp-json\/wp\/v2\/pages"}],"about":[{"href":"https:\/\/vanme.de\/es\/wp-json\/wp\/v2\/types\/page"}],"author":[{"embeddable":true,"href":"https:\/\/vanme.de\/es\/wp-json\/wp\/v2\/users\/1"}],"replies":[{"embeddable":true,"href":"https:\/\/vanme.de\/es\/wp-json\/wp\/v2\/comments?post=13814"}],"version-history":[{"count":7,"href":"https:\/\/vanme.de\/es\/wp-json\/wp\/v2\/pages\/13814\/revisions"}],"predecessor-version":[{"id":18809,"href":"https:\/\/vanme.de\/es\/wp-json\/wp\/v2\/pages\/13814\/revisions\/18809"}],"up":[{"embeddable":true,"href":"https:\/\/vanme.de\/es\/wp-json\/wp\/v2\/pages\/9624"}],"wp:attachment":[{"href":"https:\/\/vanme.de\/es\/wp-json\/wp\/v2\/media?parent=13814"}],"curies":[{"name":"wp","href":"https:\/\/api.w.org\/{rel}","templated":true}]}}