{"id":13801,"date":"2025-05-20T15:04:10","date_gmt":"2025-05-20T13:04:10","guid":{"rendered":"https:\/\/devbox2.mc8pm.com\/especializacion\/"},"modified":"2026-03-16T18:24:18","modified_gmt":"2026-03-16T17:24:18","slug":"especializacion","status":"publish","type":"page","link":"https:\/\/vanme.de\/es\/especializacion\/","title":{"rendered":"Especializaci\u00f3n"},"content":{"rendered":"\n\n\n                        \n            \n            <section class=\"block-media cnt-1 block-media-mobile-sort- blockheight-laptop-60vh blockheight-tablet-1-1 blockheight-mobile-2-3 blockstyle-highlight block-media-width-\" style=\"margin-top: 0px\">\n\n                \n                \n                    \n                    <div class=\"media media-0 has-media\">\n\n                        \n\n                        \n                            <div class=\"s1x-video\">\n                                <video class=\"jshook-play-video-when-in-viewport \"\n                                       playsinline muted loop\n                                       width=\"1000\"\n                                       height=\"720\"\n                                       preload=\"none\"\n                                       poster=\"https:\/\/vanme.de\/wp-content\/uploads\/2025\/08\/Specialisation-Video-CAD-CAM-Aufnahmen_poster.jpg\">\n                                    <source src=\"https:\/\/vanme.de\/wp-content\/uploads\/2025\/08\/Specialisation-Video-CAD-CAM-Aufnahmen30MB.mp4\">\n                                <\/video>\n                            <\/div>\n\n                        \n                        <div class=\"overlay s1x-absolute-100 has-media                            s1x-tovp-tablapdesk-cc                            s1x-tovp-mob-cc\n                            \">\n\n                            \n                            \n                            \n                            \n                            \n                            \n                        <\/div>\n\n                        \n                    <\/div>\n\n                \n            <\/section>\n\n            \n\n\n    <section class=\"block-text center area-align-center\" style=\"margin-top: 80px; max-width: 1600px\">\n\n        \n                                \n                                            <h1 class=\"ff-bebas-ds80 ff-uppercase hlsize-\"><span class=\"ff-thin ff-nocasechange\">Por qu\u00e9<\/span> VANME<\/h1>\n                    \n                    <div class=\"ff-bebas-ds30\">Especialistas para individualistas<\/div>\n        \n        <div class=\"ff-bodytext \">\n                    <\/div>\n\n\n                \n    <\/section>\n\n\n\n\n\n                        \n            \n            <section class=\"block-media cnt-2 block-media-mobile-sort-123 blockheight-laptop-16-9 blockheight-tablet-16-9 blockheight-mobile-none blockstyle-highlight block-media-width-right-big\" style=\"margin-top: 0px\">\n\n                \n                \n                    \n                    <div class=\"media media-0 has-media\">\n\n                        \n\n                        \n                            <div class=\"s1x-video-uncut\">\n                                <video class=\"jshook-play-video-when-in-viewport \"\n                                       playsinline muted loop\n                                       width=\"1000\"\n                                       height=\"720\"\n                                       preload=\"none\"\n                                       poster=\"https:\/\/vanme.de\/wp-content\/uploads\/2025\/04\/webuildmemories_poster.jpg\">\n                                    <source src=\"https:\/\/vanme.de\/wp-content\/uploads\/2025\/10\/specialization-specialists-for-individualists-5MB.mp4\">\n                                <\/video>\n                            <\/div>\n\n                        \n                        <div class=\"overlay s1x-absolute-100 has-media                            s1x-tovp-tablapdesk-tl                            s1x-tovp-mob-tl\n                            \">\n\n                            \n                            \n                            \n                            \n                            \n                            \n                        <\/div>\n\n                        \n                    <\/div>\n\n                \n                    \n                    <div class=\"media media-1 \">\n\n                        \n\n                        \n                        <div class=\"overlay                              s1x-tovp-tablapdesk-cl                            s1x-tovp-mob-cl\n                            \">\n\n                            \n                            <div class='headline ff-bebas-ds65 ff-uppercase''><span class=\"ff-thin\">La verdadera libertad empieza <\/span> donde acaba la norma.<\/div>\n                            \n                            \n                            <div class='text ff-bodytext'><p>Aqu\u00ed, la tecnolog\u00eda de producci\u00f3n m\u00e1s avanzada se une a la aut\u00e9ntica artesan\u00eda. Desarrolladas con la \u00faltima tecnolog\u00eda 3D y fabricadas en m\u00e1quinas de alta precisi\u00f3n, VANME crea autocaravanas que son tan \u00fanicas como sus propietarios.  Nuestra profesi\u00f3n: soluciones personalizadas que combinan a la perfecci\u00f3n dise\u00f1o, funcionalidad y personalidad.  <\/p>\n<p><span class=\"ff-bold ff-uppercase\">Basamos este proceso en cuatro valores clave.<\/span><\/p>\n<\/div>\n                            \n                        <\/div>\n\n                        \n                    <\/div>\n\n                \n            <\/section>\n\n            \n\n\n\n\n                        \n            \n            <section class=\"block-media cnt-2 block-media-mobile-sort-123 blockheight-laptop-15-19 blockheight-tablet-15-19 blockheight-mobile-15-19 blockstyle-marginalized block-media-width-same-width\" style=\"margin-top: 80px\">\n\n                \n                \n                    \n                    <div class=\"media media-0 has-media\">\n\n                        \n\n                        \n                            \n                            <picture class=\"s1x-picture-cover jshook-provide-hq-after-dom-loaded \">\n                                <source srcset-hq=\"https:\/\/vanme.de\/wp-content\/uploads\/2025\/09\/DSC07425-cutright.jpg\"\n                                        width=\"1400\"\n                                        height=\"1900\">\n\n                                \n                                <source srcset-hq=\"https:\/\/vanme.de\/wp-content\/uploads\/2025\/09\/DSC07425-cutright.jpg.webp\"\n                                        width=\"1400\"\n                                        height=\"1900\"\n                                        type=\"image\/webp\">\n\n                                                                <img decoding=\"async\" loading=\"lazy\"\n                                     src=\"https:\/\/vanme.de\/wp-content\/uploads\/2025\/09\/DSC07425-cutright.jpg\"\n                                     width=\"1400\"\n                                     height=\"1900\"\n                                     alt=\"\">\n                            <\/picture>\n\n                        \n                        <div class=\"overlay s1x-absolute-100 has-media                            s1x-tovp-tablapdesk-tc                            s1x-tovp-mob-tl\n                            \">\n\n                            \n                            <div class='headline ff-bebas-ds65-drop ff-uppercase''>Funcionalidad<\/div>\n                            \n                            \n                            \n                            \n                        <\/div>\n\n                        \n                    <\/div>\n\n                \n                    \n                    <div class=\"media media-1 has-media\">\n\n                        \n\n                        \n                            \n                            <picture class=\"s1x-picture-cover jshook-provide-hq-after-dom-loaded \">\n                                <source srcset-hq=\"https:\/\/vanme.de\/wp-content\/uploads\/2026\/03\/niffler-slider-precision-0604.jpg\"\n                                        width=\"1619\"\n                                        height=\"1080\">\n\n                                \n                                <source srcset-hq=\"https:\/\/vanme.de\/wp-content\/uploads\/2026\/03\/niffler-slider-precision-0604.jpg.webp\"\n                                        width=\"1619\"\n                                        height=\"1080\"\n                                        type=\"image\/webp\">\n\n                                                                <img decoding=\"async\" loading=\"lazy\"\n                                     src=\"https:\/\/vanme.de\/wp-content\/uploads\/2026\/03\/niffler-slider-precision-0604.jpg\"\n                                     width=\"1619\"\n                                     height=\"1080\"\n                                     alt=\"\">\n                            <\/picture>\n\n                        \n                        <div class=\"overlay s1x-absolute-100 has-media                            s1x-tovp-tablapdesk-bc                            s1x-tovp-mob-tr\n                            \">\n\n                            \n                            <div class='headline ff-bebas-ds65-drop ff-uppercase''>Precisi\u00f3n<\/div>\n                            \n                            \n                            \n                            \n                        <\/div>\n\n                        \n                    <\/div>\n\n                \n            <\/section>\n\n            \n\n\n\n\n                        \n            \n            <section class=\"block-media cnt-2 block-media-mobile-sort-123 blockheight-laptop-15-19 blockheight-tablet-15-19 blockheight-mobile-15-19 blockstyle-marginalized block-media-width-same-width\" style=\"margin-top: 0px\">\n\n                \n                \n                    \n                    <div class=\"media media-0 has-media\">\n\n                        \n\n                        \n                            \n                            <picture class=\"s1x-picture-cover jshook-provide-hq-after-dom-loaded \">\n                                <source srcset-hq=\"https:\/\/vanme.de\/wp-content\/uploads\/2025\/09\/ClaimVideo-Prosit-Erinnerungen.jpg\"\n                                        width=\"1400\"\n                                        height=\"1900\">\n\n                                \n                                <source srcset-hq=\"https:\/\/vanme.de\/wp-content\/uploads\/2025\/09\/ClaimVideo-Prosit-Erinnerungen.jpg.webp\"\n                                        width=\"1400\"\n                                        height=\"1900\"\n                                        type=\"image\/webp\">\n\n                                                                <img decoding=\"async\" loading=\"lazy\"\n                                     src=\"https:\/\/vanme.de\/wp-content\/uploads\/2025\/09\/ClaimVideo-Prosit-Erinnerungen.jpg\"\n                                     width=\"1400\"\n                                     height=\"1900\"\n                                     alt=\"\">\n                            <\/picture>\n\n                        \n                        <div class=\"overlay s1x-absolute-100 has-media                            s1x-tovp-tablapdesk-tc                            s1x-tovp-mob-tl\n                            \">\n\n                            \n                            <div class='headline ff-bebas-ds65-drop ff-uppercase''>Construir recuerdos<\/div>\n                            \n                            \n                            \n                            \n                        <\/div>\n\n                        \n                    <\/div>\n\n                \n                    \n                    <div class=\"media media-1 has-media\">\n\n                        \n\n                        \n                            \n                            <picture class=\"s1x-picture-cover jshook-provide-hq-after-dom-loaded \">\n                                <source srcset-hq=\"https:\/\/vanme.de\/wp-content\/uploads\/2025\/09\/DSC07191-cut1.jpg\"\n                                        width=\"1400\"\n                                        height=\"1900\">\n\n                                \n                                <source srcset-hq=\"https:\/\/vanme.de\/wp-content\/uploads\/2025\/09\/DSC07191-cut1.jpg.webp\"\n                                        width=\"1400\"\n                                        height=\"1900\"\n                                        type=\"image\/webp\">\n\n                                                                <img decoding=\"async\" loading=\"lazy\"\n                                     src=\"https:\/\/vanme.de\/wp-content\/uploads\/2025\/09\/DSC07191-cut1.jpg\"\n                                     width=\"1400\"\n                                     height=\"1900\"\n                                     alt=\"\">\n                            <\/picture>\n\n                        \n                        <div class=\"overlay s1x-absolute-100 has-media                            s1x-tovp-tablapdesk-bc                            s1x-tovp-mob-tr\n                            \">\n\n                            \n                            <div class='headline ff-bebas-ds65-drop ff-uppercase''>Amor por el dise\u00f1o<\/div>\n                            \n                            \n                            \n                            \n                        <\/div>\n\n                        \n                    <\/div>\n\n                \n            <\/section>\n\n            \n\n\n    <section class=\"block-text center area-align-center\" style=\"margin-top: 80px; max-width: 1600px\">\n\n        \n                                \n                                            <h2 class=\"ff-bebas-ds80 ff-uppercase hlsize-\"><span class=\"ff-thin\">Estos valores forman<\/span> nuestro ADN<\/h2>\n                    \n        \n        <div class=\"ff-bodytext \">\n                    <\/div>\n\n\n                \n    <\/section>\n\n\n\n\n\n                        \n            \n            <section class=\"block-media cnt-2 block-media-mobile-sort-123 blockheight-laptop-16-9 blockheight-tablet-16-9 blockheight-mobile-none blockstyle-highlight block-media-width-right-big\" style=\"margin-top: 80px\">\n\n                \n                \n                    \n                    <div class=\"media media-0 has-media\">\n\n                        \n\n                        \n                            <div class=\"s1x-video-uncut\">\n                                <video class=\"jshook-play-video-when-in-viewport \"\n                                       playsinline muted loop\n                                       width=\"1000\"\n                                       height=\"720\"\n                                       preload=\"none\"\n                                       poster=\"https:\/\/vanme.de\/wp-content\/uploads\/2025\/04\/webuildmemories_poster.jpg\">\n                                    <source src=\"https:\/\/vanme.de\/wp-content\/uploads\/2025\/10\/specialization-individual-product-5MB.mp4\">\n                                <\/video>\n                            <\/div>\n\n                        \n                        <div class=\"overlay s1x-absolute-100 has-media                            s1x-tovp-tablapdesk-cc                            s1x-tovp-mob-cc\n                            \">\n\n                            \n                            \n                            \n                            \n                            \n                            \n                        <\/div>\n\n                        \n                    <\/div>\n\n                \n                    \n                    <div class=\"media media-1 \">\n\n                        \n\n                        \n                        <div class=\"overlay                              s1x-tovp-tablapdesk-cl                            s1x-tovp-mob-cl\n                            \">\n\n                            \n                            <div class='headline ff-bebas-ds65 ff-uppercase''>El momento<span class=\"ff-thin\"> en que la libertad toma forma.<\/span><\/div>\n                            \n                            \n                            <div class='text ff-bodytext'><p>Las reivindicaciones VANME son el leitmotiv de todo lo que hacemos. Son a la vez un reclamo y una promesa: cada uno de nuestros veh\u00edculos debe crear ese momento en el que dise\u00f1o, artesan\u00eda y emoci\u00f3n se funden en una experiencia \u00fanica. Es el momento en que un cliente se encuentra cara a cara con su autocaravana por primera vez y se da cuenta inmediatamente de que est\u00e1 ante algo especial. Una pieza \u00fanica que no s\u00f3lo impresiona por su forma y funcionalidad, sino que tambi\u00e9n cautiva los sentidos y hace tangible la libertad. Este momento es el n\u00facleo del ADN de cada autocaravana VANME.    <\/p>\n<\/div>\n                            \n                        <\/div>\n\n                        \n                    <\/div>\n\n                \n            <\/section>\n\n            \n\n\n\n\n                        \n            \n            <section class=\"block-media cnt-2 block-media-mobile-sort-213 blockheight-laptop-16-9 blockheight-tablet-16-9 blockheight-mobile-none blockstyle-highlight block-media-width-same-width\" style=\"margin-top: 80px\">\n\n                \n                \n                    \n                    <div class=\"media media-0 \">\n\n                        \n\n                        \n                        <div class=\"overlay                              s1x-tovp-tablapdesk-cl                            s1x-tovp-mob-cl\n                            \">\n\n                            \n                            <div class='headline ff-bebas-ds65 ff-uppercase''><span class=\"ff-thin\">El cono de la<\/span> individualidad<\/div>\n                            \n                            \n                            <div class='text ff-bodytext'><p>Una autocaravana de VANME es siempre una pieza \u00fanica, hecha seg\u00fan tus ideas personales. Pero es precisamente esta individualidad la que conlleva un reto particular: cada deseo, cada detalle, cada nueva idea cambia el curso del proyecto. Los expertos se refieren a esto como el Cono de la Incertidumbre: cuanto m\u00e1s individual es un proyecto, mayores son las incertidumbres de planificaci\u00f3n en t\u00e9rminos de coste y tiempo al principio. Con cada decisi\u00f3n, el corredor se va estrechando y aclarando hasta que, al final, se crea una pieza \u00fanica que es exactamente la adecuada para ti. El camino para llegar a ella es tan \u00fanico como tu furgoneta.    <\/p>\n<\/div>\n                            \n                        <\/div>\n\n                        \n                    <\/div>\n\n                \n                    \n                    <div class=\"media media-1 has-media\">\n\n                        \n\n                        \n                            <div class=\"s1x-video-uncut\">\n                                <video class=\"jshook-play-video-when-in-viewport \"\n                                       playsinline muted loop\n                                       width=\"1000\"\n                                       height=\"720\"\n                                       preload=\"none\"\n                                       poster=\"https:\/\/vanme.de\/wp-content\/uploads\/2025\/10\/specialization-cone-of-uncertainty-5mb-poster.jpg\">\n                                    <source src=\"https:\/\/vanme.de\/wp-content\/uploads\/2025\/10\/specialization-cone-of-uncertainty-5mb.mp4\">\n                                <\/video>\n                            <\/div>\n\n                        \n                        <div class=\"overlay s1x-absolute-100 has-media                            s1x-tovp-tablapdesk-cc                            s1x-tovp-mob-cc\n                            \">\n\n                            \n                            \n                            \n                            \n                            \n                            \n                        <\/div>\n\n                        \n                    <\/div>\n\n                \n            <\/section>\n\n            \n\n\n    <section class=\"block-text center area-align-center\" style=\"margin-top: 80px; max-width: 1600px\">\n\n        \n                                \n                                            <h2 class=\"ff-bebas-ds80 ff-uppercase hlsize-\">Proceso <span class=\"ff-thin\">estructurado<\/span>. Artesan\u00eda <span class=\"ff-thin\">precisa<\/span>. Resultados <span class=\"ff-thin\">\u00fanicos<\/span>.<\/h2>\n                    \n        \n        <div class=\"ff-bodytext \">\n            <p>En VANME, el camino hacia una autocaravana personalizada es un proceso claramente estructurado. Todo empieza con la inspiraci\u00f3n: recogemos tus deseos, ideas y visiones en intensas conversaciones. El resultado es un concepto inicial que establece las l\u00edneas generales y define la direcci\u00f3n. Luego viene el trabajo detallado: utilizamos la \u00faltima tecnolog\u00eda 3D para visualizar tu proyecto y coordinar paso a paso los materiales, las funciones y el dise\u00f1o. Cada decisi\u00f3n reduce las incertidumbres iniciales y crea claridad. La producci\u00f3n comienza sobre esta base: m\u00e1quinas de \u00faltima generaci\u00f3n y un trabajo artesanal preciso moldean tu veh\u00edculo para convertirlo en una pieza realmente \u00fanica. Al final, recibir\u00e1s una autocaravana que no s\u00f3lo cumple las normas m\u00e1s estrictas, sino que est\u00e1 hecha a tu medida y lista para crear recuerdos inolvidables.      <\/p>\n        <\/div>\n\n\n                \n    <\/section>\n\n\n\n    <section class=\"block-contact\" style=\"margin-top: 80px\">\n\n\n        <div class=\"block-inner\">\n\n            \n\n                            <div class=\"text ff-bodytext\">\u00bfT\u00fa tambi\u00e9n quieres <span class=\"ff-bold ff-uppercase\">tu propia autocaravana<\/span>? Entonces ponte en contacto con nosotros para reservar tu parcela para autocaravana. <\/div>\n                <a class=\"s1x-button btn-white-do\" href=\"https:\/\/vanme.de\/es\/contacta-con-nosotros\/\">\n                    Contacto                <\/a>\n            \n        <\/div>\n\n        \n        <picture class=\"s1x-picture-cover-absolute jshook-provide-hq-after-dom-loaded\">\n            <source srcset-hq=\"https:\/\/vanme.de\/wp-content\/uploads\/2026\/03\/niffler-contact-area-recut-0367.jpg\"\n                    width=\"1920\"\n                    height=\"1080\">\n\n            \n            <source srcset-hq=\"https:\/\/vanme.de\/wp-content\/uploads\/2026\/03\/niffler-contact-area-recut-0367.jpg.webp\"\n                    width=\"1920\"\n                    height=\"1080\"\n                    type=\"image\/webp\">\n\n                        <img loading=\"lazy\" decoding=\"async\" src=\"https:\/\/vanme.de\/wp-content\/uploads\/2026\/03\/niffler-contact-area-recut-0367.jpg\"\n                 width=\"1920\"\n                 height=\"1080\"\n                 alt=\"\">\n        <\/picture>\n\n\n    <\/section>\n\n\n","protected":false},"excerpt":{"rendered":"","protected":false},"author":1,"featured_media":7806,"parent":0,"menu_order":0,"comment_status":"closed","ping_status":"closed","template":"","meta":{"_acf_changed":false,"footnotes":""},"class_list":["post-13801","page","type-page","status-publish","has-post-thumbnail","hentry"],"acf":[],"_links":{"self":[{"href":"https:\/\/vanme.de\/es\/wp-json\/wp\/v2\/pages\/13801","targetHints":{"allow":["GET"]}}],"collection":[{"href":"https:\/\/vanme.de\/es\/wp-json\/wp\/v2\/pages"}],"about":[{"href":"https:\/\/vanme.de\/es\/wp-json\/wp\/v2\/types\/page"}],"author":[{"embeddable":true,"href":"https:\/\/vanme.de\/es\/wp-json\/wp\/v2\/users\/1"}],"replies":[{"embeddable":true,"href":"https:\/\/vanme.de\/es\/wp-json\/wp\/v2\/comments?post=13801"}],"version-history":[{"count":14,"href":"https:\/\/vanme.de\/es\/wp-json\/wp\/v2\/pages\/13801\/revisions"}],"predecessor-version":[{"id":21529,"href":"https:\/\/vanme.de\/es\/wp-json\/wp\/v2\/pages\/13801\/revisions\/21529"}],"wp:featuredmedia":[{"embeddable":true,"href":"https:\/\/vanme.de\/es\/wp-json\/wp\/v2\/media\/7806"}],"wp:attachment":[{"href":"https:\/\/vanme.de\/es\/wp-json\/wp\/v2\/media?parent=13801"}],"curies":[{"name":"wp","href":"https:\/\/api.w.org\/{rel}","templated":true}]}}