{"id":13732,"date":"2025-03-25T19:09:13","date_gmt":"2025-03-25T18:09:13","guid":{"rendered":"https:\/\/devbox2.mc8pm.com\/colaboraciones-y-socios\/vanme-y-sca\/"},"modified":"2026-03-03T15:52:14","modified_gmt":"2026-03-03T14:52:14","slug":"vanme-y-sca","status":"publish","type":"page","link":"https:\/\/vanme.de\/es\/colaboraciones-y-socios\/vanme-y-sca\/","title":{"rendered":"VANME Y SCA"},"content":{"rendered":"\n\n\n                        \n            \n            <section class=\"block-media cnt-1 block-media-mobile-sort- blockheight-laptop-60vh blockheight-tablet-60vh blockheight-mobile-60vh blockstyle-highlight block-media-width-\" style=\"margin-top: 0px\">\n\n                \n                \n                    \n                    <div class=\"media media-0 has-media\">\n\n                        \n\n                        \n                            \n                            <picture class=\"s1x-picture-cover jshook-provide-hq-after-dom-loaded \">\n                                <source srcset-hq=\"https:\/\/vanme.de\/wp-content\/uploads\/2025\/10\/sca-Vanme_Ducato_2024_01-header-cut.jpg\"\n                                        width=\"1920\"\n                                        height=\"816\">\n\n                                \n                                <source srcset-hq=\"https:\/\/vanme.de\/wp-content\/uploads\/2025\/10\/sca-Vanme_Ducato_2024_01-header-cut.jpg.webp\"\n                                        width=\"1920\"\n                                        height=\"816\"\n                                        type=\"image\/webp\">\n\n                                                                <img decoding=\"async\" loading=\"lazy\"\n                                     src=\"https:\/\/vanme.de\/wp-content\/uploads\/2025\/10\/sca-Vanme_Ducato_2024_01-header-cut.jpg\"\n                                     width=\"1920\"\n                                     height=\"816\"\n                                     alt=\"\">\n                            <\/picture>\n\n                        \n                        <div class=\"overlay s1x-absolute-100 has-media                            s1x-tovp-tablapdesk-cc                            s1x-tovp-mob-cc\n                            \">\n\n                            \n                            \n                            \n                            \n                            \n                            \n                        <\/div>\n\n                        \n                    <\/div>\n\n                \n            <\/section>\n\n            \n\n\n    <section class=\"block-breadcrumb  area-align-\" style=\"margin-top: 40px; max-width: ;\">\n\n        <nav aria-label=\"breadcrumbs\" class=\"rank-math-breadcrumb\"><p><span class=\"last\">Inicio<\/span><\/p><\/nav>\n    <\/section>\n\n\n\n    <section class=\"block-text left area-align-center\" style=\"margin-top: 80px; max-width: 900px\">\n\n        \n                                \n                                            <h1 class=\"ff-bebas-ds80 ff-uppercase hlsize-\">VANME Y SCA<\/h1>\n                    \n                    <div class=\"ff-bebas-ds30\"><span class=\"ff-thin\">M\u00e1s espacio para la libertad<\/span><\/div>\n        \n        <div class=\"ff-bodytext \">\n            <p>En VANME dise\u00f1amos autocaravanas que no s\u00f3lo impresionan por su dise\u00f1o y confort, sino que tambi\u00e9n ofrecen la m\u00e1xima funcionalidad. Un componente central de esto es el espacio adicional para vivir y dormir, que realizamos con techos elevables y techos altos de alta calidad. <\/p>\n        <\/div>\n\n\n                \n    <\/section>\n\n\n\n    <section class=\"block-imageslider flickity-imageslider-carousel\" style=\"margin-top: 80px\">\n\n                                    \n                \n                    <div class=\"carousel-cell\">\n\n                        \n                        \n                            \n                            <picture class=\"jshook-provide-hq-after-dom-loaded\">\n                                <source srcset-hq=\"https:\/\/vanme.de\/wp-content\/uploads\/2025\/10\/sca-Vanme_EQV_300_5_juli_23-3-slider-cut.jpg\"\n                                        width=\"2066\"\n                                        height=\"1300\">\n                                <source srcset-hq=\"https:\/\/vanme.de\/wp-content\/uploads\/2025\/10\/sca-Vanme_EQV_300_5_juli_23-3-slider-cut.jpg.webp\"\n                                        width=\"2066\"\n                                        height=\"1300\"\n                                        type=\"image\/webp\">\n\n                                <source srcset=\"https:\/\/vanme.de\/wp-content\/uploads\/2025\/10\/sca-Vanme_EQV_300_5_juli_23-3-slider-cut.jpg\"\n                                        width=\"2066\"\n                                        height=\"1300\">\n\n                                <img loading=\"lazy\" decoding=\"async\"                                         src=\"https:\/\/vanme.de\/wp-content\/uploads\/2025\/10\/sca-Vanme_EQV_300_5_juli_23-3-slider-cut.jpg\"\n                                        width=\"2066\"\n                                        height=\"1300\"\n                                        alt=\"\">\n                            <\/picture>\n\n\n                        \n                    <\/div>\n\n                \n                    <div class=\"carousel-cell\">\n\n                        \n                        \n                            \n                            <picture class=\"jshook-provide-hq-after-dom-loaded\">\n                                <source srcset-hq=\"https:\/\/vanme.de\/wp-content\/uploads\/2025\/10\/sca-Vanme_EQV_300_5_juli_23-4-slider-cut.jpg\"\n                                        width=\"2053\"\n                                        height=\"1300\">\n                                <source srcset-hq=\"https:\/\/vanme.de\/wp-content\/uploads\/2025\/10\/sca-Vanme_EQV_300_5_juli_23-4-slider-cut.jpg.webp\"\n                                        width=\"2053\"\n                                        height=\"1300\"\n                                        type=\"image\/webp\">\n\n                                <source srcset=\"https:\/\/vanme.de\/wp-content\/uploads\/2025\/10\/sca-Vanme_EQV_300_5_juli_23-4-slider-cut.jpg\"\n                                        width=\"2053\"\n                                        height=\"1300\">\n\n                                <img loading=\"lazy\" decoding=\"async\"                                         src=\"https:\/\/vanme.de\/wp-content\/uploads\/2025\/10\/sca-Vanme_EQV_300_5_juli_23-4-slider-cut.jpg\"\n                                        width=\"2053\"\n                                        height=\"1300\"\n                                        alt=\"\">\n                            <\/picture>\n\n\n                        \n                    <\/div>\n\n                \n                    <div class=\"carousel-cell\">\n\n                        \n                        \n                            \n                            <picture class=\"jshook-provide-hq-after-dom-loaded\">\n                                <source srcset-hq=\"https:\/\/vanme.de\/wp-content\/uploads\/2025\/10\/sca-Vanme_Ducato_2024_16-slider-cut.jpg\"\n                                        width=\"1066\"\n                                        height=\"1300\">\n                                <source srcset-hq=\"https:\/\/vanme.de\/wp-content\/uploads\/2025\/10\/sca-Vanme_Ducato_2024_16-slider-cut.jpg.webp\"\n                                        width=\"1066\"\n                                        height=\"1300\"\n                                        type=\"image\/webp\">\n\n                                <source srcset=\"https:\/\/vanme.de\/wp-content\/uploads\/2025\/10\/sca-Vanme_Ducato_2024_16-slider-cut.jpg\"\n                                        width=\"1066\"\n                                        height=\"1300\">\n\n                                <img loading=\"lazy\" decoding=\"async\"                                         src=\"https:\/\/vanme.de\/wp-content\/uploads\/2025\/10\/sca-Vanme_Ducato_2024_16-slider-cut.jpg\"\n                                        width=\"1066\"\n                                        height=\"1300\"\n                                        alt=\"\">\n                            <\/picture>\n\n\n                        \n                    <\/div>\n\n                \n                    <div class=\"carousel-cell\">\n\n                        \n                        \n                            \n                            <picture class=\"jshook-provide-hq-after-dom-loaded\">\n                                <source srcset-hq=\"https:\/\/vanme.de\/wp-content\/uploads\/2025\/10\/sca-Vanme_Ducato_2024_04-slider-resize.jpg\"\n                                        width=\"1950\"\n                                        height=\"1300\">\n                                <source srcset-hq=\"https:\/\/vanme.de\/wp-content\/uploads\/2025\/10\/sca-Vanme_Ducato_2024_04-slider-resize.jpg.webp\"\n                                        width=\"1950\"\n                                        height=\"1300\"\n                                        type=\"image\/webp\">\n\n                                <source srcset=\"https:\/\/vanme.de\/wp-content\/uploads\/2025\/10\/sca-Vanme_Ducato_2024_04-slider-resize.jpg\"\n                                        width=\"1950\"\n                                        height=\"1300\">\n\n                                <img decoding=\"async\" loading=\"lazy\"                                        src=\"https:\/\/vanme.de\/wp-content\/uploads\/2025\/10\/sca-Vanme_Ducato_2024_04-slider-resize.jpg\"\n                                        width=\"1950\"\n                                        height=\"1300\"\n                                        alt=\"\">\n                            <\/picture>\n\n\n                        \n                    <\/div>\n\n                \n                    <div class=\"carousel-cell\">\n\n                        \n                        \n                            \n                            <picture class=\"jshook-provide-hq-after-dom-loaded\">\n                                <source srcset-hq=\"https:\/\/vanme.de\/wp-content\/uploads\/2025\/10\/sca-vanme_ducato_2024_02-slider-cut-scaled.jpg\"\n                                        width=\"2560\"\n                                        height=\"1109\">\n                                <source srcset-hq=\"https:\/\/vanme.de\/wp-content\/uploads\/2025\/10\/sca-vanme_ducato_2024_02-slider-cut-scaled.jpg.webp\"\n                                        width=\"2560\"\n                                        height=\"1109\"\n                                        type=\"image\/webp\">\n\n                                <source srcset=\"https:\/\/vanme.de\/wp-content\/uploads\/2025\/10\/sca-vanme_ducato_2024_02-slider-cut-scaled.jpg\"\n                                        width=\"2560\"\n                                        height=\"1109\">\n\n                                <img decoding=\"async\" loading=\"lazy\"                                        src=\"https:\/\/vanme.de\/wp-content\/uploads\/2025\/10\/sca-vanme_ducato_2024_02-slider-cut-scaled.jpg\"\n                                        width=\"2560\"\n                                        height=\"1109\"\n                                        alt=\"\">\n                            <\/picture>\n\n\n                        \n                    <\/div>\n\n                \n                    <div class=\"carousel-cell\">\n\n                        \n                        \n                            \n                            <picture class=\"jshook-provide-hq-after-dom-loaded\">\n                                <source srcset-hq=\"https:\/\/vanme.de\/wp-content\/uploads\/2025\/10\/sca-Vanme_EQV_300_5_juli_23-24-slider-cut.jpg\"\n                                        width=\"931\"\n                                        height=\"1300\">\n                                <source srcset-hq=\"https:\/\/vanme.de\/wp-content\/uploads\/2025\/10\/sca-Vanme_EQV_300_5_juli_23-24-slider-cut.jpg.webp\"\n                                        width=\"931\"\n                                        height=\"1300\"\n                                        type=\"image\/webp\">\n\n                                <source srcset=\"https:\/\/vanme.de\/wp-content\/uploads\/2025\/10\/sca-Vanme_EQV_300_5_juli_23-24-slider-cut.jpg\"\n                                        width=\"931\"\n                                        height=\"1300\">\n\n                                <img decoding=\"async\" loading=\"lazy\"                                        src=\"https:\/\/vanme.de\/wp-content\/uploads\/2025\/10\/sca-Vanme_EQV_300_5_juli_23-24-slider-cut.jpg\"\n                                        width=\"931\"\n                                        height=\"1300\"\n                                        alt=\"\">\n                            <\/picture>\n\n\n                        \n                    <\/div>\n\n                \n                    \n    <\/section>\n\n\n\n\n\n                        \n            \n            <section class=\"block-media cnt-2 block-media-mobile-sort-123 blockheight-laptop-16-9 blockheight-tablet-16-9 blockheight-mobile-16-9 blockstyle-highlight block-media-width-same-width\" style=\"margin-top: 80px\">\n\n                \n                \n                    \n                    <div class=\"media media-0 has-media\">\n\n                        \n\n                        \n                            \n                            <picture class=\"s1x-picture-cover jshook-provide-hq-after-dom-loaded \">\n                                <source srcset-hq=\"https:\/\/vanme.de\/wp-content\/uploads\/2025\/10\/logo-sca.png\"\n                                        width=\"1168\"\n                                        height=\"678\">\n\n                                \n                                <source srcset-hq=\"https:\/\/vanme.de\/wp-content\/uploads\/2025\/10\/logo-sca.png.webp\"\n                                        width=\"1168\"\n                                        height=\"678\"\n                                        type=\"image\/webp\">\n\n                                                                <img decoding=\"async\" loading=\"lazy\"\n                                     src=\"https:\/\/vanme.de\/wp-content\/uploads\/2025\/10\/logo-sca.png\"\n                                     width=\"1168\"\n                                     height=\"678\"\n                                     alt=\"\">\n                            <\/picture>\n\n                        \n                        <div class=\"overlay s1x-absolute-100 has-media                            s1x-tovp-tablapdesk-cl                            s1x-tovp-mob-cl\n                            \">\n\n                            \n                            \n                            \n                            \n                            \n                            \n                        <\/div>\n\n                        \n                    <\/div>\n\n                \n                    \n                    <div class=\"media media-1 \">\n\n                        \n\n                        \n                        <div class=\"overlay                              s1x-tovp-tablapdesk-cl                            s1x-tovp-mob-cl\n                            \">\n\n                            \n                            <div class='headline ff-bebas-ds65 ff-uppercase''>Dos marcas, una norma de calidad<\/div>\n                            \n                            \n                            <div class='text ff-bodytext'><p>Para estas soluciones, confiamos en nuestra colaboraci\u00f3n con SCA, uno de los principales fabricantes de techos elevables y techos altos premium para todas las furgonetas est\u00e1ndar. Los productos de SCA se caracterizan por una fabricaci\u00f3n precisa, materiales duraderos y una integraci\u00f3n perfecta en el dise\u00f1o del veh\u00edculo. <\/p>\n<p>Gracias a esta asociaci\u00f3n, en VANME ofrecemos a nuestros clientes soluciones de tejado de primera clase que combinan a la perfecci\u00f3n confort, funcionalidad y est\u00e9tica.<\/p>\n<\/div>\n                            \n                        <\/div>\n\n                        \n                    <\/div>\n\n                \n            <\/section>\n\n            \n\n\n\n\n                        \n            \n            <section class=\"block-media cnt-1 block-media-mobile-sort- blockheight-laptop-none blockheight-tablet-none blockheight-mobile-none blockstyle-display block-media-width-\" style=\"margin-top: 80px\">\n\n                \n                \n                    \n                    <div class=\"media media-0 has-media\">\n\n                        \n\n                        \n                            \n                            <picture class=\"s1x-picture-cover jshook-provide-hq-after-dom-loaded \">\n                                <source srcset-hq=\"https:\/\/vanme.de\/wp-content\/uploads\/2025\/10\/sca-Vanme_EQV_300_5_juli_23-1-bpic-cut.jpg\"\n                                        width=\"1920\"\n                                        height=\"1483\">\n\n                                \n                                <source srcset-hq=\"https:\/\/vanme.de\/wp-content\/uploads\/2025\/10\/sca-Vanme_EQV_300_5_juli_23-1-bpic-cut.jpg.webp\"\n                                        width=\"1920\"\n                                        height=\"1483\"\n                                        type=\"image\/webp\">\n\n                                                                <img decoding=\"async\" loading=\"lazy\"\n                                     src=\"https:\/\/vanme.de\/wp-content\/uploads\/2025\/10\/sca-Vanme_EQV_300_5_juli_23-1-bpic-cut.jpg\"\n                                     width=\"1920\"\n                                     height=\"1483\"\n                                     alt=\"\">\n                            <\/picture>\n\n                        \n                        <div class=\"overlay s1x-absolute-100 has-media                            s1x-tovp-tablapdesk-tl                            s1x-tovp-mob-tl\n                            \">\n\n                            \n                            \n                            \n                            \n                            \n                            \n                        <\/div>\n\n                        \n                    <\/div>\n\n                \n            <\/section>\n\n            \n\n\n    <section class=\"block-text left area-align-center\" style=\"margin-top: 80px; max-width: 900px\">\n\n        \n                                \n                                            <h2 class=\"ff-bebas-ds80 ff-uppercase hlsize-\">Confort y calidad hasta el \u00faltimo detalle<\/h2>\n                    \n        \n        <div class=\"ff-bodytext \">\n            <p>Los techos elevables y los techos altos de SCA son sin\u00f3nimo del m\u00e1s alto nivel de ingenier\u00eda y tecnolog\u00eda probada. Ofrecen construcciones estables, \u00f3ptima protecci\u00f3n contra la intemperie, excelente aislamiento y c\u00f3modas zonas para dormir que ampl\u00edan considerablemente el espacio interior de la autocaravana. <\/p>\n<p>Junto con SCA, en VANME nos aseguramos de que nuestras autocaravanas no s\u00f3lo impresionen en la carretera, sino tambi\u00e9n cuando llegan: con m\u00e1s espacio, m\u00e1s comodidad y una integraci\u00f3n perfecta en el dise\u00f1o de alta calidad de nuestros veh\u00edculos.<\/p>\n        <\/div>\n\n\n                \n    <\/section>\n\n\n\n    <section class=\"block-contact\" style=\"margin-top: 80px\">\n\n\n        <div class=\"block-inner\">\n\n            \n\n                            <div class=\"text ff-bodytext\">\u00bfQuieres reequipar un tejado elevable o un tejado alto de SCA? Entonces ponte en contacto con nosotros para hablar de los detalles de la instalaci\u00f3n. <\/div>\n                <a class=\"s1x-button btn-white-do\" href=\"https:\/\/vanme.de\/es\/contacta-con-nosotros\/\">\n                    Contacto                <\/a>\n            \n        <\/div>\n\n        \n        <picture class=\"s1x-picture-cover-absolute jshook-provide-hq-after-dom-loaded\">\n            <source srcset-hq=\"https:\/\/vanme.de\/wp-content\/uploads\/2025\/10\/sca-Vanme_EQV_300_5_juli_23-3-contact-cut.jpg\"\n                    width=\"1920\"\n                    height=\"595\">\n\n            \n            <source srcset-hq=\"https:\/\/vanme.de\/wp-content\/uploads\/2025\/10\/sca-Vanme_EQV_300_5_juli_23-3-contact-cut.jpg.webp\"\n                    width=\"1920\"\n                    height=\"595\"\n                    type=\"image\/webp\">\n\n                        <img loading=\"lazy\" decoding=\"async\" src=\"https:\/\/vanme.de\/wp-content\/uploads\/2025\/10\/sca-Vanme_EQV_300_5_juli_23-3-contact-cut.jpg\"\n                 width=\"1920\"\n                 height=\"595\"\n                 alt=\"\">\n        <\/picture>\n\n\n    <\/section>\n\n\n","protected":false},"excerpt":{"rendered":"","protected":false},"author":1,"featured_media":12270,"parent":13359,"menu_order":0,"comment_status":"closed","ping_status":"closed","template":"","meta":{"_acf_changed":false,"footnotes":""},"class_list":["post-13732","page","type-page","status-publish","has-post-thumbnail","hentry"],"acf":[],"_links":{"self":[{"href":"https:\/\/vanme.de\/es\/wp-json\/wp\/v2\/pages\/13732","targetHints":{"allow":["GET"]}}],"collection":[{"href":"https:\/\/vanme.de\/es\/wp-json\/wp\/v2\/pages"}],"about":[{"href":"https:\/\/vanme.de\/es\/wp-json\/wp\/v2\/types\/page"}],"author":[{"embeddable":true,"href":"https:\/\/vanme.de\/es\/wp-json\/wp\/v2\/users\/1"}],"replies":[{"embeddable":true,"href":"https:\/\/vanme.de\/es\/wp-json\/wp\/v2\/comments?post=13732"}],"version-history":[{"count":4,"href":"https:\/\/vanme.de\/es\/wp-json\/wp\/v2\/pages\/13732\/revisions"}],"predecessor-version":[{"id":16718,"href":"https:\/\/vanme.de\/es\/wp-json\/wp\/v2\/pages\/13732\/revisions\/16718"}],"up":[{"embeddable":true,"href":"https:\/\/vanme.de\/es\/wp-json\/wp\/v2\/pages\/13359"}],"wp:featuredmedia":[{"embeddable":true,"href":"https:\/\/vanme.de\/es\/wp-json\/wp\/v2\/media\/12270"}],"wp:attachment":[{"href":"https:\/\/vanme.de\/es\/wp-json\/wp\/v2\/media?parent=13732"}],"curies":[{"name":"wp","href":"https:\/\/api.w.org\/{rel}","templated":true}]}}