{"id":13677,"date":"2025-06-06T11:03:38","date_gmt":"2025-06-06T09:03:38","guid":{"rendered":"https:\/\/devbox2.mc8pm.com\/accesorios\/signature-rim-negro-profundo\/"},"modified":"2026-03-16T18:22:52","modified_gmt":"2026-03-16T17:22:52","slug":"signature-rim-negro-profundo","status":"publish","type":"page","link":"https:\/\/vanme.de\/es\/accesorios\/signature-rim-negro-profundo\/","title":{"rendered":"Signature Rim NEGRO PROFUNDO"},"content":{"rendered":"\n\n\n                        \n            \n            <section class=\"block-media cnt-1 block-media-mobile-sort- blockheight-laptop-60vh blockheight-tablet-60vh blockheight-mobile-60vh blockstyle-display block-media-width-\" style=\"margin-top: 0px\">\n\n                \n                \n                    \n                    <div class=\"media media-0 has-media\">\n\n                        \n\n                        \n                            <div class=\"s1x-video\">\n                                <video class=\"jshook-play-video-when-in-viewport \"\n                                       playsinline muted loop\n                                       width=\"1000\"\n                                       height=\"720\"\n                                       preload=\"none\"\n                                       poster=\"https:\/\/vanme.de\/wp-content\/uploads\/2025\/10\/vanme-signature-rim-black-poster.jpg\">\n                                    <source src=\"https:\/\/vanme.de\/wp-content\/uploads\/2025\/10\/vanme-signature-rim-black-noaudio.mp4\">\n                                <\/video>\n                            <\/div>\n\n                        \n                        <div class=\"overlay s1x-absolute-100 has-media                            s1x-tovp-tablapdesk-tl                            s1x-tovp-mob-tl\n                            \">\n\n                            \n                            \n                            \n                            \n                            \n                            \n                        <\/div>\n\n                        \n                    <\/div>\n\n                \n            <\/section>\n\n            \n\n\n    <section class=\"block-breadcrumb  area-align-\" style=\"margin-top: 40px; max-width: ;\">\n\n        <nav aria-label=\"breadcrumbs\" class=\"rank-math-breadcrumb\"><p><span class=\"last\">Inicio<\/span><\/p><\/nav>\n    <\/section>\n\n\n\n    <section class=\"block-text center area-align-center\" style=\"margin-top: 80px; max-width: unset\">\n\n        \n                                \n                                            <h1 class=\"ff-bebas-ds80 ff-uppercase hlsize-\">Llanta de firma VANME NEGRO PROFUNDO<\/h1>\n                    \n        \n        <div class=\"ff-bodytext \">\n                    <\/div>\n\n\n                \n    <\/section>\n\n\n\n    <section class=\"block-imageslider flickity-imageslider-carousel\" style=\"margin-top: 80px\">\n\n                                    \n                \n                    <div class=\"carousel-cell\">\n\n                        \n                        \n                            \n                            <picture class=\"jshook-provide-hq-after-dom-loaded\">\n                                <source srcset-hq=\"https:\/\/vanme.de\/wp-content\/uploads\/2025\/09\/signature-rim-black-DSC03992-resize.jpg\"\n                                        width=\"1920\"\n                                        height=\"1282\">\n                                <source srcset-hq=\"https:\/\/vanme.de\/wp-content\/uploads\/2025\/09\/signature-rim-black-DSC03992-resize.jpg.webp\"\n                                        width=\"1920\"\n                                        height=\"1282\"\n                                        type=\"image\/webp\">\n\n                                <source srcset=\"https:\/\/vanme.de\/wp-content\/uploads\/2025\/09\/signature-rim-black-DSC03992-resize.jpg\"\n                                        width=\"1920\"\n                                        height=\"1282\">\n\n                                <img loading=\"lazy\" decoding=\"async\"                                         src=\"https:\/\/vanme.de\/wp-content\/uploads\/2025\/09\/signature-rim-black-DSC03992-resize.jpg\"\n                                        width=\"1920\"\n                                        height=\"1282\"\n                                        alt=\"\">\n                            <\/picture>\n\n\n                        \n                    <\/div>\n\n                \n                    <div class=\"carousel-cell\">\n\n                        \n                        \n                            \n                            <picture class=\"jshook-provide-hq-after-dom-loaded\">\n                                <source srcset-hq=\"https:\/\/vanme.de\/wp-content\/uploads\/2025\/10\/signature-rim-black-DSC07939-slider-resize.jpg\"\n                                        width=\"1946\"\n                                        height=\"1300\">\n                                <source srcset-hq=\"https:\/\/vanme.de\/wp-content\/uploads\/2025\/10\/signature-rim-black-DSC07939-slider-resize.jpg.webp\"\n                                        width=\"1946\"\n                                        height=\"1300\"\n                                        type=\"image\/webp\">\n\n                                <source srcset=\"https:\/\/vanme.de\/wp-content\/uploads\/2025\/10\/signature-rim-black-DSC07939-slider-resize.jpg\"\n                                        width=\"1946\"\n                                        height=\"1300\">\n\n                                <img loading=\"lazy\" decoding=\"async\"                                         src=\"https:\/\/vanme.de\/wp-content\/uploads\/2025\/10\/signature-rim-black-DSC07939-slider-resize.jpg\"\n                                        width=\"1946\"\n                                        height=\"1300\"\n                                        alt=\"\">\n                            <\/picture>\n\n\n                        \n                    <\/div>\n\n                \n                    <div class=\"carousel-cell\">\n\n                        \n                        \n                            \n                            <picture class=\"jshook-provide-hq-after-dom-loaded\">\n                                <source srcset-hq=\"https:\/\/vanme.de\/wp-content\/uploads\/2025\/10\/signature-rim-black-DSC06410-slider-cut.jpg\"\n                                        width=\"1469\"\n                                        height=\"1300\">\n                                <source srcset-hq=\"https:\/\/vanme.de\/wp-content\/uploads\/2025\/10\/signature-rim-black-DSC06410-slider-cut.jpg.webp\"\n                                        width=\"1469\"\n                                        height=\"1300\"\n                                        type=\"image\/webp\">\n\n                                <source srcset=\"https:\/\/vanme.de\/wp-content\/uploads\/2025\/10\/signature-rim-black-DSC06410-slider-cut.jpg\"\n                                        width=\"1469\"\n                                        height=\"1300\">\n\n                                <img loading=\"lazy\" decoding=\"async\"                                         src=\"https:\/\/vanme.de\/wp-content\/uploads\/2025\/10\/signature-rim-black-DSC06410-slider-cut.jpg\"\n                                        width=\"1469\"\n                                        height=\"1300\"\n                                        alt=\"\">\n                            <\/picture>\n\n\n                        \n                    <\/div>\n\n                \n                    <div class=\"carousel-cell\">\n\n                        \n                        \n                            \n                            <picture class=\"jshook-provide-hq-after-dom-loaded\">\n                                <source srcset-hq=\"https:\/\/vanme.de\/wp-content\/uploads\/2025\/09\/signature-rim-black-DSC03321-cut.jpg\"\n                                        width=\"1300\"\n                                        height=\"1300\">\n                                <source srcset-hq=\"https:\/\/vanme.de\/wp-content\/uploads\/2025\/09\/signature-rim-black-DSC03321-cut.jpg.webp\"\n                                        width=\"1300\"\n                                        height=\"1300\"\n                                        type=\"image\/webp\">\n\n                                <source srcset=\"https:\/\/vanme.de\/wp-content\/uploads\/2025\/09\/signature-rim-black-DSC03321-cut.jpg\"\n                                        width=\"1300\"\n                                        height=\"1300\">\n\n                                <img decoding=\"async\" loading=\"lazy\"                                        src=\"https:\/\/vanme.de\/wp-content\/uploads\/2025\/09\/signature-rim-black-DSC03321-cut.jpg\"\n                                        width=\"1300\"\n                                        height=\"1300\"\n                                        alt=\"\">\n                            <\/picture>\n\n\n                        \n                    <\/div>\n\n                \n                    <div class=\"carousel-cell\">\n\n                        \n                        \n                            \n                            <picture class=\"jshook-provide-hq-after-dom-loaded\">\n                                <source srcset-hq=\"https:\/\/vanme.de\/wp-content\/uploads\/2025\/09\/signature-rim-black-DSC03317-cutresize.jpg\"\n                                        width=\"1285\"\n                                        height=\"1300\">\n                                <source srcset-hq=\"https:\/\/vanme.de\/wp-content\/uploads\/2025\/09\/signature-rim-black-DSC03317-cutresize.jpg.webp\"\n                                        width=\"1285\"\n                                        height=\"1300\"\n                                        type=\"image\/webp\">\n\n                                <source srcset=\"https:\/\/vanme.de\/wp-content\/uploads\/2025\/09\/signature-rim-black-DSC03317-cutresize.jpg\"\n                                        width=\"1285\"\n                                        height=\"1300\">\n\n                                <img decoding=\"async\" loading=\"lazy\"                                        src=\"https:\/\/vanme.de\/wp-content\/uploads\/2025\/09\/signature-rim-black-DSC03317-cutresize.jpg\"\n                                        width=\"1285\"\n                                        height=\"1300\"\n                                        alt=\"\">\n                            <\/picture>\n\n\n                        \n                    <\/div>\n\n                \n                    \n    <\/section>\n\n\n\n\n    \n\n    <section class=\"block-product has-variants- has-description-per-variant-\" style=\"margin-top: 80px\">\n\n                    <!-- product without variants -->\n\n            <div class=\"container-description\">\n                <h2 class=\"ff-bebas-ds65 ff-uppercase\">\n                    Descripci\u00f3n                <\/h2>\n                <p class=\"ff-bodytext product-description\">\n                    Llanta VanMe Signature - juego completo<br \/>\r\n<br \/>\r\nLa fuerza se une a la elegancia: la llanta VANME Signature Revolution combina un llamativo dise\u00f1o todoterreno con una elegante precisi\u00f3n. El acabado bicolor de alto contraste en negro mate. Esta llanta confiere a cada veh\u00edculo un aspecto inconfundible.  <br \/>\r\n<br \/>\r\nMade in Germany es para nosotros algo m\u00e1s que un sello: es sin\u00f3nimo de la m\u00e1s alta calidad de fabricaci\u00f3n, tecnolog\u00eda precisa y seguridad sin concesiones. Todas las ruedas Revolution se fabrican, prueban y acaban con tecnolog\u00eda punta y aut\u00e9ntica artesan\u00eda.  Fabricada en aluminio de alta calidad, impresiona por su m\u00e1xima estabilidad y bajo peso: perfecta para autocaravanas, todoterrenos y camionetas que exigen prestaciones y dise\u00f1o a partes iguales. Los elementos atornillados visibles en el borde de la llanta retoman el ic\u00f3nico aspecto beadlock y acent\u00faan el fuerte car\u00e1cter de su apariencia. <br \/>\r\n<br \/>\r\nTanto en carretera como fuera de ella, la VanMe Revolution es m\u00e1s que una rueda: es una declaraci\u00f3n de individualidad, calidad e ingenier\u00eda alemana.<br \/>\r\n<br \/>\r\nDatos clave:<br \/>\r\n<br \/>\r\nTama\u00f1o: 8,5Jx18<br \/>\r\nDesplazamiento (ET): 30-55<br \/>\r\nCapacidad de carga: 1.400 kg por rueda<br \/>\r\nCircunferencia de los tornillos: 5\u00d7112 a 5\u00d7130 \/ 6\u00d7130<br \/>\r\nAcabado: Negro satinado, frontal pulido<br \/>\r\n<br \/>\r\nNuestra llanta m\u00e1s resistente para furgonetas, autocaravanas y furgonetas de transporte: optimizada para entornos dif\u00edciles, fabricada para una carga m\u00e1xima y una durabilidad excepcional.<br \/>\r\n<br \/>\r\nAplicaciones previstas para veh\u00edculos (en constante ampliaci\u00f3n):<br \/>\r\n<br \/>\r\nMAN TGE y VW Crafter<br \/>\r\nVW T5 \/ T6 \/ T7<br \/>\r\nFiat Ducato \/ Citro\u00ebn Jumper \/ Peugeot Boxer (chasis ligeros y pesados)<br \/>\r\nMercedes Sprinter<br \/>\r\nIveco Daily                <\/p>\n                <p class=\"ff-bodytext product-disclaimer\">\n                    M\u00e1xima capacidad de carga. Presencia m\u00e1xima. \r\n\r\nUn juego de ruedas consta de cuatro piezas. Los neum\u00e1ticos y los accesorios no est\u00e1n incluidos en el precio.                 <\/p>\n            <\/div>\n\n            <div class=\"container-add2cart\">\n                                <div class=\"price-label\">Nuestro precio<span>(Componente incl. montaje )<\/span><\/div>\n\n                \n                <div id=\"product-price\">2.299,00\u00a0\u20ac<span>IVA incluido.<\/span><\/div>\n\n                <div class=\"bookmark\">\n                    <div id=\"product-bookmark\" class=\"cssimg-bookmark cssimg-contain-center-norepeat jshook-bookmark-add\"\n                         data-bookmark-headline=\"Signature Rim NEGRO PROFUNDO\"\n                         data-bookmark-content=\"Me interesa este tuning. - 2.299,00\u00a0\u20ac\">\n                    <\/div>\n                    <div class=\"bookmark-text\">A\u00f1adir a la lista de solicitudes<\/div>\n                <\/div>\n            <\/div>\n\n\n\n        \n    <\/section>\n\n\n\n\n\n                        \n            \n            <section class=\"block-media cnt-1 block-media-mobile-sort- blockheight-laptop-30vh blockheight-tablet-30vh blockheight-mobile-30vh blockstyle-display block-media-width-\" style=\"margin-top: 0px\">\n\n                \n                \n                    \n                    <div class=\"media media-0 has-media\">\n\n                        \n\n                        \n                            \n                            <picture class=\"s1x-picture-cover jshook-provide-hq-after-dom-loaded \">\n                                <source srcset-hq=\"https:\/\/vanme.de\/wp-content\/uploads\/2025\/10\/signature-rim-black-DSC06419-resize.jpg\"\n                                        width=\"1920\"\n                                        height=\"1282\">\n\n                                \n                                <source srcset-hq=\"https:\/\/vanme.de\/wp-content\/uploads\/2025\/10\/signature-rim-black-DSC06419-resize.jpg.webp\"\n                                        width=\"1920\"\n                                        height=\"1282\"\n                                        type=\"image\/webp\">\n\n                                                                <img decoding=\"async\" loading=\"lazy\"\n                                     src=\"https:\/\/vanme.de\/wp-content\/uploads\/2025\/10\/signature-rim-black-DSC06419-resize.jpg\"\n                                     width=\"1920\"\n                                     height=\"1282\"\n                                     alt=\"\">\n                            <\/picture>\n\n                        \n                        <div class=\"overlay s1x-absolute-100 has-media                            s1x-tovp-tablapdesk-tl                            s1x-tovp-mob-tl\n                            \">\n\n                            \n                            \n                            \n                            \n                            \n                            \n                        <\/div>\n\n                        \n                    <\/div>\n\n                \n            <\/section>\n\n            \n\n","protected":false},"excerpt":{"rendered":"","protected":false},"author":1,"featured_media":12972,"parent":13477,"menu_order":0,"comment_status":"closed","ping_status":"closed","template":"","meta":{"_acf_changed":false,"footnotes":""},"class_list":["post-13677","page","type-page","status-publish","has-post-thumbnail","hentry"],"acf":[],"_links":{"self":[{"href":"https:\/\/vanme.de\/es\/wp-json\/wp\/v2\/pages\/13677","targetHints":{"allow":["GET"]}}],"collection":[{"href":"https:\/\/vanme.de\/es\/wp-json\/wp\/v2\/pages"}],"about":[{"href":"https:\/\/vanme.de\/es\/wp-json\/wp\/v2\/types\/page"}],"author":[{"embeddable":true,"href":"https:\/\/vanme.de\/es\/wp-json\/wp\/v2\/users\/1"}],"replies":[{"embeddable":true,"href":"https:\/\/vanme.de\/es\/wp-json\/wp\/v2\/comments?post=13677"}],"version-history":[{"count":4,"href":"https:\/\/vanme.de\/es\/wp-json\/wp\/v2\/pages\/13677\/revisions"}],"predecessor-version":[{"id":20227,"href":"https:\/\/vanme.de\/es\/wp-json\/wp\/v2\/pages\/13677\/revisions\/20227"}],"up":[{"embeddable":true,"href":"https:\/\/vanme.de\/es\/wp-json\/wp\/v2\/pages\/13477"}],"wp:featuredmedia":[{"embeddable":true,"href":"https:\/\/vanme.de\/es\/wp-json\/wp\/v2\/media\/12972"}],"wp:attachment":[{"href":"https:\/\/vanme.de\/es\/wp-json\/wp\/v2\/media?parent=13677"}],"curies":[{"name":"wp","href":"https:\/\/api.w.org\/{rel}","templated":true}]}}