{"id":13664,"date":"2025-06-06T11:09:52","date_gmt":"2025-06-06T09:09:52","guid":{"rendered":"https:\/\/devbox2.mc8pm.com\/accesorios\/tapones-de-valvula-vanme\/"},"modified":"2026-03-03T15:57:15","modified_gmt":"2026-03-03T14:57:15","slug":"tapones-de-valvula-vanme","status":"publish","type":"page","link":"https:\/\/vanme.de\/es\/accesorios\/tapones-de-valvula-vanme\/","title":{"rendered":"Tapones de v\u00e1lvula VANME"},"content":{"rendered":"\n\n\n                        \n            \n            <section class=\"block-media cnt-1 block-media-mobile-sort- blockheight-laptop-60vh blockheight-tablet-60vh blockheight-mobile-60vh blockstyle-display block-media-width-\" style=\"margin-top: 0px\">\n\n                \n                \n                    \n                    <div class=\"media media-0 has-media\">\n\n                        \n\n                        \n                            \n                            <picture class=\"s1x-picture-cover jshook-provide-hq-after-dom-loaded \">\n                                <source srcset-hq=\"https:\/\/vanme.de\/wp-content\/uploads\/2025\/09\/vanme-ventilkappen-DSC03989-cut.jpg\"\n                                        width=\"1920\"\n                                        height=\"1282\">\n\n                                \n                                <source srcset-hq=\"https:\/\/vanme.de\/wp-content\/uploads\/2025\/09\/vanme-ventilkappen-DSC03989-cut.jpg.webp\"\n                                        width=\"1920\"\n                                        height=\"1282\"\n                                        type=\"image\/webp\">\n\n                                                                <img decoding=\"async\" loading=\"lazy\"\n                                     src=\"https:\/\/vanme.de\/wp-content\/uploads\/2025\/09\/vanme-ventilkappen-DSC03989-cut.jpg\"\n                                     width=\"1920\"\n                                     height=\"1282\"\n                                     alt=\"\">\n                            <\/picture>\n\n                        \n                        <div class=\"overlay s1x-absolute-100 has-media                            s1x-tovp-tablapdesk-tl                            s1x-tovp-mob-tl\n                            \">\n\n                            \n                            \n                            \n                            \n                            \n                            \n                        <\/div>\n\n                        \n                    <\/div>\n\n                \n            <\/section>\n\n            \n\n\n    <section class=\"block-breadcrumb  area-align-\" style=\"margin-top: 40px; max-width: ;\">\n\n        <nav aria-label=\"breadcrumbs\" class=\"rank-math-breadcrumb\"><p><span class=\"last\">Inicio<\/span><\/p><\/nav>\n    <\/section>\n\n\n\n    <section class=\"block-text center area-align-center\" style=\"margin-top: 80px; max-width: unset\">\n\n        \n                                \n                                            <h1 class=\"ff-bebas-ds80 ff-uppercase hlsize-\">Tapones de v\u00e1lvula VanMe<\/h1>\n                    \n                    <div class=\"ff-bebas-ds30\"><span class=\"ff-thin\">Detalles que marcan la diferencia.<\/span><\/div>\n        \n        <div class=\"ff-bodytext \">\n                    <\/div>\n\n\n                \n    <\/section>\n\n\n\n    <section class=\"block-imageslider flickity-imageslider-carousel\" style=\"margin-top: 80px\">\n\n                                    \n                \n                    <div class=\"carousel-cell\">\n\n                        \n                        \n                            \n                            <picture class=\"jshook-provide-hq-after-dom-loaded\">\n                                <source srcset-hq=\"https:\/\/vanme.de\/wp-content\/uploads\/2025\/09\/vanme-ventilkappen-DSC04031-resize.jpg\"\n                                        width=\"868\"\n                                        height=\"1300\">\n                                <source srcset-hq=\"https:\/\/vanme.de\/wp-content\/uploads\/2025\/09\/vanme-ventilkappen-DSC04031-resize.jpg.webp\"\n                                        width=\"868\"\n                                        height=\"1300\"\n                                        type=\"image\/webp\">\n\n                                <source srcset=\"https:\/\/vanme.de\/wp-content\/uploads\/2025\/09\/vanme-ventilkappen-DSC04031-resize.jpg\"\n                                        width=\"868\"\n                                        height=\"1300\">\n\n                                <img loading=\"lazy\" decoding=\"async\"                                         src=\"https:\/\/vanme.de\/wp-content\/uploads\/2025\/09\/vanme-ventilkappen-DSC04031-resize.jpg\"\n                                        width=\"868\"\n                                        height=\"1300\"\n                                        alt=\"\">\n                            <\/picture>\n\n\n                        \n                    <\/div>\n\n                \n                    <div class=\"carousel-cell\">\n\n                        \n                        \n                            \n                            <picture class=\"jshook-provide-hq-after-dom-loaded\">\n                                <source srcset-hq=\"https:\/\/vanme.de\/wp-content\/uploads\/2025\/09\/vanme-ventilkappen-DSC05455-cut.jpg\"\n                                        width=\"1500\"\n                                        height=\"1300\">\n                                <source srcset-hq=\"https:\/\/vanme.de\/wp-content\/uploads\/2025\/09\/vanme-ventilkappen-DSC05455-cut.jpg.webp\"\n                                        width=\"1500\"\n                                        height=\"1300\"\n                                        type=\"image\/webp\">\n\n                                <source srcset=\"https:\/\/vanme.de\/wp-content\/uploads\/2025\/09\/vanme-ventilkappen-DSC05455-cut.jpg\"\n                                        width=\"1500\"\n                                        height=\"1300\">\n\n                                <img loading=\"lazy\" decoding=\"async\"                                         src=\"https:\/\/vanme.de\/wp-content\/uploads\/2025\/09\/vanme-ventilkappen-DSC05455-cut.jpg\"\n                                        width=\"1500\"\n                                        height=\"1300\"\n                                        alt=\"\">\n                            <\/picture>\n\n\n                        \n                    <\/div>\n\n                \n                    <div class=\"carousel-cell\">\n\n                        \n                        \n                            \n                            <picture class=\"jshook-provide-hq-after-dom-loaded\">\n                                <source srcset-hq=\"https:\/\/vanme.de\/wp-content\/uploads\/2025\/10\/ventilkappen-DSC04025-slider-cut.jpg\"\n                                        width=\"1377\"\n                                        height=\"1300\">\n                                <source srcset-hq=\"https:\/\/vanme.de\/wp-content\/uploads\/2025\/10\/ventilkappen-DSC04025-slider-cut.jpg.webp\"\n                                        width=\"1377\"\n                                        height=\"1300\"\n                                        type=\"image\/webp\">\n\n                                <source srcset=\"https:\/\/vanme.de\/wp-content\/uploads\/2025\/10\/ventilkappen-DSC04025-slider-cut.jpg\"\n                                        width=\"1377\"\n                                        height=\"1300\">\n\n                                <img loading=\"lazy\" decoding=\"async\"                                         src=\"https:\/\/vanme.de\/wp-content\/uploads\/2025\/10\/ventilkappen-DSC04025-slider-cut.jpg\"\n                                        width=\"1377\"\n                                        height=\"1300\"\n                                        alt=\"\">\n                            <\/picture>\n\n\n                        \n                    <\/div>\n\n                \n                    \n    <\/section>\n\n\n\n\n    \n\n    <section class=\"block-product has-variants- has-description-per-variant-\" style=\"margin-top: 80px\">\n\n                    <!-- product without variants -->\n\n            <div class=\"container-description\">\n                <h2 class=\"ff-bebas-ds65 ff-uppercase\">\n                    Descripci\u00f3n                <\/h2>\n                <p class=\"ff-bodytext product-description\">\n                    Peque\u00f1os, pero con un gran impacto: los tapones de v\u00e1lvula VANME a\u00f1aden un toque de estilo y acent\u00faan el car\u00e1cter de tu veh\u00edculo. Fabricadas en aluminio de alta calidad, no s\u00f3lo son duraderas y robustas, sino que tambi\u00e9n protegen las v\u00e1lvulas del polvo y la suciedad. El logotipo VANME grabado con precisi\u00f3n convierte un detalle funcional en toda una declaraci\u00f3n de intenciones.  <br \/>\r\n<br \/>\r\nYa sea una autocaravana, una furgoneta o un todoterreno, con las tapas de v\u00e1lvulas VANME puedes completar tu veh\u00edculo hasta el \u00faltimo detalle.                <\/p>\n                <p class=\"ff-bodytext product-disclaimer\">\n                    Perfecci\u00f3n hasta el \u00faltimo detalle.\r\n\r\nEl juego contiene cuatro piezas.                <\/p>\n            <\/div>\n\n            <div class=\"container-add2cart\">\n                                <div class=\"price-label\">Nuestro precio<span>(incl. gastos de env\u00edo )<\/span><\/div>\n\n                \n                <div id=\"product-price\">29,99\u00a0\u20ac<span>IVA incluido.<\/span><\/div>\n\n                <div class=\"bookmark\">\n                    <div id=\"product-bookmark\" class=\"cssimg-bookmark cssimg-contain-center-norepeat jshook-bookmark-add\"\n                         data-bookmark-headline=\"Tapones de v\u00e1lvula VANME\"\n                         data-bookmark-content=\"Me interesa este tuning. - 29,99\u00a0\u20ac\">\n                    <\/div>\n                    <div class=\"bookmark-text\">A\u00f1adir a la lista de solicitudes<\/div>\n                <\/div>\n            <\/div>\n\n\n\n        \n    <\/section>\n\n\n\n\n\n                        \n            \n            <section class=\"block-media cnt-1 block-media-mobile-sort- blockheight-laptop-30vh blockheight-tablet-30vh blockheight-mobile-30vh blockstyle-display block-media-width-\" style=\"margin-top: 0px\">\n\n                \n                \n                    \n                    <div class=\"media media-0 has-media\">\n\n                        \n\n                        \n                            \n                            <picture class=\"s1x-picture-cover jshook-provide-hq-after-dom-loaded \">\n                                <source srcset-hq=\"https:\/\/vanme.de\/wp-content\/uploads\/2025\/10\/ventilkappen-DSC03963-cut.jpg\"\n                                        width=\"1920\"\n                                        height=\"1177\">\n\n                                \n                                <source srcset-hq=\"https:\/\/vanme.de\/wp-content\/uploads\/2025\/10\/ventilkappen-DSC03963-cut.jpg.webp\"\n                                        width=\"1920\"\n                                        height=\"1177\"\n                                        type=\"image\/webp\">\n\n                                                                <img decoding=\"async\" loading=\"lazy\"\n                                     src=\"https:\/\/vanme.de\/wp-content\/uploads\/2025\/10\/ventilkappen-DSC03963-cut.jpg\"\n                                     width=\"1920\"\n                                     height=\"1177\"\n                                     alt=\"\">\n                            <\/picture>\n\n                        \n                        <div class=\"overlay s1x-absolute-100 has-media                            s1x-tovp-tablapdesk-tl                            s1x-tovp-mob-tl\n                            \">\n\n                            \n                            \n                            \n                            \n                            \n                            \n                        <\/div>\n\n                        \n                    <\/div>\n\n                \n            <\/section>\n\n            \n\n","protected":false},"excerpt":{"rendered":"","protected":false},"author":1,"featured_media":9860,"parent":13477,"menu_order":0,"comment_status":"closed","ping_status":"closed","template":"","meta":{"_acf_changed":false,"footnotes":""},"class_list":["post-13664","page","type-page","status-publish","has-post-thumbnail","hentry"],"acf":[],"_links":{"self":[{"href":"https:\/\/vanme.de\/es\/wp-json\/wp\/v2\/pages\/13664","targetHints":{"allow":["GET"]}}],"collection":[{"href":"https:\/\/vanme.de\/es\/wp-json\/wp\/v2\/pages"}],"about":[{"href":"https:\/\/vanme.de\/es\/wp-json\/wp\/v2\/types\/page"}],"author":[{"embeddable":true,"href":"https:\/\/vanme.de\/es\/wp-json\/wp\/v2\/users\/1"}],"replies":[{"embeddable":true,"href":"https:\/\/vanme.de\/es\/wp-json\/wp\/v2\/comments?post=13664"}],"version-history":[{"count":3,"href":"https:\/\/vanme.de\/es\/wp-json\/wp\/v2\/pages\/13664\/revisions"}],"predecessor-version":[{"id":19120,"href":"https:\/\/vanme.de\/es\/wp-json\/wp\/v2\/pages\/13664\/revisions\/19120"}],"up":[{"embeddable":true,"href":"https:\/\/vanme.de\/es\/wp-json\/wp\/v2\/pages\/13477"}],"wp:featuredmedia":[{"embeddable":true,"href":"https:\/\/vanme.de\/es\/wp-json\/wp\/v2\/media\/9860"}],"wp:attachment":[{"href":"https:\/\/vanme.de\/es\/wp-json\/wp\/v2\/media?parent=13664"}],"curies":[{"name":"wp","href":"https:\/\/api.w.org\/{rel}","templated":true}]}}