{"id":13380,"date":"2025-09-29T12:48:59","date_gmt":"2025-09-29T10:48:59","guid":{"rendered":"https:\/\/devbox2.mc8pm.com\/colaboraciones-y-socios\/vanme-y-revotion\/"},"modified":"2026-03-16T18:22:27","modified_gmt":"2026-03-16T17:22:27","slug":"vanme-y-revotion","status":"publish","type":"page","link":"https:\/\/vanme.de\/es\/colaboraciones-y-socios\/vanme-y-revotion\/","title":{"rendered":"VANME y Revotion"},"content":{"rendered":"\n\n\n                        \n            \n            <section class=\"block-media cnt-1 block-media-mobile-sort- blockheight-laptop-60vh blockheight-tablet-60vh blockheight-mobile-60vh blockstyle-highlight block-media-width-\" style=\"margin-top: 0px\">\n\n                \n                \n                    \n                    <div class=\"media media-0 has-media\">\n\n                        \n\n                        \n                            \n                            <picture class=\"s1x-picture-cover jshook-provide-hq-after-dom-loaded \">\n                                <source srcset-hq=\"https:\/\/vanme.de\/wp-content\/uploads\/2025\/10\/revotion-DSC06526-fwresize.jpg\"\n                                        width=\"1920\"\n                                        height=\"1282\">\n\n                                \n                                <source srcset-hq=\"https:\/\/vanme.de\/wp-content\/uploads\/2025\/10\/revotion-DSC06526-fwresize.jpg.webp\"\n                                        width=\"1920\"\n                                        height=\"1282\"\n                                        type=\"image\/webp\">\n\n                                                                <img decoding=\"async\" loading=\"lazy\"\n                                     src=\"https:\/\/vanme.de\/wp-content\/uploads\/2025\/10\/revotion-DSC06526-fwresize.jpg\"\n                                     width=\"1920\"\n                                     height=\"1282\"\n                                     alt=\"\">\n                            <\/picture>\n\n                        \n                        <div class=\"overlay s1x-absolute-100 has-media                            s1x-tovp-tablapdesk-cc                            s1x-tovp-mob-cc\n                            \">\n\n                            \n                            \n                            \n                            \n                            \n                            \n                        <\/div>\n\n                        \n                    <\/div>\n\n                \n            <\/section>\n\n            \n\n\n    <section class=\"block-breadcrumb  area-align-\" style=\"margin-top: 40px; max-width: ;\">\n\n        <nav aria-label=\"breadcrumbs\" class=\"rank-math-breadcrumb\"><p><span class=\"last\">Inicio<\/span><\/p><\/nav>\n    <\/section>\n\n\n\n    <section class=\"block-text left area-align-center\" style=\"margin-top: 80px; max-width: 900px\">\n\n        \n                                \n                                            <h1 class=\"ff-bebas-ds80 ff-uppercase hlsize-\">VANME y Revotion<\/h1>\n                    \n                    <div class=\"ff-bebas-ds30\"><span class=\"ff-thin\">Inteligencia en movimiento<\/span><\/div>\n        \n        <div class=\"ff-bodytext \">\n            <p>En VANME, la combinaci\u00f3n de artesan\u00eda de primera calidad y tecnolog\u00eda punta ocupa un lugar central. Para que viajar sea no s\u00f3lo c\u00f3modo, sino tambi\u00e9n m\u00e1s inteligente, confiamos en el innovador sistema de hogar inteligente de Revotion, que transforma la autocaravana en un hogar conectado sobre ruedas. <\/p>\n        <\/div>\n\n\n                \n    <\/section>\n\n\n\n    <section class=\"block-imageslider flickity-imageslider-carousel\" style=\"margin-top: 80px\">\n\n                                    \n                \n                    <div class=\"carousel-cell\">\n\n                        \n                        \n                            \n                            <picture class=\"jshook-provide-hq-after-dom-loaded\">\n                                <source srcset-hq=\"https:\/\/vanme.de\/wp-content\/uploads\/2025\/10\/revotion-DSC07330-slider-cut.jpg\"\n                                        width=\"1500\"\n                                        height=\"1300\">\n                                <source srcset-hq=\"https:\/\/vanme.de\/wp-content\/uploads\/2025\/10\/revotion-DSC07330-slider-cut.jpg.webp\"\n                                        width=\"1500\"\n                                        height=\"1300\"\n                                        type=\"image\/webp\">\n\n                                <source srcset=\"https:\/\/vanme.de\/wp-content\/uploads\/2025\/10\/revotion-DSC07330-slider-cut.jpg\"\n                                        width=\"1500\"\n                                        height=\"1300\">\n\n                                <img loading=\"lazy\" decoding=\"async\"                                         src=\"https:\/\/vanme.de\/wp-content\/uploads\/2025\/10\/revotion-DSC07330-slider-cut.jpg\"\n                                        width=\"1500\"\n                                        height=\"1300\"\n                                        alt=\"\">\n                            <\/picture>\n\n\n                        \n                    <\/div>\n\n                \n                    <div class=\"carousel-cell\">\n\n                        \n                        \n                            \n                            <picture class=\"jshook-provide-hq-after-dom-loaded\">\n                                <source srcset-hq=\"https:\/\/vanme.de\/wp-content\/uploads\/2025\/10\/revotion-DSC07790-slider-resize.jpg\"\n                                        width=\"2000\"\n                                        height=\"1300\">\n                                <source srcset-hq=\"https:\/\/vanme.de\/wp-content\/uploads\/2025\/10\/revotion-DSC07790-slider-resize.jpg.webp\"\n                                        width=\"2000\"\n                                        height=\"1300\"\n                                        type=\"image\/webp\">\n\n                                <source srcset=\"https:\/\/vanme.de\/wp-content\/uploads\/2025\/10\/revotion-DSC07790-slider-resize.jpg\"\n                                        width=\"2000\"\n                                        height=\"1300\">\n\n                                <img loading=\"lazy\" decoding=\"async\"                                         src=\"https:\/\/vanme.de\/wp-content\/uploads\/2025\/10\/revotion-DSC07790-slider-resize.jpg\"\n                                        width=\"2000\"\n                                        height=\"1300\"\n                                        alt=\"\">\n                            <\/picture>\n\n\n                        \n                    <\/div>\n\n                \n                    <div class=\"carousel-cell\">\n\n                        \n                        \n                            \n                            <picture class=\"jshook-provide-hq-after-dom-loaded\">\n                                <source srcset-hq=\"https:\/\/vanme.de\/wp-content\/uploads\/2025\/11\/revotion-slider-DSC07301-cut.jpg\"\n                                        width=\"1458\"\n                                        height=\"1400\">\n                                <source srcset-hq=\"https:\/\/vanme.de\/wp-content\/uploads\/2025\/11\/revotion-slider-DSC07301-cut.jpg.webp\"\n                                        width=\"1458\"\n                                        height=\"1400\"\n                                        type=\"image\/webp\">\n\n                                <source srcset=\"https:\/\/vanme.de\/wp-content\/uploads\/2025\/11\/revotion-slider-DSC07301-cut.jpg\"\n                                        width=\"1458\"\n                                        height=\"1400\">\n\n                                <img loading=\"lazy\" decoding=\"async\"                                         src=\"https:\/\/vanme.de\/wp-content\/uploads\/2025\/11\/revotion-slider-DSC07301-cut.jpg\"\n                                        width=\"1458\"\n                                        height=\"1400\"\n                                        alt=\"\">\n                            <\/picture>\n\n\n                        \n                    <\/div>\n\n                \n                    \n    <\/section>\n\n\n\n\n\n                        \n            \n            <section class=\"block-media cnt-2 block-media-mobile-sort-123 blockheight-laptop-16-9 blockheight-tablet-16-9 blockheight-mobile-16-9 blockstyle-highlight block-media-width-same-width\" style=\"margin-top: 80px\">\n\n                \n                \n                    \n                    <div class=\"media media-0 has-media\">\n\n                        \n\n                        \n                            \n                            <picture class=\"s1x-picture-cover jshook-provide-hq-after-dom-loaded \">\n                                <source srcset-hq=\"https:\/\/vanme.de\/wp-content\/uploads\/2025\/11\/logo-revotion.png\"\n                                        width=\"1168\"\n                                        height=\"678\">\n\n                                \n                                <source srcset-hq=\"https:\/\/vanme.de\/wp-content\/uploads\/2025\/11\/logo-revotion.png.webp\"\n                                        width=\"1168\"\n                                        height=\"678\"\n                                        type=\"image\/webp\">\n\n                                                                <img decoding=\"async\" loading=\"lazy\"\n                                     src=\"https:\/\/vanme.de\/wp-content\/uploads\/2025\/11\/logo-revotion.png\"\n                                     width=\"1168\"\n                                     height=\"678\"\n                                     alt=\"\">\n                            <\/picture>\n\n                        \n                        <div class=\"overlay s1x-absolute-100 has-media                            s1x-tovp-tablapdesk-cl                            s1x-tovp-mob-cl\n                            \">\n\n                            \n                            \n                            \n                            \n                            \n                            \n                        <\/div>\n\n                        \n                    <\/div>\n\n                \n                    \n                    <div class=\"media media-1 \">\n\n                        \n\n                        \n                        <div class=\"overlay                              s1x-tovp-tablapdesk-cl                            s1x-tovp-mob-cl\n                            \">\n\n                            \n                            <div class='headline ff-bebas-ds65 ff-uppercase''>La tecnolog\u00eda se une a la artesan\u00eda<\/div>\n                            \n                            \n                            <div class='text ff-bodytext'><p>Revotion GmbH, de D\u00fcsseldorf, ha desarrollado un sistema dom\u00e9stico inteligente de \u00faltima generaci\u00f3n especial para veh\u00edculos de camping. Permite el control centralizado de funciones como la iluminaci\u00f3n, la calefacci\u00f3n, el aire acondicionado, la gesti\u00f3n de la energ\u00eda y los sistemas de seguridad, todo ello mediante una app o un panel t\u00e1ctil. <\/p>\n<p>Gracias a nuestra colaboraci\u00f3n, VANME integra el sistema directamente en las autocaravanas nuevas o lo adapta a los veh\u00edculos existentes que lo soliciten. De este modo, ofrecemos a nuestros clientes tecnolog\u00eda punta para el m\u00e1ximo confort y eficacia en carretera. <\/p>\n<\/div>\n                            \n                        <\/div>\n\n                        \n                    <\/div>\n\n                \n            <\/section>\n\n            \n\n\n\n\n                        \n            \n            <section class=\"block-media cnt-1 block-media-mobile-sort- blockheight-laptop-100vh blockheight-tablet-4-3 blockheight-mobile-9-16 blockstyle-display block-media-width-\" style=\"margin-top: 80px\">\n\n                \n                \n                    \n                    <div class=\"media media-0 has-media\">\n\n                        \n\n                        \n                            <div class=\"s1x-video\">\n                                <video class=\"jshook-play-video-when-in-viewport \"\n                                       playsinline muted loop\n                                       width=\"1000\"\n                                       height=\"720\"\n                                       preload=\"none\"\n                                       poster=\"https:\/\/vanme.de\/wp-content\/uploads\/2025\/10\/revotion-laonda-bigpicture-colorchanger-poster.jpg\">\n                                    <source src=\"https:\/\/vanme.de\/wp-content\/uploads\/2025\/10\/revotion-laonda-bigpicture-colorchanger.mp4\">\n                                <\/video>\n                            <\/div>\n\n                        \n                        <div class=\"overlay s1x-absolute-100 has-media                            s1x-tovp-tablapdesk-tl                            s1x-tovp-mob-tl\n                            \">\n\n                            \n                            \n                            \n                            \n                            \n                            \n                        <\/div>\n\n                        \n                    <\/div>\n\n                \n            <\/section>\n\n            \n\n\n    <section class=\"block-text left area-align-center\" style=\"margin-top: 80px; max-width: 900px\">\n\n        \n                                \n                                            <h2 class=\"ff-bebas-ds80 ff-uppercase hlsize-\">M\u00e1s comodidad, m\u00e1s control, m\u00e1s libertad<\/h2>\n                    \n        \n        <div class=\"ff-bodytext \">\n            <p>El sistema dom\u00e9stico inteligente de Revotion es sin\u00f3nimo de innovaci\u00f3n, funcionamiento intuitivo y tecnolog\u00eda fiable. Garantiza que los viajeros tengan control sobre todas las funciones importantes de su veh\u00edculo en todo momento, tanto si est\u00e1n de viaje como descansando en su destino. <\/p>\n<p>Junto con Revotion, VANME crea una experiencia de viaje que combina un dise\u00f1o de caravana de alta calidad y tecnolog\u00eda avanzada, para m\u00e1s comodidad, seguridad y libertad en cada viaje.<\/p>\n        <\/div>\n\n\n                \n    <\/section>\n\n\n\n    <section class=\"block-contact\" style=\"margin-top: 80px\">\n\n\n        <div class=\"block-inner\">\n\n            \n\n                            <div class=\"text ff-bodytext\">\u00bfQuieres instalar o reequipar un sistema dom\u00e9stico inteligente en tu autocaravana? Entonces ponte en contacto con nosotros para hablar de los detalles de la instalaci\u00f3n. <\/div>\n                <a class=\"s1x-button btn-white-do\" href=\"https:\/\/vanme.de\/es\/contacta-con-nosotros\/\">\n                    Contacto                <\/a>\n            \n        <\/div>\n\n        \n        <picture class=\"s1x-picture-cover-absolute jshook-provide-hq-after-dom-loaded\">\n            <source srcset-hq=\"https:\/\/vanme.de\/wp-content\/uploads\/2025\/11\/revotion-footer-DSC07804-cut.jpg\"\n                    width=\"1920\"\n                    height=\"694\">\n\n            \n            <source srcset-hq=\"https:\/\/vanme.de\/wp-content\/uploads\/2025\/11\/revotion-footer-DSC07804-cut.jpg.webp\"\n                    width=\"1920\"\n                    height=\"694\"\n                    type=\"image\/webp\">\n\n                        <img loading=\"lazy\" decoding=\"async\" src=\"https:\/\/vanme.de\/wp-content\/uploads\/2025\/11\/revotion-footer-DSC07804-cut.jpg\"\n                 width=\"1920\"\n                 height=\"694\"\n                 alt=\"\">\n        <\/picture>\n\n\n    <\/section>\n\n\n","protected":false},"excerpt":{"rendered":"","protected":false},"author":1,"featured_media":10969,"parent":13359,"menu_order":0,"comment_status":"closed","ping_status":"closed","template":"","meta":{"_acf_changed":false,"footnotes":""},"class_list":["post-13380","page","type-page","status-publish","has-post-thumbnail","hentry"],"acf":[],"_links":{"self":[{"href":"https:\/\/vanme.de\/es\/wp-json\/wp\/v2\/pages\/13380","targetHints":{"allow":["GET"]}}],"collection":[{"href":"https:\/\/vanme.de\/es\/wp-json\/wp\/v2\/pages"}],"about":[{"href":"https:\/\/vanme.de\/es\/wp-json\/wp\/v2\/types\/page"}],"author":[{"embeddable":true,"href":"https:\/\/vanme.de\/es\/wp-json\/wp\/v2\/users\/1"}],"replies":[{"embeddable":true,"href":"https:\/\/vanme.de\/es\/wp-json\/wp\/v2\/comments?post=13380"}],"version-history":[{"count":8,"href":"https:\/\/vanme.de\/es\/wp-json\/wp\/v2\/pages\/13380\/revisions"}],"predecessor-version":[{"id":17882,"href":"https:\/\/vanme.de\/es\/wp-json\/wp\/v2\/pages\/13380\/revisions\/17882"}],"up":[{"embeddable":true,"href":"https:\/\/vanme.de\/es\/wp-json\/wp\/v2\/pages\/13359"}],"wp:featuredmedia":[{"embeddable":true,"href":"https:\/\/vanme.de\/es\/wp-json\/wp\/v2\/media\/10969"}],"wp:attachment":[{"href":"https:\/\/vanme.de\/es\/wp-json\/wp\/v2\/media?parent=13380"}],"curies":[{"name":"wp","href":"https:\/\/api.w.org\/{rel}","templated":true}]}}