{"id":13359,"date":"2025-09-29T13:02:43","date_gmt":"2025-09-29T11:02:43","guid":{"rendered":"https:\/\/devbox2.mc8pm.com\/colaboraciones-y-socios\/"},"modified":"2026-03-04T10:36:02","modified_gmt":"2026-03-04T09:36:02","slug":"colaboraciones-y-socios","status":"publish","type":"page","link":"https:\/\/vanme.de\/es\/colaboraciones-y-socios\/","title":{"rendered":"Colaboraciones y socios"},"content":{"rendered":"\n\n\n                        \n            \n            <section class=\"block-media cnt-1 block-media-mobile-sort- blockheight-laptop-60vh blockheight-tablet-60vh blockheight-mobile-60vh blockstyle-display block-media-width-\" style=\"margin-top: 0px\">\n\n                \n                \n                    \n                    <div class=\"media media-0 has-media\">\n\n                        \n\n                        \n                            \n                            <picture class=\"s1x-picture-cover jshook-provide-hq-after-dom-loaded \">\n                                <source srcset-hq=\"https:\/\/vanme.de\/wp-content\/uploads\/2025\/10\/signature-rim-black-DSC06419-resize.jpg\"\n                                        width=\"1920\"\n                                        height=\"1282\">\n\n                                \n                                <source srcset-hq=\"https:\/\/vanme.de\/wp-content\/uploads\/2025\/10\/signature-rim-black-DSC06419-resize.jpg.webp\"\n                                        width=\"1920\"\n                                        height=\"1282\"\n                                        type=\"image\/webp\">\n\n                                                                <img decoding=\"async\" loading=\"lazy\"\n                                     src=\"https:\/\/vanme.de\/wp-content\/uploads\/2025\/10\/signature-rim-black-DSC06419-resize.jpg\"\n                                     width=\"1920\"\n                                     height=\"1282\"\n                                     alt=\"\">\n                            <\/picture>\n\n                        \n                        <div class=\"overlay s1x-absolute-100 has-media                            s1x-tovp-tablapdesk-                            s1x-tovp-mob-\n                            s1x-tovp-notext\">\n\n                            \n                            \n                            \n                            \n                            \n                            \n                        <\/div>\n\n                        \n                    <\/div>\n\n                \n            <\/section>\n\n            \n\n\n    <section class=\"block-text center area-align-left\" style=\"margin-top: 80px; max-width: unset\">\n\n        \n                                \n                                            <h1 class=\"ff-bebas-ds80 ff-uppercase hlsize-\">Colaboraciones y socios<\/h1>\n                    \n                    <div class=\"ff-bebas-ds30\"><span class=\"ff-thin\">Una red de especialistas<\/span><\/div>\n        \n        <div class=\"ff-bodytext \">\n                    <\/div>\n\n\n                \n    <\/section>\n\n\n\n\n\n                        \n            \n            <section class=\"block-media cnt-2 block-media-mobile-sort-213 blockheight-laptop-16-9 blockheight-tablet-16-9 blockheight-mobile-16-9 blockstyle-highlight block-media-width-same-width\" style=\"margin-top: 80px\">\n\n                \n                \n                    \n                    <div class=\"media media-0 \">\n\n                        \n\n                        \n                        <div class=\"overlay                              s1x-tovp-tablapdesk-cc                            s1x-tovp-mob-cc\n                            \">\n\n                            \n                            <div class='headline ff-bebas-ds65 ff-uppercase''>PS Sattlerei<\/div>\n                            \n                            \n                            <div class='text ff-bodytext'><p>En VANME, damos gran importancia a cada detalle, especialmente all\u00ed donde el conductor y el veh\u00edculo se convierten en uno: en el habit\u00e1culo. Por eso refinamos esta zona central con materiales de la m\u00e1s alta calidad para elevar el confort, la est\u00e9tica y el tacto a un nuevo nivel. <\/p>\n<\/div>\n                            <a class='s1x-button btn-white-do' href='https:\/\/vanme.de\/es\/colaboraciones-y-socios\/guarnicioneria-vanme-ps\/'>A la sesi\u00f3n informativa<\/a>\n                        <\/div>\n\n                        \n                    <\/div>\n\n                \n                    \n                    <div class=\"media media-1 has-media\">\n\n                        \n\n                        \n                            \n                            <picture class=\"s1x-picture-cover jshook-provide-hq-after-dom-loaded \">\n                                <source srcset-hq=\"https:\/\/vanme.de\/wp-content\/uploads\/2025\/10\/ps-sattlerei-DSC07695-resize.jpg\"\n                                        width=\"1920\"\n                                        height=\"1282\">\n\n                                \n                                <source srcset-hq=\"https:\/\/vanme.de\/wp-content\/uploads\/2025\/10\/ps-sattlerei-DSC07695-resize.jpg.webp\"\n                                        width=\"1920\"\n                                        height=\"1282\"\n                                        type=\"image\/webp\">\n\n                                                                <img decoding=\"async\" loading=\"lazy\"\n                                     src=\"https:\/\/vanme.de\/wp-content\/uploads\/2025\/10\/ps-sattlerei-DSC07695-resize.jpg\"\n                                     width=\"1920\"\n                                     height=\"1282\"\n                                     alt=\"\">\n                            <\/picture>\n\n                        \n                        <div class=\"overlay s1x-absolute-100 has-media                            s1x-tovp-tablapdesk-                            s1x-tovp-mob-\n                            s1x-tovp-notext\">\n\n                            \n                            \n                            \n                            \n                            \n                            \n                        <\/div>\n\n                        \n                    <\/div>\n\n                \n            <\/section>\n\n            \n\n\n\n\n                        \n            \n            <section class=\"block-media cnt-2 block-media-mobile-sort-123 blockheight-laptop-16-9 blockheight-tablet-16-9 blockheight-mobile-4-3 blockstyle-highlight block-media-width-same-width\" style=\"margin-top: 80px\">\n\n                \n                \n                    \n                    <div class=\"media media-0 has-media\">\n\n                        \n\n                        \n                            \n                            <picture class=\"s1x-picture-cover jshook-provide-hq-after-dom-loaded \">\n                                <source srcset-hq=\"https:\/\/vanme.de\/wp-content\/uploads\/2025\/10\/kreavans-DSC06003-raw-resize.jpg\"\n                                        width=\"1920\"\n                                        height=\"1282\">\n\n                                \n                                <source srcset-hq=\"https:\/\/vanme.de\/wp-content\/uploads\/2025\/10\/kreavans-DSC06003-raw-resize.jpg.webp\"\n                                        width=\"1920\"\n                                        height=\"1282\"\n                                        type=\"image\/webp\">\n\n                                                                <img decoding=\"async\" loading=\"lazy\"\n                                     src=\"https:\/\/vanme.de\/wp-content\/uploads\/2025\/10\/kreavans-DSC06003-raw-resize.jpg\"\n                                     width=\"1920\"\n                                     height=\"1282\"\n                                     alt=\"Kreavans DSRT Hecktr\u00e4gersystem montiert an einem VANME Offroad-Campervan\">\n                            <\/picture>\n\n                        \n                        <div class=\"overlay s1x-absolute-100 has-media                            s1x-tovp-tablapdesk-                            s1x-tovp-mob-\n                            s1x-tovp-notext\">\n\n                            \n                            \n                            \n                            \n                            \n                            \n                        <\/div>\n\n                        \n                    <\/div>\n\n                \n                    \n                    <div class=\"media media-1 \">\n\n                        \n\n                        \n                        <div class=\"overlay                              s1x-tovp-tablapdesk-cc                            s1x-tovp-mob-cc\n                            \">\n\n                            \n                            <div class='headline ff-bebas-ds65 ff-uppercase''>KREAVANS<\/div>\n                            \n                            \n                            <div class='text ff-bodytext'><p>En VANME, la calidad no termina en el interior. Apostamos por soluciones exteriores todoterreno robustas y funcionales que combinan a la perfecci\u00f3n rendimiento y dise\u00f1o para que nuestras autocaravanas tambi\u00e9n puedan desarrollar todo su potencial fuera de la carretera. <\/p>\n<\/div>\n                            <a class='s1x-button btn-white-do' href='https:\/\/vanme.de\/es\/colaboraciones-y-socios\/vanme-y-kreavans\/'>A la sesi\u00f3n informativa<\/a>\n                        <\/div>\n\n                        \n                    <\/div>\n\n                \n            <\/section>\n\n            \n\n\n\n\n                        \n            \n            <section class=\"block-media cnt-2 block-media-mobile-sort-213 blockheight-laptop-16-9 blockheight-tablet-16-9 blockheight-mobile-16-9 blockstyle-highlight block-media-width-same-width\" style=\"margin-top: 80px\">\n\n                \n                \n                    \n                    <div class=\"media media-0 \">\n\n                        \n\n                        \n                        <div class=\"overlay                              s1x-tovp-tablapdesk-cc                            s1x-tovp-mob-cc\n                            \">\n\n                            \n                            <div class='headline ff-bebas-ds65 ff-uppercase''>delta4x4<\/div>\n                            \n                            \n                            <div class='text ff-bodytext'><p>En VANME, no se trata s\u00f3lo de construir autocaravanas de primera calidad, sino tambi\u00e9n de equiparlas de forma \u00f3ptima para cualquier terreno. Para garantizar que nuestros veh\u00edculos cumplen las normas m\u00e1s exigentes del sector todoterreno, trabajamos con socios seleccionados que son sin\u00f3nimo de calidad y fiabilidad desde hace d\u00e9cadas. <\/p>\n<\/div>\n                            <a class='s1x-button btn-white-do' href='https:\/\/vanme.de\/es\/colaboraciones-y-socios\/vanme-y-delta4x4\/'>A la sesi\u00f3n informativa<\/a>\n                        <\/div>\n\n                        \n                    <\/div>\n\n                \n                    \n                    <div class=\"media media-1 has-media\">\n\n                        \n\n                        \n                            \n                            <picture class=\"s1x-picture-cover jshook-provide-hq-after-dom-loaded \">\n                                <source srcset-hq=\"https:\/\/vanme.de\/wp-content\/uploads\/2025\/10\/detal4x4-DSC07239-raw-resize.jpg\"\n                                        width=\"1920\"\n                                        height=\"1282\">\n\n                                \n                                <source srcset-hq=\"https:\/\/vanme.de\/wp-content\/uploads\/2025\/10\/detal4x4-DSC07239-raw-resize.jpg.webp\"\n                                        width=\"1920\"\n                                        height=\"1282\"\n                                        type=\"image\/webp\">\n\n                                                                <img decoding=\"async\" loading=\"lazy\"\n                                     src=\"https:\/\/vanme.de\/wp-content\/uploads\/2025\/10\/detal4x4-DSC07239-raw-resize.jpg\"\n                                     width=\"1920\"\n                                     height=\"1282\"\n                                     alt=\"\">\n                            <\/picture>\n\n                        \n                        <div class=\"overlay s1x-absolute-100 has-media                            s1x-tovp-tablapdesk-                            s1x-tovp-mob-\n                            s1x-tovp-notext\">\n\n                            \n                            \n                            \n                            \n                            \n                            \n                        <\/div>\n\n                        \n                    <\/div>\n\n                \n            <\/section>\n\n            \n\n\n\n\n                        \n            \n            <section class=\"block-media cnt-2 block-media-mobile-sort-123 blockheight-laptop-16-9 blockheight-tablet-16-9 blockheight-mobile-16-9 blockstyle-highlight block-media-width-same-width\" style=\"margin-top: 80px\">\n\n                \n                \n                    \n                    <div class=\"media media-0 has-media\">\n\n                        \n\n                        \n                            \n                            <picture class=\"s1x-picture-cover jshook-provide-hq-after-dom-loaded \">\n                                <source srcset-hq=\"https:\/\/vanme.de\/wp-content\/uploads\/2025\/10\/schnierle-DSC04625-head-resize.jpg\"\n                                        width=\"1920\"\n                                        height=\"1282\">\n\n                                \n                                <source srcset-hq=\"https:\/\/vanme.de\/wp-content\/uploads\/2025\/10\/schnierle-DSC04625-head-resize.jpg.webp\"\n                                        width=\"1920\"\n                                        height=\"1282\"\n                                        type=\"image\/webp\">\n\n                                                                <img decoding=\"async\" loading=\"lazy\"\n                                     src=\"https:\/\/vanme.de\/wp-content\/uploads\/2025\/10\/schnierle-DSC04625-head-resize.jpg\"\n                                     width=\"1920\"\n                                     height=\"1282\"\n                                     alt=\"\">\n                            <\/picture>\n\n                        \n                        <div class=\"overlay s1x-absolute-100 has-media                            s1x-tovp-tablapdesk-                            s1x-tovp-mob-\n                            s1x-tovp-notext\">\n\n                            \n                            \n                            \n                            \n                            \n                            \n                        <\/div>\n\n                        \n                    <\/div>\n\n                \n                    \n                    <div class=\"media media-1 \">\n\n                        \n\n                        \n                        <div class=\"overlay                              s1x-tovp-tablapdesk-cc                            s1x-tovp-mob-cc\n                            \">\n\n                            \n                            <div class='headline ff-bebas-ds65 ff-uppercase''>Schnierle<\/div>\n                            \n                            \n                            <div class='text ff-bodytext'><p>VANME colabora estrechamente con Herman Schnierle desde 2018. Como socio instalador oficial de los suelos y sistemas de asientos de alta calidad de Schnierle, combinamos seguridad certificada con equipamiento personalizado para autocaravanas.   <\/p>\n<\/div>\n                            <a class='s1x-button btn-white-do' href='https:\/\/vanme.de\/es\/colaboraciones-y-socios\/vanme-schnierle\/'>A la sesi\u00f3n informativa<\/a>\n                        <\/div>\n\n                        \n                    <\/div>\n\n                \n            <\/section>\n\n            \n\n\n\n\n                        \n            \n            <section class=\"block-media cnt-2 block-media-mobile-sort-213 blockheight-laptop-16-9 blockheight-tablet-16-9 blockheight-mobile-16-9 blockstyle-highlight block-media-width-same-width\" style=\"margin-top: 80px\">\n\n                \n                \n                    \n                    <div class=\"media media-0 \">\n\n                        \n\n                        \n                        <div class=\"overlay                              s1x-tovp-tablapdesk-cc                            s1x-tovp-mob-cc\n                            \">\n\n                            \n                            <div class='headline ff-bebas-ds65 ff-uppercase''>SCA<\/div>\n                            \n                            \n                            <div class='text ff-bodytext'><p>En VANME dise\u00f1amos autocaravanas que no s\u00f3lo impresionan por su dise\u00f1o y confort, sino que tambi\u00e9n ofrecen la m\u00e1xima funcionalidad. Un componente central de esto es el espacio adicional para vivir y dormir, que realizamos con techos elevables y techos altos de alta calidad. <\/p>\n<\/div>\n                            <a class='s1x-button btn-white-do' href='https:\/\/vanme.de\/es\/colaboraciones-y-socios\/vanme-y-sca\/'>A la sesi\u00f3n informativa<\/a>\n                        <\/div>\n\n                        \n                    <\/div>\n\n                \n                    \n                    <div class=\"media media-1 has-media\">\n\n                        \n\n                        \n                            \n                            <picture class=\"s1x-picture-cover jshook-provide-hq-after-dom-loaded \">\n                                <source srcset-hq=\"https:\/\/vanme.de\/wp-content\/uploads\/2025\/10\/sca-Vanme_Ducato_2024_01-header-cut.jpg\"\n                                        width=\"1920\"\n                                        height=\"816\">\n\n                                \n                                <source srcset-hq=\"https:\/\/vanme.de\/wp-content\/uploads\/2025\/10\/sca-Vanme_Ducato_2024_01-header-cut.jpg.webp\"\n                                        width=\"1920\"\n                                        height=\"816\"\n                                        type=\"image\/webp\">\n\n                                                                <img decoding=\"async\" loading=\"lazy\"\n                                     src=\"https:\/\/vanme.de\/wp-content\/uploads\/2025\/10\/sca-Vanme_Ducato_2024_01-header-cut.jpg\"\n                                     width=\"1920\"\n                                     height=\"816\"\n                                     alt=\"\">\n                            <\/picture>\n\n                        \n                        <div class=\"overlay s1x-absolute-100 has-media                            s1x-tovp-tablapdesk-                            s1x-tovp-mob-\n                            s1x-tovp-notext\">\n\n                            \n                            \n                            \n                            \n                            \n                            \n                        <\/div>\n\n                        \n                    <\/div>\n\n                \n            <\/section>\n\n            \n\n\n\n\n                        \n            \n            <section class=\"block-media cnt-2 block-media-mobile-sort-123 blockheight-laptop-16-9 blockheight-tablet-16-9 blockheight-mobile-16-9 blockstyle-highlight block-media-width-same-width\" style=\"margin-top: 80px\">\n\n                \n                \n                    \n                    <div class=\"media media-0 has-media\">\n\n                        \n\n                        \n                            \n                            <picture class=\"s1x-picture-cover jshook-provide-hq-after-dom-loaded \">\n                                <source srcset-hq=\"https:\/\/vanme.de\/wp-content\/uploads\/2025\/10\/deimann-DSC06636-fwcut.jpg\"\n                                        width=\"1920\"\n                                        height=\"1080\">\n\n                                \n                                <source srcset-hq=\"https:\/\/vanme.de\/wp-content\/uploads\/2025\/10\/deimann-DSC06636-fwcut.jpg.webp\"\n                                        width=\"1920\"\n                                        height=\"1080\"\n                                        type=\"image\/webp\">\n\n                                                                <img decoding=\"async\" loading=\"lazy\"\n                                     src=\"https:\/\/vanme.de\/wp-content\/uploads\/2025\/10\/deimann-DSC06636-fwcut.jpg\"\n                                     width=\"1920\"\n                                     height=\"1080\"\n                                     alt=\"\">\n                            <\/picture>\n\n                        \n                        <div class=\"overlay s1x-absolute-100 has-media                            s1x-tovp-tablapdesk-                            s1x-tovp-mob-\n                            s1x-tovp-notext\">\n\n                            \n                            \n                            \n                            \n                            \n                            \n                        <\/div>\n\n                        \n                    <\/div>\n\n                \n                    \n                    <div class=\"media media-1 \">\n\n                        \n\n                        \n                        <div class=\"overlay                              s1x-tovp-tablapdesk-cc                            s1x-tovp-mob-cc\n                            \">\n\n                            \n                            <div class='headline ff-bebas-ds65 ff-uppercase''>Tecnolog\u00eda de chasis Deimann<\/div>\n                            \n                            \n                            <div class='text ff-bodytext'><p>En VANME, la atenci\u00f3n no s\u00f3lo se centra en el interior, sino tambi\u00e9n en el rendimiento y la est\u00e9tica de nuestras autocaravanas. Un conjunto armonioso empieza con el chasis adecuado y termina con unas llantas de alta calidad que combinan seguridad, funcionalidad y dise\u00f1o. <\/p>\n<\/div>\n                            <a class='s1x-button btn-white-do' href='https:\/\/vanme.de\/es\/colaboraciones-y-socios\/tecnologia-de-chasis-vanme-y-deimann\/'>A la sesi\u00f3n informativa<\/a>\n                        <\/div>\n\n                        \n                    <\/div>\n\n                \n            <\/section>\n\n            \n\n\n\n\n                        \n            \n            <section class=\"block-media cnt-2 block-media-mobile-sort-213 blockheight-laptop-16-9 blockheight-tablet-16-9 blockheight-mobile-16-9 blockstyle-highlight block-media-width-same-width\" style=\"margin-top: 80px\">\n\n                \n                \n                    \n                    <div class=\"media media-0 \">\n\n                        \n\n                        \n                        <div class=\"overlay                              s1x-tovp-tablapdesk-cc                            s1x-tovp-mob-cc\n                            \">\n\n                            \n                            <div class='headline ff-bebas-ds65 ff-uppercase''>Revotion<\/div>\n                            \n                            \n                            <div class='text ff-bodytext'><p>En VANME, la combinaci\u00f3n de artesan\u00eda de primera calidad y tecnolog\u00eda punta ocupa un lugar central. Para que viajar sea no s\u00f3lo c\u00f3modo, sino tambi\u00e9n m\u00e1s inteligente, confiamos en el innovador sistema de hogar inteligente de Revotion, que transforma la autocaravana en un hogar conectado sobre ruedas. <\/p>\n<\/div>\n                            <a class='s1x-button btn-white-do' href='https:\/\/vanme.de\/es\/colaboraciones-y-socios\/vanme-y-revotion\/'>A la sesi\u00f3n informativa<\/a>\n                        <\/div>\n\n                        \n                    <\/div>\n\n                \n                    \n                    <div class=\"media media-1 has-media\">\n\n                        \n\n                        \n                            \n                            <picture class=\"s1x-picture-cover jshook-provide-hq-after-dom-loaded \">\n                                <source srcset-hq=\"https:\/\/vanme.de\/wp-content\/uploads\/2025\/10\/revotion-DSC06526-fwresize.jpg\"\n                                        width=\"1920\"\n                                        height=\"1282\">\n\n                                \n                                <source srcset-hq=\"https:\/\/vanme.de\/wp-content\/uploads\/2025\/10\/revotion-DSC06526-fwresize.jpg.webp\"\n                                        width=\"1920\"\n                                        height=\"1282\"\n                                        type=\"image\/webp\">\n\n                                                                <img decoding=\"async\" loading=\"lazy\"\n                                     src=\"https:\/\/vanme.de\/wp-content\/uploads\/2025\/10\/revotion-DSC06526-fwresize.jpg\"\n                                     width=\"1920\"\n                                     height=\"1282\"\n                                     alt=\"\">\n                            <\/picture>\n\n                        \n                        <div class=\"overlay s1x-absolute-100 has-media                            s1x-tovp-tablapdesk-                            s1x-tovp-mob-\n                            s1x-tovp-notext\">\n\n                            \n                            \n                            \n                            \n                            \n                            \n                        <\/div>\n\n                        \n                    <\/div>\n\n                \n            <\/section>\n\n            \n\n\n<p><\/p>\n","protected":false},"excerpt":{"rendered":"","protected":false},"author":1,"featured_media":0,"parent":0,"menu_order":0,"comment_status":"closed","ping_status":"closed","template":"","meta":{"_acf_changed":false,"footnotes":""},"class_list":["post-13359","page","type-page","status-publish","hentry"],"acf":[],"_links":{"self":[{"href":"https:\/\/vanme.de\/es\/wp-json\/wp\/v2\/pages\/13359","targetHints":{"allow":["GET"]}}],"collection":[{"href":"https:\/\/vanme.de\/es\/wp-json\/wp\/v2\/pages"}],"about":[{"href":"https:\/\/vanme.de\/es\/wp-json\/wp\/v2\/types\/page"}],"author":[{"embeddable":true,"href":"https:\/\/vanme.de\/es\/wp-json\/wp\/v2\/users\/1"}],"replies":[{"embeddable":true,"href":"https:\/\/vanme.de\/es\/wp-json\/wp\/v2\/comments?post=13359"}],"version-history":[{"count":8,"href":"https:\/\/vanme.de\/es\/wp-json\/wp\/v2\/pages\/13359\/revisions"}],"predecessor-version":[{"id":20172,"href":"https:\/\/vanme.de\/es\/wp-json\/wp\/v2\/pages\/13359\/revisions\/20172"}],"wp:attachment":[{"href":"https:\/\/vanme.de\/es\/wp-json\/wp\/v2\/media?parent=13359"}],"curies":[{"name":"wp","href":"https:\/\/api.w.org\/{rel}","templated":true}]}}