{"id":13345,"date":"2025-10-22T10:10:55","date_gmt":"2025-10-22T08:10:55","guid":{"rendered":"https:\/\/devbox2.mc8pm.com\/luz-led-de-bienvenida\/"},"modified":"2026-03-16T18:22:26","modified_gmt":"2026-03-16T17:22:26","slug":"luz-led-de-bienvenida","status":"publish","type":"page","link":"https:\/\/vanme.de\/es\/accesorios\/luz-led-de-bienvenida\/","title":{"rendered":"Luz de Bienvenida VANME"},"content":{"rendered":"\n\n\n                        \n            \n            <section class=\"block-media cnt-1 block-media-mobile-sort- blockheight-laptop-60vh blockheight-tablet-80vh blockheight-mobile-80vh blockstyle-display block-media-width-\" style=\"margin-top: 0px\">\n\n                \n                \n                    \n                    <div class=\"media media-0 has-media\">\n\n                        \n\n                        \n                            <div class=\"s1x-video\">\n                                <video class=\"jshook-play-video-when-in-viewport \"\n                                       playsinline muted loop\n                                       width=\"1000\"\n                                       height=\"720\"\n                                       preload=\"none\"\n                                       poster=\"https:\/\/vanme.de\/wp-content\/uploads\/2025\/11\/vanme-welcome-light-header-poster.jpg\">\n                                    <source src=\"https:\/\/vanme.de\/wp-content\/uploads\/2025\/11\/vanme-welcome-light-header.mp4\">\n                                <\/video>\n                            <\/div>\n\n                        \n                        <div class=\"overlay s1x-absolute-100 has-media                            s1x-tovp-tablapdesk-tl                            s1x-tovp-mob-tl\n                            \">\n\n                            \n                            \n                            \n                            \n                            \n                            \n                        <\/div>\n\n                        \n                    <\/div>\n\n                \n            <\/section>\n\n            \n\n\n    <section class=\"block-breadcrumb  area-align-\" style=\"margin-top: 40px; max-width: ;\">\n\n        <nav aria-label=\"breadcrumbs\" class=\"rank-math-breadcrumb\"><p><span class=\"last\">Inicio<\/span><\/p><\/nav>\n    <\/section>\n\n\n\n    <section class=\"block-text center area-align-center\" style=\"margin-top: 80px; max-width: unset\">\n\n        \n                                \n                                            <h1 class=\"ff-bebas-ds80 ff-uppercase hlsize-\">Luz de Bienvenida VANME<\/h1>\n                    \n                    <div class=\"ff-bebas-ds30\"><span class=\"ff-thin\">La primera impresi\u00f3n cuenta<\/span><\/div>\n        \n        <div class=\"ff-bodytext \">\n                    <\/div>\n\n\n                \n    <\/section>\n\n\n\n\n\n                        \n            \n            <section class=\"block-media cnt-1 block-media-mobile-sort- blockheight-laptop-60vh blockheight-tablet-60vh blockheight-mobile-60vh blockstyle-display block-media-width-\" style=\"margin-top: 0px\">\n\n                \n                \n                    \n                    <div class=\"media media-0 has-media\">\n\n                        \n\n                        \n                            \n                            <picture class=\"s1x-picture-cover jshook-provide-hq-after-dom-loaded \">\n                                <source srcset-hq=\"https:\/\/vanme.de\/wp-content\/uploads\/2025\/10\/led-welcome-light-DSC07463-fwresize.jpg\"\n                                        width=\"1920\"\n                                        height=\"1282\">\n\n                                \n                                <source srcset-hq=\"https:\/\/vanme.de\/wp-content\/uploads\/2025\/10\/led-welcome-light-DSC07463-fwresize.jpg.webp\"\n                                        width=\"1920\"\n                                        height=\"1282\"\n                                        type=\"image\/webp\">\n\n                                                                <img decoding=\"async\" loading=\"lazy\"\n                                     src=\"https:\/\/vanme.de\/wp-content\/uploads\/2025\/10\/led-welcome-light-DSC07463-fwresize.jpg\"\n                                     width=\"1920\"\n                                     height=\"1282\"\n                                     alt=\"\">\n                            <\/picture>\n\n                        \n                        <div class=\"overlay s1x-absolute-100 has-media                            s1x-tovp-tablapdesk-tl                            s1x-tovp-mob-tl\n                            \">\n\n                            \n                            \n                            \n                            \n                            \n                            \n                        <\/div>\n\n                        \n                    <\/div>\n\n                \n            <\/section>\n\n            \n\n\n\n    \n\n    <section class=\"block-product has-variants- has-description-per-variant-\" style=\"margin-top: 80px\">\n\n                    <!-- product without variants -->\n\n            <div class=\"container-description\">\n                <h2 class=\"ff-bebas-ds65 ff-uppercase\">\n                    Descripci\u00f3n                <\/h2>\n                <p class=\"ff-bodytext product-description\">\n                    Incluso antes de que se abran las puertas, tu caravana demuestra qui\u00e9n es: VANME.<br \/>\r\n<br \/>\r\nLa Luz de Bienvenida VANME proyecta el caracter\u00edstico logotipo de la marca de forma discreta y precisa sobre el asfalto en cuanto se abren las puertas delanteras. Un detalle de estilo que crea un escenario especial para cada entrada: de alta calidad, exclusivo e inconfundible. <br \/>\r\n<br \/>\r\nLa tecnolog\u00eda LED garantiza unas l\u00edneas claras, una luminosidad brillante y una fiabilidad duradera, perfectamente adaptadas al lenguaje de dise\u00f1o de nuestras autocaravanas.<br \/>\r\n<br \/>\r\nUn peque\u00f1o momento que transmite grandes cosas:<br \/>\r\nBienvenido a tu libertad. Bienvenido a tu VANME.                 <\/p>\n                <p class=\"ff-bodytext product-disclaimer\">\n                    Ofrecemos el logotipo LED para todas las furgonetas grandes est\u00e1ndar. Esto incluye los componentes y la instalaci\u00f3n en el veh\u00edculo.                 <\/p>\n            <\/div>\n\n            <div class=\"container-add2cart\">\n                                <div class=\"price-label\">Nuestro precio<span>(Componente incl. montaje )<\/span><\/div>\n\n                \n                <div id=\"product-price\">299,00\u00a0\u20ac<span>IVA incluido.<\/span><\/div>\n\n                <div class=\"bookmark\">\n                    <div id=\"product-bookmark\" class=\"cssimg-bookmark cssimg-contain-center-norepeat jshook-bookmark-add\"\n                         data-bookmark-headline=\"Luz de Bienvenida VANME\"\n                         data-bookmark-content=\"Me interesa este tuning. - 299,00\u00a0\u20ac\">\n                    <\/div>\n                    <div class=\"bookmark-text\">A\u00f1adir a la lista de solicitudes<\/div>\n                <\/div>\n            <\/div>\n\n\n\n        \n    <\/section>\n\n\n\n\n\n                        \n            \n            <section class=\"block-media cnt-1 block-media-mobile-sort- blockheight-laptop-30vh blockheight-tablet-30vh blockheight-mobile-30vh blockstyle-display block-media-width-\" style=\"margin-top: 0px\">\n\n                \n                \n                    \n                    <div class=\"media media-0 has-media\">\n\n                        \n\n                        \n                            \n                            <picture class=\"s1x-picture-cover jshook-provide-hq-after-dom-loaded \">\n                                <source srcset-hq=\"https:\/\/vanme.de\/wp-content\/uploads\/2025\/10\/led-welcome-light-DSC07460-fwresize.jpg\"\n                                        width=\"1920\"\n                                        height=\"634\">\n\n                                \n                                <source srcset-hq=\"https:\/\/vanme.de\/wp-content\/uploads\/2025\/10\/led-welcome-light-DSC07460-fwresize.jpg.webp\"\n                                        width=\"1920\"\n                                        height=\"634\"\n                                        type=\"image\/webp\">\n\n                                                                <img decoding=\"async\" loading=\"lazy\"\n                                     src=\"https:\/\/vanme.de\/wp-content\/uploads\/2025\/10\/led-welcome-light-DSC07460-fwresize.jpg\"\n                                     width=\"1920\"\n                                     height=\"634\"\n                                     alt=\"\">\n                            <\/picture>\n\n                        \n                        <div class=\"overlay s1x-absolute-100 has-media                            s1x-tovp-tablapdesk-tl                            s1x-tovp-mob-tl\n                            \">\n\n                            \n                            \n                            \n                            \n                            \n                            \n                        <\/div>\n\n                        \n                    <\/div>\n\n                \n            <\/section>\n\n            \n\n","protected":false},"excerpt":{"rendered":"","protected":false},"author":1,"featured_media":12316,"parent":13477,"menu_order":0,"comment_status":"closed","ping_status":"closed","template":"","meta":{"_acf_changed":false,"footnotes":""},"class_list":["post-13345","page","type-page","status-publish","has-post-thumbnail","hentry"],"acf":[],"_links":{"self":[{"href":"https:\/\/vanme.de\/es\/wp-json\/wp\/v2\/pages\/13345","targetHints":{"allow":["GET"]}}],"collection":[{"href":"https:\/\/vanme.de\/es\/wp-json\/wp\/v2\/pages"}],"about":[{"href":"https:\/\/vanme.de\/es\/wp-json\/wp\/v2\/types\/page"}],"author":[{"embeddable":true,"href":"https:\/\/vanme.de\/es\/wp-json\/wp\/v2\/users\/1"}],"replies":[{"embeddable":true,"href":"https:\/\/vanme.de\/es\/wp-json\/wp\/v2\/comments?post=13345"}],"version-history":[{"count":8,"href":"https:\/\/vanme.de\/es\/wp-json\/wp\/v2\/pages\/13345\/revisions"}],"predecessor-version":[{"id":16231,"href":"https:\/\/vanme.de\/es\/wp-json\/wp\/v2\/pages\/13345\/revisions\/16231"}],"up":[{"embeddable":true,"href":"https:\/\/vanme.de\/es\/wp-json\/wp\/v2\/pages\/13477"}],"wp:featuredmedia":[{"embeddable":true,"href":"https:\/\/vanme.de\/es\/wp-json\/wp\/v2\/media\/12316"}],"wp:attachment":[{"href":"https:\/\/vanme.de\/es\/wp-json\/wp\/v2\/media?parent=13345"}],"curies":[{"name":"wp","href":"https:\/\/api.w.org\/{rel}","templated":true}]}}