{"id":13342,"date":"2025-10-22T13:58:44","date_gmt":"2025-10-22T11:58:44","guid":{"rendered":"https:\/\/devbox2.mc8pm.com\/funda-para-llaves-vanme\/"},"modified":"2026-03-16T18:22:08","modified_gmt":"2026-03-16T17:22:08","slug":"funda-para-llaves-vanme","status":"publish","type":"page","link":"https:\/\/vanme.de\/es\/accesorios\/funda-para-llaves-vanme\/","title":{"rendered":"Funda para llaves VANME"},"content":{"rendered":"\n\n\n                        \n            \n            <section class=\"block-media cnt-1 block-media-mobile-sort- blockheight-laptop-60vh blockheight-tablet-60vh blockheight-mobile-1-1 blockstyle-display block-media-width-\" style=\"margin-top: 0px\">\n\n                \n                \n                    \n                    <div class=\"media media-0 has-media\">\n\n                        \n\n                        \n                            \n                            <picture class=\"s1x-picture-cover jshook-provide-hq-after-dom-loaded \">\n                                <source srcset-hq=\"https:\/\/vanme.de\/wp-content\/uploads\/2025\/10\/keycase-header.jpg\"\n                                        width=\"1920\"\n                                        height=\"1013\">\n\n                                \n                                <source srcset-hq=\"https:\/\/vanme.de\/wp-content\/uploads\/2025\/10\/keycase-header.jpg.webp\"\n                                        width=\"1920\"\n                                        height=\"1013\"\n                                        type=\"image\/webp\">\n\n                                                                <img decoding=\"async\" loading=\"lazy\"\n                                     src=\"https:\/\/vanme.de\/wp-content\/uploads\/2025\/10\/keycase-header.jpg\"\n                                     width=\"1920\"\n                                     height=\"1013\"\n                                     alt=\"\">\n                            <\/picture>\n\n                        \n                        <div class=\"overlay s1x-absolute-100 has-media                            s1x-tovp-tablapdesk-tl                            s1x-tovp-mob-tl\n                            \">\n\n                            \n                            \n                            \n                            \n                            \n                            \n                        <\/div>\n\n                        \n                    <\/div>\n\n                \n            <\/section>\n\n            \n\n\n    <section class=\"block-breadcrumb  area-align-\" style=\"margin-top: 40px; max-width: ;\">\n\n        <nav aria-label=\"breadcrumbs\" class=\"rank-math-breadcrumb\"><p><span class=\"last\">Inicio<\/span><\/p><\/nav>\n    <\/section>\n\n\n\n    <section class=\"block-text center area-align-center\" style=\"margin-top: 80px; max-width: unset\">\n\n        \n                                \n                                            <h1 class=\"ff-bebas-ds80 ff-uppercase hlsize-\">Funda para llaves VANME<\/h1>\n                    \n                    <div class=\"ff-bebas-ds30\"><span class=\"ff-thin\">Estilo en tu mano<\/span><\/div>\n        \n        <div class=\"ff-bodytext \">\n                    <\/div>\n\n\n                \n    <\/section>\n\n\n\n    <section class=\"block-imageslider flickity-imageslider-carousel\" style=\"margin-top: 0px\">\n\n                                    \n                \n                    <div class=\"carousel-cell\">\n\n                        \n                        \n                            <video\n                                    autoplay\n                                    muted\n                                    loop\n                                    playsinline\n                                    poster=\"https:\/\/vanme.de\/wp-content\/uploads\/2025\/10\/VANME-Key-Case_30MB_poster.jpg\"\n                                    width=\"1080\"\n                                    height=\"1920\"\n                            >\n                                <source src=\"https:\/\/vanme.de\/wp-content\/uploads\/2025\/10\/VANME-Keycase-onlyLights.mp4\" type=\"video\/mp4\">\n                            <\/video>\n\n                        \n                    <\/div>\n\n                \n                    <div class=\"carousel-cell\">\n\n                        \n                        \n                            \n                            <picture class=\"jshook-provide-hq-after-dom-loaded\">\n                                <source srcset-hq=\"https:\/\/vanme.de\/wp-content\/uploads\/2025\/10\/keycase-slider-2.jpg\"\n                                        width=\"1400\"\n                                        height=\"1400\">\n                                <source srcset-hq=\"https:\/\/vanme.de\/wp-content\/uploads\/2025\/10\/keycase-slider-2.jpg.webp\"\n                                        width=\"1400\"\n                                        height=\"1400\"\n                                        type=\"image\/webp\">\n\n                                <source srcset=\"https:\/\/vanme.de\/wp-content\/uploads\/2025\/10\/keycase-slider-2.jpg\"\n                                        width=\"1400\"\n                                        height=\"1400\">\n\n                                <img loading=\"lazy\" decoding=\"async\"                                         src=\"https:\/\/vanme.de\/wp-content\/uploads\/2025\/10\/keycase-slider-2.jpg\"\n                                        width=\"1400\"\n                                        height=\"1400\"\n                                        alt=\"\">\n                            <\/picture>\n\n\n                        \n                    <\/div>\n\n                \n                    <div class=\"carousel-cell\">\n\n                        \n                        \n                            \n                            <picture class=\"jshook-provide-hq-after-dom-loaded\">\n                                <source srcset-hq=\"https:\/\/vanme.de\/wp-content\/uploads\/2025\/10\/keycase-slider-1.jpg\"\n                                        width=\"1163\"\n                                        height=\"1400\">\n                                <source srcset-hq=\"https:\/\/vanme.de\/wp-content\/uploads\/2025\/10\/keycase-slider-1.jpg.webp\"\n                                        width=\"1163\"\n                                        height=\"1400\"\n                                        type=\"image\/webp\">\n\n                                <source srcset=\"https:\/\/vanme.de\/wp-content\/uploads\/2025\/10\/keycase-slider-1.jpg\"\n                                        width=\"1163\"\n                                        height=\"1400\">\n\n                                <img loading=\"lazy\" decoding=\"async\"                                         src=\"https:\/\/vanme.de\/wp-content\/uploads\/2025\/10\/keycase-slider-1.jpg\"\n                                        width=\"1163\"\n                                        height=\"1400\"\n                                        alt=\"\">\n                            <\/picture>\n\n\n                        \n                    <\/div>\n\n                \n                    <div class=\"carousel-cell\">\n\n                        \n                        \n                            \n                            <picture class=\"jshook-provide-hq-after-dom-loaded\">\n                                <source srcset-hq=\"https:\/\/vanme.de\/wp-content\/uploads\/2025\/10\/keycase-slider-3.jpg\"\n                                        width=\"788\"\n                                        height=\"1400\">\n                                <source srcset-hq=\"https:\/\/vanme.de\/wp-content\/uploads\/2025\/10\/keycase-slider-3.jpg.webp\"\n                                        width=\"788\"\n                                        height=\"1400\"\n                                        type=\"image\/webp\">\n\n                                <source srcset=\"https:\/\/vanme.de\/wp-content\/uploads\/2025\/10\/keycase-slider-3.jpg\"\n                                        width=\"788\"\n                                        height=\"1400\">\n\n                                <img decoding=\"async\" loading=\"lazy\"                                        src=\"https:\/\/vanme.de\/wp-content\/uploads\/2025\/10\/keycase-slider-3.jpg\"\n                                        width=\"788\"\n                                        height=\"1400\"\n                                        alt=\"\">\n                            <\/picture>\n\n\n                        \n                    <\/div>\n\n                \n                    \n    <\/section>\n\n\n\n\n    \n\n    <section class=\"block-product has-variants- has-description-per-variant-\" style=\"margin-top: 80px\">\n\n                    <!-- product without variants -->\n\n            <div class=\"container-description\">\n                <h2 class=\"ff-bebas-ds65 ff-uppercase\">\n                    Descripci\u00f3n                <\/h2>\n                <p class=\"ff-bodytext product-description\">\n                    El complemento perfecto para tu Mercedes Benz Sprinter:<br \/>\r\nLa funda para llaves VANME de cuero de alta calidad protege la llave de tu veh\u00edculo y le da un aspecto exclusivo al mismo tiempo.<br \/>\r\n<br \/>\r\nElaborado con precisi\u00f3n, con un elegante logotipo en relieve y la marca VANME, el llavero es una elegante declaraci\u00f3n de tu pasi\u00f3n por viajar. El cuero suave y duradero es c\u00f3modo de sujetar y protege contra ara\u00f1azos, golpes y desgaste. <br \/>\r\n<br \/>\r\nPara lograr la m\u00e1xima individualidad, el estuche para llaves est\u00e1 disponible opcionalmente en el color que elijas o en elegante Alc\u00e1ntara, perfecto para tu veh\u00edculo o tu estilo personal.<br \/>\r\n<br \/>\r\nEstuche para llaves VANME - Premium hasta el \u00faltimo detalle.<br \/>\r\nPorque el verdadero aprecio empieza por la llave.                <\/p>\n                <p class=\"ff-bodytext product-disclaimer\">\n                    La funda de la llave es de cuero aut\u00e9ntico. No contiene llave. Disponible en otros colores o materiales bajo pedido.                  <\/p>\n            <\/div>\n\n            <div class=\"container-add2cart\">\n                                <div class=\"price-label\">Nuestro precio<span>(incl. gastos de env\u00edo )<\/span><\/div>\n\n                \n                <div id=\"product-price\">199,00\u00a0\u20ac<span>IVA incluido.<\/span><\/div>\n\n                <div class=\"bookmark\">\n                    <div id=\"product-bookmark\" class=\"cssimg-bookmark cssimg-contain-center-norepeat jshook-bookmark-add\"\n                         data-bookmark-headline=\"Funda para llaves VANME\"\n                         data-bookmark-content=\"Me interesa este tuning. - 199,00\u00a0\u20ac\">\n                    <\/div>\n                    <div class=\"bookmark-text\">A\u00f1adir a la lista de solicitudes<\/div>\n                <\/div>\n            <\/div>\n\n\n\n        \n    <\/section>\n\n\n\n\n\n                        \n            \n            <section class=\"block-media cnt-1 block-media-mobile-sort- blockheight-laptop-60vh blockheight-tablet-30vh blockheight-mobile-30vh blockstyle-display block-media-width-\" style=\"margin-top: 0px\">\n\n                \n                \n                    \n                    <div class=\"media media-0 has-media\">\n\n                        \n\n                        \n                            \n                            <picture class=\"s1x-picture-cover jshook-provide-hq-after-dom-loaded \">\n                                <source srcset-hq=\"https:\/\/vanme.de\/wp-content\/uploads\/2025\/10\/keycase-footer.jpg\"\n                                        width=\"1920\"\n                                        height=\"1080\">\n\n                                \n                                <source srcset-hq=\"https:\/\/vanme.de\/wp-content\/uploads\/2025\/10\/keycase-footer.jpg.webp\"\n                                        width=\"1920\"\n                                        height=\"1080\"\n                                        type=\"image\/webp\">\n\n                                                                <img decoding=\"async\" loading=\"lazy\"\n                                     src=\"https:\/\/vanme.de\/wp-content\/uploads\/2025\/10\/keycase-footer.jpg\"\n                                     width=\"1920\"\n                                     height=\"1080\"\n                                     alt=\"\">\n                            <\/picture>\n\n                        \n                        <div class=\"overlay s1x-absolute-100 has-media                            s1x-tovp-tablapdesk-tl                            s1x-tovp-mob-tl\n                            \">\n\n                            \n                            \n                            \n                            \n                            \n                            \n                        <\/div>\n\n                        \n                    <\/div>\n\n                \n            <\/section>\n\n            \n\n","protected":false},"excerpt":{"rendered":"","protected":false},"author":1,"featured_media":12995,"parent":13477,"menu_order":0,"comment_status":"closed","ping_status":"closed","template":"","meta":{"_acf_changed":false,"footnotes":""},"class_list":["post-13342","page","type-page","status-publish","has-post-thumbnail","hentry"],"acf":[],"_links":{"self":[{"href":"https:\/\/vanme.de\/es\/wp-json\/wp\/v2\/pages\/13342","targetHints":{"allow":["GET"]}}],"collection":[{"href":"https:\/\/vanme.de\/es\/wp-json\/wp\/v2\/pages"}],"about":[{"href":"https:\/\/vanme.de\/es\/wp-json\/wp\/v2\/types\/page"}],"author":[{"embeddable":true,"href":"https:\/\/vanme.de\/es\/wp-json\/wp\/v2\/users\/1"}],"replies":[{"embeddable":true,"href":"https:\/\/vanme.de\/es\/wp-json\/wp\/v2\/comments?post=13342"}],"version-history":[{"count":8,"href":"https:\/\/vanme.de\/es\/wp-json\/wp\/v2\/pages\/13342\/revisions"}],"predecessor-version":[{"id":19111,"href":"https:\/\/vanme.de\/es\/wp-json\/wp\/v2\/pages\/13342\/revisions\/19111"}],"up":[{"embeddable":true,"href":"https:\/\/vanme.de\/es\/wp-json\/wp\/v2\/pages\/13477"}],"wp:featuredmedia":[{"embeddable":true,"href":"https:\/\/vanme.de\/es\/wp-json\/wp\/v2\/media\/12995"}],"wp:attachment":[{"href":"https:\/\/vanme.de\/es\/wp-json\/wp\/v2\/media?parent=13342"}],"curies":[{"name":"wp","href":"https:\/\/api.w.org\/{rel}","templated":true}]}}